{"id":2691,"date":"2025-03-06T15:40:50","date_gmt":"2025-03-06T14:40:50","guid":{"rendered":"https:\/\/deep-space-astronomy.geekworkers.dev\/produit\/kit-nextstar-4-telescope-monture-valise-et-batterie-2\/"},"modified":"2025-06-03T10:38:16","modified_gmt":"2025-06-03T08:38:16","slug":"kit-nextstar-4-telescope-monture-valise-et-batterie-2","status":"publish","type":"product","link":"https:\/\/deep-space-astronomy.ch\/de\/produkt\/kit-nextstar-4-telescope-monture-valise-et-batterie-2\/","title":{"rendered":"NextStar 4 Kit (Teleskop, Montierung, Koffer und Batterie)"},"content":{"rendered":"<h3>Celestron NexStar 4SE: Die perfekte Verbindung von Einfachheit und Leistung<\/h3>\n<p>\nErkunden Sie das Universum mit dem NexStar 4SE, dem ikonischen Teleskop von Celestron, das ideal f\u00fcr Anf\u00e4nger und erfahrene Beobachter ist. Mit seinem kompakten Design, den modernen Funktionen und der leistungsstarken Optik bietet dieses Teleskop ein unvergessliches Beobachtungserlebnis zu einem erschwinglichen Preis.\n<\/p>\n<h3>Optiken von h\u00f6chster Qualit\u00e4t<\/h3>\n<ul>\n<li><strong>Planetenbeobachtung :<\/strong> Bestaunen Sie die Ringe des Saturn, die Wolkenb\u00e4nder des Jupiter und die Krater des Mondes in gestochen scharfer Qualit\u00e4t.<\/li>\n<li><strong>Deep-Sky-Objekte :<\/strong> Erforschen Sie unter einem dunklen Himmel Sternhaufen wie den Herkules-Cluster, die Spiralarme der Wirbelwindgalaxie und vieles mehr.<\/li>\n<\/ul>\n<h3>Automatisierte Fassung und integrierte Datenbank<\/h3>\n<ul>\n<li><strong>Datenbank mit 40.000 Himmelsobjekten :<\/strong> Erkunden Sie die Wunder des Himmels mit nur einem Knopfdruck.<\/li>\n<li><strong>Sky-Tour-Modus :<\/strong> Lassen Sie sich vom Teleskop zu den beeindruckendsten Objekten f\u00fchren, die zu diesem Zeitpunkt sichtbar sind.<\/li>\n<\/ul>\n<h3>Einfache und schnelle Ausrichtung<\/h3>\n<ul>\n<li><strong>Prozess in drei Schritten :<\/strong> Zentrieren Sie drei helle Objekte im Okular und dr\u00fccken Sie auf \"Ausrichten\".<\/li>\n<li><strong>Kompatibel mit StarSense AutoAlign :<\/strong> F\u00fcgen Sie dieses Zubeh\u00f6rteil hinzu, um die automatische Ausrichtung noch schneller durchzuf\u00fchren.<\/li>\n<\/ul>\n<h3>Ein tragbares und praktisches Design<\/h3>\n<ul>\n<li><strong>Patentierte Einarmige Fassung :<\/strong> Tragbar, leicht und einfach zusammenzubauen.<\/li>\n<li><strong>Kompakte, zerlegbare Struktur :<\/strong> Ideal f\u00fcr den Transport, auch in kleinen Fahrzeugen, und f\u00fcr den schnellen Aufbau in Ihrem Garten oder an einem Beobachtungsort.<\/li>\n<\/ul>\n<h3>Ein skalierbares Teleskop<\/h3>\n<ul>\n<li><strong>Technisches Zubeh\u00f6r :<\/strong> F\u00fcgen Sie SkySync f\u00fcr genaue GPS-Koordinaten oder StarSense AutoAlign f\u00fcr die automatische Ausrichtung hinzu.<\/li>\n<li><strong>Astrofotografie von Mond und Planeten :<\/strong> Mit der integrierten Keilhalterung k\u00f6nnen Sie Nachf\u00fchrungen f\u00fcr Langzeitbelichtungen durchf\u00fchren und es mit einer NexImage-Kamera f\u00fcr hochwertige Aufnahmen kombinieren.<\/li>\n<\/ul>\n<h3>Enthaltenes Zubeh\u00f6r<\/h3>\n<ul>\n<li>Sucher 9\u00d750: Lokalisieren Sie Ihre Ziele ganz einfach.<\/li>\n<li>Diagonalspiegel 1,25\": Bietet eine bequeme Beobachtung mit Okularen.<\/li>\n<li>Pl\u00f6ssl-Okular 23 mm (2\") : Weite und detaillierte Sicht f\u00fcr Ihre ersten Erkundungen.<\/li>\n<\/ul>\n<h3>Erbe und Innovation<\/h3>\n<p>\nInspiriert von Celestrons ber\u00fchmten \"Orange Tube\"-Teleskopen aus den 1970er Jahren, kombiniert das NexStar 4SE das Beste aus diesem Erbe mit moderner Technologie. Getreu der Vision seines Gr\u00fcnders Tom Johnson verk\u00f6rpert es hochwertige Optik zu einem erschwinglichen Preis und macht die Astronomie f\u00fcr jeden spannend und erschwinglich.\n<\/p>\n<h3>Schlussfolgerung<\/h3>\n<p>\nDas NexStar 4SE ist mehr als nur ein Teleskop: Es ist Ihr Pass zum Universum, egal ob Sie Anf\u00e4nger oder erfahrener Amateurastronom sind. Erkunden Sie die Wunder des Kosmos mit einem zuverl\u00e4ssigen und leistungsstarken Begleiter, der im Laufe der Jahre mit Ihnen w\u00e4chst.<\/p>","protected":false},"excerpt":{"rendered":"<p>Celestron NexStar 4SE : L\u2019Alliage Parfait entre Simplicit\u00e9 et Performance Explorez l\u2019univers avec le NexStar 4SE, le t\u00e9lescope embl\u00e9matique de Celestron, id\u00e9al pour les d\u00e9butants et les observateurs confirm\u00e9s. Gr\u00e2ce \u00e0 son design compact, ses fonctionnalit\u00e9s modernes et ses optiques performantes, ce t\u00e9lescope offre une exp\u00e9rience d\u2019observation inoubliable \u00e0 un prix abordable. Des Optiques de [&hellip;]<\/p>\n","protected":false},"featured_media":2684,"comment_status":"open","ping_status":"closed","template":"","meta":[],"product_brand":[413],"product_cat":[748,392],"product_tag":[],"class_list":{"0":"post-2691","1":"product","2":"type-product","3":"status-publish","4":"has-post-thumbnail","6":"product_brand-celestron","7":"product_cat-schmidt-cassegrain","8":"product_cat-telescopes_reflecteurs","10":"first","11":"on_supplier","12":"taxable","13":"shipping-taxable","14":"purchasable","15":"product-type-simple"},"_links":{"self":[{"href":"https:\/\/deep-space-astronomy.ch\/de\/wp-json\/wp\/v2\/product\/2691","targetHints":{"allow":["GET"]}}],"collection":[{"href":"https:\/\/deep-space-astronomy.ch\/de\/wp-json\/wp\/v2\/product"}],"about":[{"href":"https:\/\/deep-space-astronomy.ch\/de\/wp-json\/wp\/v2\/types\/product"}],"replies":[{"embeddable":true,"href":"https:\/\/deep-space-astronomy.ch\/de\/wp-json\/wp\/v2\/comments?post=2691"}],"wp:featuredmedia":[{"embeddable":true,"href":"https:\/\/deep-space-astronomy.ch\/de\/wp-json\/wp\/v2\/media\/2684"}],"wp:attachment":[{"href":"https:\/\/deep-space-astronomy.ch\/de\/wp-json\/wp\/v2\/media?parent=2691"}],"wp:term":[{"taxonomy":"product_brand","embeddable":true,"href":"https:\/\/deep-space-astronomy.ch\/de\/wp-json\/wp\/v2\/product_brand?post=2691"},{"taxonomy":"product_cat","embeddable":true,"href":"https:\/\/deep-space-astronomy.ch\/de\/wp-json\/wp\/v2\/product_cat?post=2691"},{"taxonomy":"product_tag","embeddable":true,"href":"https:\/\/deep-space-astronomy.ch\/de\/wp-json\/wp\/v2\/product_tag?post=2691"}],"curies":[{"name":"wp","href":"https:\/\/api.w.org\/{rel}","templated":true}]}}