{"id":2734,"date":"2025-03-06T15:44:38","date_gmt":"2025-03-06T14:44:38","guid":{"rendered":"https:\/\/deep-space-astronomy.geekworkers.dev\/produit\/celestron-origin-observatoire-automatique-a-domicile-2\/"},"modified":"2026-03-24T11:39:01","modified_gmt":"2026-03-24T10:39:01","slug":"celestron-origin-observatoire-automatique-a-domicile-2","status":"publish","type":"product","link":"https:\/\/deep-space-astronomy.ch\/de\/produkt\/celestron-origin-observatoire-automatique-a-domicile-2\/","title":{"rendered":"Celestron Origin MKII - Automatische Heimsternwarte"},"content":{"rendered":"<h3>Celestron Origin: Eine Revolution in der Astronomie und Astrofotografie<\/h3>\n<p>Das Celestron Origin definiert die Amateurastronomie neu, indem es Beobachtung und Astrofotografie in einem intelligenten, autonomen und einfach zu bedienenden System verschmilzt. Ob Sie ein erfahrener Astronomie-Enthusiast sind, der nach einem Instrument sucht, das schnell auf den Markt kommt, oder ein neugieriger Anf\u00e4nger, der sich in seinem Fortschritt nicht einschr\u00e4nken m\u00f6chte, das Celestron Origin verwandelt Ihren Garten in ein wahres Fenster zum Universum.<\/p>\n<h3>Eine revolution\u00e4re optische Technologie: RASA in Ihrer Reichweite<\/h3>\n<p>Das Herzst\u00fcck des Origin-Systems ist die 6 Zoll (154 mm) gro\u00dfe Rowe-Ackermann Schmidt Astrograph (RASA)-Technologie, ein gro\u00dfer optischer Fortschritt. Entwickelt, um atemberaubende Deep-Sky-Bilder mit extrem kurzen Belichtungszeiten einzufangen, bietet sein schnelles f\/2.2-Brennweitenverh\u00e4ltnis :<\/p>\n<ul>\n<li><strong>Au\u00dfergew\u00f6hnliche Helligkeit :<\/strong> Mehr Photonen, die in k\u00fcrzerer Zeit erfasst werden, selbst bei lichtschwachen Objekten. Das bedeutet, dass Sie Details in Himmelsobjekten einfangen und gleichzeitig das Sensorrauschen drastisch reduzieren k\u00f6nnen!<\/li>\n<li><strong>Un\u00fcbertroffene Klarheit :<\/strong> Scharfe Sterne bis an den Rand des Feldes! Dank des Sony IMX178-Sensors mit sehr geringem Ausleserauschen und hoher Empfindlichkeit entgeht Ihnen nichts.<\/li>\n<\/ul>\n<p>Die RASA-Technologie, die in professionellen Observatorien und f\u00fcr die Weltraum\u00fcberwachung eingesetzt wird, ist nun in einem tragbaren und erschwinglichen Format f\u00fcr Amateure verf\u00fcgbar.<\/p>\n<h3>Automatisierte KI-getriebene Astrofotografie<\/h3>\n<p>Der Celestron Origin integriert KI-Algorithmen, um Bilder in Echtzeit ohne Benutzereingriff zu verarbeiten und zu stapeln :<\/p>\n<ul>\n<li><strong>Sofort scharfe und detaillierte Bilder :<\/strong> Galaxien, Nebel und Sternhaufen werden in Farbe und hoher Aufl\u00f6sung zum Leben erweckt.<\/li>\n<li><strong>Authentische 100%-Daten :<\/strong> Im Gegensatz zu generativen Technologien optimiert die KI von Origin Ihre Daten, ohne sie zu ver\u00e4ndern.<\/li>\n<li><strong>Flexibilit\u00e4t f\u00fcr Experten :<\/strong> Laden Sie die Rohdateien f\u00fcr eine erweiterte manuelle Bearbeitung z. B. mit PixInsight herunter.<\/li>\n<\/ul>\n<p>Mit Origin wird die Astrofotografie f\u00fcr jeden zug\u00e4nglich, ohne Lernkurve, sondern mit der M\u00f6glichkeit, die Astrofotografie auf ein neues Level zu heben!<\/p>\n<h3>Automatisierte Installation mit StarSense<\/h3>\n<p>Verabschieden Sie sich von komplizierten Ausrichtungen mit der StarSense-Technologie :<\/p>\n<ul>\n<li>Platzieren Sie Origin im Freien.<\/li>\n<li>Schalten Sie ihn ein und verbinden Sie ihn mit der mobilen Anwendung.<\/li>\n<li>In weniger als zwei Minuten scannt Origin den Himmel, richtet sich automatisch aus und ist bereit, Bilder aufzunehmen.<\/li>\n<\/ul>\n<p>Die intuitive und benutzerfreundliche Celestron Origin Powered by SkySafari\u2122 App f\u00fchrt Sie durch den Nachthimmel, egal ob Sie ein Neuling oder ein erfahrener Astronom sind.<\/p>\n<h3>Atemberaubende Bilder zum Weitergeben<\/h3>\n<ul>\n<li><strong>Echtzeit-Vision :<\/strong> Verbinden Sie mehrere Ger\u00e4te mit der App, damit Familie und Freunde gemeinsam den Himmel erkunden k\u00f6nnen.<\/li>\n<li><strong>Ausstrahlung auf Gro\u00dfbildschirmen :<\/strong> Teilen Sie Ihre Entdeckungen live auf einem angeschlossenen Fernseher mit.<\/li>\n<li><strong>Instant Backup und Sharing :<\/strong> Erfassen und versenden Sie Ihre Bilder direkt aus der App.<\/li>\n<\/ul>\n<h3>Erweiterte Funktionen f\u00fcr Enthusiasten<\/h3>\n<ul>\n<li><strong>Unterst\u00fctzung von Standardfiltern :<\/strong> Installieren Sie 1,25\"- oder 2\"-Filter f\u00fcr optimierte Bilder in hellen Umgebungen. Man kann einen H-alpha-beta \/ OIII-Filter hinzuf\u00fcgen, um die Emissionslinien von Wasserstoff und Sauerstoff zu isolieren und die Lichtverschmutzung abzuschneiden! Die Fotos und Bilder sind spektakul\u00e4r!<\/li>\n<li><strong>Programmierte Beobachtung :<\/strong> Planen Sie Ihre Sitzungen und wachen Sie mit spektakul\u00e4ren Bildern auf.<\/li>\n<li><strong>Vielseitigkeit am Boden und in der Nacht :<\/strong> Verwenden Sie Origin, um Landschaften bei Tag einzufangen oder bei schlechten Lichtverh\u00e4ltnissen zu beobachten.<\/li>\n<\/ul>\n<p>Beispiel f\u00fcr Fotografien mit Schmalbandfiltern (Ha, Hb, OIII):<\/p>\n<ul>\n<li>Der sehr ber\u00fchmte M42<\/li>\n<li>Der Sichelnebel (Objekt nur f\u00fcr vollst\u00e4ndige und erfahrene Astrofotografen - hier auch f\u00fcr einen Anf\u00e4nger zug\u00e4nglich)!<\/li>\n<\/ul>\n<h3>\u00dcbertragbarkeit und Einfachheit<\/h3>\n<ul>\n<li><strong>Zusammenbau ohne Werkzeuge :<\/strong> Montieren oder demontieren Sie schnell den optischen Tubus, die Montierung und das Stativ.<\/li>\n<li><strong>Kompaktes Design :<\/strong> Jede Komponente wiegt weniger als 16 lb, perfekt f\u00fcr deine Eskapaden unter einem dunklen Himmel.<\/li>\n<\/ul>\n<h3>Enthaltenes Zubeh\u00f6r<\/h3>\n<ul>\n<li>6-Zoll-RASA-Optiktubus mit integrierter Kamera.<\/li>\n<li>Einarmige Fassung mit eingebautem Lithium-Akku.<\/li>\n<li>System zur Verhinderung von Beschlag (Umweltsensor, Heizring, Beschlagschutz).<\/li>\n<li>Robustes Stativ in voller H\u00f6he.<\/li>\n<li>Integrierte Filterschublade und Autofokus.<\/li>\n<li>Netzladeger\u00e4t und Objektivdeckel.<\/li>\n<\/ul>\n<h3>Eine sich entwickelnde Plattform<\/h3>\n<ul>\n<li><strong>Regelm\u00e4\u00dfige Aktualisierungen :<\/strong> Neue Funktionen und Kompatibilit\u00e4t mit Zubeh\u00f6r wie dem StarSense Autoguider oder einer \u00e4quatorialen Montierung f\u00fcr Langzeitbelichtungen.<\/li>\n<li><strong>Zukunftssichere Technologie :<\/strong> Greifen Sie auf Software- und Hardwareverbesserungen zu, die Ihre Ger\u00e4te auf dem neuesten Stand der Technik halten.<\/li>\n<\/ul>\n<h3>Schlussfolgerung<\/h3>\n<p>Mit dem Celestron Origin wird das Universum f\u00fcr jeden zug\u00e4nglich. Genie\u00dfen Sie ein einzigartiges astronomisches Erlebnis, das Einfachheit, Pr\u00e4zision und Staunen miteinander verbindet. Schlie\u00dfen Sie sich der Revolution der Heimastronomie an und entdecken Sie die Sterne wie nie zuvor.<\/p>","protected":false},"excerpt":{"rendered":"<p>Celestron Origin: Une R\u00e9volution dans l\u2019Astronomie et l&rsquo;Astrophotographie Le Celestron Origin red\u00e9finit l\u2019astronomie amateur en fusionnant observation et astrophotographie dans un syst\u00e8me intelligent, autonome et facile \u00e0 utiliser. Que vous soyez un passionn\u00e9 d\u2019astronomie aguerri en recherche d&rsquo;un instrument capable de sortir rapidement ou un d\u00e9butant curieux qui ne veut pas se limiter dans sa [&hellip;]<\/p>\n","protected":false},"featured_media":2716,"comment_status":"open","ping_status":"closed","template":"","meta":[],"product_brand":[413],"product_cat":[753,392],"product_tag":[],"class_list":{"0":"post-2734","1":"product","2":"type-product","3":"status-publish","4":"has-post-thumbnail","6":"product_brand-celestron","7":"product_cat-smart-telescopes-telescopes_reflecteurs","8":"product_cat-telescopes_reflecteurs","10":"first","11":"instock","12":"taxable","13":"shipping-taxable","14":"purchasable","15":"product-type-simple"},"_links":{"self":[{"href":"https:\/\/deep-space-astronomy.ch\/de\/wp-json\/wp\/v2\/product\/2734","targetHints":{"allow":["GET"]}}],"collection":[{"href":"https:\/\/deep-space-astronomy.ch\/de\/wp-json\/wp\/v2\/product"}],"about":[{"href":"https:\/\/deep-space-astronomy.ch\/de\/wp-json\/wp\/v2\/types\/product"}],"replies":[{"embeddable":true,"href":"https:\/\/deep-space-astronomy.ch\/de\/wp-json\/wp\/v2\/comments?post=2734"}],"wp:featuredmedia":[{"embeddable":true,"href":"https:\/\/deep-space-astronomy.ch\/de\/wp-json\/wp\/v2\/media\/2716"}],"wp:attachment":[{"href":"https:\/\/deep-space-astronomy.ch\/de\/wp-json\/wp\/v2\/media?parent=2734"}],"wp:term":[{"taxonomy":"product_brand","embeddable":true,"href":"https:\/\/deep-space-astronomy.ch\/de\/wp-json\/wp\/v2\/product_brand?post=2734"},{"taxonomy":"product_cat","embeddable":true,"href":"https:\/\/deep-space-astronomy.ch\/de\/wp-json\/wp\/v2\/product_cat?post=2734"},{"taxonomy":"product_tag","embeddable":true,"href":"https:\/\/deep-space-astronomy.ch\/de\/wp-json\/wp\/v2\/product_tag?post=2734"}],"curies":[{"name":"wp","href":"https:\/\/api.w.org\/{rel}","templated":true}]}}