{"id":2784,"date":"2025-03-06T15:48:55","date_gmt":"2025-03-06T14:48:55","guid":{"rendered":"https:\/\/deep-space-astronomy.geekworkers.dev\/produit\/dobson-starsense-200mm-2\/"},"modified":"2025-06-03T10:38:25","modified_gmt":"2025-06-03T08:38:25","slug":"dobson-starsense-200mm-2","status":"publish","type":"product","link":"https:\/\/deep-space-astronomy.ch\/de\/produkt\/dobson-starsense-200mm-2\/","title":{"rendered":"Dobson StarSense 200mm"},"content":{"rendered":"<h3>Dobson StarSense 200mm: Das perfekte Teleskop f\u00fcr den ernsthaften Anf\u00e4nger<\/h3>\n<p>Entdecken Sie das Dobson StarSense 200mm, ein Teleskop, das optische Leistung und fortschrittliche Technologie vereint, um ein unvergleichliches Beobachtungserlebnis zu bieten. Dank der Integration Ihres <strong>Smartphone<\/strong> und der patentierten StarSense-Technologie f\u00fchrt Sie dieses Teleskop mit revolution\u00e4rer Genauigkeit und Einfachheit durch den Nachthimmel.<\/p>\n<h3>StarSense-Technologie<\/h3>\n<ul>\n<li><strong>Intelligente Sternenanalyse :<\/strong> Der LISA-Algorithmus (Lost in Space Algorithm) erkennt Sternmuster, um die Position des Teleskops genau zu lokalisieren.<\/li>\n<li><strong>Intuitive Navigation :<\/strong> Folgen Sie den Pfeilen auf dem Bildschirm, bis Ihr Ziel im Okular zentriert ist (angezeigt durch ein gr\u00fcnes Fadenkreuz).<\/li>\n<li><strong>Anwendung Powered by SkySafari\u2122 :<\/strong> Erhalten Sie eine pers\u00f6nliche Liste der besten sichtbaren Himmelsobjekte, angereichert mit Audiobeschreibungen und detaillierten Daten.<\/li>\n<\/ul>\n<h3>Robustes und ergonomisches Design<\/h3>\n<ul>\n<li><strong>Hochpr\u00e4zise Lager :<\/strong> Teflon-Azimut und gro\u00dfe H\u00f6henringe f\u00fcr fl\u00fcssige Bewegungen.<\/li>\n<li><strong>Integriertes Bremssystem :<\/strong> Stellen Sie die Spannung f\u00fcr pr\u00e4zise Bewegungen ein, selbst bei unausgewogenen Lasten.<\/li>\n<li><strong>Ergonomischer Zeigegriff :<\/strong> Richten Sie den optischen Tubus so aus, dass keine thermischen St\u00f6rungen auftreten k\u00f6nnen.<\/li>\n<\/ul>\n<p>Die Basis ist durch Seitenteile verst\u00e4rkt, um optimale Stabilit\u00e4t zu gew\u00e4hrleisten. So sind reibungslose Beobachtungen auch bei h\u00e4ufigen Anpassungen sichergestellt.<\/p>\n<h3>Hochwertige Optiken<\/h3>\n<ul>\n<li><strong>Parabolischer Hauptspiegel 200 mm (8 Zoll) :<\/strong> Ausgestattet mit optischen XLT-Beschichtungen bietet dieses Teleskop helle und detaillierte Ansichten.<\/li>\n<li><strong>Planetenbeobachtung :<\/strong> Bestaunen Sie die Wolkenb\u00e4nder des Jupiters, seine galileischen Monde, die Ringe des Saturns und die Mondkrater.<\/li>\n<li><strong>Deep-Sky-Objekte :<\/strong> Erfahren Sie Details \u00fcber den Orionnebel, den Lagunennebel, die Andromeda- und Whirlpool-Galaxien und Sternhaufen.<\/li>\n<li><strong>Erweiterte Abschl\u00fcsse :<\/strong> Glasspiegel mit geringer Ausdehnung sorgen f\u00fcr eine hervorragende Bildstabilit\u00e4t auch bei Temperaturschwankungen.<\/li>\n<\/ul>\n<h3>Pr\u00e4zisionsfokussierung<\/h3>\n<ul>\n<li><strong>Crayford Focuser 2 Zoll :<\/strong> Ideal f\u00fcr pr\u00e4zise Einstellungen ohne ungewolltes Verrutschen.<\/li>\n<li><strong>Universelle Kompatibilit\u00e4t :<\/strong> Beinhaltet einen Adapter f\u00fcr 1,25\"-Okulare und ein Verl\u00e4ngerungsrohr f\u00fcr maximale Vielseitigkeit.<\/li>\n<li><strong>Feststellbarer Fokus :<\/strong> Beh\u00e4lt auch bei langen Beobachtungssitzungen die perfekte Sch\u00e4rfe bei.<\/li>\n<\/ul>\n<h3>Performance in der Stadt und unter einem dunklen Himmel<\/h3>\n<p>Dieses Teleskop ist in st\u00e4dtischen Umgebungen leistungsstark, wenn es um die Beobachtung von Planeten, hellen Nebeln und Sternhaufen geht. Unter einem dunkleren Himmel enth\u00fcllt es dank seiner gro\u00dfen Lichtsammelf\u00e4higkeit Hunderte von zus\u00e4tzlichen Objekten und bietet so ein immersives und lohnendes Erlebnis.<\/p>\n<h3>Einfacher Transport und praktisches Zubeh\u00f6r<\/h3>\n<ul>\n<li><strong>Ergonomische Griffe und Schutzkappen :<\/strong> Entwickelt, um leicht transportiert werden zu k\u00f6nnen und das Teleskop zu sch\u00fctzen.<\/li>\n<li><strong>Pl\u00f6ssl-Okular 25 mm :<\/strong> F\u00fcr scharfe und weitl\u00e4ufige Ansichten.<\/li>\n<li><strong>Rotpunktsucher StarPointer\u2122 :<\/strong> Vereinfacht die anf\u00e4ngliche Zentrierung.<\/li>\n<li><strong>Collimation tool :<\/strong> Sorgt f\u00fcr die perfekte Ausrichtung Ihrer Optik.<\/li>\n<li><strong>Integrierte Halterung f\u00fcr Okulare :<\/strong> Halten Sie Ihr Zubeh\u00f6r organisiert und griffbereit.<\/li>\n<\/ul>\n<h3>Kompatibilit\u00e4t mit Smartphones<\/h3>\n<p>Das Dobson StarSense 200mm funktioniert mit den meisten modernen Smartphones (iPhone 6 und h\u00f6her, Android 7.1.2 oder neuer). Nutzen Sie die Intelligenz der App f\u00fcr fl\u00fcssige und lehrreiche Beobachtungssitzungen.<\/p>\n<h3>F\u00fcgen Sie den PowerTank Glow 5000 hinzu<\/h3>\n<p>Verl\u00e4ngern Sie Ihre Sitzungen mit der PowerTank Glow 5000 (separat erh\u00e4ltlich), die einen USB-Akku bietet, mit dem Sie Ihr Smartphone unterwegs aufladen k\u00f6nnen, sowie eine rote Lampe, die Ihre Nachtsicht bewahrt.<\/p>\n<h3>Schlussfolgerung<\/h3>\n<p>Das Dobson StarSense 200mm ist mehr als nur ein Teleskop: Es ist ein Tor zum Universum. Leistungsstark, pr\u00e4zise und zug\u00e4nglich, verwandelt es jede Beobachtung in ein fesselndes Abenteuer. Ob Sie Anf\u00e4nger oder erfahrener Enthusiast sind, dieses Teleskop wird Sie bei Ihren ehrgeizigsten Erkundungen begleiten.<\/p>","protected":false},"excerpt":{"rendered":"<p>Dieses helle, transportable und qualitativ hochwertige Teleskop wird Ihnen Galaxien, Nebel und Planeten mit vielen Details und Spa\u00df zeigen!<\/p>","protected":false},"featured_media":2779,"comment_status":"open","ping_status":"closed","template":"","meta":[],"product_brand":[413],"product_cat":[746,392],"product_tag":[],"class_list":{"0":"post-2784","1":"product","2":"type-product","3":"status-publish","4":"has-post-thumbnail","6":"product_brand-celestron","7":"product_cat-dobson","8":"product_cat-telescopes_reflecteurs","10":"first","11":"on_supplier","12":"taxable","13":"shipping-taxable","14":"purchasable","15":"product-type-simple"},"_links":{"self":[{"href":"https:\/\/deep-space-astronomy.ch\/de\/wp-json\/wp\/v2\/product\/2784","targetHints":{"allow":["GET"]}}],"collection":[{"href":"https:\/\/deep-space-astronomy.ch\/de\/wp-json\/wp\/v2\/product"}],"about":[{"href":"https:\/\/deep-space-astronomy.ch\/de\/wp-json\/wp\/v2\/types\/product"}],"replies":[{"embeddable":true,"href":"https:\/\/deep-space-astronomy.ch\/de\/wp-json\/wp\/v2\/comments?post=2784"}],"wp:featuredmedia":[{"embeddable":true,"href":"https:\/\/deep-space-astronomy.ch\/de\/wp-json\/wp\/v2\/media\/2779"}],"wp:attachment":[{"href":"https:\/\/deep-space-astronomy.ch\/de\/wp-json\/wp\/v2\/media?parent=2784"}],"wp:term":[{"taxonomy":"product_brand","embeddable":true,"href":"https:\/\/deep-space-astronomy.ch\/de\/wp-json\/wp\/v2\/product_brand?post=2784"},{"taxonomy":"product_cat","embeddable":true,"href":"https:\/\/deep-space-astronomy.ch\/de\/wp-json\/wp\/v2\/product_cat?post=2784"},{"taxonomy":"product_tag","embeddable":true,"href":"https:\/\/deep-space-astronomy.ch\/de\/wp-json\/wp\/v2\/product_tag?post=2784"}],"curies":[{"name":"wp","href":"https:\/\/api.w.org\/{rel}","templated":true}]}}