{"id":2797,"date":"2025-03-06T15:49:47","date_gmt":"2025-03-06T14:49:47","guid":{"rendered":"https:\/\/deep-space-astronomy.geekworkers.dev\/produit\/dobson-celestron-starsense-254mm-2\/"},"modified":"2025-06-03T10:38:25","modified_gmt":"2025-06-03T08:38:25","slug":"dobson-celestron-starsense-254mm-2","status":"publish","type":"product","link":"https:\/\/deep-space-astronomy.ch\/de\/produkt\/dobson-celestron-starsense-254mm-2\/","title":{"rendered":"Dobson Celestron StarSense 254mm"},"content":{"rendered":"<h3>Dobson StarSense 250mm: Totales Eintauchen in das Universum<\/h3>\n<p>\nDas Dobson StarSense 250mm mit der innovativen StarSense-Technologie verwandelt Ihre Beobachtungssitzungen in ein interaktives und intuitives Erlebnis. Dieses Teleskop wurde f\u00fcr eine au\u00dfergew\u00f6hnliche optische Leistung entwickelt und ist ideal f\u00fcr ernsthafte Amateure und ambitionierte Anf\u00e4nger-Astronomen. Ich pers\u00f6nlich habe mein Abenteuer mit einem 254mm begonnen! Und ich habe ihn immer noch, es ist ein ausgezeichneter und optimaler Durchmesser. Mit seinem 250-mm-Spiegel und der robusten Basis \u00f6ffnet es ein Fenster zum Universum wie nie zuvor.\n<\/p>\n<h3>StarSense-Technologie: Ihr pers\u00f6nlicher Himmelsf\u00fchrer<\/h3>\n<ul>\n<li><strong>Patentierte StarSense-Technologie :<\/strong> Analysiert Sternenmuster, um die Position des Teleskops sofort zu lokalisieren.<\/li>\n<li><strong>Intuitive Schnittstelle :<\/strong> Folgen Sie den Pfeilen auf dem Bildschirm Ihres Smartphones, um auf Ihr Ziel zu zeigen. Wenn das Fadenkreuz gr\u00fcn wird, ist das Objekt zentriert und kann beobachtet werden.<\/li>\n<li><strong>Anwendung Powered by SkySafari\u2122 :<\/strong> Erkunden Sie eine personalisierte Liste der besten sichtbaren Objekte, angereichert mit detaillierten Beschreibungen und Bildungsaudio.<\/li>\n<\/ul>\n<h3>Eine robuste und ergonomische Dobson-Basisstation<\/h3>\n<ul>\n<li><strong>Pr\u00e4zisionslager :<\/strong> Gro\u00dfe H\u00f6hen- und Azimutlager aus Teflon f\u00fcr sanfte und kontrollierte Bewegungen.<\/li>\n<li><strong>Integrierte Bremse in der H\u00f6he :<\/strong> Passen Sie die Spannung f\u00fcr pr\u00e4zise Bewegungen auch bei leichter Unwucht an.<\/li>\n<li><strong>Ergonomischer Griff :<\/strong> Richten Sie die R\u00f6hre leicht aus, ohne W\u00e4rme in das optische System einzubringen.<\/li>\n<\/ul>\n<p>\nDie seitlichen Verst\u00e4rkungen erh\u00f6hen die Stabilit\u00e4t und sorgen f\u00fcr ein fl\u00fcssiges Erlebnis, selbst bei Objekten, die h\u00e4ufig angepasst werden m\u00fcssen.\n<\/p>\n<h3>Leistungsstarke Optik f\u00fcr atemberaubende Ausblicke<\/h3>\n<ul>\n<li><strong>Parabolspiegel 250 mm (10 Zoll) :<\/strong> Ausgestattet mit fortschrittlichen optischen XLT-Beschichtungen, um eine F\u00fclle von Licht einzufangen und kleinste Details zu enth\u00fcllen.<\/li>\n<li><strong>Planetenbeobachtung :<\/strong> Bestaunen Sie die Wolkenb\u00e4nder des Jupiters, den Gro\u00dfen Roten Fleck, die Ringe des Saturns und die Mondkrater in unglaublicher Sch\u00e4rfe.<\/li>\n<li><strong>Deep-Sky-Objekte :<\/strong> Erkunden Sie den Orion- und den Lagunennebel, die Andromedagalaxie und Sternhaufen wie die Plejaden.<\/li>\n<li><strong>H\u00f6chste Qualit\u00e4t :<\/strong> Glasspiegel mit geringer Ausdehnung sorgen f\u00fcr ein stabiles Bild auch bei Temperaturschwankungen.<\/li>\n<\/ul>\n<h3>Pr\u00e4zisionsfokussierung<\/h3>\n<ul>\n<li><strong>Crayford Focuser 2 Zoll :<\/strong> Bietet eine fl\u00fcssige und pr\u00e4zise Fokussierung.<\/li>\n<li><strong>Universelle Kompatibilit\u00e4t :<\/strong> Beinhaltet einen Adapter f\u00fcr 1,25\"-Okulare und ein Verl\u00e4ngerungsrohr f\u00fcr maximale Flexibilit\u00e4t.<\/li>\n<li><strong>Verriegelbarer Fokus :<\/strong> Beh\u00e4lt die perfekte Sch\u00e4rfe bei l\u00e4ngeren Beobachtungssitzungen bei.<\/li>\n<\/ul>\n<h3>Eine vielseitige Erfahrung, in der Stadt wie unter einem dunklen Himmel<\/h3>\n<p>\nSelbst unter einem lichtverschmutzten Stadthimmel kann das Dobson StarSense 250mm Planeten, helle Nebel und Sternhaufen sichtbar machen. Tragen Sie es unter einen dunkleren Himmel, um Hunderte von zus\u00e4tzlichen Himmelsobjekten zu erforschen, die ein wahrhaft immersives Erlebnis bieten.\n<\/p>\n<h3>Enthaltenes Zubeh\u00f6r f\u00fcr einen guten Start<\/h3>\n<ul>\n<li><strong>Pl\u00f6ssl-Okular 25 mm :<\/strong> Bietet eine breite und klare Sicht, in die Sie v\u00f6llig eintauchen k\u00f6nnen.<\/li>\n<li><strong>Rotpunktsucher StarPointer\u2122 :<\/strong> Vereinfacht die anf\u00e4ngliche Zentrierung von Himmelsobjekten.<\/li>\n<li><strong>Kollimationswerkzeug :<\/strong> H\u00e4lt Ihre Optik perfekt ausgerichtet.<\/li>\n<li><strong>Integrierte Okularhalterung :<\/strong> Halten Sie Ihr Zubeh\u00f6r organisiert und griffbereit.<\/li>\n<li><strong>Schutzkappen :<\/strong> Sch\u00fctzen den Hauptspiegel und den Okularhalter.<\/li>\n<\/ul>\n<h3>Smartphone-Kompatibilit\u00e4t und optionales Zubeh\u00f6r<\/h3>\n<ul>\n<li><strong>PowerTank Glow 5000 :<\/strong> Laden Sie Ihr Smartphone auf und bewahren Sie Ihre Nachtsicht mit einem USB-Akku und einer roten Lampe (separat erh\u00e4ltlich).<\/li>\n<li><strong>USB-K\u00fchlventilator :<\/strong> Beschleunigen Sie das Aufw\u00e4rmen des Hauptspiegels, um schneller scharfe Bilder zu erhalten.<\/li>\n<\/ul>\n<h3>Schlussfolgerung<\/h3>\n<p>\nDas Dobson StarSense 250mm ist mehr als nur ein Teleskop: Es ist ein echtes Portal zum Universum. Ob Sie Anf\u00e4nger oder erfahrener Beobachter sind, es bietet Ihnen eine au\u00dfergew\u00f6hnliche Leistung und ein lohnendes Beobachtungserlebnis, das f\u00fcr alle Stufen perfekt geeignet ist.<\/p>","protected":false},"excerpt":{"rendered":"<p>Dobson StarSense 250mm : Une Immersion Totale dans l\u2019Univers Le Dobson StarSense 250mm, dot\u00e9 de la technologie innovante StarSense, transforme vos sessions d\u2019observation en une exp\u00e9rience interactive et intuitive. Con\u00e7u pour offrir des performances optiques exceptionnelles, ce t\u00e9lescope est id\u00e9al pour les amateurs s\u00e9rieux et les astronomes d\u00e9butants ambitieux. J&rsquo;ai personnellement commenc\u00e9 mon aventure avec [&hellip;]<\/p>\n","protected":false},"featured_media":2785,"comment_status":"open","ping_status":"closed","template":"","meta":[],"product_brand":[413],"product_cat":[746,392],"product_tag":[],"class_list":{"0":"post-2797","1":"product","2":"type-product","3":"status-publish","4":"has-post-thumbnail","6":"product_brand-celestron","7":"product_cat-dobson","8":"product_cat-telescopes_reflecteurs","10":"first","11":"on_supplier","12":"taxable","13":"shipping-taxable","14":"purchasable","15":"product-type-simple"},"_links":{"self":[{"href":"https:\/\/deep-space-astronomy.ch\/de\/wp-json\/wp\/v2\/product\/2797","targetHints":{"allow":["GET"]}}],"collection":[{"href":"https:\/\/deep-space-astronomy.ch\/de\/wp-json\/wp\/v2\/product"}],"about":[{"href":"https:\/\/deep-space-astronomy.ch\/de\/wp-json\/wp\/v2\/types\/product"}],"replies":[{"embeddable":true,"href":"https:\/\/deep-space-astronomy.ch\/de\/wp-json\/wp\/v2\/comments?post=2797"}],"wp:featuredmedia":[{"embeddable":true,"href":"https:\/\/deep-space-astronomy.ch\/de\/wp-json\/wp\/v2\/media\/2785"}],"wp:attachment":[{"href":"https:\/\/deep-space-astronomy.ch\/de\/wp-json\/wp\/v2\/media?parent=2797"}],"wp:term":[{"taxonomy":"product_brand","embeddable":true,"href":"https:\/\/deep-space-astronomy.ch\/de\/wp-json\/wp\/v2\/product_brand?post=2797"},{"taxonomy":"product_cat","embeddable":true,"href":"https:\/\/deep-space-astronomy.ch\/de\/wp-json\/wp\/v2\/product_cat?post=2797"},{"taxonomy":"product_tag","embeddable":true,"href":"https:\/\/deep-space-astronomy.ch\/de\/wp-json\/wp\/v2\/product_tag?post=2797"}],"curies":[{"name":"wp","href":"https:\/\/api.w.org\/{rel}","templated":true}]}}