{"id":2843,"date":"2025-03-06T15:53:15","date_gmt":"2025-03-06T14:53:15","guid":{"rendered":"https:\/\/deep-space-astronomy.geekworkers.dev\/produit\/nexstar-evolution-8-203mm-hd-telescope-avec-starsense-2\/"},"modified":"2026-02-20T18:51:54","modified_gmt":"2026-02-20T17:51:54","slug":"nexstar-evolution-8-203mm-hd-telescope-avec-starsense-2","status":"publish","type":"product","link":"https:\/\/deep-space-astronomy.ch\/de\/produkt\/nexstar-evolution-8-203mm-hd-telescope-avec-starsense-2\/","title":{"rendered":"NexStar Evolution 8 (203mm) HD-Teleskop mit StarSense"},"content":{"rendered":"<h3>NexStar Evolution 8 (203mm) HD Telescope mit StarSense: Eine kleine, hochmoderne automatische Sternwarte<\/h3>\n<p>Das NexStar Evolution 8 HD ist mehr als nur ein Teleskop: Es ist eine Plattform f\u00fcr Beobachtung und Bildgebung, die die neuesten technologischen Fortschritte und modernste Optik in sich vereint. Dieses Teleskop wurde f\u00fcr Enthusiasten auf der Suche nach dem ultimativen astronomischen Erlebnis entwickelt und bietet makellose Ansichten und un\u00fcbertroffene Benutzerfreundlichkeit - und das alles in einem kompakten, tragbaren Format.<\/p>\n<h3>WiFi-Konnektivit\u00e4t und StarSense Automatische Ausrichtung<\/h3>\n<ul>\n<li><strong>Integriertes WiFi :<\/strong> Verbinden Sie sich \u00fcber Ihr Smartphone oder Tablet mit dem Teleskop, ohne dass Sie eine manuelle Steuerung ben\u00f6tigen.<\/li>\n<li><strong>StarSense AutoAlign :<\/strong> Innerhalb weniger Minuten scannt das Teleskop den Himmel, identifiziert die Sterne und berechnet automatisch seine Position.<\/li>\n<li><strong>SkyPortal-Anwendung Powered by SkySafari\u2122 :<\/strong> Navigieren Sie den Himmel in Echtzeit und steuern Sie Ihr Teleskop \u00fcber eine intuitive Benutzeroberfl\u00e4che.<\/li>\n<\/ul>\n<h3>EdgeHD-Optiken: Makellose Ansichten<\/h3>\n<ul>\n<li><strong>Aplanatisches Design :<\/strong> Bilder frei von Koma und Feldkr\u00fcmmung, mit Sch\u00e4rfe bis zum Rand des Sichtfeldes.<\/li>\n<li><strong>Flache Brennebene :<\/strong> Ideal f\u00fcr die Sensoren moderner Kameras, garantiert scharfe Sterne auf Vollformatsensoren.<\/li>\n<li><strong>Fastar\/HyperStar-Kompatibilit\u00e4t :<\/strong> Erm\u00f6glicht ultraschnelle Bilder mit einer Lichtst\u00e4rke von 1:2, um Deep-Sky-Objekte in Sekundenschnelle einzufangen.<\/li>\n<li><strong>StarBright XLT\u2122-Beschichtungen :<\/strong> Maximieren die Lichtdurchl\u00e4ssigkeit f\u00fcr helle und kontrastreiche Bilder.<\/li>\n<\/ul>\n<h3>NexStar Evolution Montierung: Pr\u00e4zision und Bequemlichkeit<\/h3>\n<ul>\n<li><strong>Messingzahnr\u00e4der und verbesserte Motoren :<\/strong> Sorgen f\u00fcr eine pr\u00e4zise und fl\u00fcssige Verfolgung, ideal f\u00fcr Beobachtungen und Bildgebung.<\/li>\n<li><strong>Manuelle Clutches :<\/strong> Erm\u00f6glichen bei Bedarf eine manuelle Steuerung der Achse.<\/li>\n<li><strong>Zubeh\u00f6rtablett mit roter LED-Beleuchtung :<\/strong> Organisieren Sie Ihre Okulare und Zubeh\u00f6rteile ganz einfach, auch im Dunkeln.<\/li>\n<li><strong>Integrierter USB-Anschluss :<\/strong> Laden Sie Ihre Ger\u00e4te w\u00e4hrend Ihrer Beobachtungssitzungen auf.<\/li>\n<\/ul>\n<h3>Eingebauter Akku mit langer Lebensdauer<\/h3>\n<ul>\n<li><strong>Autonomie von 10 Stunden :<\/strong> Genie\u00dfen Sie lange Beobachtungssessions ohne Unterbrechungen.<\/li>\n<li><strong>Energiesparmodus :<\/strong> Optimiert die Lebensdauer des Akkus, wenn dieser schwach ist.<\/li>\n<\/ul>\n<h3>Zugang zur Astrofotografie des Himmels<\/h3>\n<ul>\n<li><strong>Erfassen des Mondes und der Planeten :<\/strong> Ideal, um eine Planetenkamera zu befestigen und scharfe, detaillierte Bilder zu erhalten.<\/li>\n<li><strong>Deep-Sky-Bildgebung :<\/strong> Nehmen Sie Nebel und Galaxien mit einer Spiegelreflexkamera oder einer CCD\/CMOS-Kamera auf.<\/li>\n<li><strong>Kompatibilit\u00e4t mit dem HD Pro Wedge :<\/strong> Verwandelt die alt-azimutale Montierung in eine \u00e4quatoriale Konfiguration f\u00fcr lange Belichtungszeiten.<\/li>\n<\/ul>\n<h3>Enthaltenes Zubeh\u00f6r<\/h3>\n<ul>\n<li>Pl\u00f6ssl-Okulare 40 mm und 13 mm (1,25\u201d) bieten verschiedene Vergr\u00f6\u00dferungen.<\/li>\n<li>Sucher StarPointer Pro\u2122 zur Vereinfachung der anf\u00e4nglichen Zentrierung von Himmelsobjekten.<\/li>\n<li>1,25\u201d-Sterndiagonale und 1,25\u201d-Visualadapter zur Verbesserung des Beobachtungskomforts.<\/li>\n<li>StarSense AutoAlign, um die Ausrichtung automatisch zu optimieren.<\/li>\n<\/ul>\n<h3>Enthaltene Software: Eine Bereicherte Erfahrung<\/h3>\n<ul>\n<li><strong>Celestron PWI Telescope Control :<\/strong> Es wurde mit PlaneWave Instruments entwickelt und bietet eine erweiterte Modellierung f\u00fcr eine genaue Ausrichtung und Verfolgung.<\/li>\n<li><strong>Starry Night Special Edition :<\/strong> Planen Sie Ihre Beobachtungen und steuern Sie das Teleskop von Ihrem PC aus mithilfe einer reichhaltigen und interaktiven Datenbank.<\/li>\n<\/ul>\n<h3>Zusammenfassend<\/h3>\n<p>Das NexStar Evolution 8 HD kombiniert optische EdgeHD-Pr\u00e4zision mit intuitiver vernetzter Technologie f\u00fcr ein au\u00dfergew\u00f6hnliches Beobachtungs- und Bilderlebnis. Egal, ob Sie Anf\u00e4nger oder Fortgeschrittener sind, dieses Teleskop wird Ihre N\u00e4chte unter dem Sternenhimmel in unvergessliche Abenteuer verwandeln.<\/p>","protected":false},"excerpt":{"rendered":"<p>NexStar Evolution 8 (203mm) HD Telescope avec StarSense : Un Petit Observatoire Automatique de Pointe Le NexStar Evolution 8 HD est bien plus qu\u2019un t\u00e9lescope : c\u2019est une plateforme d\u2019observation et d\u2019imagerie int\u00e9grant les derni\u00e8res avanc\u00e9es technologiques et des optiques de pointe. Con\u00e7u pour les passionn\u00e9s en qu\u00eate d\u2019une exp\u00e9rience astronomique optimale, ce t\u00e9lescope offre [&hellip;]<\/p>\n","protected":false},"featured_media":2833,"comment_status":"open","ping_status":"closed","template":"","meta":[],"product_brand":[413],"product_cat":[748,392],"product_tag":[],"class_list":{"0":"post-2843","1":"product","2":"type-product","3":"status-publish","4":"has-post-thumbnail","6":"product_brand-celestron","7":"product_cat-schmidt-cassegrain","8":"product_cat-telescopes_reflecteurs","10":"first","11":"instock","12":"taxable","13":"shipping-taxable","14":"purchasable","15":"product-type-simple"},"_links":{"self":[{"href":"https:\/\/deep-space-astronomy.ch\/de\/wp-json\/wp\/v2\/product\/2843","targetHints":{"allow":["GET"]}}],"collection":[{"href":"https:\/\/deep-space-astronomy.ch\/de\/wp-json\/wp\/v2\/product"}],"about":[{"href":"https:\/\/deep-space-astronomy.ch\/de\/wp-json\/wp\/v2\/types\/product"}],"replies":[{"embeddable":true,"href":"https:\/\/deep-space-astronomy.ch\/de\/wp-json\/wp\/v2\/comments?post=2843"}],"wp:featuredmedia":[{"embeddable":true,"href":"https:\/\/deep-space-astronomy.ch\/de\/wp-json\/wp\/v2\/media\/2833"}],"wp:attachment":[{"href":"https:\/\/deep-space-astronomy.ch\/de\/wp-json\/wp\/v2\/media?parent=2843"}],"wp:term":[{"taxonomy":"product_brand","embeddable":true,"href":"https:\/\/deep-space-astronomy.ch\/de\/wp-json\/wp\/v2\/product_brand?post=2843"},{"taxonomy":"product_cat","embeddable":true,"href":"https:\/\/deep-space-astronomy.ch\/de\/wp-json\/wp\/v2\/product_cat?post=2843"},{"taxonomy":"product_tag","embeddable":true,"href":"https:\/\/deep-space-astronomy.ch\/de\/wp-json\/wp\/v2\/product_tag?post=2843"}],"curies":[{"name":"wp","href":"https:\/\/api.w.org\/{rel}","templated":true}]}}