{"id":2853,"date":"2025-03-06T15:54:00","date_gmt":"2025-03-06T14:54:00","guid":{"rendered":"https:\/\/deep-space-astronomy.geekworkers.dev\/produit\/celestron-nextstar-evolution-9-25-235mm-wifi-2\/"},"modified":"2026-01-21T14:37:36","modified_gmt":"2026-01-21T13:37:36","slug":"celestron-nextstar-evolution-9-25-235mm-wifi-2","status":"publish","type":"product","link":"https:\/\/deep-space-astronomy.ch\/de\/produkt\/celestron-nextstar-evolution-9-25-235mm-wifi-2\/","title":{"rendered":"Celestron Evolution 9.25\u2033 SCT Wifi"},"content":{"rendered":"<h3 style=\"text-align: center;\">Celestron Evolution 9.25\u2033 SCT Wifi: Ein leistungsstarkes Teleskop<\/h3>\n<p>Das NexStar Evolution 9.25 verk\u00f6rpert das Beste aus Technologie und Optik und bietet eine au\u00dfergew\u00f6hnliche Leistung f\u00fcr anspruchsvolle Astronomiefans. Mit einem 9,25-Zoll-Schmidt-Cassegrain-Tubus und integrierter WiFi-Konnektivit\u00e4t erm\u00f6glicht es Ihnen, das Universum mit unvergleichlicher Pr\u00e4zision und Leichtigkeit zu erforschen.<\/p>\n<h3>WiFi-Konnektivit\u00e4t und Steuerung \u00fcber App<\/h3>\n<ul>\n<li><strong>Integriertes WiFi :<\/strong> Steuern Sie das Teleskop drahtlos, ohne dass eine manuelle Steuerung erforderlich ist.<\/li>\n<li><strong>SkyPortal-Anwendung Powered by SkySafari\u2122 :<\/strong> Navigieren Sie den Himmel in Echtzeit, zeigen Sie Listen mit sichtbaren Objekten an und richten Sie Ihr Teleskop automatisch auf Ihr Ziel aus.<\/li>\n<li><strong>Vereinfachte Ausrichtung mit SkyAlign :<\/strong> Richten Sie Ihr Teleskop in wenigen Minuten mithilfe eines intuitiven, in die Anwendung integrierten Prozesses aus.<\/li>\n<\/ul>\n<h3>Schmidt-Cassegrain-Optik von 9,25 Zoll<\/h3>\n<ul>\n<li><strong>StarBright XLT-Beschichtungen :<\/strong> Maximieren die Lichtdurchl\u00e4ssigkeit f\u00fcr klarere und kontrastreichere Ansichten.<\/li>\n<li><strong>Fastar-Kompatibilit\u00e4t :<\/strong> Erm\u00f6glicht Weitfeldaufnahmen mit Blende 2, die sich perfekt eignen, um Deep-Sky-Objekte in k\u00fcrzester Zeit einzufangen.<\/li>\n<li><strong>Gro\u00dfe \u00d6ffnung :<\/strong> 9,25 Zoll f\u00fcr die Beobachtung der feinen Details von Planeten und weit entfernten Himmelsobjekten.<\/li>\n<\/ul>\n<h3>Erweiterte Montierung f\u00fcr die Astrofotografie<\/h3>\n<ul>\n<li><strong>Messingzahnr\u00e4der und verbesserte Motoren :<\/strong> Bieten eine pr\u00e4zise und fl\u00fcssige Verfolgung bei der Beobachtung und Bildgebung.<\/li>\n<li><strong>Manuelle Clutches :<\/strong> Erm\u00f6glichen die manuelle Steuerung des Teleskops, ohne dass Strom ben\u00f6tigt wird.<\/li>\n<li><strong>Robustes Stativ aus rostfreiem Stahl :<\/strong> Sorgt f\u00fcr optimale Stabilit\u00e4t, selbst bei einem gro\u00dfen Rohr.<\/li>\n<li><strong>Beleuchtete Requisitenschalen :<\/strong> Organisieren Sie Ihre Okulare und Werkzeuge mit einer roten LED-Beleuchtung f\u00fcr die Nachtsichtbarkeit.<\/li>\n<\/ul>\n<h3>Eingebaute Langzeitbatterie<\/h3>\n<ul>\n<li><strong>Autonomie von 10 Stunden :<\/strong> Perfekt f\u00fcr ganze N\u00e4chte unter dem Sternenhimmel.<\/li>\n<li><strong>Integrierter USB-Anschluss :<\/strong> Laden Sie Ihre Mobilger\u00e4te direkt vom Teleskop aus auf.<\/li>\n<li><strong>Energiesparmodus :<\/strong> Optimiert die Betriebszeit am Ende des Ladevorgangs.<\/li>\n<\/ul>\n<h3>Eine solide Basis f\u00fcr Astroimaging<\/h3>\n<ul>\n<li><strong>Folgepr\u00e4zision :<\/strong> Nehmen Sie mit einer digitalen Spiegelreflexkamera scharfe Bilder von Deep-Sky-Objekten wie dem Orionnebel auf.<\/li>\n<li><strong>Kompatibilit\u00e4t mit dem Pro HD Wedge :<\/strong> Verwandelt die alt-azimutale Montierung in eine \u00e4quatoriale Konfiguration f\u00fcr Langzeitbelichtungen.<\/li>\n<li><strong>Skalierbarkeit :<\/strong> M\u00f6glichkeit, Zubeh\u00f6r hinzuzuf\u00fcgen, um Ihre Bildgebungsf\u00e4higkeiten im Laufe der Zeit zu verbessern.<\/li>\n<\/ul>\n<h3>Enthaltenes Zubeh\u00f6r<\/h3>\n<ul>\n<li>1,25\" Pl\u00f6ssl-Okulare (40 mm und 13 mm) mit verschiedenen Vergr\u00f6\u00dferungsoptionen.<\/li>\n<li>1,25\"-Sterndiagonale f\u00fcr verbesserten Beobachtungskomfort.<\/li>\n<li>StarPointer\u2122 Pro Sucher, der die anf\u00e4ngliche Zentrierung von Himmelsobjekten vereinfacht.<\/li>\n<li>Netzteil zum einfachen und bequemen Aufladen.<\/li>\n<\/ul>\n<h3>Angebotene erweiterte Software<\/h3>\n<ul>\n<li><strong>Celestron PWI Telescope Control :<\/strong> Eine All-in-One-L\u00f6sung f\u00fcr eine genaue Ausrichtung und Verfolgung.<\/li>\n<li><strong>Starry Night Special Edition :<\/strong> Planen Sie Ihre Beobachtungen und steuern Sie Ihr Teleskop von Ihrem PC aus.<\/li>\n<\/ul>\n<h3>Zusammenfassend<\/h3>\n<p>Das NexStar Evolution 9.25 vereint eine leistungsstarke Optik, intuitive Technologie und eine bemerkenswerte Portabilit\u00e4t. Ob Sie nun leidenschaftlicher Beobachter sind oder nach au\u00dfergew\u00f6hnlichen Astroimaging-Ergebnissen suchen, dieses Teleskop ist das perfekte Werkzeug, um Ihre N\u00e4chte unter dem Sternenhimmel in unvergessliche Erlebnisse zu verwandeln.<\/p>","protected":false},"excerpt":{"rendered":"<p>Celestron Evolution 9.25&Prime; SCT Wifi : Un Puissant T\u00e9lescope Le NexStar Evolution 9.25 incarne le meilleur de la technologie et de l\u2019optique, offrant des performances exceptionnelles pour les amateurs d\u2019astronomie exigeants. Dot\u00e9 d\u2019un tube Schmidt-Cassegrain de 9,25 pouces et d\u2019une connectivit\u00e9 WiFi int\u00e9gr\u00e9e, il vous permet d\u2019explorer l\u2019univers avec une pr\u00e9cision et une facilit\u00e9 incomparables. [&hellip;]<\/p>\n","protected":false},"featured_media":2844,"comment_status":"open","ping_status":"closed","template":"","meta":[],"product_brand":[413],"product_cat":[748,392],"product_tag":[],"class_list":{"0":"post-2853","1":"product","2":"type-product","3":"status-publish","4":"has-post-thumbnail","6":"product_brand-celestron","7":"product_cat-schmidt-cassegrain","8":"product_cat-telescopes_reflecteurs","10":"first","11":"instock","12":"sale","13":"taxable","14":"shipping-taxable","15":"purchasable","16":"product-type-simple"},"_links":{"self":[{"href":"https:\/\/deep-space-astronomy.ch\/de\/wp-json\/wp\/v2\/product\/2853","targetHints":{"allow":["GET"]}}],"collection":[{"href":"https:\/\/deep-space-astronomy.ch\/de\/wp-json\/wp\/v2\/product"}],"about":[{"href":"https:\/\/deep-space-astronomy.ch\/de\/wp-json\/wp\/v2\/types\/product"}],"replies":[{"embeddable":true,"href":"https:\/\/deep-space-astronomy.ch\/de\/wp-json\/wp\/v2\/comments?post=2853"}],"wp:featuredmedia":[{"embeddable":true,"href":"https:\/\/deep-space-astronomy.ch\/de\/wp-json\/wp\/v2\/media\/2844"}],"wp:attachment":[{"href":"https:\/\/deep-space-astronomy.ch\/de\/wp-json\/wp\/v2\/media?parent=2853"}],"wp:term":[{"taxonomy":"product_brand","embeddable":true,"href":"https:\/\/deep-space-astronomy.ch\/de\/wp-json\/wp\/v2\/product_brand?post=2853"},{"taxonomy":"product_cat","embeddable":true,"href":"https:\/\/deep-space-astronomy.ch\/de\/wp-json\/wp\/v2\/product_cat?post=2853"},{"taxonomy":"product_tag","embeddable":true,"href":"https:\/\/deep-space-astronomy.ch\/de\/wp-json\/wp\/v2\/product_tag?post=2853"}],"curies":[{"name":"wp","href":"https:\/\/api.w.org\/{rel}","templated":true}]}}