{"id":2919,"date":"2025-03-06T16:34:29","date_gmt":"2025-03-06T15:34:29","guid":{"rendered":"https:\/\/deep-space-astronomy.geekworkers.dev\/produit\/65phq\/"},"modified":"2025-07-07T17:45:14","modified_gmt":"2025-07-07T15:45:14","slug":"65phq","status":"publish","type":"product","link":"https:\/\/deep-space-astronomy.ch\/de\/produkt\/65phq\/","title":{"rendered":"Apochromatische L\u00fcnette Askar65PHQ"},"content":{"rendered":"<h3>Entdecken Sie den 65PHQ: Der kompakte und vielseitige Astrograf f\u00fcr die hochpr\u00e4zise Astrofotografie<\/h3>\n<p>\nDer 65PHQ ist ein hochmoderner Astrograf, der speziell f\u00fcr anspruchsvolle Astrofotografen entwickelt wurde, die makellos scharfe Bilder ohne die \u00fcblichen Probleme erhalten m\u00f6chten. Dank seines einzigartigen Designs ist es nicht mehr n\u00f6tig, Feldkorrekturen hinzuzuf\u00fcgen oder den Backfokus zu berechnen. R\u00fcsten Sie das 65PHQ einfach mit dem Zubeh\u00f6r Ihrer Wahl aus, visieren Sie Ihr Ziel an und lassen Sie die optische Pr\u00e4zision den Rest erledigen.\n<\/p>\n<p>\nDie Brennweite dieser kleinen 65mm ist interessant, um die Strukturen von Nebeln und Galaxien genau zu erkennen. Sie hat ein relativ offenes \u00d6ffnungsverh\u00e4ltnis (f\/d), das es mit modernen Kameras erm\u00f6glicht, schnell und problemlos Licht zu gewinnen. Man findet sich schnell mit einem einfach zu bedienenden Instrument wieder, das hervorragende Details und eine sichere Handhabung bietet. Das ist eine sehr interessante Wahl, zumal man mit dem Reducer fast ein zweites, offeneres Instrument erh\u00e4lt (kleinerer f\/d = mehr gesammeltes Licht bei gleicher Zeit), mit dem man sich f\u00fcr andere Objekte interessieren kann.\n<\/p>\n<h3>Au\u00dfergew\u00f6hnliche Leistung und Pr\u00e4zision<\/h3>\n<p>\nDas 65PHQ hat eine Blende von 65 mm und eine Brennweite von 416 mm mit einem Brennweitenverh\u00e4ltnis von 1:6,4. Seine F\u00fcnffachkonstruktion, in die zwei ED-Linsen integriert sind, bietet eine au\u00dfergew\u00f6hnliche Kontrolle \u00fcber chromatische Aberrationen und andere Verzerrungen und sorgt so f\u00fcr Bilder von au\u00dfergew\u00f6hnlicher Qualit\u00e4t. Dieses \"selbstkorrigierende\" Design unterst\u00fctzt den Vollformat-Bildkreis und minimiert gleichzeitig die Randverzerrungen der Sterne - perfekt, um die kleinsten Details des Kosmos einzufangen.\n<\/p>\n<h3>Technische Eigenschaften<\/h3>\n<ul>\n<li>\u00d6ffnung: 65 mm<\/li>\n<li>Brennweite: 416 mm<\/li>\n<li>Design: Quintuplet mit ED-Linsen, unterst\u00fctzt Vollformat<\/li>\n<li>Zentraler RMS-Radius: 2,5 \u03bcm f\u00fcr scharfe und pr\u00e4zise Bilder<\/li>\n<li>Gewicht: R\u00f6hre allein 2 kg, komplettes Set mit Zubeh\u00f6r 2,8 kg<\/li>\n<li>Fokussierung: 2,5-Zoll-Starrmechanismus mit 360\u00b0-Rotator und 1:10-Feineinstellung<\/li>\n<\/ul>\n<h3>Entwickelt f\u00fcr Astrofotografie und visuelle Beobachtung<\/h3>\n<p>\nDas 65PHQ bietet eine hervorragende Leistung f\u00fcr die visuelle Beobachtung. Sein fortschrittliches optisches System sorgt f\u00fcr eine perfekte Fokussierung, egal ob Sie ferne Galaxien oder die Planeten unseres Sonnensystems mit hoher Vergr\u00f6\u00dferung beobachten wollen. Allein die Vorstellung, diesen Astrographen als vielseitiges Instrument verwenden zu k\u00f6nnen, selbst wenn man mit Freunden nur schnell den Mond beobachten m\u00f6chte, macht ihn zu einem nicht zu untersch\u00e4tzenden Vorteil.\n<\/p>\n<h3>Zubeh\u00f6r und Kompatibilit\u00e4t<\/h3>\n<p>\nDer 65PHQ wird mit einer Reihe von Zubeh\u00f6rteilen geliefert, um Ihnen das Erlebnis zu erleichtern :\n<\/p>\n<ul>\n<li>Einziehbare Sonnenblende<\/li>\n<li>Multifunktionsgriff und 300 mm Vixen-Schwalbenschwanzplatte f\u00fcr eine sichere Montage<\/li>\n<li>Kameraadapter: M68, M54 und M48 im Lieferumfang enthalten, sowie ein Adapter f\u00fcr 2-Zoll-Filter<\/li>\n<li>Optionales 0,75-faches Getriebe f\u00fcr mehr Flexibilit\u00e4t<\/li>\n<\/ul>\n<p>\nNutzen Sie die vielf\u00e4ltigen Anschlussm\u00f6glichkeiten mit M68x1-, M54x0,75- und M48x0,75-R\u00fcckgewinde (mit Filtergewinde). Ob f\u00fcr Astrofotografie oder Beobachtung, das 65PHQ erm\u00f6glicht eine schnelle und zuverl\u00e4ssige Verbindung mit maximaler Reichweite des Zubeh\u00f6rs :\n<\/p>\n<ul>\n<li>Bildmodus: Bis zu 130 mm<\/li>\n<li>Beobachtungsmodus: Bis zu 121 mm<\/li>\n<\/ul>\n<h3>Ein Komplettpaket f\u00fcr alle Ihre Erfahrungen<\/h3>\n<ul>\n<li>Optische R\u00f6hre (OTA) 65PHQ<\/li>\n<li>Paar robuste Befestigungsringe<\/li>\n<li>Multifunktionaler Griff<\/li>\n<li>300 mm Vixen-Schwalbenschwanzplatte<\/li>\n<li>Adapterset f\u00fcr die Fotografie<\/li>\n<li>Ausf\u00fchrliches Benutzerhandbuch<\/li>\n<\/ul>\n<h3>Leicht und tragbar<\/h3>\n<p>\nKompakt, leicht und einfach zu transportieren - das 65PHQ ist der ideale Begleiter f\u00fcr alle Ihre Beobachtungstouren und Astrofotografie-Sessions. Egal, ob Sie im Feld oder in Ihrer Sternwarte unterwegs sind, es erf\u00fcllt Ihre Anforderungen an Leistung und Mobilit\u00e4t.\n<\/p>\n<h3>Schlussfolgerung<\/h3>\n<p>\nEntdecken Sie die Leistungsf\u00e4higkeit des 65PHQ und machen Sie astronomische Aufnahmen in kompromisslos hoher Qualit\u00e4t. Erkunden Sie den Himmel - ganz einfach.<\/p>","protected":false},"excerpt":{"rendered":"<p>D\u00e9couvrez le 65PHQ : L\u2019Astrographe Compact et Polyvalent pour l\u2019Astrophotographie de Haute Pr\u00e9cision Le 65PHQ est un astrographe de pointe sp\u00e9cialement con\u00e7u pour les astrophotographes exigeants qui souhaitent obtenir des images d\u2019une nettet\u00e9 impeccable, sans les probl\u00e8mes habituels. Gr\u00e2ce \u00e0 sa conception unique, il n\u2019est plus n\u00e9cessaire d\u2019ajouter des correcteurs de champ ou de calculer [&hellip;]<\/p>\n","protected":false},"featured_media":2917,"comment_status":"open","ping_status":"closed","template":"","meta":[],"product_brand":[382],"product_cat":[384,755],"product_tag":[],"class_list":{"0":"post-2919","1":"product","2":"type-product","3":"status-publish","4":"has-post-thumbnail","6":"product_brand-askar","7":"product_cat-lunettes_refracteurs","8":"product_cat-lunettes-apochromatiques","10":"first","11":"on_supplier","12":"taxable","13":"shipping-taxable","14":"purchasable","15":"product-type-simple"},"_links":{"self":[{"href":"https:\/\/deep-space-astronomy.ch\/de\/wp-json\/wp\/v2\/product\/2919","targetHints":{"allow":["GET"]}}],"collection":[{"href":"https:\/\/deep-space-astronomy.ch\/de\/wp-json\/wp\/v2\/product"}],"about":[{"href":"https:\/\/deep-space-astronomy.ch\/de\/wp-json\/wp\/v2\/types\/product"}],"replies":[{"embeddable":true,"href":"https:\/\/deep-space-astronomy.ch\/de\/wp-json\/wp\/v2\/comments?post=2919"}],"wp:featuredmedia":[{"embeddable":true,"href":"https:\/\/deep-space-astronomy.ch\/de\/wp-json\/wp\/v2\/media\/2917"}],"wp:attachment":[{"href":"https:\/\/deep-space-astronomy.ch\/de\/wp-json\/wp\/v2\/media?parent=2919"}],"wp:term":[{"taxonomy":"product_brand","embeddable":true,"href":"https:\/\/deep-space-astronomy.ch\/de\/wp-json\/wp\/v2\/product_brand?post=2919"},{"taxonomy":"product_cat","embeddable":true,"href":"https:\/\/deep-space-astronomy.ch\/de\/wp-json\/wp\/v2\/product_cat?post=2919"},{"taxonomy":"product_tag","embeddable":true,"href":"https:\/\/deep-space-astronomy.ch\/de\/wp-json\/wp\/v2\/product_tag?post=2919"}],"curies":[{"name":"wp","href":"https:\/\/api.w.org\/{rel}","templated":true}]}}