{"id":2926,"date":"2025-03-06T16:35:26","date_gmt":"2025-03-06T15:35:26","guid":{"rendered":"https:\/\/deep-space-astronomy.geekworkers.dev\/produit\/80phq\/"},"modified":"2026-04-02T19:31:58","modified_gmt":"2026-04-02T17:31:58","slug":"80phq","status":"publish","type":"product","link":"https:\/\/deep-space-astronomy.ch\/de\/produkt\/80phq\/","title":{"rendered":"Askar 80PHQ"},"content":{"rendered":"<h3>Der Astrograph Askar 80PHQ<\/h3>\n<p>Entdecken Sie den Askar 80PHQ Astrographen, ein Spitzeninstrument der PHQ-Familie, das f\u00fcr anspruchsvolle Astrofotografen entwickelt wurde, die Wert auf Qualit\u00e4t, Leistung und einfache Bedienung legen. Mit seiner fortschrittlichen optischen Konstruktion und seinem raffinierten Design ist der Askar 80PHQ das ideale Werkzeug, um die Wunder des Deep Sky mit un\u00fcbertroffener Pr\u00e4zision einzufangen.<\/p>\n<h3>Hochwertiges optisches Design<\/h3>\n<p>Der Askar 80PHQ Astrograf verwendet eine einzigartige Vierfachstruktur (3+1) mit zwei ED-Glaselementen (Extra-low Dispersion), die chromatische Aberrationen wirksam reduziert und Bilder von au\u00dfergew\u00f6hnlicher Klarheit und Sch\u00e4rfe garantiert. Im Gegensatz zu vielen anderen Modellen ist die Optik des 80PHQ eine integrierte Kombination von Linsen, die eine rationellere Anordnung, eine bessere Kontrolle der Vignettierung und eine h\u00f6here Bildqualit\u00e4t bietet. Mit einem Brennweitenverh\u00e4ltnis von f\/7,5 bietet dieser Astrograf ein flaches Feld, ohne dass der Backfokus berechnet werden muss, was die Installation und den Gebrauch extrem einfach macht.<\/p>\n<h3>Unschlagbare technische Spezifikationen<\/h3>\n<ul>\n<li><strong>Er\u00f6ffnung :<\/strong> 80 mm<\/li>\n<li><strong>Brennweite :<\/strong> 600 mm<\/li>\n<li><strong>Optische Struktur :<\/strong> APO-Vierling luftgetrocknet<\/li>\n<li><strong>Unterst\u00fctzung von Vollformat :<\/strong> kompatibel mit gro\u00dfen Sensoren<\/li>\n<li><strong>Zentraler RMS-Radius :<\/strong> 3 \u03bcm f\u00fcr eine optimale Bildgenauigkeit<\/li>\n<li><strong>Kein Grund zum Schmeicheln:<\/strong> dank des leistungsstarken flachen optischen Designs<\/li>\n<li><strong>0.76x Reducer (optional) :<\/strong> f\u00fcr mehr Flexibilit\u00e4t durch Anpassen der Brennweite<\/li>\n<\/ul>\n<h3>Vielseitigkeit mit verschiedenen Gewinden und Verwendungsarten<\/h3>\n<p>Der Askar 80PHQ ist so konzipiert, dass er mit seinen vielf\u00e4ltigen Optionen f\u00fcr das hintere Gewinde zu einer Vielzahl von Konfigurationen passt :<\/p>\n<ul>\n<li>Verf\u00fcgbare hintere Gewinde :\n<ul>\n<li>M76\u00d71-M68\u00d71<\/li>\n<li>M68\u00d71-M54\u00d70.75<\/li>\n<li>M54\u00d70.75-M54\u00d70.75<\/li>\n<li>M54\u00d70.75-M48\u00d70.75 (mit internem Filtergewinde M48\u00d70.75)<\/li>\n<\/ul>\n<\/li>\n<\/ul>\n<p>Back Focus Entfernungen je nach Verwendungsmodus :<\/p>\n<ul>\n<li><strong>Bildgebungsmodus :<\/strong>\n<ul>\n<li>115 mm (ab Au\u00dfengewinde M48\u00d70.75)<\/li>\n<li>135 mm (ab Au\u00dfengewinde M54\u00d70.75)<\/li>\n<li>155 mm (ab M68\u00d71 Au\u00dfengewinde)<\/li>\n<li>168.5 mm (ab M76\u00d71 Au\u00dfengewinde)<\/li>\n<\/ul>\n<\/li>\n<li><strong>Beobachtungsmodus :<\/strong>\n<ul>\n<li>148 mm (von der Spitze des 2\"-Okularhalters)<\/li>\n<\/ul>\n<\/li>\n<\/ul>\n<h3>Praktisches und \u00e4sthetisches Design<\/h3>\n<p>Der Askar 80PHQ Astrograf zeichnet sich durch seine elfenbeinfarbene Oberfl\u00e4che aus, die eine angenehme Haptik und ein modernes Aussehen bietet. Seine leicht strukturierte Oberfl\u00e4che erh\u00f6ht die Griffigkeit und verhindert, dass das Teleskop verrutscht. CNC-gefr\u00e4ste Aluminiumtubusringe im Clamshell-Stil halten die Optik sicher fest. Die gr\u00fcne Farbe der Kappen, Griffe, Feststellschrauben und anderer Details verleiht dem Instrument einen Hauch von Lebendigkeit und erinnert an die ikonische \u00c4sthetik der PHQ-Serie.<\/p>\n<p>F\u00fcr den Komfort des Benutzers verf\u00fcgt das 80PHQ \u00fcber einen robusten 3-Zoll-Zahnstangen-Okularhalter mit einer 1:10-Pr\u00e4zisionsverstellung f\u00fcr eine reibungslose und \u00e4u\u00dferst pr\u00e4zise Fokuseinstellung.<\/p>\n<h3>Abmessungen und Einrichtungsoptionen<\/h3>\n<ul>\n<li>Gesamtl\u00e4nge :\n<ul>\n<li>450 mm (mit 1,25\"-Okularhalter und eingezogenem Beschlagschutz)<\/li>\n<li>540 mm (mit 1,25\"-Okularhalter und erweitertem Beschlagschutz)<\/li>\n<li>480 mm (mit 4-teiligem Adapter und eingezogenem Windschutz)<\/li>\n<li>570 mm (mit 4-teiligem Adapter und erweitertem Windschutz)<\/li>\n<\/ul>\n<\/li>\n<\/ul>\n<h3>Funktionen, die f\u00fcr Astrofotografen gedacht sind<\/h3>\n<ul>\n<li>Einziehbarer Beschlagschutz: f\u00fcr optimalen Schutz und einfaches Verstauen.<\/li>\n<li>300-mm-Schwalbenschwanzplatte: F\u00fcr eine stabile und vielseitige Befestigung an verschiedenen Montagen.<\/li>\n<li>Multifunktionaler Griff: erleichtert den Transport und die Handhabung.<\/li>\n<li>3-Zoll-Zahnstangen-Okularhalter: mit pr\u00e4ziser Fokuseinstellung im Verh\u00e4ltnis 1:10 f\u00fcr hohe Genauigkeit.<\/li>\n<\/ul>\n<h3>Warum sollten Sie sich f\u00fcr den Askar 80PHQ entscheiden?<\/h3>\n<p>Das Askar 80PHQ wurde entwickelt, um ein vereinfachtes Astrofotografie-Erlebnis zu bieten, ohne Abstriche bei der Qualit\u00e4t zu machen. Im Vergleich zum Modell 107PHQ (603 mm L\u00e4nge bei 5,7 kg) ist das 80PHQ mit einer L\u00e4nge von 448 mm und einem Gewicht von nur 4,7 kg kompakter. Es ist daher ideal f\u00fcr diejenigen, die ein leichtes, tragbares Teleskop suchen, das gleichzeitig eine hervorragende Bildqualit\u00e4t und ein flaches Feld ohne komplizierte Back-Focus-Berechnung bietet.<\/p>\n<p>Erkunden Sie das Universum mit dem Askar 80PHQ - die perfekte Verschmelzung von Pr\u00e4zision, Flexibilit\u00e4t und Design. Jetzt erh\u00e4ltlich bei Deep Space Astronomy!<\/p>","protected":false},"excerpt":{"rendered":"<p>L\u2019Astrographe Askar 80PHQ D\u00e9couvrez l\u2019astrographe Askar 80PHQ, un instrument de pointe de la famille PHQ, con\u00e7u pour les astrophotographes exigeants qui recherchent qualit\u00e9, performance, et simplicit\u00e9 d\u2019utilisation. Avec sa conception optique avanc\u00e9e et son design raffin\u00e9, l\u2019Askar 80PHQ est l\u2019outil id\u00e9al pour capturer les merveilles du ciel profond avec une pr\u00e9cision in\u00e9gal\u00e9e. Une Conception Optique [&hellip;]<\/p>\n","protected":false},"featured_media":2923,"comment_status":"open","ping_status":"closed","template":"","meta":[],"product_brand":[382],"product_cat":[833,384,755],"product_tag":[],"class_list":{"0":"post-2926","1":"product","2":"type-product","3":"status-publish","4":"has-post-thumbnail","6":"product_brand-askar","7":"product_cat-en-stock","8":"product_cat-lunettes_refracteurs","9":"product_cat-lunettes-apochromatiques","11":"first","12":"instock","13":"sale","14":"taxable","15":"shipping-taxable","16":"purchasable","17":"product-type-simple"},"_links":{"self":[{"href":"https:\/\/deep-space-astronomy.ch\/de\/wp-json\/wp\/v2\/product\/2926","targetHints":{"allow":["GET"]}}],"collection":[{"href":"https:\/\/deep-space-astronomy.ch\/de\/wp-json\/wp\/v2\/product"}],"about":[{"href":"https:\/\/deep-space-astronomy.ch\/de\/wp-json\/wp\/v2\/types\/product"}],"replies":[{"embeddable":true,"href":"https:\/\/deep-space-astronomy.ch\/de\/wp-json\/wp\/v2\/comments?post=2926"}],"wp:featuredmedia":[{"embeddable":true,"href":"https:\/\/deep-space-astronomy.ch\/de\/wp-json\/wp\/v2\/media\/2923"}],"wp:attachment":[{"href":"https:\/\/deep-space-astronomy.ch\/de\/wp-json\/wp\/v2\/media?parent=2926"}],"wp:term":[{"taxonomy":"product_brand","embeddable":true,"href":"https:\/\/deep-space-astronomy.ch\/de\/wp-json\/wp\/v2\/product_brand?post=2926"},{"taxonomy":"product_cat","embeddable":true,"href":"https:\/\/deep-space-astronomy.ch\/de\/wp-json\/wp\/v2\/product_cat?post=2926"},{"taxonomy":"product_tag","embeddable":true,"href":"https:\/\/deep-space-astronomy.ch\/de\/wp-json\/wp\/v2\/product_tag?post=2926"}],"curies":[{"name":"wp","href":"https:\/\/api.w.org\/{rel}","templated":true}]}}