{"id":2931,"date":"2025-03-06T16:36:18","date_gmt":"2025-03-06T15:36:18","guid":{"rendered":"https:\/\/deep-space-astronomy.geekworkers.dev\/produit\/107phq\/"},"modified":"2025-09-09T14:28:25","modified_gmt":"2025-09-09T12:28:25","slug":"107phq","status":"publish","type":"product","link":"https:\/\/deep-space-astronomy.ch\/de\/produkt\/107phq\/","title":{"rendered":"Apochromatische L\u00fcnette Askar 107PHQ"},"content":{"rendered":"<h3 style=\"text-align: center;\">107PHQ - Ein Hochleistungs-Astrograf<\/h3>\n<p>Der 107PHQ ist Askars erster Flatfield-Astrograph mit langem Brennweitenverh\u00e4ltnis. Er wurde entwickelt, um die Astrofotografie zu vereinfachen, und eignet sich sowohl f\u00fcr Anf\u00e4nger als auch f\u00fcr erfahrene Enthusiasten. Dieses Instrument bietet ein praktisches und elegantes Design und ben\u00f6tigt keine zus\u00e4tzliche Feldkorrektur, um perfekte Bilder zu erhalten.<\/p>\n<p>Dies ist ein au\u00dfergew\u00f6hnliches, systematisches Fernrohr, das mit den sch\u00f6nsten Fotos, die man im Internet findet, in Verbindung gebracht wird:<\/p>\n<p><img decoding=\"async\" src=\"https:\/\/omo-oss-image.thefastimg.com\/portal-saas\/pg2024111409483993253\/cms\/image\/6b5082c3-08d4-444e-b4e2-d34c8efa2397.jpg\" alt=\"\u957f\u53cb\u6c14\u4f53\" \/><\/p>\n<h3>Ein vielseitiges und auf Exzellenz ausgelegtes Design<\/h3>\n<p>Das 107PHQ von Askar ist so konzipiert, dass es sich f\u00fcr alle Situationen der astronomischen Beobachtung und Fotografie eignet. Dieses f\/7-Modell verf\u00fcgt \u00fcber vier Linsen, zwei davon aus ED-Glas, die eine optimale Reduzierung der chromatischen Aberration erm\u00f6glichen. Es garantiert eine au\u00dfergew\u00f6hnliche Farbkorrektur selbst bei einer Vergr\u00f6\u00dferung von bis zu 300x bei der visuellen Beobachtung.<\/p>\n<p>Die eingebaute Flatfield-Linse ist ein gro\u00dfer Vorteil, der es der 107PHQ erm\u00f6glicht, 44 mm gro\u00dfe Vollbildaufnahmen mit einem flachen Feld zu machen. Dank eines zentralen RMS-Radius von nur 3\u03bcm werden selbst die anspruchsvollsten Nutzer mit scharfen Sternen zufrieden sein, ohne Verzerrungen oder Vignettierungen, selbst in den Ecken.<\/p>\n<h3>Vereinfachte Bedienung - keine Feldkorrektur erforderlich<\/h3>\n<p>Mit dem 107PHQ k\u00f6nnen Sie auf komplizierte Back-Focus-Berechnungen und l\u00e4stige Verbindungsschritte verzichten. Sie k\u00f6nnen sie mit jedem beliebigen Bildgebungsger\u00e4t ausstatten, fokussieren und scharfe Bilder erhalten, ohne dass Sie zus\u00e4tzliches Zubeh\u00f6r ben\u00f6tigen. Das macht es zu einer perfekten Wahl f\u00fcr Anf\u00e4nger und erfahrene Astrofotografen.<\/p>\n<h3>Erstaunliche Leistungen bei der Bildgebung und Beobachtung<\/h3>\n<p>Mit einer \u00d6ffnung von 107 mm und einer Brennweite von 749 mm ist die 107PHQ in der Lage, die feinsten Details Ihrer Ziele einzufangen, egal ob es sich um kleine Sterne oder Planeten handelt. Im Abbildungsmodus ist sie mit verschiedenen Zubeh\u00f6rteilen kompatibel und bietet Fokussierungsentfernungen von :<\/p>\n<ul>\n<li>79 mm (von der Gewindebasis M48x0.75)<\/li>\n<li>99 mm (von der Gewindebasis M54x0.75)<\/li>\n<li>119 mm (von der Basis des M68x1-Gewindes)<\/li>\n<li>149 mm (von der Basis des M86x1-Gewindes)<\/li>\n<\/ul>\n<p>Im Beobachtungsmodus betr\u00e4gt der Fokus 120 mm vom Ende des 2\"-Visualbacks.<\/p>\n<h3>Ma\u00dfe und Gewicht<\/h3>\n<ul>\n<li>Gesamtl\u00e4nge: 603 mm (mit kontrahiertem Windschutz) bis 754 mm (mit ausgefahrenem Windschutz)<\/li>\n<li>Gewicht des OTA: 5,7 kg<\/li>\n<li>Gesamtgewicht (einschlie\u00dflich der Rohrringe und des Schwalbenschwanzes): 6,9 kg<\/li>\n<\/ul>\n<h3>Technische Eigenschaften<\/h3>\n<ul>\n<li>\u00d6ffnung: 107 mm<\/li>\n<li>Brennweite: 749 mm<\/li>\n<li>Design: Luftbetriebenes Vierfach-APO, optimiert f\u00fcr die Astrofotografie<\/li>\n<li>Bildgebungsmedium: Vollbild (44 mm), flaches Feld<\/li>\n<li>Mittlerer RMS-Radius: 3 \u03bcm<\/li>\n<li>Focuser: 3,4\"-Zahnstange mit 1:10-Feineinstellung, belastbar bis 8 kg<\/li>\n<li>Enthaltene Adapter: Verschiedene Adapter f\u00fcr das hintere Gewinde\n<ul>\n<li>M86x1 bis M68x1<\/li>\n<li>M68x1 bis M54x0.75<\/li>\n<li>M54x0.75 bis M52x0.75<\/li>\n<li>M52x0.75 bis M48x0.75 mit Filtergewinde M48x0.75<\/li>\n<\/ul>\n<\/li>\n<li>Zus\u00e4tzliches Zubeh\u00f6r: Optionales 0,7-faches Reduzierst\u00fcck<\/li>\n<\/ul>\n<h3>Inhalt des Pakets<\/h3>\n<ul>\n<li>Optische R\u00f6hre 107PHQ (OTA)<\/li>\n<li>Paar Rohrringe<\/li>\n<li>Multifunktionaler Griff<\/li>\n<li>300 mm Vixen-Schwalbenschwanz<\/li>\n<li>Satz von vier fotografischen Adaptern M86-M48<\/li>\n<li>Einziehbarer Nebelf\u00e4nger<\/li>\n<li>Hochwertiger Aluminiumkoffer<\/li>\n<li>Benutzerhandbuch<\/li>\n<\/ul>\n<h3>Schl\u00fcsselvorteile<\/h3>\n<ul>\n<li>Vierfaches APO-Design, optimiert f\u00fcr die Astrofotografie<\/li>\n<li>Vollbildhalter mit flachem Feld<\/li>\n<li>Au\u00dfergew\u00f6hnliche Vignettierungskontrolle<\/li>\n<li>Keine Back-Focus-Berechnung n\u00f6tig<\/li>\n<li>Keine zus\u00e4tzliche Feldkorrektur n\u00f6tig<\/li>\n<\/ul>\n<h3>Warum sollten Sie sich f\u00fcr Askars 107PHQ entscheiden?<\/h3>\n<p>Die 107PHQ von Askar wurde sowohl f\u00fcr Amateure als auch f\u00fcr Experten entwickelt und bietet ein einfaches und stressfreies Astrofotografie-Erlebnis. Ob Sie nun an visueller Beobachtung oder an der Aufnahme von hochaufl\u00f6senden Bildern interessiert sind, dieser Astrograf wird Ihre Erwartungen mit einer au\u00dfergew\u00f6hnlichen Bildqualit\u00e4t, Benutzerfreundlichkeit und Vielseitigkeit erf\u00fcllen.<\/p>","protected":false},"excerpt":{"rendered":"<p>Angebot mit begrenzter Dauer! Nutzen Sie es, bevor der Vorrat zur Neige geht<\/p>","protected":false},"featured_media":1228,"comment_status":"open","ping_status":"closed","template":"","meta":[],"product_brand":[382],"product_cat":[384,755],"product_tag":[],"class_list":{"0":"post-2931","1":"product","2":"type-product","3":"status-publish","4":"has-post-thumbnail","6":"product_brand-askar","7":"product_cat-lunettes_refracteurs","8":"product_cat-lunettes-apochromatiques","10":"first","11":"on_supplier","12":"taxable","13":"shipping-taxable","14":"purchasable","15":"product-type-simple"},"_links":{"self":[{"href":"https:\/\/deep-space-astronomy.ch\/de\/wp-json\/wp\/v2\/product\/2931","targetHints":{"allow":["GET"]}}],"collection":[{"href":"https:\/\/deep-space-astronomy.ch\/de\/wp-json\/wp\/v2\/product"}],"about":[{"href":"https:\/\/deep-space-astronomy.ch\/de\/wp-json\/wp\/v2\/types\/product"}],"replies":[{"embeddable":true,"href":"https:\/\/deep-space-astronomy.ch\/de\/wp-json\/wp\/v2\/comments?post=2931"}],"wp:featuredmedia":[{"embeddable":true,"href":"https:\/\/deep-space-astronomy.ch\/de\/wp-json\/wp\/v2\/media\/1228"}],"wp:attachment":[{"href":"https:\/\/deep-space-astronomy.ch\/de\/wp-json\/wp\/v2\/media?parent=2931"}],"wp:term":[{"taxonomy":"product_brand","embeddable":true,"href":"https:\/\/deep-space-astronomy.ch\/de\/wp-json\/wp\/v2\/product_brand?post=2931"},{"taxonomy":"product_cat","embeddable":true,"href":"https:\/\/deep-space-astronomy.ch\/de\/wp-json\/wp\/v2\/product_cat?post=2931"},{"taxonomy":"product_tag","embeddable":true,"href":"https:\/\/deep-space-astronomy.ch\/de\/wp-json\/wp\/v2\/product_tag?post=2931"}],"curies":[{"name":"wp","href":"https:\/\/api.w.org\/{rel}","templated":true}]}}