{"id":2936,"date":"2025-03-06T16:37:02","date_gmt":"2025-03-06T15:37:02","guid":{"rendered":"https:\/\/deep-space-astronomy.geekworkers.dev\/produit\/130phq\/"},"modified":"2025-07-07T17:45:14","modified_gmt":"2025-07-07T15:45:14","slug":"130phq","status":"publish","type":"product","link":"https:\/\/deep-space-astronomy.ch\/de\/produkt\/130phq\/","title":{"rendered":"Apochromatische L\u00fcnette Askar 130PHQ"},"content":{"rendered":"<h3>Entdecken Sie den 130PHQ: der ideale Astrograf mit langer Brennweite f\u00fcr die Astrofotografie<\/h3>\n<p>\nDer 130PHQ ist ein langbrennweitiger Astrograf mit flachem Bildfeld, der entwickelt wurde, um die Erfahrung von Astrofotografen zu vereinfachen und gleichzeitig eine hervorragende Bildqualit\u00e4t zu liefern. Sie brauchen keine zus\u00e4tzlichen Feldkorrekturen mehr zu kaufen oder Zeit mit der Berechnung des Backfokus und der Anpassung komplexer Verbindungen zu verbringen: Das 130PHQ ist bereit f\u00fcr die Verwendung mit jeder Art von Bildgebungsger\u00e4t, sodass das Ziel immer gestochen scharf bleibt. Dieses revolution\u00e4re Teleskop macht die Aufnahme von Himmelsbildern zug\u00e4nglich und kompromisslos.\n<\/p>\n<h3>Technische Daten von 130PHQ<\/h3>\n<ul>\n<li><strong>Blende und Brennweite :<\/strong> Mit einem \u00d6ffnungsdurchmesser von 130 mm bietet das 130PHQ eine Brennweite von 1000 mm, was einem Brennweitenverh\u00e4ltnis von 1:7,7 entspricht - perfekt, um pr\u00e4zise Details am Nachthimmel einzufangen.<\/li>\n<li><strong>Quadruplet optisches System mit ED-Linsen :<\/strong> Mit einem APO-Vierfachobjektiv (mit zwei ED-Glas-Linsen) ausgestattet, hat die 130PHQ chromatische Aberrationen und andere optische Verzerrungen perfekt unter Kontrolle. Sein selbstheilendes Design sorgt f\u00fcr scharfe und gleichm\u00e4\u00dfige Bilder \u00fcber das gesamte Sichtfeld.<\/li>\n<li><strong>60 mm Bildkreis :<\/strong> Der 60-mm-Bildkreis wurde f\u00fcr mittlere Sensoren entwickelt und bietet h\u00f6chste Pr\u00e4zision mit minimaler Verzerrung der Randsterne und einem zentralen RMS-Radius von weniger als 2 Mikrometern.<\/li>\n<li><strong>Feldreduzierer (optional) :<\/strong> In Verbindung mit dem 0,7-fachen 3\"-Vorsatzlinsensystem erreicht das 130PHQ eine Brennweite von 1:5,4, wodurch sich die Brennweite auf 700 mm verringert und k\u00fcrzere Belichtungszeiten m\u00f6glich sind.<\/li>\n<\/ul>\n<h3>Konstruktion und Zubeh\u00f6r Inklusive<\/h3>\n<ul>\n<li><strong>Hochwertiges Design :<\/strong> Der 130PHQ ist CNC-gefertigt, mit einem hochwertig lackierten Rohr und attraktiven \u00e4sthetischen Finishs. Die ausziehbare Sonnenblende und die dekorativen Teile sorgen f\u00fcr einen Hauch von Raffinesse.<\/li>\n<li><strong>3.4\" Rigid Focuser :<\/strong> Ausgestattet mit M68-, M54- und M48-Adaptern sowie einer Sucherbasis sorgt dieser Fokussierer in Industriequalit\u00e4t f\u00fcr optimale Stabilit\u00e4t und Genauigkeit.<\/li>\n<li><strong>Multifunktionaler Griff :<\/strong> Der Griff ist mit einem zentralen Schlitz f\u00fcr eine M6-Schraube ausgestattet, wodurch flexible und praktische Konfigurationen m\u00f6glich sind. Das 130PHQ beinhaltet au\u00dferdem eine Losmandy-Standard-Schwalbenschwanzplatte und robuste Doppelringe f\u00fcr einen stabilen Einsatz, sei es zur Beobachtung oder zur Bildgebung.<\/li>\n<\/ul>\n<h3>Technische Spezifikationen<\/h3>\n<ul>\n<li>\u00d6ffnung: 130 mm<\/li>\n<li>Brennweite: 1000 mm<\/li>\n<li>Brennweite: f\/7.7<\/li>\n<li>Objektivlinsen: APO-Quadruplet (mit zwei ED-Linsen)<\/li>\n<li>Bildkreis: 60 mm<\/li>\n<li>Gewicht der optischen R\u00f6hre: 10,5 kg<\/li>\n<li>Gesamtgewicht (mit Ringen und Platte): 12,5 kg<\/li>\n<li>Gewindearten auf der hinteren Ebene: M86\u00d71-M68\u00d71, M68\u00d71-M54\u00d70.75, M54\u00d70.75-M48\u00d70.75<\/li>\n<li>\n    Gesamtl\u00e4nge :<\/p>\n<ul>\n<li>842,5 mm (mit 1,25-Zoll-Okularhalter und kontrahierter Gegenlichtblende)<\/li>\n<li>889,5 mm (mit 1,25-Zoll-Okularhalter und ausgeklappter Gegenlichtblende)<\/li>\n<li>1011,5 mm (mit 4-teiligem Adapter und kontrahierter Sonnenblende)<\/li>\n<li>1061,5 mm (mit 4-teiligem Adapter und ausgeklappter Sonnenblende)<\/li>\n<\/ul>\n<\/li>\n<li>Inhalt des Standardpakets: Optischer Tubus 130PHQ, ein Paar Tubusringe, Griff, Losmandy-Platte 300 mm, 4-teilige fotografische Adapter, Handbuch.<\/li>\n<\/ul>\n<h3>In K\u00fcrze - Zusammenfassung der wichtigsten Merkmale<\/h3>\n<ul>\n<li>130 mm Blende und 1000 mm Brennweite f\u00fcr ein klares und detailreiches Bild<\/li>\n<li>APO-Quadrupel mit ED-Linsen zur Minimierung von chromatischen Aberrationen<\/li>\n<li>60 mm Bildkreis geeignet f\u00fcr mittelgro\u00dfe Sensoren<\/li>\n<li>Optionaler 0,7-facher 3\"-Vorsatzlinsenreduzierer f\u00fcr eine verk\u00fcrzte Brennweite von 700 mm und ein Brennweitenverh\u00e4ltnis von 1:5,4<\/li>\n<li>CNC-gefertigtes Rohr, starrer 3,4-Zoll-Fokussierer und ausziehbare Sonnenblende f\u00fcr den dauerhaften, professionellen Einsatz<\/li>\n<\/ul>\n<h3>Schlussfolgerung<\/h3>\n<p>\nDas 130PHQ ist das ideale Instrument f\u00fcr Astrofotografen, die auf der Suche nach einfacher Bedienung, optischer Leistung und Vielseitigkeit sind. Verwandeln Sie Ihre Leidenschaft f\u00fcr die Astronomie in au\u00dfergew\u00f6hnliche Bilder mit dem 130PHQ!<\/p>","protected":false},"excerpt":{"rendered":"<p>D\u00e9couvrez le 130PHQ : l\u2019astrographe longue focale id\u00e9al pour l\u2019astrophotographie Le 130PHQ est un astrographe \u00e0 longue focale et \u00e0 champ plat, con\u00e7u pour simplifier l\u2019exp\u00e9rience des astrophotographes tout en offrant une qualit\u00e9 d\u2019image exceptionnelle. Plus besoin d\u2019acheter des correcteurs de champ suppl\u00e9mentaires ou de passer du temps \u00e0 calculer le backfocus et \u00e0 ajuster [&hellip;]<\/p>\n","protected":false},"featured_media":2934,"comment_status":"open","ping_status":"closed","template":"","meta":[],"product_brand":[382],"product_cat":[384,755],"product_tag":[],"class_list":{"0":"post-2936","1":"product","2":"type-product","3":"status-publish","4":"has-post-thumbnail","6":"product_brand-askar","7":"product_cat-lunettes_refracteurs","8":"product_cat-lunettes-apochromatiques","10":"first","11":"on_supplier","12":"taxable","13":"shipping-taxable","14":"purchasable","15":"product-type-simple"},"_links":{"self":[{"href":"https:\/\/deep-space-astronomy.ch\/de\/wp-json\/wp\/v2\/product\/2936","targetHints":{"allow":["GET"]}}],"collection":[{"href":"https:\/\/deep-space-astronomy.ch\/de\/wp-json\/wp\/v2\/product"}],"about":[{"href":"https:\/\/deep-space-astronomy.ch\/de\/wp-json\/wp\/v2\/types\/product"}],"replies":[{"embeddable":true,"href":"https:\/\/deep-space-astronomy.ch\/de\/wp-json\/wp\/v2\/comments?post=2936"}],"wp:featuredmedia":[{"embeddable":true,"href":"https:\/\/deep-space-astronomy.ch\/de\/wp-json\/wp\/v2\/media\/2934"}],"wp:attachment":[{"href":"https:\/\/deep-space-astronomy.ch\/de\/wp-json\/wp\/v2\/media?parent=2936"}],"wp:term":[{"taxonomy":"product_brand","embeddable":true,"href":"https:\/\/deep-space-astronomy.ch\/de\/wp-json\/wp\/v2\/product_brand?post=2936"},{"taxonomy":"product_cat","embeddable":true,"href":"https:\/\/deep-space-astronomy.ch\/de\/wp-json\/wp\/v2\/product_cat?post=2936"},{"taxonomy":"product_tag","embeddable":true,"href":"https:\/\/deep-space-astronomy.ch\/de\/wp-json\/wp\/v2\/product_tag?post=2936"}],"curies":[{"name":"wp","href":"https:\/\/api.w.org\/{rel}","templated":true}]}}