{"id":2937,"date":"2025-03-06T16:37:27","date_gmt":"2025-03-06T15:37:27","guid":{"rendered":"https:\/\/deep-space-astronomy.geekworkers.dev\/produit\/151phq\/"},"modified":"2025-06-03T10:38:41","modified_gmt":"2025-06-03T08:38:41","slug":"151phq","status":"publish","type":"product","link":"https:\/\/deep-space-astronomy.ch\/de\/produkt\/151phq\/","title":{"rendered":"Apochromatische L\u00fcnette Askar 151PHQ"},"content":{"rendered":"<h3>Astrografisches Teleskop Askar 151PHQ<\/h3>\n<p>Das Askar 151PHQ ist der Standard unter den langbrennweitigen Astrografen und wurde speziell f\u00fcr leidenschaftliche und anspruchsvolle Astrofotografen entwickelt. Mit seinem einzigartigen Design zeichnet sich dieses Teleskop durch sein integriertes Flachfeld aus, das die Notwendigkeit f\u00fcr zus\u00e4tzliches Zubeh\u00f6r wie Feldkorrekturen oder Backfocus-Rechner \u00fcberfl\u00fcssig macht. Vereinfachen Sie Ihre Ausr\u00fcstung und erhalten Sie gleichzeitig Bilder von bemerkenswerter Qualit\u00e4t, die bereit f\u00fcr die Astrofotografie sind.<\/p>\n<h3>Warum sollten Sie sich f\u00fcr den Askar 151PHQ entscheiden?<\/h3>\n<p>Mit einer \u00d6ffnung von 151mm und einer Brennweite von 1057mm bei einem \u00d6ffnungsverh\u00e4ltnis von f\/7 ist der 151PHQ einer der gr\u00f6\u00dften und leistungsst\u00e4rksten Refraktoren der Askar-Reihe. Es verf\u00fcgt \u00fcber eine Vierfachlinse mit zwei ED-Glaselementen, die eine hervorragende Korrektur chromatischer Aberrationen und eine minimale Verzerrung der Sterne am Rand des Bildfeldes garantiert. Das 60-mm-Feld erm\u00f6glicht die Aufnahme gestochen scharfer Bilder, selbst auf gro\u00dfen Sensoren, mit einem zentralen RMS-Radius von weniger als 2 Mikrometern f\u00fcr eine un\u00fcbertroffene Genauigkeit.<\/p>\n<h3>Schwerpunkte<\/h3>\n<ul>\n<li><strong>Einfache Nutzung :<\/strong> Dank des Designs mit integriertem Flachfeld m\u00fcssen Sie weder die Entfernung zum Backfocus berechnen noch komplizierte Verbindungen herstellen. Schlie\u00dfen Sie einfach Ihre Aufnahmeausr\u00fcstung an und genie\u00dfen Sie das optimierte optische System f\u00fcr pr\u00e4zise Aufnahmen ohne zus\u00e4tzliche Anpassungen.<\/li>\n<li><strong>Optische Qualit\u00e4t :<\/strong> Die ED-Glaselemente sorgen f\u00fcr eine hohe Lichtdurchl\u00e4ssigkeit und eine hervorragende Kontrolle von Aberrationen und liefern so helle, artefaktfreie Bilder.<\/li>\n<li><strong>Vielseitigkeit :<\/strong> Der 3,4\"-R&amp;P-Fokussierer mit mehreren Adaptern (M68\/M54\/M48), 360\u00b0-Rotator und Sucherbasis erm\u00f6glicht flexible Konfigurationen. In Verbindung mit einem 3\"-Feldreduzierer mit 0,7\u00d7 erreicht die 151PHQ ein Brennweitenverh\u00e4ltnis von 1:4,9 und eine verk\u00fcrzte Brennweite von 740 mm - ideal, um die Belichtungszeit zu verk\u00fcrzen.<\/li>\n<li><strong>Robustheit und Design :<\/strong> Der 151PHQ ist aus hochwertigem CNC-Aluminium gefertigt und ist sowohl ein Pr\u00e4zisionswerkzeug als auch ein sch\u00f6nes Objekt. Sein steifes, widerstandsf\u00e4higes Rohr wird durch einen ausziehbaren Beschlagschutz und ein geschmackvolles Design erg\u00e4nzt.<\/li>\n<\/ul>\n<h3>Technische Spezifikationen Schl\u00fcssel<\/h3>\n<ul>\n<li>\u00d6ffnung: 151mm<\/li>\n<li>Brennweite: 1057mm (mit einem Reduzierst\u00fcck auf 740mm verkleinerbar)<\/li>\n<li>Brennweitenverh\u00e4ltnis: 1:7 (1:4,9 mit Untersetzungsgetriebe)<\/li>\n<li>Linse: APO-Quadruplet mit zwei ED-Elementen<\/li>\n<li>Durchmesser des Bildkreises: 60mm<\/li>\n<li>Gesamtl\u00e4nge :\n<ul>\n<li>Beobachtungsmodus: 930,3mm (eingezogener Nebelf\u00e4nger) bis 1117,8mm (gestreckter Nebelf\u00e4nger)<\/li>\n<li>Bildmodus: 976,8 mm (eingezogener Nebelf\u00e4nger) bis 1164,3 mm (ausgezogener Nebelf\u00e4nger)<\/li>\n<\/ul>\n<\/li>\n<li>Gewicht (OTA): 11,6kg<\/li>\n<li>Gesamtgewicht (mit Ringen und Losmandy-Platte): 13,7kg<\/li>\n<li>Gewindetyp auf der R\u00fcckseite: Mehrere Optionen (M86, M68, M54, M48)<\/li>\n<li>Fotografischer Endadapter: M48\u00d70,75<\/li>\n<li>Standardzubeh\u00f6r: OTA-R\u00f6hre 151PHQ, Ringpaar, Handgriff, 300mm Losmandy-Platte, fotografische Adapter, Aluminiumgeh\u00e4use, Handbuch.<\/li>\n<\/ul>\n<h3>Was Sie bekommen<\/h3>\n<ul>\n<li>Askar 151PHQ OTA-R\u00f6hrchen mit hoher Pr\u00e4zision<\/li>\n<li>Ringpaar f\u00fcr eine sichere und stabile Befestigung<\/li>\n<li>Multifunktionsgriff mit Schlitz f\u00fcr M6-Schrauben<\/li>\n<li>300mm Losmandy-Platte f\u00fcr optimale Kompatibilit\u00e4t mit Brillengestellen<\/li>\n<li>Fotografische Adapter (4 St\u00fcck) f\u00fcr maximale Flexibilit\u00e4t<\/li>\n<li>Aluminiumgeh\u00e4use f\u00fcr einen sicheren Transport<\/li>\n<li>Ausf\u00fchrliches Benutzerhandbuch f\u00fcr einen leichten Einstieg<\/li>\n<\/ul>","protected":false},"excerpt":{"rendered":"<p>T\u00e9lescope Astrographique Askar 151PHQ L&rsquo;Askar 151PHQ est la r\u00e9f\u00e9rence des astrographes \u00e0 focale longue, sp\u00e9cialement con\u00e7u pour les astrophotographes passionn\u00e9s et exigeants. Avec sa conception unique, ce t\u00e9lescope se distingue par son champ plat int\u00e9gr\u00e9, qui \u00e9limine le besoin d\u2019accessoires suppl\u00e9mentaires tels que les correcteurs de champ ou calculateurs de backfocus. Simplifiez votre \u00e9quipement tout [&hellip;]<\/p>\n","protected":false},"featured_media":6753,"comment_status":"open","ping_status":"closed","template":"","meta":[],"product_brand":[382],"product_cat":[384,755],"product_tag":[],"class_list":{"0":"post-2937","1":"product","2":"type-product","3":"status-publish","4":"has-post-thumbnail","6":"product_brand-askar","7":"product_cat-lunettes_refracteurs","8":"product_cat-lunettes-apochromatiques","10":"first","11":"on_supplier","12":"taxable","13":"shipping-taxable","14":"purchasable","15":"product-type-simple"},"_links":{"self":[{"href":"https:\/\/deep-space-astronomy.ch\/de\/wp-json\/wp\/v2\/product\/2937","targetHints":{"allow":["GET"]}}],"collection":[{"href":"https:\/\/deep-space-astronomy.ch\/de\/wp-json\/wp\/v2\/product"}],"about":[{"href":"https:\/\/deep-space-astronomy.ch\/de\/wp-json\/wp\/v2\/types\/product"}],"replies":[{"embeddable":true,"href":"https:\/\/deep-space-astronomy.ch\/de\/wp-json\/wp\/v2\/comments?post=2937"}],"wp:featuredmedia":[{"embeddable":true,"href":"https:\/\/deep-space-astronomy.ch\/de\/wp-json\/wp\/v2\/media\/6753"}],"wp:attachment":[{"href":"https:\/\/deep-space-astronomy.ch\/de\/wp-json\/wp\/v2\/media?parent=2937"}],"wp:term":[{"taxonomy":"product_brand","embeddable":true,"href":"https:\/\/deep-space-astronomy.ch\/de\/wp-json\/wp\/v2\/product_brand?post=2937"},{"taxonomy":"product_cat","embeddable":true,"href":"https:\/\/deep-space-astronomy.ch\/de\/wp-json\/wp\/v2\/product_cat?post=2937"},{"taxonomy":"product_tag","embeddable":true,"href":"https:\/\/deep-space-astronomy.ch\/de\/wp-json\/wp\/v2\/product_tag?post=2937"}],"curies":[{"name":"wp","href":"https:\/\/api.w.org\/{rel}","templated":true}]}}