{"id":2942,"date":"2025-03-06T16:38:09","date_gmt":"2025-03-06T15:38:09","guid":{"rendered":"https:\/\/deep-space-astronomy.geekworkers.dev\/produit\/fra300-pro\/"},"modified":"2025-07-10T17:26:38","modified_gmt":"2025-07-10T15:26:38","slug":"fra300-pro","status":"publish","type":"product","link":"https:\/\/deep-space-astronomy.ch\/de\/produkt\/fra300-pro\/","title":{"rendered":"Apochromatisches Fernrohr Askar FRA300 PRO"},"content":{"rendered":"<h3>Askar FRA300 Pro - Der neue Standard f\u00fcr kurzbrennweitige Astrographen<\/h3>\n<p>Seit ihrer Einf\u00fchrung haben die kurzbrennweitigen Astrographen der Askar FRA-Serie dank ihrer au\u00dfergew\u00f6hnlichen Qualit\u00e4t und Leistung viele Astronomie-Enthusiasten f\u00fcr sich gewonnen. Heute ist Askar stolz darauf, den FRA300 Pro vorzustellen, den kleinsten Petzval-Astrografen der Serie mit einer \u00d6ffnung von 60 mm und einem ultrakurzen Brennweitenverh\u00e4ltnis von 1:5. Dieses Modell mit einer Brennweite von 300 mm zeichnet sich durch seine Kompaktheit und Bildqualit\u00e4t aus und macht es zur idealen Wahl f\u00fcr Feldfotografen und anspruchsvolle Astrofotografen.<\/p>\n<h3>Scharfe Bilder f\u00fcr leidenschaftliche Astronomen<\/h3>\n<p>Das Askar FRA300 Pro garantiert au\u00dfergew\u00f6hnlich scharfe Bilder. In der Mitte seines Bildfeldes erreicht der RMS-Radius eine Genauigkeit von 2 \u00b5m und sorgt so f\u00fcr perfekt definierte Sterne. Dank seines nativen Petzval-Designs bietet es einen Bildkreis von 44 mm, der ideal f\u00fcr Vollformat ist, und beh\u00e4lt eine hervorragende Reduzierung des Randlichts bei. Im Gegensatz zu herk\u00f6mmlichen Modellen entf\u00e4llt beim Astrographen FRA300 Pro die Notwendigkeit, den Backfokus zu berechnen: Die Sch\u00e4rfe bleibt in einem breiten Spektrum von Positionen optimal.<\/p>\n<h3>Ein fortschrittliches optisches Design<\/h3>\n<p>Die FRA300 Pro ist mit einem vollst\u00e4ndig luftspaltenden F\u00fcnffach-Objektiv ausgestattet, das eine ED-Glas-Linse enth\u00e4lt, um chromatische Aberrationen zu eliminieren und die Qualit\u00e4t der Sterne \u00fcber das gesamte Bildfeld zu verbessern. Dieses mehrschichtige optische System eliminiert effektiv Streulicht und sorgt so f\u00fcr sch\u00e4rfere und kontrastreichere Bilder. Die hintere Linsengruppe, die aus zwei voneinander beabstandeten refraktiven Elementen besteht, verbessert die Qualit\u00e4t der Sterne und steuert die Reduzierung des Randlichts auf au\u00dfergew\u00f6hnliche Weise.<\/p>\n<h3>Mechanisches Hochpr\u00e4zisionsdesign<\/h3>\n<p>Jede Komponente des Askar FRA300 Pro ist pr\u00e4zise CNC-gefr\u00e4st und verf\u00fcgt \u00fcber eine glatte, oxidationsbest\u00e4ndige Beschichtung, die das Produkt sowohl \u00e4sthetisch ansprechend als auch langlebig macht. Das Design der Schelle ist leicht und elegant und gew\u00e4hrleistet eine optimale Handhabung, ohne die Stabilit\u00e4t zu beeintr\u00e4chtigen. Dieses Modell ist au\u00dferdem mit einem 2,5-Zoll-Rack-and-Pinion-Okularhalter mit pr\u00e4ziser Fokussierung durch zweifach verstellbare Kn\u00f6pfe und einen Feineinstellungsknopf sowie einem M48x0,75-Universaladapter ausgestattet. F\u00fcr maximale Flexibilit\u00e4t enth\u00e4lt das Standardpaket M54x0.75- und M48x0.75-Adapter, die den Anschluss an eine Vielzahl von Bildgebungsger\u00e4ten vereinfachen.<\/p>\n<p>Der Okularhalter ist au\u00dferdem mit einem 360\u00b0-Rotator ausgestattet, sodass die Benutzer den Aufnahmewinkel leicht einstellen k\u00f6nnen, was den Komfort bei Bildsitzungen erh\u00f6ht.<\/p>\n<h3>Stabilit\u00e4t und Vielseitigkeit auf dem Feld<\/h3>\n<p>Der FRA300 Pro wird mit einem Multifunktionsgriff und einer 300-mm-Schwalbenschwanzplatte im Vixen-Stil geliefert, die sich ideal f\u00fcr die direkte Verbindung mit verschiedenen Montierungen und Zubeh\u00f6r eignet. Die 300-mm-Platte sorgt f\u00fcr eine perfekte Balance des Astrogaphen auf der Montierung, selbst bei schwerer Ausr\u00fcstung.<\/p>\n<h3>Technische Eigenschaften<\/h3>\n<ul>\n<li>\u00d6ffnung: 60 mm<\/li>\n<li>Brennweite: 300 mm<\/li>\n<li>Brennweitenverh\u00e4ltnis: f\/5<\/li>\n<li>Objektivtyp: Petzval APO-F\u00fcnffachobjektiv mit vollem Luftabstand (einschlie\u00dflich ED-Linse)<\/li>\n<li>Bildkreis: 44 mm (Vollformat)<\/li>\n<li>Gesamtl\u00e4nge: 303 mm<\/li>\n<li>Gewicht des OTA: 2,26 kg<\/li>\n<li>Gesamtgewicht (inkl. Halsband und Platte): 3,12 kg<\/li>\n<li>Hinteres Gewinde: M48x0.75<\/li>\n<\/ul>\n<h3>Im Standardpaket enthalten<\/h3>\n<ul>\n<li>Schelle<\/li>\n<li>Multifunktionsgriff<\/li>\n<li>300 mm Vixen-Schwalbenschwanzplatte<\/li>\n<li>Adapter M42*0.75<\/li>\n<li>Garantie und Handbuch<\/li>\n<\/ul>\n<h3>FRA300 Pro: Ihr Assistent in der Astrofotografie<\/h3>\n<p>Der FRA300 Pro ist viel mehr als nur ein Astrograf: Er ist Ihr idealer Partner, um unvergessliche Bilder des Nachthimmels einzufangen. Dieses Modell vereint optische Spitzenleistung, robustes Design und hohe Portabilit\u00e4t - und das alles zu einem Preis, der f\u00fcr Astronomiebegeisterte erschwinglich ist. Egal, ob Sie ein Amateur oder ein erfahrener Astrofotograf sind, das Askar FRA300 Pro wird all Ihre Erwartungen f\u00fcr professionelle astronomische Bildsitzungen erf\u00fcllen.<\/p>\n<p>Entdecken Sie noch heute den FRA300 Pro und steigern Sie Ihr Erlebnis bei der Himmelsbeobachtung mit un\u00fcbertroffener Qualit\u00e4t und Genauigkeit!<\/p>","protected":false},"excerpt":{"rendered":"<p>Askar FRA300 Pro \u2013 La Nouvelle R\u00e9f\u00e9rence des Astrographes \u00e0 Courte Focale Depuis leur lancement, les astrographes \u00e0 courte focale de la s\u00e9rie Askar FRA ont conquis de nombreux amateurs d\u2019astronomie gr\u00e2ce \u00e0 leur qualit\u00e9 et leur performance exceptionnelles. Aujourd\u2019hui, Askar est fier de pr\u00e9senter le FRA300 Pro, le plus petit astrographe Petzval de la [&hellip;]<\/p>\n","protected":false},"featured_media":2940,"comment_status":"open","ping_status":"closed","template":"","meta":[],"product_brand":[382],"product_cat":[384,755],"product_tag":[],"class_list":{"0":"post-2942","1":"product","2":"type-product","3":"status-publish","4":"has-post-thumbnail","6":"product_brand-askar","7":"product_cat-lunettes_refracteurs","8":"product_cat-lunettes-apochromatiques","10":"first","11":"onbackorder","12":"taxable","13":"shipping-taxable","14":"purchasable","15":"product-type-simple"},"_links":{"self":[{"href":"https:\/\/deep-space-astronomy.ch\/de\/wp-json\/wp\/v2\/product\/2942","targetHints":{"allow":["GET"]}}],"collection":[{"href":"https:\/\/deep-space-astronomy.ch\/de\/wp-json\/wp\/v2\/product"}],"about":[{"href":"https:\/\/deep-space-astronomy.ch\/de\/wp-json\/wp\/v2\/types\/product"}],"replies":[{"embeddable":true,"href":"https:\/\/deep-space-astronomy.ch\/de\/wp-json\/wp\/v2\/comments?post=2942"}],"wp:featuredmedia":[{"embeddable":true,"href":"https:\/\/deep-space-astronomy.ch\/de\/wp-json\/wp\/v2\/media\/2940"}],"wp:attachment":[{"href":"https:\/\/deep-space-astronomy.ch\/de\/wp-json\/wp\/v2\/media?parent=2942"}],"wp:term":[{"taxonomy":"product_brand","embeddable":true,"href":"https:\/\/deep-space-astronomy.ch\/de\/wp-json\/wp\/v2\/product_brand?post=2942"},{"taxonomy":"product_cat","embeddable":true,"href":"https:\/\/deep-space-astronomy.ch\/de\/wp-json\/wp\/v2\/product_cat?post=2942"},{"taxonomy":"product_tag","embeddable":true,"href":"https:\/\/deep-space-astronomy.ch\/de\/wp-json\/wp\/v2\/product_tag?post=2942"}],"curies":[{"name":"wp","href":"https:\/\/api.w.org\/{rel}","templated":true}]}}