{"id":2951,"date":"2025-03-06T16:39:50","date_gmt":"2025-03-06T15:39:50","guid":{"rendered":"https:\/\/deep-space-astronomy.geekworkers.dev\/produit\/fra600\/"},"modified":"2025-07-10T17:28:40","modified_gmt":"2025-07-10T15:28:40","slug":"fra600","status":"publish","type":"product","link":"https:\/\/deep-space-astronomy.ch\/de\/produkt\/fra600\/","title":{"rendered":"Apochromatische L\u00fcnette Askar FRA600"},"content":{"rendered":"<h3>Askar FRA600\/5.6 - Der Hochleistungs-F\u00fcnffach-Astrograf f\u00fcr Astronomen und Astrofotografen<\/h3>\n<p>Entdecken Sie das neueste Mitglied der Askar FRA-Serie: den Astrographen FRA600\/5.6. Der FRA600\/5.6 wurde entwickelt, um die Grenzen der Astrofotografie und der astronomischen Beobachtung zu erweitern. Er kombiniert modernste Optik mit innovativen Funktionen, um ein unvergleichliches Beobachtungserlebnis zu bieten. Dieses 4,3-Zoll-Instrument ist ideal, um die feinsten Details am Himmel einzufangen, und ist weit mehr als ein einfaches Teleskop: Es ist ein Pr\u00e4zisionswerkzeug f\u00fcr anspruchsvolle Astronomiefans.<\/p>\n<h3>Hauptmerkmale<\/h3>\n<ul>\n<li>108 mm Durchmesser: Erm\u00f6glicht die Suche nach feinen Details in Nebeln und Galaxien bei einem attraktiven f\/d-Verh\u00e4ltnis!<\/li>\n<li>600mm Brennweite mit einem \u00d6ffnungsverh\u00e4ltnis von f\/5,6: Bietet ein perfektes Gleichgewicht zwischen gro\u00dfem Bildfeld und pr\u00e4zisen Details und ist ideal f\u00fcr tief liegende Himmelsobjekte.<\/li>\n<li>APO Quintuplet \"Air-Spaced\" Design: Besteht aus einem Triplet vorne und einem Duplet hinten und integriert zwei ED-Glas-Linsen f\u00fcr eine optimale Kontrolle der chromatischen Aberration und eine hervorragende Bildqualit\u00e4t.<\/li>\n<li>66 mm Bildkreis: Erm\u00f6glicht die volle Nutzung von Vollformatsensoren, ohne dass eine zus\u00e4tzliche Bildfeldkorrektur erforderlich ist.<\/li>\n<\/ul>\n<h3>Eine Optik von h\u00f6chster Qualit\u00e4t:<\/h3>\n<p>Der FRA600 basiert auf einem Petzval-Design, das eine au\u00dfergew\u00f6hnliche apochromatische Leistung garantiert. Dank der strengen optischen Konstruktion und der Integration von ED-Gl\u00e4sern begrenzt dieser Astrograf Verzerrungen und bewahrt die Sch\u00e4rfe bis zum Bildrand. Die Sterne erscheinen rund und scharf, sogar \u00fcber das gesamte breite Feld, f\u00fcr Aufnahmen mit atemberaubenden Details. Die beiden hinteren 80-mm-Linsen gleichen die Ausleuchtung des Feldes aus und optimieren so die Helligkeit und Klarheit Ihrer Bilder.<\/p>\n<h3>Entwickelt f\u00fcr makellose Beobachtungen und Bilder<\/h3>\n<ul>\n<li>Hochpr\u00e4zise Fokussierung: Ausgestattet mit einem 4,2-Zoll-Zahnstangenfokussierer mit einer 1:10 Fokuseinstellung bietet der FRA600 un\u00fcbertroffene Stabilit\u00e4t und Pr\u00e4zision, sodass Sie auch mit schwerem Zubeh\u00f6r den perfekten Fokus beibehalten k\u00f6nnen. Der glatte, rutschfeste Fokussiermechanismus garantiert reibungslose Einstellungen f\u00fcr gestochen scharfe Bilder.<\/li>\n<li>Vollformatunterst\u00fctzung: Mit einem Bildkreis von 66 mm deckt der FRA600 problemlos Vollformatsensoren ab, sodass Ihre Bilder immer scharf und vignettierungsfrei sind - und das ohne Backfokus-Berechnungen oder die Verwendung von Korrektoren.<\/li>\n<li>Vielseitigkeit mit Adaptern: Der FRA600 wird mit mehreren Anschlussoptionen geliefert, darunter ein konischer Standardadapter mit den Gewinden M54x0.75 und M48x0.85, der die Kompatibilit\u00e4t mit einer Vielzahl von astrofotografischen Ausr\u00fcstungen erleichtert.<\/li>\n<\/ul>\n<h3>Robustheit und Tragbarkeit<\/h3>\n<p>Der FRA600 kombiniert Robustheit und Praktikabilit\u00e4t f\u00fcr eine optimierte Nutzung. Mit einem Rohrdurchmesser von 125mm und einem einziehbaren Nebelf\u00e4nger misst es zusammengeklappt nur 493mm, wodurch das F\u00fcnffach-Set leicht zu transportieren ist. Perfekt f\u00fcr Astronomen auf Reisen oder f\u00fcr Astrofotografen, die gerne im Freien fotografieren.<\/p>\n<h3>Enthaltenes Zubeh\u00f6r<\/h3>\n<ul>\n<li>Multifunktionale Rohrringe: Diese rot eloxierten Ringe haben an drei Seiten Montagepunkte, an denen sich verschiedene Zubeh\u00f6rteile, wie z. B. ein Leitsucher, leicht befestigen lassen.<\/li>\n<li>Multifunktionsgriff und 300 mm Schwalbenschwanzplatte: Gew\u00e4hrleistet einen sicheren Griff und eine stabile Befestigung f\u00fcr eine schnelle und flexible Installation.<\/li>\n<li>Verschiedene Adapter: einschlie\u00dflich eines hinteren Adapters (M108x1 Au\u00dfengewinde, M90x1 Gewinde, 2\"- und 1,25\"-Adapter) und eines konischen Adapters zur Anpassung an eine Vielzahl von Konfigurationen.<\/li>\n<li>Zus\u00e4tzliche Optionen: Ein 0,7-facher Verkleinerer ist verf\u00fcgbar, um Ihre M\u00f6glichkeiten in der Astrofotografie noch weiter zu erweitern.<\/li>\n<\/ul>\n<h3>Leistung und Vielseitigkeit ohne Kompromisse<\/h3>\n<p>Ob Sie nun ein professioneller Astrofotograf oder ein anspruchsvoller Amateur sind, die FRA600 zeichnet sich in jeder Situation aus. Neben ihrer Eignung f\u00fcr die Weitfeldfotografie eignet sie sich auch f\u00fcr hochwertige Beobachtungen mit einer au\u00dfergew\u00f6hnlichen Korrektur chromatischer Aberrationen. Die mit der FRA600 aufgenommenen Bilder zeichnen sich durch einen beeindruckenden Kontrast aus, der jedem Himmelsdetail gerecht wird.<\/p>\n<p>Das FRA600\/5.6 ist weit mehr als ein klassisches APO-Triplet-Teleskop. Mit seinen f\u00fcnf optischen Elementen und seiner fortschrittlichen Technik \u00fcbertrifft es die Konkurrenz in der gleichen Preisklasse und setzt einen neuen Standard in der Astrofotografie und Beobachtung.<\/p>\n<p>Bestellen Sie den FRA600\/5.6 noch heute und heben Sie Ihre astronomischen Erkundungen auf ein neues Niveau.<\/p>\n<p>Standardverpackung: Das Gewicht des Produkts betr\u00e4gt 6,5 kg, bei einem Gesamtgewicht von 7,8 kg (ohne Ber\u00fccksichtigung der Aluminiumbox), wodurch ein optimaler Schutz w\u00e4hrend des Transports gew\u00e4hrleistet ist.<\/p>\n<p>Jedes Detail des FRA600 ist darauf ausgelegt, ein kompromissloses Astrofotografie-Erlebnis zu bieten, damit Sie die Sch\u00f6nheit des Universums mit au\u00dfergew\u00f6hnlicher Klarheit und Pr\u00e4zision einfangen k\u00f6nnen.<\/p>","protected":false},"excerpt":{"rendered":"<p>Askar FRA600\/5.6 &#8211; L\u2019Astrographe Quintuplet Haute Performance pour Astronomes et Astrophotographes D\u00e9couvrez le dernier-n\u00e9 de la s\u00e9rie Askar FRA : l\u2019astrographe FRA600\/5.6. Con\u00e7u pour repousser les limites de l\u2019astrophotographie et de l\u2019observation astronomique, le FRA600\/5.6 combine une optique de pointe avec des fonctionnalit\u00e9s innovantes pour offrir une exp\u00e9rience d\u2019observation in\u00e9gal\u00e9e. Id\u00e9al pour capturer les d\u00e9tails [&hellip;]<\/p>\n","protected":false},"featured_media":2950,"comment_status":"open","ping_status":"closed","template":"","meta":[],"product_brand":[382],"product_cat":[384,755],"product_tag":[],"class_list":{"0":"post-2951","1":"product","2":"type-product","3":"status-publish","4":"has-post-thumbnail","6":"product_brand-askar","7":"product_cat-lunettes_refracteurs","8":"product_cat-lunettes-apochromatiques","10":"first","11":"onbackorder","12":"taxable","13":"shipping-taxable","14":"purchasable","15":"product-type-simple"},"_links":{"self":[{"href":"https:\/\/deep-space-astronomy.ch\/de\/wp-json\/wp\/v2\/product\/2951","targetHints":{"allow":["GET"]}}],"collection":[{"href":"https:\/\/deep-space-astronomy.ch\/de\/wp-json\/wp\/v2\/product"}],"about":[{"href":"https:\/\/deep-space-astronomy.ch\/de\/wp-json\/wp\/v2\/types\/product"}],"replies":[{"embeddable":true,"href":"https:\/\/deep-space-astronomy.ch\/de\/wp-json\/wp\/v2\/comments?post=2951"}],"wp:featuredmedia":[{"embeddable":true,"href":"https:\/\/deep-space-astronomy.ch\/de\/wp-json\/wp\/v2\/media\/2950"}],"wp:attachment":[{"href":"https:\/\/deep-space-astronomy.ch\/de\/wp-json\/wp\/v2\/media?parent=2951"}],"wp:term":[{"taxonomy":"product_brand","embeddable":true,"href":"https:\/\/deep-space-astronomy.ch\/de\/wp-json\/wp\/v2\/product_brand?post=2951"},{"taxonomy":"product_cat","embeddable":true,"href":"https:\/\/deep-space-astronomy.ch\/de\/wp-json\/wp\/v2\/product_cat?post=2951"},{"taxonomy":"product_tag","embeddable":true,"href":"https:\/\/deep-space-astronomy.ch\/de\/wp-json\/wp\/v2\/product_tag?post=2951"}],"curies":[{"name":"wp","href":"https:\/\/api.w.org\/{rel}","templated":true}]}}