{"id":2952,"date":"2025-03-06T16:40:14","date_gmt":"2025-03-06T15:40:14","guid":{"rendered":"https:\/\/deep-space-astronomy.geekworkers.dev\/produit\/103apo\/"},"modified":"2025-11-25T09:56:49","modified_gmt":"2025-11-25T08:56:49","slug":"103apo","status":"publish","type":"product","link":"https:\/\/deep-space-astronomy.ch\/de\/produkt\/103apo\/","title":{"rendered":"Apochromatische L\u00fcnette Askar 103APO"},"content":{"rendered":"<h3>Vorstellung von Askar 103APO<\/h3>\n<p>\u00c4u\u00dferst beliebt bei Astrofotografen, die auf der Suche nach einem hochwertigen Instrument sind, das bei der Beobachtung sch\u00f6ne Ansichten bieten kann. Das Zubeh\u00f6r erm\u00f6glicht den Zugriff auf drei verschiedene Brennweiten und der Durchmesser erlaubt es Ihnen, au\u00dfergew\u00f6hnliche Blicke auf den Mond und die Planeten zu genie\u00dfen. Und das alles zu einem unschlagbaren Preis!<\/p>\n<p>Entdecken Sie den Askar 103APO Astrographen, ein Teleskop, das dazu bestimmt ist, mehr Amateuren zu erm\u00f6glichen, eine Hochleistungsausr\u00fcstung zu besitzen und die Geheimnisse des Universums zu erforschen, ohne auf den Preis achten zu m\u00fcssen. Dieses Modell zeichnet sich durch ein fortschrittliches optisches Design aus, das scharfe Bilder und eine naturgetreue Farbwiedergabe garantiert.<\/p>\n<p>&nbsp;<\/p>\n<p><img decoding=\"async\" src=\"https:\/\/omo-oss-image.thefastimg.com\/common\/design\/detail\/25f34f96-5dea-4b24-b189-bb2b5f548cfc.jpg\" alt=\"\u957f\u53cb\u6c14\u4f53\" \/><\/p>\n<h3>Optische Eigenschaften<\/h3>\n<ul>\n<li><strong>Er\u00f6ffnung :<\/strong> 103 mm<\/li>\n<li><strong>Brennweite :<\/strong> 700 mm<\/li>\n<li><strong>Natives Fokusverh\u00e4ltnis :<\/strong> f\/6,8<\/li>\n<li><strong>Optisches Design :<\/strong> APO Triplet-Linse mit Luftspalt, in die ein ED-Glaselement (Extra-low Dispersion) integriert ist, um chromatische Aberrationen zu reduzieren.<\/li>\n<\/ul>\n<p>Dieses optische System minimiert die chromatische Aberration und sorgt so f\u00fcr kristallklare Bilder und eine hervorragende Farbwiedergabe auch bei hoher Aufl\u00f6sung.<\/p>\n<h3>Abnehmbares und modulares Design<\/h3>\n<p>Die Askar 103APO verf\u00fcgt \u00fcber ein abnehmbares OTA-Design, so dass optionales Zubeh\u00f6r wie der 0,6-fache Reducer hinzugef\u00fcgt werden kann. Dieser senkt das Brennweitenverh\u00e4ltnis auf 1:4, um ein breiteres Sichtfeld und k\u00fcrzere Belichtungszeiten zu erm\u00f6glichen. Das Design erm\u00f6glicht auch die Verwendung eines Binoviewers f\u00fcr Stereobeobachtungen.<\/p>\n<h3>Rohrdesign und Zubeh\u00f6r Inklusive<\/h3>\n<p>Der Tubus des Askar 103APO ist mit zwei Sucherbasen ausgestattet, die auf beiden Seiten des Fokussierers angebracht sind, um den Platz f\u00fcr Zubeh\u00f6r zu maximieren, ohne dass es abmontiert werden muss. Der Multifunktionsgriff, der mit einem speziellen Schlitz entworfen wurde, kann als Halterung f\u00fcr die Anbringung eines Suchers verwendet werden. Die nur 750 g schweren Tubusringe verf\u00fcgen \u00fcber eine integrierte Handschraube f\u00fcr einfaches \u00d6ffnen und Verriegeln, und die 290 mm Vixen-Schwalbenschwanzplatte sorgt f\u00fcr Kompatibilit\u00e4t mit den meisten \u00e4quatorialen Montierungen.<\/p>\n<h3>Pr\u00e4zise Fokussierung und Steuerung des Fokussierers<\/h3>\n<p>Das Askar 103APO ist mit einem starren 3,3-Zoll-Zahnstangen- und Ritzelfokussierer ausgestattet, der mit den meisten motorisierten Fokussierern kompatibel ist. Dieses System beinhaltet eine hochpr\u00e4zise 10-cm-Skala und eine 1:10-Feineinstellung. Dar\u00fcber hinaus enth\u00e4lt der Okularhalter einen 360\u00b0-Rotator mit einer vergr\u00f6\u00dferten Feststellschraube, um auch unter Belastung eine perfekte Ausrichtung zu gew\u00e4hrleisten.<\/p>\n<h3>Schutz vor parasit\u00e4rem Licht und eindeutige Identifikation<\/h3>\n<p>Zur Verbesserung der Bildqualit\u00e4t ist die Innenseite des Nebelf\u00e4ngers mit mattem Filz ausgekleidet und die Innenw\u00e4nde des Hauptrohrs sind mit matter Farbe beschichtet, wobei eine innere Trennwand die Reflexionen reduziert. Jedes Teleskop ist mit einem einzigartigen Identifikationsring ausgestattet, und das einziehbare, mit CNC-Schrauben verriegelte Nebelf\u00e4ngersystem sch\u00fctzt die Linse vor externem Licht und potenziellen Sch\u00e4den.<\/p>\n<h3>Erweitertes Zubeh\u00f6r und Kompatibilit\u00e4t<\/h3>\n<ul>\n<li><strong>Enthaltenes Zubeh\u00f6r :<\/strong> Askar 103APO optischer Tubus (OTA), Paar Tubusringe, Multifunktionsgriff, 290 mm Vixen-Schwalbenschwanzplatte, Oxford-Stofftasche und Bedienungsanleitung.<\/li>\n<li><strong>Optionales Zubeh\u00f6r :<\/strong> 0,6-facher Reducer, 0,8-facher Reducer, 1-facher Korrektor und EAF f\u00fcr eine automatisierte Fokussierung.<\/li>\n<\/ul>\n<h3>Schlussfolgerung<\/h3>\n<p>Der Askar 103APO wurde entwickelt, um ein erstklassiges Aufnahme- und Beobachtungserlebnis zu bieten. Ob Sie nun ein Amateurastronom oder ein Astrofotograf sind, der Bilder mit au\u00dfergew\u00f6hnlicher Pr\u00e4zision aufnehmen m\u00f6chte, mit diesem Astrografen k\u00f6nnen Sie das Universum einfach und zuverl\u00e4ssig erkunden, w\u00e4hrend Sie gleichzeitig von einem modularen Design und einer herausragenden optischen Leistung profitieren.<\/p>","protected":false},"excerpt":{"rendered":"<p style=\"margin:0;padding:10px 14px;          background:#fff4e5;border-left:4px solid #ff5722;          font-size:1.1em;font-weight:600;line-height:1.4;\"><br \/>\n  \ud83d\udca5 <strong>Au\u00dfergew\u00f6hnliches Werbeangebot<\/strong> - solange der Vorrat reicht<\/p>","protected":false},"featured_media":4897,"comment_status":"open","ping_status":"closed","template":"","meta":[],"product_brand":[382],"product_cat":[384,755],"product_tag":[],"class_list":{"0":"post-2952","1":"product","2":"type-product","3":"status-publish","4":"has-post-thumbnail","6":"product_brand-askar","7":"product_cat-lunettes_refracteurs","8":"product_cat-lunettes-apochromatiques","10":"first","11":"on_supplier","12":"taxable","13":"shipping-taxable","14":"purchasable","15":"product-type-simple"},"_links":{"self":[{"href":"https:\/\/deep-space-astronomy.ch\/de\/wp-json\/wp\/v2\/product\/2952","targetHints":{"allow":["GET"]}}],"collection":[{"href":"https:\/\/deep-space-astronomy.ch\/de\/wp-json\/wp\/v2\/product"}],"about":[{"href":"https:\/\/deep-space-astronomy.ch\/de\/wp-json\/wp\/v2\/types\/product"}],"replies":[{"embeddable":true,"href":"https:\/\/deep-space-astronomy.ch\/de\/wp-json\/wp\/v2\/comments?post=2952"}],"wp:featuredmedia":[{"embeddable":true,"href":"https:\/\/deep-space-astronomy.ch\/de\/wp-json\/wp\/v2\/media\/4897"}],"wp:attachment":[{"href":"https:\/\/deep-space-astronomy.ch\/de\/wp-json\/wp\/v2\/media?parent=2952"}],"wp:term":[{"taxonomy":"product_brand","embeddable":true,"href":"https:\/\/deep-space-astronomy.ch\/de\/wp-json\/wp\/v2\/product_brand?post=2952"},{"taxonomy":"product_cat","embeddable":true,"href":"https:\/\/deep-space-astronomy.ch\/de\/wp-json\/wp\/v2\/product_cat?post=2952"},{"taxonomy":"product_tag","embeddable":true,"href":"https:\/\/deep-space-astronomy.ch\/de\/wp-json\/wp\/v2\/product_tag?post=2952"}],"curies":[{"name":"wp","href":"https:\/\/api.w.org\/{rel}","templated":true}]}}