{"id":2955,"date":"2025-03-06T16:40:49","date_gmt":"2025-03-06T15:40:49","guid":{"rendered":"https:\/\/deep-space-astronomy.geekworkers.dev\/produit\/120apo\/"},"modified":"2025-07-07T17:45:22","modified_gmt":"2025-07-07T15:45:22","slug":"120apo","status":"publish","type":"product","link":"https:\/\/deep-space-astronomy.ch\/de\/produkt\/120apo\/","title":{"rendered":"Apochromatische L\u00fcnette Askar 120APO"},"content":{"rendered":"<h3>Entdecken Sie den Askar 120APO<\/h3>\n<p>Das Askar 120APO vereint eine Pr\u00e4zisionsoptik, ein sorgf\u00e4ltiges mechanisches Design und Vielseitigkeit und ist damit die perfekte Wahl f\u00fcr anspruchsvolle Astronomiefans. Dieses Teleskop wurde f\u00fcr die visuelle Beobachtung und Astrofotografie entwickelt und garantiert klare und farbenfrohe Bilder, eine komfortable Handhabung und einen einzigartigen Stil, um Ihnen ein Fenster zum Universum zu \u00f6ffnen.<\/p>\n<h3>Technische Eigenschaften<\/h3>\n<ul>\n<li><strong>Er\u00f6ffnung :<\/strong> 120 mm - Sammelt im Vergleich zum Modell 103APO 36 % mehr Licht f\u00fcr hellere und detailreichere Bilder.<\/li>\n<li><strong>Brennweite :<\/strong> 840 mm und bietet ein natives Brennweitenverh\u00e4ltnis von 1:7, das mit dem 0,8-fach-Zubeh\u00f6r auf 1:5,6 reduziert werden kann.<\/li>\n<li><strong>Optik :<\/strong> Luftspalt-APO-Triplet-Objektiv mit ED-Glas f\u00fcr eine optimale Korrektur von chromatischen Aberrationen.<\/li>\n<li><strong>Optische R\u00f6hre :<\/strong>\n<ul>\n<li>Gesamtl\u00e4nge von 722 mm mit eingezogenem Windschutz, 804 mm mit ausgefahrenem Windschutz.<\/li>\n<li>Gewicht des optischen Tubus: 5,7 kg; Gesamtgewicht (mit Ringen und Schwalbenschwanz): 6,5 kg.<\/li>\n<\/ul>\n<\/li>\n<li><strong>Hinteres Gewinde :<\/strong> 2\"\/1,25\"-Visualadapter f\u00fcr erweiterte Kompatibilit\u00e4t mit verschiedenen Zubeh\u00f6rteilen.<\/li>\n<\/ul>\n<h3>Optionales Zubeh\u00f6r<\/h3>\n<ul>\n<li><strong>Getriebe 0.8x :<\/strong> Senkt das Brennweitenverh\u00e4ltnis auf f\/5,6, wodurch das Sichtfeld erweitert und die Belichtungszeit verk\u00fcrzt wird. Ideal f\u00fcr die Aufnahme von Nebeln, Sternhaufen und schnell bewegten Himmelsobjekten.<\/li>\n<li><strong>Korrektur 1x :<\/strong> H\u00e4lt das Brennweitenverh\u00e4ltnis bei f\/7 und korrigiert gleichzeitig die Bildfeldw\u00f6lbung und die Koma f\u00fcr scharfe Sterne bis zum Bildrand.<\/li>\n<li><strong>Losmandy-Platte :<\/strong> Optional erh\u00e4ltlich f\u00fcr die Kompatibilit\u00e4t mit verschiedenen \u00e4quatorialen Fassungen.<\/li>\n<\/ul>\n<h3>Fokussierung und Flexibilit\u00e4t<\/h3>\n<ul>\n<li><strong>Fokussieren:<\/strong> 3,3-Zoll-Rack-and-Pinion-Okularhalter mit zwei Geschwindigkeiten, ausgestattet mit einer hochpr\u00e4zisen Skala auf 10 cm Weg und einer antireflektierenden Innenseite.<\/li>\n<li><strong>Rotator :<\/strong> Hochpr\u00e4ziser 360\u00b0-Rotator auf der R\u00fcckseite des Fokussierers mit verst\u00e4rkter Feststellschraube f\u00fcr eine optimierte Einstellung und Sicherung der Drehwinkel.<\/li>\n<li>Zwei Forscherbasen, die auf beiden Seiten des Fokussierers angebracht sind und das Hinzuf\u00fcgen von Zubeh\u00f6r ohne Demontage erleichtern.<\/li>\n<\/ul>\n<h3>Design und Tragbarkeit<\/h3>\n<ul>\n<li>CNC-gefr\u00e4stes Aluminiumrohr, das f\u00fcr ein elegantes Finish eloxiert und mit Oberfl\u00e4chenfarbe behandelt wurde (elfenbeinfarbenes Rohr mit orangefarbenen Akzenten).<\/li>\n<li>Einziehbares Rohrdesign f\u00fcr optimale Tragbarkeit mit einziehbarem Beschlagschutz und Feststellschrauben f\u00fcr zus\u00e4tzliche Stabilit\u00e4t.<\/li>\n<li>60 mm langer Multifunktionsgriff, der auch als Basis f\u00fcr einen Sucher dient.<\/li>\n<li>Leichte Tube-Ringe (insgesamt 780 g) mit Fl\u00fcgelschrauben zum einfachen \u00d6ffnen und Schlie\u00dfen und erh\u00f6htem Boden f\u00fcr optimalen Platz zum Anbringen.<\/li>\n<li>Montiert auf einem 290 mm Losmandy-Schwalbenschwanz, der mit den meisten \u00e4quatorialen Montierungen kompatibel ist.<\/li>\n<\/ul>\n<h3>Schlussfolgerung<\/h3>\n<p>Der Askar 120APO ist ein hochpr\u00e4ziser Astrograf, der eine fortschrittliche Optik, ein kompaktes Design und vielseitige Funktionen vereint, um Ihre Beobachtungs- und Astrofotografie-Erfahrung zu sublimieren. Ob f\u00fcr Deep-Sky-Abbildungen oder visuelle Beobachtungen, dieses Instrument bietet die Qualit\u00e4t und Flexibilit\u00e4t, die Sie ben\u00f6tigen, um das Universum mit un\u00fcbertroffener Klarheit zu erforschen.<\/p>","protected":false},"excerpt":{"rendered":"<p>D\u00e9couvrez l\u2019Askar 120APO L\u2019Askar 120APO combine une optique de pr\u00e9cision, un design m\u00e9canique soign\u00e9 et une grande polyvalence, en faisant un choix parfait pour les passionn\u00e9s d\u2019astronomie exigeants. Con\u00e7u pour l\u2019observation visuelle et l\u2019astrophotographie, ce t\u00e9lescope garantit des images claires et color\u00e9es, une manipulation confortable et un style unique, pour vous offrir une fen\u00eatre sur [&hellip;]<\/p>\n","protected":false},"featured_media":2954,"comment_status":"open","ping_status":"closed","template":"","meta":[],"product_brand":[382],"product_cat":[384,755],"product_tag":[],"class_list":{"0":"post-2955","1":"product","2":"type-product","3":"status-publish","4":"has-post-thumbnail","6":"product_brand-askar","7":"product_cat-lunettes_refracteurs","8":"product_cat-lunettes-apochromatiques","10":"first","11":"on_supplier","12":"taxable","13":"shipping-taxable","14":"purchasable","15":"product-type-simple"},"_links":{"self":[{"href":"https:\/\/deep-space-astronomy.ch\/de\/wp-json\/wp\/v2\/product\/2955","targetHints":{"allow":["GET"]}}],"collection":[{"href":"https:\/\/deep-space-astronomy.ch\/de\/wp-json\/wp\/v2\/product"}],"about":[{"href":"https:\/\/deep-space-astronomy.ch\/de\/wp-json\/wp\/v2\/types\/product"}],"replies":[{"embeddable":true,"href":"https:\/\/deep-space-astronomy.ch\/de\/wp-json\/wp\/v2\/comments?post=2955"}],"wp:featuredmedia":[{"embeddable":true,"href":"https:\/\/deep-space-astronomy.ch\/de\/wp-json\/wp\/v2\/media\/2954"}],"wp:attachment":[{"href":"https:\/\/deep-space-astronomy.ch\/de\/wp-json\/wp\/v2\/media?parent=2955"}],"wp:term":[{"taxonomy":"product_brand","embeddable":true,"href":"https:\/\/deep-space-astronomy.ch\/de\/wp-json\/wp\/v2\/product_brand?post=2955"},{"taxonomy":"product_cat","embeddable":true,"href":"https:\/\/deep-space-astronomy.ch\/de\/wp-json\/wp\/v2\/product_cat?post=2955"},{"taxonomy":"product_tag","embeddable":true,"href":"https:\/\/deep-space-astronomy.ch\/de\/wp-json\/wp\/v2\/product_tag?post=2955"}],"curies":[{"name":"wp","href":"https:\/\/api.w.org\/{rel}","templated":true}]}}