{"id":2958,"date":"2025-03-06T16:41:24","date_gmt":"2025-03-06T15:41:24","guid":{"rendered":"https:\/\/deep-space-astronomy.geekworkers.dev\/produit\/140apo\/"},"modified":"2025-07-07T17:45:22","modified_gmt":"2025-07-07T15:45:22","slug":"140apo","status":"publish","type":"product","link":"https:\/\/deep-space-astronomy.ch\/de\/produkt\/140apo\/","title":{"rendered":"Apochromatische L\u00fcnette Askar 140APO"},"content":{"rendered":"<h3>Vorstellung von Askar 140APO<\/h3>\n<p>Entdecken Sie das Askar 140APO-Teleskop, ein hochmodernes Instrument, das entwickelt wurde, um die Bed\u00fcrfnisse von Amateur- und Profiastronomen zu erf\u00fcllen. Mit einer \u00d6ffnung von 140 mm und einer Brennweite von 980 mm bietet dieses OTA (Optical Tube Assembly) ein natives Brennweitenverh\u00e4ltnis von 1:7 und vereint Lichtsammelst\u00e4rke, Aufl\u00f6sung und Kontrast. Mit seinem APO-Tripel-Luftspaltobjektiv, das ein ED-Glaselement (geringe Dispersion) enth\u00e4lt, korrigiert das 140APO effektiv die chromatische Aberration und liefert scharfe Details und eine beeindruckende Farbgenauigkeit.<\/p>\n<h3>Zubeh\u00f6r f\u00fcr ein optimales Erlebnis<\/h3>\n<ul>\n<li><strong>Optionales Zubeh\u00f6r :<\/strong>\n<ul>\n<li>Flattener 1x: Beh\u00e4lt das Brennweitenverh\u00e4ltnis von f\/7 bei und korrigiert gleichzeitig die Feldkr\u00fcmmung und Koma f\u00fcr feinere Sterne und ein flaches Feld.<\/li>\n<li>0,8-facher Untersetzungsfaktor: Verringert die Brennweite auf 1:5,6, wodurch das Sichtfeld erweitert und die Belichtungszeit verk\u00fcrzt wird - ideal f\u00fcr die Aufnahme von Nebeln, Sternhaufen und schnell bewegten Himmelsobjekten.<\/li>\n<\/ul>\n<\/li>\n<li>Dieses Zubeh\u00f6r verf\u00fcgt \u00fcber integrierte 2\"-Filtergewinde und wird mit M68\/M54\/M48-Adaptern f\u00fcr einen einfachen Anschluss geliefert.<\/li>\n<\/ul>\n<h3>Pr\u00e4zise Fokussierung und Flexibilit\u00e4t<\/h3>\n<ul>\n<li>Starrer 3,5-Zoll-Fokussierer mit Zahnstange und Ritzel und doppelter Geschwindigkeit, ausgestattet mit einer hochpr\u00e4zisen Skala \u00fcber einen Hub von 10 cm.<\/li>\n<li>Das Innere des Fokussierers ist mit einer Antireflexbeschichtung gestaltet, um Streulicht zu reduzieren.<\/li>\n<li>Der Okularhalter enth\u00e4lt einen hochpr\u00e4zisen 360\u00b0-Rotator, der fl\u00fcssige und pr\u00e4zise Anpassungen der Drehwinkel erm\u00f6glicht, die durch eine verst\u00e4rkte Feststellschraube gesichert sind.<\/li>\n<li>Zwei Sucherbasen auf beiden Seiten des Okularhalters erleichtern den Positionswechsel ohne Demontage.<\/li>\n<\/ul>\n<h3>Robustes, tragbares Design<\/h3>\n<ul>\n<li>Das Rohr ist aus hochwertigem Aluminium gefertigt, pr\u00e4zise bearbeitet und mit Eloxalbehandlungen und Oberfl\u00e4chenlackierung versehen. Es bietet ein elegantes Elfenbeinfinish, das durch orangefarbene Details akzentuiert wird.<\/li>\n<li>Einziehbares Rohrdesign: 735 mm mit eingezogenem Windschutz und 870 mm mit ausgezogenem Windschutz sorgen f\u00fcr optimale Tragbarkeit und Man\u00f6vrierf\u00e4higkeit.<\/li>\n<li>Gewicht des Rohrs: 9,2 kg; Gesamtgewicht (mit Ringen und Schwalbenschwanz): 10,9 kg.<\/li>\n<li>Hinteres Gewinde f\u00fcr 2\"\/1,25\"-Gewindeadapter erleichtert das Hinzuf\u00fcgen von Zubeh\u00f6r.<\/li>\n<\/ul>\n<h3>Schlussfolgerung<\/h3>\n<p>Ob Amateur oder Profi, der Askar 140APO bietet ein hochwertiges Beobachtungs- und Astrofotografie-Erlebnis. Sein fortschrittliches optisches Design, seine Flexibilit\u00e4t durch optionales Zubeh\u00f6r und seine Tragbarkeit machen diesen Astrografen zur idealen Wahl, um das Universum mit Pr\u00e4zision und Klarheit zu erforschen. Entdecken Sie das Askar 140APO und lassen Sie sich von seiner au\u00dfergew\u00f6hnlichen Leistung begeistern.<\/p>","protected":false},"excerpt":{"rendered":"<p>Pr\u00e9sentation de l\u2019Askar 140APO D\u00e9couvrez le t\u00e9lescope Askar 140APO, un instrument de pointe con\u00e7u pour r\u00e9pondre aux besoins des astronomes amateurs comme professionnels. Avec une ouverture de 140 mm et une longueur focale de 980 mm, cet OTA (Optical Tube Assembly) offre un rapport focal natif de f\/7, alliant puissance de collecte de lumi\u00e8re, r\u00e9solution [&hellip;]<\/p>\n","protected":false},"featured_media":2957,"comment_status":"open","ping_status":"closed","template":"","meta":[],"product_brand":[382],"product_cat":[384,755],"product_tag":[],"class_list":{"0":"post-2958","1":"product","2":"type-product","3":"status-publish","4":"has-post-thumbnail","6":"product_brand-askar","7":"product_cat-lunettes_refracteurs","8":"product_cat-lunettes-apochromatiques","10":"first","11":"on_supplier","12":"taxable","13":"shipping-taxable","14":"purchasable","15":"product-type-simple"},"_links":{"self":[{"href":"https:\/\/deep-space-astronomy.ch\/de\/wp-json\/wp\/v2\/product\/2958","targetHints":{"allow":["GET"]}}],"collection":[{"href":"https:\/\/deep-space-astronomy.ch\/de\/wp-json\/wp\/v2\/product"}],"about":[{"href":"https:\/\/deep-space-astronomy.ch\/de\/wp-json\/wp\/v2\/types\/product"}],"replies":[{"embeddable":true,"href":"https:\/\/deep-space-astronomy.ch\/de\/wp-json\/wp\/v2\/comments?post=2958"}],"wp:featuredmedia":[{"embeddable":true,"href":"https:\/\/deep-space-astronomy.ch\/de\/wp-json\/wp\/v2\/media\/2957"}],"wp:attachment":[{"href":"https:\/\/deep-space-astronomy.ch\/de\/wp-json\/wp\/v2\/media?parent=2958"}],"wp:term":[{"taxonomy":"product_brand","embeddable":true,"href":"https:\/\/deep-space-astronomy.ch\/de\/wp-json\/wp\/v2\/product_brand?post=2958"},{"taxonomy":"product_cat","embeddable":true,"href":"https:\/\/deep-space-astronomy.ch\/de\/wp-json\/wp\/v2\/product_cat?post=2958"},{"taxonomy":"product_tag","embeddable":true,"href":"https:\/\/deep-space-astronomy.ch\/de\/wp-json\/wp\/v2\/product_tag?post=2958"}],"curies":[{"name":"wp","href":"https:\/\/api.w.org\/{rel}","templated":true}]}}