{"id":2961,"date":"2025-03-06T16:41:58","date_gmt":"2025-03-06T15:41:58","guid":{"rendered":"https:\/\/deep-space-astronomy.geekworkers.dev\/produit\/185apo\/"},"modified":"2025-07-07T17:45:22","modified_gmt":"2025-07-07T15:45:22","slug":"185apo","status":"publish","type":"product","link":"https:\/\/deep-space-astronomy.ch\/de\/produkt\/185apo\/","title":{"rendered":"Apochromatische L\u00fcnette Askar 185APO"},"content":{"rendered":"<h3>Vorstellung von Askar 185APO<\/h3>\n<p>Entdecken Sie das Askar 185APO, ein Hochleistungs-Refraktor-Teleskop, das f\u00fcr Astronomie-Enthusiasten entwickelt wurde, die Leistung, Pr\u00e4zision und Vielseitigkeit kombinieren m\u00f6chten. Mit einer gro\u00dfen \u00d6ffnung von 185 mm bietet dieses Modell eine hohe Lichtsammelkapazit\u00e4t und eine hervorragende Bildqualit\u00e4t, w\u00e4hrend es gleichzeitig preislich wettbewerbsf\u00e4hig bleibt.<\/p>\n<h3>Fortschrittliche Optik f\u00fcr klare und pr\u00e4zise Bilder<\/h3>\n<ul>\n<li><strong>Ziele:<\/strong> Luftspalt-APO-Tripel mit einer ED-Glas-Linse zur effektiven Reduzierung chromatischer Aberrationen.<\/li>\n<li><strong>Er\u00f6ffnung :<\/strong> 185 mm, mit dem Sie eine erhebliche Menge an Licht einfangen k\u00f6nnen, um feine Details und helle Objekte mit ausgezeichnetem Kontrast zu beobachten.<\/li>\n<li><strong>Chromatische Korrektur :<\/strong> ED-Glas minimiert chromatische Aberrationen und sorgt so f\u00fcr scharfe Bilder und naturgetreue Farben.<\/li>\n<\/ul>\n<h3>Technische Eigenschaften<\/h3>\n<ul>\n<li><strong>Brennweite :<\/strong> 1295 mm<\/li>\n<li><strong>Fokusbericht :<\/strong> f\/7<\/li>\n<li><strong>Einziehbares Design :<\/strong> Gesamtl\u00e4nge von 1081 mm (eingefahrener Windschutz) und 1222 mm (ausgefahrener Windschutz) erleichtert den Transport und die Montage.<\/li>\n<li><strong>Einziehbare R\u00f6hre :<\/strong> Mit einem Hub von 95 mm.<\/li>\n<li><strong>Gewicht :<\/strong> Gewicht des optischen Tubus (OTA) von 14,9 kg; Bruttogewicht (mit Ringen und Schwalbenschwanz) von 17,2 kg.<\/li>\n<li><strong>Hinteres Gewinde :<\/strong> 2\"\/1,25\"-Bildadapter f\u00fcr eine erweiterte Kompatibilit\u00e4t mit verschiedenen Zubeh\u00f6rteilen.<\/li>\n<\/ul>\n<h3>Design und Konstruktion<\/h3>\n<ul>\n<li>Der optische Tubus profitiert von einer sorgf\u00e4ltigen Technik und einem eleganten Finish. Er ist vollst\u00e4ndig CNC-gefr\u00e4st und mit einer Eloxalschicht \u00fcberzogen.<\/li>\n<li>Das Design integriert orangefarbene Akzente auf elfenbeinfarbenem Hintergrund und sorgt f\u00fcr einen schlichten und raffinierten Look.<\/li>\n<li>Das einziehbare Rohr ist mit einem \"Rudder\"-Verschlussring ausgestattet, der eine einfache und sichere Einstellung erm\u00f6glicht.<\/li>\n<li>Auf beiden Seiten des Okularhalters sind Sucherbasen angebracht, die das Hinzuf\u00fcgen von Zubeh\u00f6r ohne Demontage erleichtern.<\/li>\n<li>Der standardm\u00e4\u00dfige Losmandy-Schwalbenschwanz von 500 mm bietet mehrere Montagepunkte, die eine bessere Balance auf der Montierung gew\u00e4hrleisten.<\/li>\n<\/ul>\n<h3>Enthaltenes Zubeh\u00f6r<\/h3>\n<ul>\n<li>Einzigartiger Namensring zur einfachen Identifizierung.<\/li>\n<li>Einziehbarer Rieselschutzschild, der mit gro\u00dfen Schrauben verriegelt wird.<\/li>\n<li>Verst\u00e4rkte Tripelrohrschelle mit R\u00e4ndelschrauben f\u00fcr schnelles \u00d6ffnen und Verschlie\u00dfen.<\/li>\n<li>402 mm langer Griff mit spezieller Rille, der einen Sucher f\u00fcr zus\u00e4tzliche Beobachtungen aufnehmen kann.<\/li>\n<li>Losmandy-Schwalbenschwanz von 500 mm.<\/li>\n<\/ul>\n<h3>Optischer Vorteil<\/h3>\n<ul>\n<li>Die FMA 203APO f\u00e4ngt 20 % mehr Licht ein als das Modell 185APO und bietet eine Grenzgr\u00f6\u00dfe von 13,3 sowie Bilder mit un\u00fcbertroffener Aufl\u00f6sung und Kontrast.<\/li>\n<\/ul>\n<h3>Schlussfolgerung<\/h3>\n<p>Das Askar 185APO ist mit seiner gro\u00dfen \u00d6ffnung, dem fortschrittlichen optischen Design und der robusten Konstruktion die ideale Wahl f\u00fcr anspruchsvolle Astrofotografen. Das einziehbare Design und das im Lieferumfang enthaltene umfangreiche Zubeh\u00f6r sorgen f\u00fcr Tragbarkeit und einfache Installation und machen diesen Astrografen zu einem unverzichtbaren Werkzeug f\u00fcr die Aufnahme von pr\u00e4zisen und detaillierten Bildern des Nachthimmels.<\/p>","protected":false},"excerpt":{"rendered":"<p>Pr\u00e9sentation de l\u2019Askar 185APO D\u00e9couvrez l\u2019Askar 185APO, un t\u00e9lescope r\u00e9fracteur de haute performance con\u00e7u pour les amateurs d\u2019astronomie souhaitant allier puissance, pr\u00e9cision et polyvalence. Avec une grande ouverture de 185 mm, ce mod\u00e8le offre une capacit\u00e9 de collecte de lumi\u00e8re importante et une qualit\u00e9 d\u2019image exceptionnelle, tout en restant comp\u00e9titif en termes de prix. Optique [&hellip;]<\/p>\n","protected":false},"featured_media":2960,"comment_status":"open","ping_status":"closed","template":"","meta":[],"product_brand":[382],"product_cat":[384,755],"product_tag":[],"class_list":{"0":"post-2961","1":"product","2":"type-product","3":"status-publish","4":"has-post-thumbnail","6":"product_brand-askar","7":"product_cat-lunettes_refracteurs","8":"product_cat-lunettes-apochromatiques","10":"first","11":"on_supplier","12":"taxable","13":"shipping-taxable","14":"purchasable","15":"product-type-simple"},"_links":{"self":[{"href":"https:\/\/deep-space-astronomy.ch\/de\/wp-json\/wp\/v2\/product\/2961","targetHints":{"allow":["GET"]}}],"collection":[{"href":"https:\/\/deep-space-astronomy.ch\/de\/wp-json\/wp\/v2\/product"}],"about":[{"href":"https:\/\/deep-space-astronomy.ch\/de\/wp-json\/wp\/v2\/types\/product"}],"replies":[{"embeddable":true,"href":"https:\/\/deep-space-astronomy.ch\/de\/wp-json\/wp\/v2\/comments?post=2961"}],"wp:featuredmedia":[{"embeddable":true,"href":"https:\/\/deep-space-astronomy.ch\/de\/wp-json\/wp\/v2\/media\/2960"}],"wp:attachment":[{"href":"https:\/\/deep-space-astronomy.ch\/de\/wp-json\/wp\/v2\/media?parent=2961"}],"wp:term":[{"taxonomy":"product_brand","embeddable":true,"href":"https:\/\/deep-space-astronomy.ch\/de\/wp-json\/wp\/v2\/product_brand?post=2961"},{"taxonomy":"product_cat","embeddable":true,"href":"https:\/\/deep-space-astronomy.ch\/de\/wp-json\/wp\/v2\/product_cat?post=2961"},{"taxonomy":"product_tag","embeddable":true,"href":"https:\/\/deep-space-astronomy.ch\/de\/wp-json\/wp\/v2\/product_tag?post=2961"}],"curies":[{"name":"wp","href":"https:\/\/api.w.org\/{rel}","templated":true}]}}