{"id":2964,"date":"2025-03-06T16:42:31","date_gmt":"2025-03-06T15:42:31","guid":{"rendered":"https:\/\/deep-space-astronomy.geekworkers.dev\/produit\/203apo\/"},"modified":"2025-07-07T17:45:22","modified_gmt":"2025-07-07T15:45:22","slug":"203apo","status":"publish","type":"product","link":"https:\/\/deep-space-astronomy.ch\/de\/produkt\/203apo\/","title":{"rendered":"Apochromatisches Fernrohr Askar 203 APO"},"content":{"rendered":"<h3>Vorstellung des Zielfernrohrs Askar 203APO<\/h3>\n<p>Entdecken Sie das Askar 203APO-Refraktor, ein au\u00dfergew\u00f6hnliches Instrument f\u00fcr anspruchsvolle Astronomen. Ausgestattet mit einem 203mm Triplet APO-Objektiv mit ED-Glas mit geringer Dispersion, korrigiert es effektiv chromatische Aberrationen und liefert so Bilder mit bemerkenswerter Klarheit. Mit einer Brennweite von 1421 mm und einem nativen Brennweitenverh\u00e4ltnis von 1:7 sorgt sie f\u00fcr detailreiche und kontrastreiche Bilder, die ideal sind, um Himmelsobjekte mit un\u00fcbertroffener Pr\u00e4zision einzufangen.<\/p>\n<h3>Optik und Leistung<\/h3>\n<ul>\n<li><strong>Er\u00f6ffnung :<\/strong> 203 mm (8 Zoll)<\/li>\n<li><strong>Brennweite :<\/strong> 1421 mm (f\/7)<\/li>\n<li><strong>Ziele:<\/strong> APO-Tripel mit integriertem ED-Glas zur Reduzierung von chromatischen Aberrationen<\/li>\n<li><strong>Optischer Vorteil :<\/strong> Nimmt 20 % mehr Licht auf als das Modell 185APO, mit einer Grenzmagnitude von 13,3<\/li>\n<\/ul>\n<h3>Design und Ingenieurwesen<\/h3>\n<ul>\n<li><strong>Optische R\u00f6hre :<\/strong> Gefr\u00e4st mit einem eleganten Finish, das orangefarbene Akzente auf elfenbeinfarbenem Hintergrund kombiniert<\/li>\n<li><strong>Einziehbares Design :<\/strong> Reduziert die Gesamtl\u00e4nge auf 1145 mm, um den Transport zu erleichtern, mit einem \"Rudder\"-Verschlussring f\u00fcr eine einfache und sichere Einstellung<\/li>\n<li><strong>Okularhalter :<\/strong> Gro\u00dfer, starrer 3,5-Zoll-Okularhalter mit Zahnstangenantrieb mit zwei Geschwindigkeiten, 360\u00b0-Rotator und \u00fcbergro\u00dfen Feststellschrauben<\/li>\n<li><strong>Fokussierungsskala :<\/strong> Hochpr\u00e4zise graviert \u00fcber einen Bereich von 100 mm, kombiniert mit einem internen entspiegelten Design und einer matten Lackierung zur Eliminierung von Streulicht<\/li>\n<\/ul>\n<h3>Zubeh\u00f6r und Konnektivit\u00e4t<\/h3>\n<ul>\n<li>Zwei Sucherbasen, eine auf jeder Seite des Okularhalters, zur Befestigung verschiedener Zubeh\u00f6rteile ohne Demontage<\/li>\n<li>Schnittstelle wird mit einem 1,25\"\/2\"-Adapter f\u00fcr Okulare und Diagonalen geliefert, kompatibel mit Binoviewern<\/li>\n<li>Montiert an einem standardm\u00e4\u00dfigen Losmandy-Schwalbenschwanz von 500 mm L\u00e4nge mit mehreren L\u00f6chern zur einfachen Anpassung an die \u00e4quatoriale Montierung.<\/li>\n<\/ul>\n<h3>Technische Eigenschaften<\/h3>\n<ul>\n<li><strong>Er\u00f6ffnung :<\/strong> 203 mm<\/li>\n<li><strong>Brennweite :<\/strong> 1421 mm (f\/7)<\/li>\n<li><strong>Okularhalter :<\/strong> 3,5-Zoll-Doppelgeschwindigkeit mit 360\u00b0-Rotator<\/li>\n<li><strong>Einziehbares Design :<\/strong> Gesamtl\u00e4nge von 1145 mm<\/li>\n<li><strong>Gewicht :<\/strong> Nettogewicht 14,9 kg; Gesamtgewicht (einschlie\u00dflich Rohr, Halsband und Schwalbenschwanz) 23,5 kg<\/li>\n<li><strong>Optischer Vorteil :<\/strong> 20 % mehr Licht als Modell 185APO, Grenzmagnitude 13,3<\/li>\n<li><strong>Konnektivit\u00e4t :<\/strong> 1,25\"\/2\"-Adapter f\u00fcr Okulare und Diagonalen<\/li>\n<\/ul>\n<h3>Enthaltenes Zubeh\u00f6r<\/h3>\n<ul>\n<li>Einzigartiger Namensring zur einfachen Identifizierung<\/li>\n<li>Einziehbarer Spr\u00fchnebelschutzschild, der mit gro\u00dfen Schrauben verriegelt ist<\/li>\n<li>Verst\u00e4rkte Tripelrohrschelle mit R\u00e4ndelschrauben f\u00fcr schnelles \u00d6ffnen und Verriegeln<\/li>\n<li>402 mm langer Griff mit spezieller Rille, der einen Sucher f\u00fcr zus\u00e4tzliche Beobachtungen aufnehmen kann<\/li>\n<li>Losmandy-Schwalbenschwanz 500 mm<\/li>\n<\/ul>\n<h3>Schlussfolgerung<\/h3>\n<p>Das Askar 203APO-Refraktor ist die ultimative Wahl f\u00fcr anspruchsvolle Astrofotografen und Beobachter. Mit seiner gro\u00dfen \u00d6ffnung, dem hochpr\u00e4zisen optischen Design und dem umfangreichen Zubeh\u00f6r bietet es eine hervorragende Bildqualit\u00e4t und ein fl\u00fcssiges, stabiles Beobachtungserlebnis. Mit optimierter Leistung und einem ausgekl\u00fcgelten Design ist es bereit, Sie bei der detaillierten Erkundung des Nachthimmels zu begleiten.<\/p>","protected":false},"excerpt":{"rendered":"<p>Pr\u00e9sentation de la lunette Askar 203APO D\u00e9couvrez la lunette Askar 203APO, un instrument d\u2019exception pour les astronomes exigeants. \u00c9quip\u00e9e d\u2019un objectif APO triplet de 203 mm avec un verre ED \u00e0 faible dispersion, elle corrige efficacement les aberrations chromatiques pour offrir des images d\u2019une clart\u00e9 remarquable. Avec une focale de 1421 mm et un rapport [&hellip;]<\/p>\n","protected":false},"featured_media":2963,"comment_status":"open","ping_status":"closed","template":"","meta":[],"product_brand":[382],"product_cat":[384,755],"product_tag":[],"class_list":{"0":"post-2964","1":"product","2":"type-product","3":"status-publish","4":"has-post-thumbnail","6":"product_brand-askar","7":"product_cat-lunettes_refracteurs","8":"product_cat-lunettes-apochromatiques","10":"first","11":"on_supplier","12":"taxable","13":"shipping-taxable","14":"purchasable","15":"product-type-simple"},"_links":{"self":[{"href":"https:\/\/deep-space-astronomy.ch\/de\/wp-json\/wp\/v2\/product\/2964","targetHints":{"allow":["GET"]}}],"collection":[{"href":"https:\/\/deep-space-astronomy.ch\/de\/wp-json\/wp\/v2\/product"}],"about":[{"href":"https:\/\/deep-space-astronomy.ch\/de\/wp-json\/wp\/v2\/types\/product"}],"replies":[{"embeddable":true,"href":"https:\/\/deep-space-astronomy.ch\/de\/wp-json\/wp\/v2\/comments?post=2964"}],"wp:featuredmedia":[{"embeddable":true,"href":"https:\/\/deep-space-astronomy.ch\/de\/wp-json\/wp\/v2\/media\/2963"}],"wp:attachment":[{"href":"https:\/\/deep-space-astronomy.ch\/de\/wp-json\/wp\/v2\/media?parent=2964"}],"wp:term":[{"taxonomy":"product_brand","embeddable":true,"href":"https:\/\/deep-space-astronomy.ch\/de\/wp-json\/wp\/v2\/product_brand?post=2964"},{"taxonomy":"product_cat","embeddable":true,"href":"https:\/\/deep-space-astronomy.ch\/de\/wp-json\/wp\/v2\/product_cat?post=2964"},{"taxonomy":"product_tag","embeddable":true,"href":"https:\/\/deep-space-astronomy.ch\/de\/wp-json\/wp\/v2\/product_tag?post=2964"}],"curies":[{"name":"wp","href":"https:\/\/api.w.org\/{rel}","templated":true}]}}