{"id":2967,"date":"2025-03-06T16:43:02","date_gmt":"2025-03-06T15:43:02","guid":{"rendered":"https:\/\/deep-space-astronomy.geekworkers.dev\/produit\/fma135\/"},"modified":"2025-06-03T10:38:56","modified_gmt":"2025-06-03T08:38:56","slug":"fma135","status":"publish","type":"product","link":"https:\/\/deep-space-astronomy.ch\/de\/produkt\/fma135\/","title":{"rendered":"Askar Brille FMA135"},"content":{"rendered":"<h3>Einf\u00fchrung in den Astrographen FMA135<\/h3>\n<p>Entdecken Sie den Astrographen FMA135, ein kompaktes und vielseitiges Instrument, das sich ideal f\u00fcr Amateur- und professionelle Astronomen eignet. Die FMA135, die Anfang 2021 auf den Markt kommt, verk\u00f6rpert die Qualit\u00e4t und Zuverl\u00e4ssigkeit der FMA-Reihe und bietet gleichzeitig einzigartige Spezifikationen f\u00fcr ein unvergleichliches Beobachtungs- und Fotografieerlebnis.<\/p>\n<h3>Optische Eigenschaften<\/h3>\n<ul>\n<li><strong>Er\u00f6ffnung :<\/strong> 30 mm<\/li>\n<li><strong>Brennweite :<\/strong> 135 mm (mit Korrektor)<\/li>\n<li><strong>Optisches Design :<\/strong> Triple-APO-Objektiv mit Luftspalt und integriertem ED-Glas zur Reduzierung von chromatischen Aberrationen und f\u00fcr scharfe Bilder.<\/li>\n<li><strong>Korrektor mit drei Elementen :<\/strong> Speziell f\u00fcr das APS-System entwickelt, optimiert die Deep-Sky-Abbildung und sorgt f\u00fcr makellose Sch\u00e4rfe bis in die Randbereiche des Bildes.<\/li>\n<\/ul>\n<h3>Vielseitige Verwendbarkeit<\/h3>\n<ul>\n<li>Ideal f\u00fcr die hochpr\u00e4zise astronomische Fotografie.<\/li>\n<li>Kann auch als manuelles 135-mm-Objektiv f\u00fcr terrestrische Aufnahmen verwendet werden.<\/li>\n<\/ul>\n<h3>Kompaktes und leichtes Design<\/h3>\n<ul>\n<li><strong>Gesamtl\u00e4nge :<\/strong> 113 mm im Fotomodus (mit enthaltenem Flattener)<\/li>\n<li><strong>Gewicht :<\/strong> 280 g (inkl. Tube Ring und Schwalbenschwanzplatte)<\/li>\n<li>Leicht zu transportieren und zu handhaben, passend f\u00fcr die meisten DSLR- und Astronomie-Kameras.<\/li>\n<li>M42\u00d70,75-Gewinde f\u00fcr erweiterte Kompatibilit\u00e4t sowie ein 1,25\"-Visualadapter f\u00fcr die direkte Beobachtung.<\/li>\n<li>1,25-Zoll-Innengewinde an der Vorderseite zur Montage von Standardfiltern.<\/li>\n<\/ul>\n<h3>Enthaltenes Zubeh\u00f6r<\/h3>\n<ul>\n<li>Ein komplettes Set von FMA135<\/li>\n<li>Ein Ringrohr f\u00fcr eine robuste Befestigung<\/li>\n<li>Ein visueller 1,25-Zoll-Adapter<\/li>\n<li>F\u00fcnf Schrauben f\u00fcr die Montage<\/li>\n<li>Ein ausf\u00fchrliches Handbuch f\u00fcr einen leichten Einstieg<\/li>\n<\/ul>\n<h3>Schlussfolgerung<\/h3>\n<p>Die FMA135 ist kompakt, leicht und mit modernster optischer Technik ausgestattet. Sie wurde entwickelt, um Ihre Erfahrungen mit astronomischen und terrestrischen Aufnahmen zu veredeln. Ob Sie die Sch\u00f6nheit des Nachthimmels einfangen oder visuelle Beobachtungen durchf\u00fchren wollen, dieser Astrograf wird schnell zu einem unverzichtbaren Bestandteil Ihrer Ausr\u00fcstung werden.<\/p>","protected":false},"excerpt":{"rendered":"<p>Pr\u00e9sentation de l\u2019astrographe FMA135 D\u00e9couvrez l\u2019astrographe FMA135, un instrument compact et polyvalent, id\u00e9al pour les amateurs et professionnels d\u2019astronomie. Sorti en d\u00e9but d\u2019ann\u00e9e 2021, le FMA135 incarne la qualit\u00e9 et la fiabilit\u00e9 de la gamme FMA tout en offrant des sp\u00e9cifications uniques pour une exp\u00e9rience d\u2019observation et de photographie in\u00e9gal\u00e9e. Caract\u00e9ristiques Optiques Ouverture : 30 [&hellip;]<\/p>\n","protected":false},"featured_media":2966,"comment_status":"open","ping_status":"closed","template":"","meta":[],"product_brand":[382],"product_cat":[384,755],"product_tag":[],"class_list":{"0":"post-2967","1":"product","2":"type-product","3":"status-publish","4":"has-post-thumbnail","6":"product_brand-askar","7":"product_cat-lunettes_refracteurs","8":"product_cat-lunettes-apochromatiques","10":"first","11":"on_supplier","12":"taxable","13":"shipping-taxable","14":"purchasable","15":"product-type-simple"},"_links":{"self":[{"href":"https:\/\/deep-space-astronomy.ch\/de\/wp-json\/wp\/v2\/product\/2967","targetHints":{"allow":["GET"]}}],"collection":[{"href":"https:\/\/deep-space-astronomy.ch\/de\/wp-json\/wp\/v2\/product"}],"about":[{"href":"https:\/\/deep-space-astronomy.ch\/de\/wp-json\/wp\/v2\/types\/product"}],"replies":[{"embeddable":true,"href":"https:\/\/deep-space-astronomy.ch\/de\/wp-json\/wp\/v2\/comments?post=2967"}],"wp:featuredmedia":[{"embeddable":true,"href":"https:\/\/deep-space-astronomy.ch\/de\/wp-json\/wp\/v2\/media\/2966"}],"wp:attachment":[{"href":"https:\/\/deep-space-astronomy.ch\/de\/wp-json\/wp\/v2\/media?parent=2967"}],"wp:term":[{"taxonomy":"product_brand","embeddable":true,"href":"https:\/\/deep-space-astronomy.ch\/de\/wp-json\/wp\/v2\/product_brand?post=2967"},{"taxonomy":"product_cat","embeddable":true,"href":"https:\/\/deep-space-astronomy.ch\/de\/wp-json\/wp\/v2\/product_cat?post=2967"},{"taxonomy":"product_tag","embeddable":true,"href":"https:\/\/deep-space-astronomy.ch\/de\/wp-json\/wp\/v2\/product_tag?post=2967"}],"curies":[{"name":"wp","href":"https:\/\/api.w.org\/{rel}","templated":true}]}}