{"id":2973,"date":"2025-03-06T16:44:00","date_gmt":"2025-03-06T15:44:00","guid":{"rendered":"https:\/\/deep-space-astronomy.geekworkers.dev\/produit\/fma180-pro\/"},"modified":"2025-06-03T10:38:56","modified_gmt":"2025-06-03T08:38:56","slug":"fma180-pro","status":"publish","type":"product","link":"https:\/\/deep-space-astronomy.ch\/de\/produkt\/fma180-pro\/","title":{"rendered":"Askar Brille FMA180 PRO"},"content":{"rendered":"<h3>Vorstellung von ASKAR FMA180 Pro<\/h3>\n<p>Die ASKAR FMA180 Pro ist ein kompakter und leistungsstarker Astrograf, der f\u00fcr anspruchsvolle Astrofotografen und professionelle Sternwarten entwickelt wurde. Er stellt eine optimierte Version des Standardmodells FMA180 dar und bietet mehr Kontrolle, Stabilit\u00e4t und Benutzerfreundlichkeit durch spezielle Verbesserungen, die den h\u00f6chsten Genauigkeitsanforderungen gerecht werden.<\/p>\n<h3>Vergleich mit dem Modell FMA180: Warum sollten Sie sich f\u00fcr die FMA180 Pro entscheiden?<\/h3>\n<ul>\n<li>Integration einer Sucherbasis und eines 360\u00b0-Rotators f\u00fcr eine einfache Ausrichtung und flexible Positionierung.<\/li>\n<li>Interner Fokussierer, der f\u00fcr mehr Stabilit\u00e4t sorgt, indem er das Risiko von Fokusverlagerungen bei langen Astrofotografie-Sessions eliminiert.<\/li>\n<li>Spezifische Verbesserungen sorgen f\u00fcr eine intuitivere Bedienung und eine ultrapr\u00e4zise Nachf\u00fchrung, die selbst f\u00fcr die anspruchsvollsten Astrofotografen geeignet ist.<\/li>\n<\/ul>\n<h3>Hochpr\u00e4zise Optik und fortschrittliche Farbkorrektur<\/h3>\n<ul>\n<li><strong>Optisches Design :<\/strong> Sechsfaches APO-Luftspaltobjektiv mit drei Linsen vorne und drei Linsen hinten, darunter zwei Elemente aus ED-Glas f\u00fcr eine au\u00dfergew\u00f6hnliche Farbkorrektur.<\/li>\n<li><strong>Er\u00f6ffnung :<\/strong> 40 mm<\/li>\n<li><strong>Brennweite :<\/strong> 180 mm<\/li>\n<li><strong>Fokusbericht :<\/strong> f\/4.5<\/li>\n<li>Die FMA180 Pro bietet dank dieses Designs sowohl f\u00fcr die Astrofotografie als auch f\u00fcr die visuelle Beobachtung eine optimale Leistung.<\/li>\n<\/ul>\n<h3>Technische Daten der FMA180 Pro<\/h3>\n<ul>\n<li><strong>Back Focus :<\/strong> 55 mm, Standard f\u00fcr das Hinzuf\u00fcgen von Zubeh\u00f6r.<\/li>\n<li><strong>Bildkreis :<\/strong> 44 mm, sodass auch Vollformatsensoren abgedeckt werden k\u00f6nnen.<\/li>\n<li><strong>Gesamtgewicht :<\/strong> 0,8 kg (einschlie\u00dflich Rohrring und Schwalbenschwanzplatte).<\/li>\n<li><strong>Gesamtl\u00e4nge :<\/strong> 167,5 mm, kompakt und leicht zu transportieren.<\/li>\n<li><strong>Hinteres Gewinde :<\/strong> M48\u00d70,75 mit integriertem Gewinde f\u00fcr 2\"-Filter, perfekt f\u00fcr das Hinzuf\u00fcgen von Filtern ohne zus\u00e4tzliches Zubeh\u00f6r.<\/li>\n<\/ul>\n<h3>Vielseitigkeit im fotografischen und visuellen Modus<\/h3>\n<ul>\n<li>Die FMA180 Pro eignet sich f\u00fcr visuelle Beobachtungen und hochwertige Astrofotografie.<\/li>\n<li>Er verf\u00fcgt \u00fcber einen internen Fokussierer f\u00fcr zus\u00e4tzliche Stabilit\u00e4t und einen 360\u00b0-Rotator f\u00fcr eine einfache Bildausrichtung.<\/li>\n<li>Dank der integrierten Sucherbasis kann der Astrograf an den meisten kompatiblen Montierungssystemen befestigt werden.<\/li>\n<\/ul>\n<h3>Enthaltenes Zubeh\u00f6r und Kompatibilit\u00e4t<\/h3>\n<ul>\n<li>FMA180 Pro Tube (6-Element-Objektiv).<\/li>\n<li>150 mm Vixen-Schwalbenschwanzplatte zur Montage auf Stativen oder ARCA-SWISS-Halterungen.<\/li>\n<li>Sucherhalter und Sucherbasishalter.<\/li>\n<li>Integrierter Reducer zur Maximierung des Sichtfelds.<\/li>\n<li>Integriertes 2\"-Filtergewinde erleichtert das Hinzuf\u00fcgen von Filtern, um Ihre Aufnahmen zu verfeinern.<\/li>\n<li>Vollst\u00e4ndiges Anleitungshandbuch.<\/li>\n<\/ul>\n<h3>Kompaktes Design f\u00fcr vielseitigen Einsatz<\/h3>\n<ul>\n<li>Mit einem leichten Gewicht von 0,8 kg und einer L\u00e4nge von 167,5 mm ist der FMA180 Pro ein kompakter Astrograph, der sich leicht f\u00fcr Beobachtungen im Freien transportieren l\u00e4sst.<\/li>\n<li>Trotz seiner geringen Gr\u00f6\u00dfe bietet er eine professionelle Bildqualit\u00e4t und ist ideal f\u00fcr tragbare oder feste Konfigurationen.<\/li>\n<\/ul>\n<h3>Schlussfolgerung<\/h3>\n<p>Die ASKAR FMA180 Pro ist die ultimative L\u00f6sung f\u00fcr Astrofotografie-Enthusiasten, die nach Qualit\u00e4t und Vielseitigkeit suchen. Mit seinem sechsfachen APO-Objektiv mit ED-Gl\u00e4sern, dem Innenfokussierungssystem und dem durchdachten Zubeh\u00f6r bietet es ein au\u00dfergew\u00f6hnliches Astrofotografie- und visuelles Beobachtungserlebnis. Entscheiden Sie sich f\u00fcr die FMA180 Pro und erkunden Sie den Himmel mit h\u00f6chster Pr\u00e4zision und Leistung, w\u00e4hrend Sie gleichzeitig von einem kompakten und leicht zu transportierenden Instrument profitieren.<\/p>","protected":false},"excerpt":{"rendered":"<p>Pr\u00e9sentation de l\u2019ASKAR FMA180 Pro L\u2019ASKAR FMA180 Pro est un astrographe compact et performant, con\u00e7u pour les astrophotographes exigeants et les observatoires professionnels. Il repr\u00e9sente une version optimis\u00e9e du mod\u00e8le FMA180 standard, offrant plus de contr\u00f4le, de stabilit\u00e9 et de facilit\u00e9 d\u2019utilisation gr\u00e2ce \u00e0 des am\u00e9liorations sp\u00e9cifiques qui r\u00e9pondent aux exigences de pr\u00e9cision les plus [&hellip;]<\/p>\n","protected":false},"featured_media":2972,"comment_status":"open","ping_status":"closed","template":"","meta":[],"product_brand":[382],"product_cat":[384,755],"product_tag":[],"class_list":{"0":"post-2973","1":"product","2":"type-product","3":"status-publish","4":"has-post-thumbnail","6":"product_brand-askar","7":"product_cat-lunettes_refracteurs","8":"product_cat-lunettes-apochromatiques","10":"first","11":"on_supplier","12":"taxable","13":"shipping-taxable","14":"purchasable","15":"product-type-simple"},"_links":{"self":[{"href":"https:\/\/deep-space-astronomy.ch\/de\/wp-json\/wp\/v2\/product\/2973","targetHints":{"allow":["GET"]}}],"collection":[{"href":"https:\/\/deep-space-astronomy.ch\/de\/wp-json\/wp\/v2\/product"}],"about":[{"href":"https:\/\/deep-space-astronomy.ch\/de\/wp-json\/wp\/v2\/types\/product"}],"replies":[{"embeddable":true,"href":"https:\/\/deep-space-astronomy.ch\/de\/wp-json\/wp\/v2\/comments?post=2973"}],"wp:featuredmedia":[{"embeddable":true,"href":"https:\/\/deep-space-astronomy.ch\/de\/wp-json\/wp\/v2\/media\/2972"}],"wp:attachment":[{"href":"https:\/\/deep-space-astronomy.ch\/de\/wp-json\/wp\/v2\/media?parent=2973"}],"wp:term":[{"taxonomy":"product_brand","embeddable":true,"href":"https:\/\/deep-space-astronomy.ch\/de\/wp-json\/wp\/v2\/product_brand?post=2973"},{"taxonomy":"product_cat","embeddable":true,"href":"https:\/\/deep-space-astronomy.ch\/de\/wp-json\/wp\/v2\/product_cat?post=2973"},{"taxonomy":"product_tag","embeddable":true,"href":"https:\/\/deep-space-astronomy.ch\/de\/wp-json\/wp\/v2\/product_tag?post=2973"}],"curies":[{"name":"wp","href":"https:\/\/api.w.org\/{rel}","templated":true}]}}