{"id":2979,"date":"2025-03-06T16:45:04","date_gmt":"2025-03-06T15:45:04","guid":{"rendered":"https:\/\/deep-space-astronomy.geekworkers.dev\/produit\/acl200\/"},"modified":"2026-01-27T09:32:11","modified_gmt":"2026-01-27T08:32:11","slug":"acl200","status":"publish","type":"product","link":"https:\/\/deep-space-astronomy.ch\/de\/produkt\/acl200\/","title":{"rendered":"Askar ACL200 Brille"},"content":{"rendered":"<h3>Vorstellung von Askar ACL200<\/h3>\n<p>Das Askar ACL200 ist das weltweit erste professionelle 200-mm-Astrofotografieobjektiv, das wie ein gew\u00f6hnliches Kameraobjektiv aussieht, aber \u00fcber eine einzigartige integrierte Struktur verf\u00fcgt. Das Askar ACL200 ist kompakt, leicht und einfach zu bedienen. Es wurde speziell entwickelt, um die Qualit\u00e4t von Aufnahmen des Sternenhimmels zu optimieren und gleichzeitig die Anforderungen der terrestrischen Bildgebung zu erf\u00fcllen.<\/p>\n<h3>Ein geniales und vielseitiges Design<\/h3>\n<ul>\n<li>Vereint die Funktionen eines Astrografen und eines Kameraobjektivs f\u00fcr eine intuitive Bedienung wie bei einer herk\u00f6mmlichen Kamera.<\/li>\n<li>Beseitigt \u00fcberfl\u00fcssiges optisches Zubeh\u00f6r und bietet so ein vereinfachtes Nutzungserlebnis.<\/li>\n<\/ul>\n<h3>Himmlische Bilder Scharf und Detailliert<\/h3>\n<ul>\n<li>Fortschrittliches optisches Design, um Verzerrungen am Bildrand zu minimieren und chromatische Aberrationen zu korrigieren.<\/li>\n<li>Enth\u00e4lt ED-Linsen mit ultra-niedriger Dispersion, die eine \u00fcberragende Bildklarheit gew\u00e4hrleisten.<\/li>\n<li>Selbstflachendes Design, das die Notwendigkeit der Backfocus-Berechnung beseitigt.<\/li>\n<\/ul>\n<h3>Pr\u00e4zise und vielseitige Brennweitensteuerung<\/h3>\n<ul>\n<li>Grobjustierung und 1-mm-Mikrometerjustierung f\u00fcr eine schnelle und genaue Kontrolle.<\/li>\n<li>Minimale Fokussierungsentfernung von ca. 3 m und eine einstellbare Blende von 1:4 bis 1:22 sorgen f\u00fcr Vielseitigkeit.<\/li>\n<\/ul>\n<h3>Schnelles \u00d6ffnen und integrierter Flattener<\/h3>\n<ul>\n<li>Schnelles \u00d6ffnungsverh\u00e4ltnis von 1:4 erm\u00f6glicht k\u00fcrzere Belichtungszeiten und entlastet die \u00e4quatoriale Montierung.<\/li>\n<li>Integrierter Flattener, der komatische Aberrationen effektiv beseitigt und so f\u00fcr makellose Bilder sorgt.<\/li>\n<\/ul>\n<h3>Technische Spezifikationen von Askar ACL200<\/h3>\n<ul>\n<li><strong>Brennweite :<\/strong> 200 mm<\/li>\n<li><strong>Format :<\/strong> Vollformat<\/li>\n<li><strong>Aufbau des Objektivs :<\/strong> Drei Linsengruppen und sechs Elemente<\/li>\n<li><strong>Blendenlamellen :<\/strong> 10 St\u00fcck<\/li>\n<li><strong>Minimale \u00d6ffnung :<\/strong> f\/22<\/li>\n<li><strong>Minimale Fokussierungsentfernung :<\/strong> Etwa 3 m<\/li>\n<li><strong>Fokussierungsmodus :<\/strong> Manuell mit Grobeinstellung und mikrometrischer Anpassung (1 mm Mikrobewegung)<\/li>\n<li><strong>Filterdurchmesser :<\/strong> 82 mm<\/li>\n<li><strong>Abmessungen :<\/strong> Ca. \u00d8100 x 195 mm<\/li>\n<li><strong>Gesamtgewicht :<\/strong> 1,8 kg (mit Ring und Schwalbenschwanzplatte)<\/li>\n<\/ul>\n<h3>Schlussfolgerung<\/h3>\n<p>Der Askar ACL200 ist die perfekte Kombination aus Innovation und Praktikabilit\u00e4t und bietet ein Bilderlebnis in professioneller Qualit\u00e4t. Ob Amateur oder erfahrener Astrofotograf, das ACL200 garantiert Ihnen eine hochpr\u00e4zise Himmelserkundung und gestochen scharfe, detailreiche Bilder von der Erde bis zu den Sternen.<\/p>","protected":false},"excerpt":{"rendered":"<p>Pr\u00e9sentation de l\u2019Askar ACL200 L\u2019Askar ACL200 est le tout premier objectif astrophotographique professionnel de 200 mm au monde, con\u00e7u avec l\u2019apparence d\u2019un objectif d\u2019appareil photo ordinaire mais dot\u00e9 d\u2019une structure int\u00e9gr\u00e9e unique. Compact, l\u00e9ger et facile \u00e0 utiliser, l\u2019Askar ACL200 est sp\u00e9cialement pens\u00e9 pour optimiser la qualit\u00e9 des prises de vue du ciel \u00e9toil\u00e9, tout [&hellip;]<\/p>\n","protected":false},"featured_media":2978,"comment_status":"open","ping_status":"closed","template":"","meta":[],"product_brand":[382],"product_cat":[384,755],"product_tag":[],"class_list":{"0":"post-2979","1":"product","2":"type-product","3":"status-publish","4":"has-post-thumbnail","6":"product_brand-askar","7":"product_cat-lunettes_refracteurs","8":"product_cat-lunettes-apochromatiques","10":"first","11":"outofstock","12":"taxable","13":"shipping-taxable","14":"purchasable","15":"product-type-simple"},"_links":{"self":[{"href":"https:\/\/deep-space-astronomy.ch\/de\/wp-json\/wp\/v2\/product\/2979","targetHints":{"allow":["GET"]}}],"collection":[{"href":"https:\/\/deep-space-astronomy.ch\/de\/wp-json\/wp\/v2\/product"}],"about":[{"href":"https:\/\/deep-space-astronomy.ch\/de\/wp-json\/wp\/v2\/types\/product"}],"replies":[{"embeddable":true,"href":"https:\/\/deep-space-astronomy.ch\/de\/wp-json\/wp\/v2\/comments?post=2979"}],"wp:featuredmedia":[{"embeddable":true,"href":"https:\/\/deep-space-astronomy.ch\/de\/wp-json\/wp\/v2\/media\/2978"}],"wp:attachment":[{"href":"https:\/\/deep-space-astronomy.ch\/de\/wp-json\/wp\/v2\/media?parent=2979"}],"wp:term":[{"taxonomy":"product_brand","embeddable":true,"href":"https:\/\/deep-space-astronomy.ch\/de\/wp-json\/wp\/v2\/product_brand?post=2979"},{"taxonomy":"product_cat","embeddable":true,"href":"https:\/\/deep-space-astronomy.ch\/de\/wp-json\/wp\/v2\/product_cat?post=2979"},{"taxonomy":"product_tag","embeddable":true,"href":"https:\/\/deep-space-astronomy.ch\/de\/wp-json\/wp\/v2\/product_tag?post=2979"}],"curies":[{"name":"wp","href":"https:\/\/api.w.org\/{rel}","templated":true}]}}