{"id":2982,"date":"2025-03-06T16:45:40","date_gmt":"2025-03-06T15:45:40","guid":{"rendered":"https:\/\/deep-space-astronomy.geekworkers.dev\/produit\/v\/"},"modified":"2025-06-03T10:38:56","modified_gmt":"2025-06-03T08:38:56","slug":"v","status":"publish","type":"product","link":"https:\/\/deep-space-astronomy.ch\/de\/produkt\/v\/","title":{"rendered":"V"},"content":{"rendered":"<h3>Askar V: Ein Teleskop der neuen Generation<\/h3>\n<p>Das Askar V ist ein Teleskop, das entwickelt wurde, um die Bed\u00fcrfnisse von Astronomie-Enthusiasten zu erf\u00fcllen, egal ob sie Anf\u00e4nger oder erfahrene Astronomen sind. Was dieses Instrument so einzigartig macht, ist sein austauschbares Astrographensystem - eine Weltneuheit! Das bedeutet, dass Sie verschiedene Linsen und Zubeh\u00f6rteile anpassen k\u00f6nnen, um genau die Art von Bild oder Beobachtung zu erhalten, die Sie sich w\u00fcnschen.<\/p>\n<h3>1. Zwei austauschbare Ziele<\/h3>\n<p>Die Askar V wird mit zwei Wechselobjektiven geliefert:<\/p>\n<ul>\n<li><strong>60-mm-Objektiv :<\/strong> Breites Sichtfeld, ideal, um gro\u00dfe Teile des Himmels einzufangen.<\/li>\n<li><strong>80-mm-Objektiv :<\/strong> H\u00f6here Aufl\u00f6sung, um feinere Details an weit entfernten Objekten zu beobachten.<\/li>\n<\/ul>\n<p>Diese Objektive verwenden ein APO (Apochromatisches) Triplet-Design mit drei Linsen, von denen zwei aus ED-Glas (Extra-low Dispersion) bestehen, um die chromatische Aberration zu minimieren.<\/p>\n<h3>2. Zubeh\u00f6r f\u00fcr die Einstellung des Brennpunkts und des Bildes<\/h3>\n<ul>\n<li><strong>Der Reducer :<\/strong> Erweitert das Sichtfeld und verk\u00fcrzt die Belichtungszeit.\n<ul>\n<li>60mm: 270mm Brennweite, f\/4.5<\/li>\n<li>80mm: 384mm Brennweite, f\/4.8<\/li>\n<\/ul>\n<\/li>\n<li><strong>Der Schmeichler :<\/strong> Korrigiert die Feldkr\u00fcmmung f\u00fcr sch\u00e4rfere Bilder.\n<ul>\n<li>60mm: 360mm Brennweite, f\/6<\/li>\n<li>80mm: 495mm Brennweite, f\/6.18<\/li>\n<\/ul>\n<\/li>\n<li><strong>Der Extender :<\/strong> Erh\u00f6ht die Brennweite, um kleinere Objekte heranzuzoomen.\n<ul>\n<li>60mm: 446mm Brennweite, f\/7.43<\/li>\n<li>80mm: 600mm Brennweite, f\/7.5<\/li>\n<\/ul>\n<\/li>\n<\/ul>\n<h3>3. Praktische Funktionen und Zubeh\u00f6r<\/h3>\n<ul>\n<li>360\u00b0-Rotator zur Anpassung des Winkels.<\/li>\n<li>Forscherdatenbank (Vixen-kompatibel).<\/li>\n<li>Kappe des Fokussierrads.<\/li>\n<li>1,25\"- und 2\"-Adapter mit Gewinde f\u00fcr 2\"-Filter.<\/li>\n<li>Multifunktionsgriff und einziehbare Sonnenblende.<\/li>\n<\/ul>\n<h3>4. Gestaltung und Qualit\u00e4t<\/h3>\n<p>Elegantes Design in Elfenbeinwei\u00df und Silber, mit hochpr\u00e4ziser Fertigung f\u00fcr optimale Leistung unter dem Sternenhimmel.<\/p>\n<h3>5. Zusammengefasste technische Daten<\/h3>\n<ul>\n<li><strong>60-mm-Objektiv :<\/strong>\n<ul>\n<li>Native Brennweite: 360 mm, f\/6<\/li>\n<li>Gewicht: 2.8kg<\/li>\n<li>L\u00e4nge: 318.5mm<\/li>\n<\/ul>\n<\/li>\n<li><strong>80-mm-Objektiv :<\/strong>\n<ul>\n<li>Native Brennweite: 500 mm, f\/6,25<\/li>\n<li>Gewicht: 3.4kg<\/li>\n<li>L\u00e4nge: 411mm (zusammengezogen) \/ 479mm (ausgefahrene Sonnenblende)<\/li>\n<\/ul>\n<\/li>\n<li><strong>Zubeh\u00f6r :<\/strong>\n<ul>\n<li>Reduktionsmittel: 0.44kg<\/li>\n<li>Flattener: 0.48kg<\/li>\n<li>Expander: 0.46kg<\/li>\n<\/ul>\n<\/li>\n<\/ul>\n<h3>Warum sollten Sie sich f\u00fcr den Askar V entscheiden?<\/h3>\n<p>Mit seinem Wechselsystem bietet das Askar V eine un\u00fcbertroffene Flexibilit\u00e4t, die es erm\u00f6glicht, das Instrument an die speziellen Bed\u00fcrfnisse von Astronomen und Astrofotografen anzupassen.<\/p>\n<h3>Zusammenfassung der Konfigurationen<\/h3>\n<ul>\n<li><strong>Askar V 60mm :<\/strong> Brennweite 360 mm, f\/6, Gewicht 2,8 kg.<\/li>\n<li><strong>Askar V 60mm + Reducer :<\/strong> 270 mm Brennweite, f\/4,5.<\/li>\n<li><strong>Askar V 60mm + Flatteneur :<\/strong> Brennweite 360 mm, f\/6.<\/li>\n<li><strong>Askar V 60mm + Extender :<\/strong> Brennweite 446 mm, f\/7,43.<\/li>\n<li><strong>Askar V 80mm :<\/strong> Brennweite 500 mm, f\/6,25, Gewicht 3,4 kg.<\/li>\n<li><strong>Askar V 80mm + Reducer :<\/strong> Brennweite von 384 mm, f\/4,8.<\/li>\n<li><strong>Askar V 80mm + Flatteneur :<\/strong> 495 mm Brennweite, f\/6,18.<\/li>\n<li><strong>Askar V 80mm + Extender :<\/strong> Brennweite 600 mm, f\/7,5.<\/li>\n<\/ul>\n<p>Alles in allem ist der Askar V eine kosteng\u00fcnstige und leistungsf\u00e4hige Wahl, die sich weiterentwickeln l\u00e4sst und so konzipiert ist, dass sie Astronomen auf jeder Etappe ihrer Himmelserkundung begleitet.<\/p>","protected":false},"excerpt":{"rendered":"<p>L\u2019Askar V : Un T\u00e9lescope de Nouvelle G\u00e9n\u00e9ration L\u2019Askar V est un t\u00e9lescope con\u00e7u pour r\u00e9pondre aux besoins des passionn\u00e9s d\u2019astronomie, qu\u2019ils soient d\u00e9butants ou exp\u00e9riment\u00e9s. Ce qui rend cet instrument unique, c\u2019est son syst\u00e8me d\u2019astrographe interchangeable, une premi\u00e8re mondiale ! Cela signifie que vous pouvez adapter diff\u00e9rentes lentilles et accessoires pour obtenir exactement le [&hellip;]<\/p>\n","protected":false},"featured_media":2981,"comment_status":"open","ping_status":"closed","template":"","meta":[],"product_brand":[382],"product_cat":[384,755],"product_tag":[],"class_list":{"0":"post-2982","1":"product","2":"type-product","3":"status-publish","4":"has-post-thumbnail","6":"product_brand-askar","7":"product_cat-lunettes_refracteurs","8":"product_cat-lunettes-apochromatiques","10":"first","11":"on_supplier","12":"taxable","13":"shipping-taxable","14":"purchasable","15":"product-type-simple"},"_links":{"self":[{"href":"https:\/\/deep-space-astronomy.ch\/de\/wp-json\/wp\/v2\/product\/2982","targetHints":{"allow":["GET"]}}],"collection":[{"href":"https:\/\/deep-space-astronomy.ch\/de\/wp-json\/wp\/v2\/product"}],"about":[{"href":"https:\/\/deep-space-astronomy.ch\/de\/wp-json\/wp\/v2\/types\/product"}],"replies":[{"embeddable":true,"href":"https:\/\/deep-space-astronomy.ch\/de\/wp-json\/wp\/v2\/comments?post=2982"}],"wp:featuredmedia":[{"embeddable":true,"href":"https:\/\/deep-space-astronomy.ch\/de\/wp-json\/wp\/v2\/media\/2981"}],"wp:attachment":[{"href":"https:\/\/deep-space-astronomy.ch\/de\/wp-json\/wp\/v2\/media?parent=2982"}],"wp:term":[{"taxonomy":"product_brand","embeddable":true,"href":"https:\/\/deep-space-astronomy.ch\/de\/wp-json\/wp\/v2\/product_brand?post=2982"},{"taxonomy":"product_cat","embeddable":true,"href":"https:\/\/deep-space-astronomy.ch\/de\/wp-json\/wp\/v2\/product_cat?post=2982"},{"taxonomy":"product_tag","embeddable":true,"href":"https:\/\/deep-space-astronomy.ch\/de\/wp-json\/wp\/v2\/product_tag?post=2982"}],"curies":[{"name":"wp","href":"https:\/\/api.w.org\/{rel}","templated":true}]}}