{"id":2985,"date":"2025-03-06T16:46:14","date_gmt":"2025-03-06T15:46:14","guid":{"rendered":"https:\/\/deep-space-astronomy.geekworkers.dev\/produit\/71f-flat-field\/"},"modified":"2026-02-16T18:53:59","modified_gmt":"2026-02-16T17:53:59","slug":"71f-flat-field","status":"publish","type":"product","link":"https:\/\/deep-space-astronomy.ch\/de\/produkt\/71f-flat-field\/","title":{"rendered":"Askar 71F Flat-Field APO"},"content":{"rendered":"<h2 style=\"text-align: center;\">Askar 71F Flat-Field APO - Quadruplet 71 mm Astrograf<\/h2>\n<p>Die <strong>Sharpstar \/ Askar 71F Flat-Field APO<\/strong> ist ein ultra-vielseitiges astronomisches Instrument, das Folgendes bietet <strong>visuelle und fotografische Leistungen auf hohem Niveau<\/strong> in einem kompakten, leicht zu transportierenden Tubus. Dank seines fortschrittlichen optischen Designs erm\u00f6glicht es ein perfekt korrigiertes Feld bis zum Vollformat (<em>Vollrahmen<\/em>), ohne dass Sie eine externe Feldkorrektur ben\u00f6tigen.<\/p>\n<hr \/>\n<h3>Apochromatische Quadruplet-Optik - flaches Feld und pr\u00e4zise Farben<\/h3>\n<p>Die Linse des 71F nimmt eine <strong>quadruplet air-spaced APO design<\/strong> einschlie\u00dflich eines ED-Glaselements,<br \/>\nder chromatische Aberrationen wirksam reduziert und gleichzeitig eine hohe Aufl\u00f6sung und einen ausgezeichneten Kontrast beibeh\u00e4lt.<br \/>\nDas System produziert einen <strong>korrigierter Bildkreis von 44 mm<\/strong>, Dies erm\u00f6glicht die direkte Verwendung von APS-C-Sensoren.<br \/>\nund Vollformat ohne zus\u00e4tzlichen Flattener.<\/p>\n<ul>\n<li><strong>Er\u00f6ffnung<\/strong> : 71 mm<\/li>\n<li><strong>Brennweite<\/strong> : 490 mm<\/li>\n<li><strong>Fokusbericht<\/strong> : f\/6.9<\/li>\n<li><strong>Ziel<\/strong> : APO-Vierlinge mit 1 ED-Element<\/li>\n<li><strong>Korrigierter Bildkreis<\/strong> : 44 mm<\/li>\n<\/ul>\n<hr \/>\n<h3>Inklusive Zubeh\u00f6r - bereit zum Beobachten und Abbilden<\/h3>\n<p>Der 71F wird mit einem kompletten Zubeh\u00f6rpaket geliefert, was das sofortige Auspacken und die Inbetriebnahme besonders praktisch macht :<\/p>\n<ul>\n<li><strong>Optischer Tubus Askar 71F<\/strong> mit einziehbarem Nebelf\u00e4nger<\/li>\n<li><strong>Satz Befestigungsschellen<\/strong> + <strong>Vixen-Baumscheibe 230 mm<\/strong> (Vixen\/Dovetail)<\/li>\n<li><strong>360\u00b0-Rotator<\/strong> an der R\u00fcckseite des Okularhalters<\/li>\n<li><strong>Okularhalter 2.4\u2033 R&amp;P<\/strong> mit doppelter Geschwindigkeit mit Feineinstellung 1:10<\/li>\n<li><strong>Fotografische Adapter (4 St\u00fcck)<\/strong> f\u00fcr Kameras und DSLRs<\/li>\n<li><strong>1.25\u2033 45\u00b0 Gleichrichterprisma<\/strong> f\u00fcr komfortable terrestrische\/astronomische Beobachtung<\/li>\n<li><strong>Inklusive Okulare<\/strong> : 8 mm (60\u00d7) und 20 mm (25\u00d7)<\/li>\n<li><strong>Halterungen f\u00fcr Sucher<\/strong> leicht zug\u00e4nglich<\/li>\n<\/ul>\n<p>Mit diesem Zubeh\u00f6r k\u00f6nnen Sie den 71F sofort f\u00fcr die visuelle Beobachtung, Astrofotografie oder terrestrische Fotografie verwenden.<\/p>\n<hr \/>\n<h3>Mechanisches Design f\u00fcr den Gebrauch gedacht<\/h3>\n<p>Bei der Konstruktion des 71F liegt der Schwerpunkt auf Tragbarkeit und Man\u00f6vrierf\u00e4higkeit :<\/p>\n<ul>\n<li><strong>CNC-gefr\u00e4stes Aluminiumrohr<\/strong> mit Antireflexbeschichtung auf der Innenseite<\/li>\n<li><strong>Einziehbarer Nebelf\u00e4nger<\/strong> um den Platzbedarf beim Transport zu verringern<\/li>\n<li><strong>Schneller Wechsel zwischen Bild- und Fotomodus<\/strong> dank der mitgelieferten Adapter<\/li>\n<li><strong>Gewicht Inhalt<\/strong> : ~2.5 kg (netto), ~3 kg mit Schellen und Platte<\/li>\n<li><strong>Focuser 2.4\u2033 robust<\/strong> schwere Zubeh\u00f6rteile ohne Biegen tragen<\/li>\n<\/ul>\n<p>Die starke mechanische Ergonomie des 71F in Kombination mit seiner optischen Qualit\u00e4t macht es auch f\u00fcr anspruchsvolle Anwender zu einer relevanten Wahl.<\/p>\n<hr \/>\n<h3>Technische Daten<\/h3>\n<table border=\"1\" cellspacing=\"0\" cellpadding=\"6\">\n<tbody>\n<tr>\n<td><strong>Er\u00f6ffnung<\/strong><\/td>\n<td>71 mm<\/td>\n<\/tr>\n<tr>\n<td><strong>Brennweite<\/strong><\/td>\n<td>490 mm<\/td>\n<\/tr>\n<tr>\n<td><strong>Fokusbericht<\/strong><\/td>\n<td>f\/6.9<\/td>\n<\/tr>\n<tr>\n<td><strong>Ziel<\/strong><\/td>\n<td>Quadruplet air-spaced APO (1\u00d7 ED)<\/td>\n<\/tr>\n<tr>\n<td><strong>Korrigierter Bildkreis<\/strong><\/td>\n<td>44 mm<\/td>\n<\/tr>\n<tr>\n<td><strong>Fokussieren<\/strong><\/td>\n<td>2.4\u2033 R&amp;P dual speed mit 360\u00b0-Rotator<\/td>\n<\/tr>\n<tr>\n<td><strong>Inklusive Zubeh\u00f6r<\/strong><\/td>\n<td>8 mm + 20 mm Okulare, 45\u00b0-Prisma, Fotoadapter<\/td>\n<\/tr>\n<tr>\n<td><strong>Nettogewicht<\/strong><\/td>\n<td>~2.5 kg<\/td>\n<\/tr>\n<tr>\n<td><strong>Bruttogewicht<\/strong><\/td>\n<td>~3.0 kg (mit Schellen und Platte)<\/td>\n<\/tr>\n<tr>\n<td><strong>Hintere Verbindung<\/strong><\/td>\n<td>M64\/M54\/M48 adaptiv<\/td>\n<\/tr>\n<\/tbody>\n<\/table>\n<hr \/>\n<h3>Warum sollten Sie sich f\u00fcr das Sharpstar \/ Askar 71F Flat-Field APO entscheiden?<\/h3>\n<ul>\n<li>Kompaktes, transportables Format f\u00fcr Reisen oder schnelle Ausfl\u00fcge<\/li>\n<li>Perfekt korrigiertes Feld f\u00fcr Vollformat ohne zus\u00e4tzliche Blendungen<\/li>\n<li>Inklusive Zubeh\u00f6r f\u00fcr visuelle Beobachtung und Astrofotografie ab der Installation<\/li>\n<li>APO-Objektiv mit vierfacher Linse f\u00fcr eine \u00fcberragende Bildqualit\u00e4t<\/li>\n<li>Robuste Mechanik und pr\u00e4ziser Fokussierer f\u00fcr intensiven Gebrauch<\/li>\n<\/ul>\n<p>Die <strong>Sharpstar \/ Askar 71F<\/strong> ist eine ideale L\u00f6sung f\u00fcr Hobbyisten, die <strong>den tiefen Himmel erforschen<\/strong>,<br \/>\nbreite oder weit entfernte Bilder einfangen oder einfach nur ein komplettes, sofort einsatzbereites APO-Teleskop genie\u00dfen.<\/p>","protected":false},"excerpt":{"rendered":"<p>Askar 71F Flat-Field APO \u2013 Quadruplet 71 mm Astrographe Le Sharpstar \/ Askar 71F Flat-Field APO est un instrument d\u2019astronomie ultra-polyvalent, con\u00e7u pour offrir des performances visuelles et photographiques de haut niveau dans un tube compact et facile \u00e0 transporter. Gr\u00e2ce \u00e0 son design optique avanc\u00e9, il permet d\u2019obtenir un champ parfaitement corrig\u00e9 jusqu\u2019au format [&hellip;]<\/p>\n","protected":false},"featured_media":2984,"comment_status":"open","ping_status":"closed","template":"","meta":[],"product_brand":[382],"product_cat":[384,755],"product_tag":[],"class_list":{"0":"post-2985","1":"product","2":"type-product","3":"status-publish","4":"has-post-thumbnail","6":"product_brand-askar","7":"product_cat-lunettes_refracteurs","8":"product_cat-lunettes-apochromatiques","10":"first","11":"on_supplier","12":"taxable","13":"shipping-taxable","14":"purchasable","15":"product-type-simple"},"_links":{"self":[{"href":"https:\/\/deep-space-astronomy.ch\/de\/wp-json\/wp\/v2\/product\/2985","targetHints":{"allow":["GET"]}}],"collection":[{"href":"https:\/\/deep-space-astronomy.ch\/de\/wp-json\/wp\/v2\/product"}],"about":[{"href":"https:\/\/deep-space-astronomy.ch\/de\/wp-json\/wp\/v2\/types\/product"}],"replies":[{"embeddable":true,"href":"https:\/\/deep-space-astronomy.ch\/de\/wp-json\/wp\/v2\/comments?post=2985"}],"wp:featuredmedia":[{"embeddable":true,"href":"https:\/\/deep-space-astronomy.ch\/de\/wp-json\/wp\/v2\/media\/2984"}],"wp:attachment":[{"href":"https:\/\/deep-space-astronomy.ch\/de\/wp-json\/wp\/v2\/media?parent=2985"}],"wp:term":[{"taxonomy":"product_brand","embeddable":true,"href":"https:\/\/deep-space-astronomy.ch\/de\/wp-json\/wp\/v2\/product_brand?post=2985"},{"taxonomy":"product_cat","embeddable":true,"href":"https:\/\/deep-space-astronomy.ch\/de\/wp-json\/wp\/v2\/product_cat?post=2985"},{"taxonomy":"product_tag","embeddable":true,"href":"https:\/\/deep-space-astronomy.ch\/de\/wp-json\/wp\/v2\/product_tag?post=2985"}],"curies":[{"name":"wp","href":"https:\/\/api.w.org\/{rel}","templated":true}]}}