{"id":2988,"date":"2025-03-06T16:46:51","date_gmt":"2025-03-06T15:46:51","guid":{"rendered":"https:\/\/deep-space-astronomy.geekworkers.dev\/produit\/32-guide-scope\/"},"modified":"2025-06-03T10:38:56","modified_gmt":"2025-06-03T08:38:56","slug":"32-guide-scope","status":"publish","type":"product","link":"https:\/\/deep-space-astronomy.ch\/de\/produkt\/32-guide-scope\/","title":{"rendered":"32 Scope Guide"},"content":{"rendered":"<h3>Vorstellung des 32mm F4 Guide Scope von Askar<\/h3>\n<p>Das 32mm F4 Guide Scope von Askar ist die optimale Wahl f\u00fcr Astrofotografie-Enthusiasten, die eine pr\u00e4zise F\u00fchrung f\u00fcr ihre Langzeitbelichtungssessions suchen. Es wurde f\u00fcr hohe Leistung konzipiert und garantiert dank seiner pr\u00e4zisen F\u00fchrungsf\u00e4higkeit eine verbesserte Bildqualit\u00e4t.<\/p>\n<h3>Hauptmerkmale<\/h3>\n<ul>\n<li><strong>Aperture :<\/strong> 32 mm<\/li>\n<li><strong>Brennweite :<\/strong> 128 mm<\/li>\n<li><strong>Fokusbericht :<\/strong> f\/4<\/li>\n<li><strong>Art des Objektivs :<\/strong> doublet<\/li>\n<li><strong>Gesamtgewicht der OTA :<\/strong> 0,3 kg<\/li>\n<li><strong>Gesamtl\u00e4nge :<\/strong> 137 mm<\/li>\n<\/ul>\n<h3>Vorteile und Design<\/h3>\n<ul>\n<li>Leicht, kompakt und stabil: Wiegt nur 303 g und l\u00e4sst sich somit unter allen Umst\u00e4nden leicht aufstellen und verwenden.<\/li>\n<li>Optimierte Struktur mit einem Dublett von Objektiven, die Stabilit\u00e4t und hohe Genauigkeit bei der F\u00fchrung gew\u00e4hrleistet.<\/li>\n<li>Feinjustierung auf der X- und Y-Achse garantiert eine perfekte Ausrichtung f\u00fcr hochwertige Bildergebnisse.<\/li>\n<li>Integrierter Helixfokus f\u00fcr eine fl\u00fcssige und intuitive Bedienung.<\/li>\n<li>Kompatibel mit den mitgelieferten Adaptern: ein 1,25-Zoll-Adapter und ein M42-Gewindeadapter f\u00fcr den einfachen Anschluss an Ihr Bildgebungssystem.<\/li>\n<\/ul>\n<h3>\u00c4sthetische Optionen<\/h3>\n<ul>\n<li>Erh\u00e4ltlich in Schwarz und Silber : Das schwarze Modell hat eine matte Oberfl\u00e4che f\u00fcr einen dezenten Stil, w\u00e4hrend das silberne Modell eine strukturierte Oberfl\u00e4che f\u00fcr ein technischeres Aussehen bietet.<\/li>\n<\/ul>\n<h3>Im Paket enthalten<\/h3>\n<ul>\n<li>Hauptk\u00f6rper<\/li>\n<li>Handbuch<\/li>\n<li>Adapter M42x0,75<\/li>\n<li>1,25-Zoll-Adapter<\/li>\n<\/ul>\n<h3>Zus\u00e4tzliche St\u00e4rken<\/h3>\n<ul>\n<li>Metalldesign f\u00fcr mehr Haltbarkeit<\/li>\n<li>Basis f\u00fcr Sucherhalterung<\/li>\n<li>Feinjustierung auf der X- und Y-Achse f\u00fcr optimale Genauigkeit<\/li>\n<\/ul>\n<h3>Schlussfolgerung<\/h3>\n<p>Das 32mm F4 Guide Scope von Askar ist eine hervorragende F\u00fchrungsausr\u00fcstung f\u00fcr begeisterte Astronomen, die tiefe Bilder des Himmels einfangen m\u00f6chten. Seine Kompaktheit, Robustheit und Pr\u00e4zision machen es zu einem unverzichtbaren Werkzeug, um Ihre Astrofotografie-Sessions zu optimieren.<\/p>","protected":false},"excerpt":{"rendered":"<p>Pr\u00e9sentation du 32mm F4 Guide Scope d\u2019Askar Le 32mm F4 Guide Scope d\u2019Askar est un choix optimal pour les amateurs d\u2019astrophotographie cherchant un guidage pr\u00e9cis pour leurs sessions de longue exposition. Con\u00e7u pour des performances \u00e9lev\u00e9es, il garantit une qualit\u00e9 d\u2019imagerie am\u00e9lior\u00e9e gr\u00e2ce \u00e0 sa capacit\u00e9 de guidage de pr\u00e9cision. Caract\u00e9ristiques principales Aperture : 32 [&hellip;]<\/p>\n","protected":false},"featured_media":2987,"comment_status":"open","ping_status":"closed","template":"","meta":[],"product_brand":[382],"product_cat":[384,755],"product_tag":[],"class_list":{"0":"post-2988","1":"product","2":"type-product","3":"status-publish","4":"has-post-thumbnail","6":"product_brand-askar","7":"product_cat-lunettes_refracteurs","8":"product_cat-lunettes-apochromatiques","10":"first","11":"on_supplier","12":"taxable","13":"shipping-taxable","14":"purchasable","15":"product-type-simple"},"_links":{"self":[{"href":"https:\/\/deep-space-astronomy.ch\/de\/wp-json\/wp\/v2\/product\/2988","targetHints":{"allow":["GET"]}}],"collection":[{"href":"https:\/\/deep-space-astronomy.ch\/de\/wp-json\/wp\/v2\/product"}],"about":[{"href":"https:\/\/deep-space-astronomy.ch\/de\/wp-json\/wp\/v2\/types\/product"}],"replies":[{"embeddable":true,"href":"https:\/\/deep-space-astronomy.ch\/de\/wp-json\/wp\/v2\/comments?post=2988"}],"wp:featuredmedia":[{"embeddable":true,"href":"https:\/\/deep-space-astronomy.ch\/de\/wp-json\/wp\/v2\/media\/2987"}],"wp:attachment":[{"href":"https:\/\/deep-space-astronomy.ch\/de\/wp-json\/wp\/v2\/media?parent=2988"}],"wp:term":[{"taxonomy":"product_brand","embeddable":true,"href":"https:\/\/deep-space-astronomy.ch\/de\/wp-json\/wp\/v2\/product_brand?post=2988"},{"taxonomy":"product_cat","embeddable":true,"href":"https:\/\/deep-space-astronomy.ch\/de\/wp-json\/wp\/v2\/product_cat?post=2988"},{"taxonomy":"product_tag","embeddable":true,"href":"https:\/\/deep-space-astronomy.ch\/de\/wp-json\/wp\/v2\/product_tag?post=2988"}],"curies":[{"name":"wp","href":"https:\/\/api.w.org\/{rel}","templated":true}]}}