{"id":2991,"date":"2025-03-06T16:47:23","date_gmt":"2025-03-06T15:47:23","guid":{"rendered":"https:\/\/deep-space-astronomy.geekworkers.dev\/produit\/52-guide-scope\/"},"modified":"2025-06-03T10:38:56","modified_gmt":"2025-06-03T08:38:56","slug":"52-guide-scope","status":"publish","type":"product","link":"https:\/\/deep-space-astronomy.ch\/de\/produkt\/52-guide-scope\/","title":{"rendered":"52 Scope Guide"},"content":{"rendered":"<h3>Vorstellung des 52mm F4 Guide Scope von Askar<\/h3>\n<p>Das 52mm F4 Guide Scope von Askar wurde f\u00fcr Astrofotografie-Enthusiasten entwickelt, die eine pr\u00e4zise F\u00fchrung mit einem gro\u00dfen Sichtfeld w\u00fcnschen. Dieses Guide Scope ist optimiert, um eine verbesserte Abbildungsqualit\u00e4t zu bieten, ideal f\u00fcr lange Belichtungszeiten und visuelle Beobachtung.<\/p>\n<h3>Hauptmerkmale<\/h3>\n<ul>\n<li><strong>Aperture :<\/strong> 52 mm<\/li>\n<li><strong>Brennweite :<\/strong> 208 mm<\/li>\n<li><strong>Fokusbericht :<\/strong> f\/4<\/li>\n<li><strong>Art des Objektivs :<\/strong> doublet<\/li>\n<li><strong>Gesamtgewicht der OTA :<\/strong> 0,63 kg<\/li>\n<li><strong>Gesamtl\u00e4nge :<\/strong> 212 mm<\/li>\n<\/ul>\n<h3>Vorteile und Design<\/h3>\n<ul>\n<li>Das leichte und kompakte 52mm F4 Guide Scope von Askar wiegt nur 631g und erm\u00f6glicht eine einfache Handhabung bei gleichzeitig hoher Stabilit\u00e4t.<\/li>\n<li>Das Dual-Linsensystem und die Feinjustierung in der X- und Y-Achse sorgen f\u00fcr eine hohe Genauigkeit f\u00fcr eine erstklassige F\u00fchrung.<\/li>\n<li>Mit einer um 164 % vergr\u00f6\u00dferten \u00d6ffnungsfl\u00e4che im Vergleich zum 32-mm-Modell f\u00e4ngt dieses Guide-Scope mehr Licht ein und erreicht eine Grenzmagnitude von 10,4.<\/li>\n<li>Dieses Modell verf\u00fcgt \u00fcber einen integrierten Helix-Fokus, der f\u00fcr eine intuitive Bedienung manuell eingestellt werden kann.<\/li>\n<li>Sie ist mit den mitgelieferten 1,25\"- und M42-Adaptern kompatibel, erf\u00fcllt die Anforderungen der Astrofotografie und erleichtert den Anschluss an eine Bildkette.<\/li>\n<\/ul>\n<h3>\u00c4sthetische Optionen<\/h3>\n<ul>\n<li>Erh\u00e4ltlich in Schwarz und Silber, verleihen das sorgf\u00e4ltige Design und die strukturierten Oberfl\u00e4chen diesem Guide-Scope ein modernes und technisches Aussehen.<\/li>\n<li>Das schwarze Modell weist einen schlichten Ton auf, w\u00e4hrend das silberne Modell durch seine Metallbeschichtung einen technischen Touch verleiht.<\/li>\n<\/ul>\n<h3>Im Paket enthalten<\/h3>\n<ul>\n<li>Hauptk\u00f6rper<\/li>\n<li>Handbuch<\/li>\n<li>Adapter M42x0,75<\/li>\n<li>1,25-Zoll-Adapter<\/li>\n<\/ul>\n<h3>Zus\u00e4tzliche St\u00e4rken<\/h3>\n<ul>\n<li>Basis im Vixen-Stil f\u00fcr eine einfache Befestigung<\/li>\n<li>Langlebiges Metalldesign<\/li>\n<li>Halterung f\u00fcr Sucherbasis<\/li>\n<li>Feinjustierung auf der X- und Y-Achse f\u00fcr optimale Genauigkeit<\/li>\n<\/ul>\n<h3>Schlussfolgerung<\/h3>\n<p>Das 52mm F4 Guide Scope von Askar ist ein robustes und vielseitiges F\u00fchrungsinstrument, ideal f\u00fcr Amateur- und professionelle Astronomen, die ihre Deep-Sky-Bildgebungs- und Beobachtungssitzungen optimieren m\u00f6chten.<\/p>","protected":false},"excerpt":{"rendered":"<p>Pr\u00e9sentation du 52mm F4 Guide Scope d\u2019Askar Le 52mm F4 Guide Scope d\u2019Askar est con\u00e7u pour les passionn\u00e9s d\u2019astrophotographie souhaitant un guidage pr\u00e9cis avec un large champ de vision. Ce guide-scope est optimis\u00e9 pour offrir une qualit\u00e9 d\u2019imagerie am\u00e9lior\u00e9e, id\u00e9ale pour les longues expositions et l\u2019observation visuelle. Caract\u00e9ristiques principales Aperture : 52 mm Longueur focale [&hellip;]<\/p>\n","protected":false},"featured_media":2990,"comment_status":"open","ping_status":"closed","template":"","meta":[],"product_brand":[382],"product_cat":[384,755],"product_tag":[],"class_list":{"0":"post-2991","1":"product","2":"type-product","3":"status-publish","4":"has-post-thumbnail","6":"product_brand-askar","7":"product_cat-lunettes_refracteurs","8":"product_cat-lunettes-apochromatiques","10":"first","11":"on_supplier","12":"taxable","13":"shipping-taxable","14":"purchasable","15":"product-type-simple"},"_links":{"self":[{"href":"https:\/\/deep-space-astronomy.ch\/de\/wp-json\/wp\/v2\/product\/2991","targetHints":{"allow":["GET"]}}],"collection":[{"href":"https:\/\/deep-space-astronomy.ch\/de\/wp-json\/wp\/v2\/product"}],"about":[{"href":"https:\/\/deep-space-astronomy.ch\/de\/wp-json\/wp\/v2\/types\/product"}],"replies":[{"embeddable":true,"href":"https:\/\/deep-space-astronomy.ch\/de\/wp-json\/wp\/v2\/comments?post=2991"}],"wp:featuredmedia":[{"embeddable":true,"href":"https:\/\/deep-space-astronomy.ch\/de\/wp-json\/wp\/v2\/media\/2990"}],"wp:attachment":[{"href":"https:\/\/deep-space-astronomy.ch\/de\/wp-json\/wp\/v2\/media?parent=2991"}],"wp:term":[{"taxonomy":"product_brand","embeddable":true,"href":"https:\/\/deep-space-astronomy.ch\/de\/wp-json\/wp\/v2\/product_brand?post=2991"},{"taxonomy":"product_cat","embeddable":true,"href":"https:\/\/deep-space-astronomy.ch\/de\/wp-json\/wp\/v2\/product_cat?post=2991"},{"taxonomy":"product_tag","embeddable":true,"href":"https:\/\/deep-space-astronomy.ch\/de\/wp-json\/wp\/v2\/product_tag?post=2991"}],"curies":[{"name":"wp","href":"https:\/\/api.w.org\/{rel}","templated":true}]}}