{"id":2997,"date":"2025-03-06T16:48:23","date_gmt":"2025-03-06T15:48:23","guid":{"rendered":"https:\/\/deep-space-astronomy.geekworkers.dev\/produit\/50-edph\/"},"modified":"2025-06-03T10:39:03","modified_gmt":"2025-06-03T08:39:03","slug":"50-edph","status":"publish","type":"product","link":"https:\/\/deep-space-astronomy.ch\/de\/produkt\/50-edph\/","title":{"rendered":"50 EDPH"},"content":{"rendered":"<h3>Vorstellung von Sharpstar 50EDPH<\/h3>\n<p>Entdecken Sie den Sharpstar 50EDPH, einen hochwertigen, kompakten und vielseitigen Astrographen, der f\u00fcr Liebhaber der Astronomie und Himmelsfotografie entwickelt wurde. Mit einer \u00d6ffnung von 50 mm und einer Brennweite von 275 mm bietet dieser apochromatische Refraktor eine hervorragende Bildqualit\u00e4t und ist dabei unglaublich leicht und einfach zu transportieren. Ob Sie ein Anf\u00e4nger auf der Suche nach einem hochwertigen Instrument oder ein erfahrener Fotograf auf der Suche nach einer leistungsstarken Ausr\u00fcstung sind, der Sharpstar 50EDPH ist die perfekte Wahl f\u00fcr die t\u00e4gliche Beobachtung und Aufnahme von Bildern.<\/p>\n<h3>Apochromatische Triplett-Optik mit ED-Glas<\/h3>\n<ul>\n<li><strong>Optisches Design :<\/strong> Enth\u00e4lt zwei ED-Glaselemente, die chromatische Aberrationen wirksam reduzieren und f\u00fcr scharfe, farbtreue Bilder sorgen.<\/li>\n<li><strong>Korrektur von Aberrationen :<\/strong> Die Korrektur der chromatischen Aberration ist f\u00fcr ein Fernrohr dieser Gr\u00f6\u00dfe au\u00dfergew\u00f6hnlich gut und erm\u00f6glicht es, feinste Details zu beobachten und festzuhalten.<\/li>\n<\/ul>\n<h3>Vielseitigkeit und Tragbarkeit<\/h3>\n<ul>\n<li><strong>Gewicht :<\/strong> Nur 1 kg (einschlie\u00dflich Schwalbenschwanzplatte), f\u00fcr optimale Tragbarkeit.<\/li>\n<li><strong>Abmessungen :<\/strong> Gesamtl\u00e4nge von 196 mm (bei eingezogener Sonnenblende) erleichtert den Transport und die Aufbewahrung.<\/li>\n<li><strong>Einziehbare Sonnenblende :<\/strong> Erm\u00f6glicht eine weitere Reduzierung der Gr\u00f6\u00dfe f\u00fcr einen vereinfachten Transport.<\/li>\n<\/ul>\n<h3>Technische Eigenschaften<\/h3>\n<ul>\n<li><strong>Blende und Brennweite :<\/strong> 50 mm bzw. 275 mm und bietet mit einem Brennweitenverh\u00e4ltnis von 1:5,5 einen hervorragenden Kompromiss zwischen Helligkeit und Sch\u00e4rfe.<\/li>\n<li><strong>Visuelle Magnitudengrenze :<\/strong> Bis 10,3, ideal f\u00fcr die Beobachtung von Sternen und weniger hellen Himmelsobjekten.<\/li>\n<li><strong>Okularhalter :<\/strong> Doppelte Geschwindigkeit mit Feinabstimmung (1:10) f\u00fcr optimale Fokuskontrolle, mit einem Gesamthub von 60 mm.<\/li>\n<li><strong>Rotator :<\/strong> 360\u00b0 mit Feststellschraube, um den Blickwinkel einzustellen, ohne das gesamte Rohr zu bewegen.<\/li>\n<li><strong>Schwalbenschwanzplatte :<\/strong> 70 mm Vixen-Stil mit Gewindel\u00f6chern, die mit \u00e4quatorialen Montierungen und Stativen kompatibel sind.<\/li>\n<li><strong>Adapter hinten :<\/strong> 1,25\"-Adapter, der das Hinzuf\u00fcgen eines Okulars oder von Zubeh\u00f6r f\u00fcr die visuelle Beobachtung erm\u00f6glicht.<\/li>\n<\/ul>\n<h3>Optionales Reduzierst\u00fcck f\u00fcr hohe Flexibilit\u00e4t<\/h3>\n<ul>\n<li><strong>Brennweitenreduzierer :<\/strong> Optional verkleinert es das Brennweitenverh\u00e4ltnis auf 1:4,6 und die Brennweite auf 270 mm - perfekt, um gr\u00f6\u00dfere Felder einzufangen.<\/li>\n<li>Ausgestattet mit einem M48*0,75-Gewinde zur Montage von 2\"-Filtern, kompatibel mit dem APS-C-Format f\u00fcr noch mehr Vielseitigkeit.<\/li>\n<li>Das Fokussierungssystem verwendet eine luftgef\u00fcllte Vierfachstruktur und bietet dadurch erh\u00f6hte Stabilit\u00e4t und Genauigkeit.<\/li>\n<\/ul>\n<h3>Enthaltenes Zubeh\u00f6r<\/h3>\n<ul>\n<li>Verl\u00e4ngerungsrohr in zwei Abschnitten (je 5 cm).<\/li>\n<li>M48-Adapter, um das Hinzuf\u00fcgen von Zubeh\u00f6r zu erleichtern.<\/li>\n<li>70-mm-Schwalbenschwanzplatte im Vixen-Stil.<\/li>\n<\/ul>\n<h3>Ein robustes und elegantes Design<\/h3>\n<ul>\n<li>Ergonomisches Design und ein aus eloxiertem Aluminium gefertigtes Rohr sorgen f\u00fcr eine lange Haltbarkeit und intensive Nutzung, ohne Kompromisse bei der Qualit\u00e4t einzugehen.<\/li>\n<\/ul>\n<h3>Zusammenfassung der Highlights<\/h3>\n<ul>\n<li>Kompakt und leicht, ideal f\u00fcr die Astronomie unterwegs.<\/li>\n<li>Hochwertige Optik mit effektiver Korrektur von chromatischen Aberrationen.<\/li>\n<li>Praktisches Design f\u00fcr die visuelle Beobachtung und Astrofotografie.<\/li>\n<li>Inklusive Zubeh\u00f6r f\u00fcr eine vollst\u00e4ndige und anpassungsf\u00e4hige Konfiguration.<\/li>\n<\/ul>\n<h3>Schlussfolgerung<\/h3>\n<p>Der Sharpstar 50EDPH ist ein kompakter und leistungsstarker Astrograf, der sich perfekt f\u00fcr die Astrofotografie und Beobachtung eignet. Seine herausragende optische Qualit\u00e4t, seine Tragbarkeit und seine praktischen Funktionen machen ihn zur idealen Wahl f\u00fcr die Aufnahme detaillierter Bilder des Nachthimmels, egal ob Sie Anf\u00e4nger oder Fortgeschrittener sind.<\/p>","protected":false},"excerpt":{"rendered":"<p>Pr\u00e9sentation du Sharpstar 50EDPH D\u00e9couvrez le Sharpstar 50EDPH, un astrographe de haute qualit\u00e9, compact et polyvalent, con\u00e7u pour les amateurs d\u2019astronomie et de photographie c\u00e9leste. Avec une ouverture de 50mm et une focale de 275mm, ce r\u00e9fracteur apochromatique offre une qualit\u00e9 d\u2019image exceptionnelle tout en \u00e9tant incroyablement l\u00e9ger et facile \u00e0 transporter. Que vous soyez [&hellip;]<\/p>\n","protected":false},"featured_media":2996,"comment_status":"open","ping_status":"closed","template":"","meta":[],"product_brand":[386],"product_cat":[384,755],"product_tag":[],"class_list":{"0":"post-2997","1":"product","2":"type-product","3":"status-publish","4":"has-post-thumbnail","6":"product_brand-sharpstar","7":"product_cat-lunettes_refracteurs","8":"product_cat-lunettes-apochromatiques","10":"first","11":"on_supplier","12":"taxable","13":"shipping-taxable","14":"purchasable","15":"product-type-simple"},"_links":{"self":[{"href":"https:\/\/deep-space-astronomy.ch\/de\/wp-json\/wp\/v2\/product\/2997","targetHints":{"allow":["GET"]}}],"collection":[{"href":"https:\/\/deep-space-astronomy.ch\/de\/wp-json\/wp\/v2\/product"}],"about":[{"href":"https:\/\/deep-space-astronomy.ch\/de\/wp-json\/wp\/v2\/types\/product"}],"replies":[{"embeddable":true,"href":"https:\/\/deep-space-astronomy.ch\/de\/wp-json\/wp\/v2\/comments?post=2997"}],"wp:featuredmedia":[{"embeddable":true,"href":"https:\/\/deep-space-astronomy.ch\/de\/wp-json\/wp\/v2\/media\/2996"}],"wp:attachment":[{"href":"https:\/\/deep-space-astronomy.ch\/de\/wp-json\/wp\/v2\/media?parent=2997"}],"wp:term":[{"taxonomy":"product_brand","embeddable":true,"href":"https:\/\/deep-space-astronomy.ch\/de\/wp-json\/wp\/v2\/product_brand?post=2997"},{"taxonomy":"product_cat","embeddable":true,"href":"https:\/\/deep-space-astronomy.ch\/de\/wp-json\/wp\/v2\/product_cat?post=2997"},{"taxonomy":"product_tag","embeddable":true,"href":"https:\/\/deep-space-astronomy.ch\/de\/wp-json\/wp\/v2\/product_tag?post=2997"}],"curies":[{"name":"wp","href":"https:\/\/api.w.org\/{rel}","templated":true}]}}