{"id":2999,"date":"2025-03-06T16:48:49","date_gmt":"2025-03-06T15:48:49","guid":{"rendered":"https:\/\/deep-space-astronomy.geekworkers.dev\/produit\/61edphiii\/"},"modified":"2026-04-02T20:17:30","modified_gmt":"2026-04-02T18:17:30","slug":"61edphiii","status":"publish","type":"product","link":"https:\/\/deep-space-astronomy.ch\/de\/produkt\/61edphiii\/","title":{"rendered":"61EDPHIII"},"content":{"rendered":"<h3>Vorstellung von Sharpstar 61EDPH III<\/h3>\n<p>Der Sharpstar 61EDPH III ist ein High-End-Astrograph, der Leistung, Tragbarkeit und Vielseitigkeit vereint. Er wurde f\u00fcr anspruchsvolle Astrofotografen entwickelt und erm\u00f6glicht dank seines apochromatischen Triplett-Luftdesigns, das durch zwei ED-Glaselemente verbessert wurde, eine pr\u00e4zise und feine Erkundung des Himmels. Dies garantiert eine deutliche Reduzierung der chromatischen Aberrationen und eine au\u00dfergew\u00f6hnliche Sch\u00e4rfe.<\/p>\n<h3>Optische Eigenschaften<\/h3>\n<ul>\n<li><strong>Optisches Design :<\/strong> Apochromatischer Triplett-Luftspiegel mit zwei Elementen aus ED-Glas mit geringer Dispersion.<\/li>\n<li><strong>Brennweite und Fokusverh\u00e4ltnis :<\/strong> Brennweite von 360 mm und Brennweitenverh\u00e4ltnis von f\/5,9, ideal f\u00fcr hochwertige Beobachtungen und Astrofotografie.<\/li>\n<li><strong>Bildkreis :<\/strong> Kompatibel mit einem 44-mm-Vollformat-Bildkreis, perfekt f\u00fcr gro\u00dfformatige Sensoren.<\/li>\n<\/ul>\n<h3>Ergonomisches Design und Konstruktion<\/h3>\n<ul>\n<li><strong>\u00dcberarbeitetes Design :<\/strong> Mit hochpr\u00e4zisen CNC-Verfahren hergestelltes Rohr mit hochwertiger Farbbeschichtung.<\/li>\n<li><strong>Multifunktionsgriff :<\/strong> Erleichtert den Transport und Aufbau und erm\u00f6glicht das Hinzuf\u00fcgen von Zubeh\u00f6r wie z. B. einer Sucherbasis.<\/li>\n<li><strong>Elegantes Aussehen :<\/strong> Klassisches rot-wei\u00dfes Farbschema, das Schlichtheit und Professionalit\u00e4t vereint.<\/li>\n<\/ul>\n<h3>Optionaler Vollformatverkleinerer und -korrektor<\/h3>\n<ul>\n<li><strong>Brennweitenreduzierer :<\/strong>\n<ul>\n<li>Reduziert das Brennweitenverh\u00e4ltnis auf f\/4,4 und die Brennweite auf 270 mm.<\/li>\n<li>Gewinde: Eine Seite in M68 x 1 und die andere in M48 x 0,75 mit integriertem Gewinde f\u00fcr 2\"-Filter.<\/li>\n<li>Hinterer Brennpunkt 55 mm, erweiterbar auf 75 mm.<\/li>\n<\/ul>\n<\/li>\n<li><strong>Vollformat-Korrektur :<\/strong>\n<ul>\n<li>Ausgestattet mit einem M48 x 0,75-Gewinde mit Gewinde f\u00fcr 2\"-Filter.<\/li>\n<li>Hinterer Brennpunkt von 81,5 mm zur Korrektur von Verzerrungen an den R\u00e4ndern des Bildfeldes.<\/li>\n<\/ul>\n<\/li>\n<\/ul>\n<h3>Technische Daten und Vorteile<\/h3>\n<ul>\n<li><strong>Er\u00f6ffnung :<\/strong> 61 mm<\/li>\n<li><strong>Brennweite :<\/strong> 360 mm<\/li>\n<li><strong>Fokusbericht :<\/strong> f\/5.9<\/li>\n<li><strong>Visuelle Grenzgr\u00f6\u00dfe :<\/strong> 1,93 Bogensekunden Aufl\u00f6sung, die feine Details von Himmelsobjekten garantiert.<\/li>\n<li><strong>L\u00e4nge des Rohrs :<\/strong> 272 mm mit eingezogener Sonnenblende<\/li>\n<li><strong>Gesamtgewicht :<\/strong> 1,92 kg (mit Zubeh\u00f6r), bietet kompromisslose Tragbarkeit<\/li>\n<li><strong>Au\u00dfendurchmesser des Rohrs :<\/strong> 75 mm und sorgt f\u00fcr einen bequemen Griff.<\/li>\n<\/ul>\n<h3>Inklusive Zubeh\u00f6r<\/h3>\n<ul>\n<li>Rohrring<\/li>\n<li>Schwalbenschwanzplatte im Vixen-Stil (300 mm)<\/li>\n<li>Multifunktionaler Griff<\/li>\n<li>4-teiliger fotografischer Adapter (Kompatibilit\u00e4t mit M86, M68, M54 und M48 mit Gewinde f\u00fcr 2\"-Filter)<\/li>\n<\/ul>\n<h3>Schlussfolgerung<\/h3>\n<p>Der Sharpstar 61EDPH III verk\u00f6rpert mit seiner hohen optischen Qualit\u00e4t und seinem ergonomischen Design die Exzellenz in der Astrofotografie mit gro\u00dfem Bildfeld. Seine apochromatische Optik, die robuste Konstruktion und das integrierte Zubeh\u00f6r bieten Astrofotografen eine leistungsstarke, tragbare L\u00f6sung, um den Himmel mit au\u00dfergew\u00f6hnlicher Sch\u00e4rfe und Kontrast einzufangen.<\/p>","protected":false},"excerpt":{"rendered":"<p>Pr\u00e9sentation du Sharpstar 61EDPH III Le Sharpstar 61EDPH III est un astrographe haut de gamme, alliant performance, portabilit\u00e9 et polyvalence. Con\u00e7u pour les astrophotographes exigeants, il permet d&rsquo;explorer le ciel avec pr\u00e9cision et finesse gr\u00e2ce \u00e0 sa conception apochromatique triplet \u00e0 air am\u00e9lior\u00e9e par deux \u00e9l\u00e9ments en verre ED, garantissant une r\u00e9duction notable des aberrations [&hellip;]<\/p>\n","protected":false},"featured_media":7808,"comment_status":"open","ping_status":"closed","template":"","meta":[],"product_brand":[386],"product_cat":[833,384,755],"product_tag":[856],"class_list":{"0":"post-2999","1":"product","2":"type-product","3":"status-publish","4":"has-post-thumbnail","6":"product_brand-sharpstar","7":"product_cat-en-stock","8":"product_cat-lunettes_refracteurs","9":"product_cat-lunettes-apochromatiques","10":"product_tag-produits-phares-en-stock","12":"first","13":"instock","14":"sale","15":"taxable","16":"shipping-taxable","17":"purchasable","18":"product-type-simple"},"_links":{"self":[{"href":"https:\/\/deep-space-astronomy.ch\/de\/wp-json\/wp\/v2\/product\/2999","targetHints":{"allow":["GET"]}}],"collection":[{"href":"https:\/\/deep-space-astronomy.ch\/de\/wp-json\/wp\/v2\/product"}],"about":[{"href":"https:\/\/deep-space-astronomy.ch\/de\/wp-json\/wp\/v2\/types\/product"}],"replies":[{"embeddable":true,"href":"https:\/\/deep-space-astronomy.ch\/de\/wp-json\/wp\/v2\/comments?post=2999"}],"wp:featuredmedia":[{"embeddable":true,"href":"https:\/\/deep-space-astronomy.ch\/de\/wp-json\/wp\/v2\/media\/7808"}],"wp:attachment":[{"href":"https:\/\/deep-space-astronomy.ch\/de\/wp-json\/wp\/v2\/media?parent=2999"}],"wp:term":[{"taxonomy":"product_brand","embeddable":true,"href":"https:\/\/deep-space-astronomy.ch\/de\/wp-json\/wp\/v2\/product_brand?post=2999"},{"taxonomy":"product_cat","embeddable":true,"href":"https:\/\/deep-space-astronomy.ch\/de\/wp-json\/wp\/v2\/product_cat?post=2999"},{"taxonomy":"product_tag","embeddable":true,"href":"https:\/\/deep-space-astronomy.ch\/de\/wp-json\/wp\/v2\/product_tag?post=2999"}],"curies":[{"name":"wp","href":"https:\/\/api.w.org\/{rel}","templated":true}]}}