{"id":3004,"date":"2025-03-06T16:49:34","date_gmt":"2025-03-06T15:49:34","guid":{"rendered":"https:\/\/deep-space-astronomy.geekworkers.dev\/produit\/z4\/"},"modified":"2025-06-03T10:39:03","modified_gmt":"2025-06-03T08:39:03","slug":"z4","status":"publish","type":"product","link":"https:\/\/deep-space-astronomy.ch\/de\/produkt\/z4\/","title":{"rendered":"Z4"},"content":{"rendered":"<h3>Vorstellung von Sharpstar Z4<\/h3>\n<p>Das Sharpstar Z4 ist ein integrierter Astrograf der neuesten Generation, der entwickelt wurde, um die Erwartungen der anspruchsvollsten Astrofotografen zu erf\u00fcllen. Mit einer beeindruckenden \u00d6ffnung von 100 mm und einem Brennweitenverh\u00e4ltnis von f\/5,5 verf\u00fcgt dieses luftgef\u00fcllte, apochromatische Sechsfach-Teleskop \u00fcber drei Linsen vorne und drei weitere Linsen hinten, von denen zwei aus ED-Glas (Extra-low Dispersion) bestehen, um chromatische Aberrationen maximal zu reduzieren. Dank dieses fortschrittlichen Designs liefert die Z4 eine hervorragende Bildqualit\u00e4t und f\u00e4ngt dank ihres selbstflachen Designs auch die kleinsten Details des Himmels ein, ohne dass eine Backfokus-Berechnung erforderlich ist.<\/p>\n<h3>Fortschrittliche Optik und pr\u00e4zise Bildgebung<\/h3>\n<ul>\n<li><strong>Optisches Design :<\/strong> Apochromatisches Quintuplet mit fortschrittlicher Mehrschichtverg\u00fctung (AS coatings) f\u00fcr hohe Lichtdurchl\u00e4ssigkeit und reduzierte Innenreflexionen.<\/li>\n<li><strong>Effektive Er\u00f6ffnung :<\/strong> 100 mm.<\/li>\n<li><strong>Brennweite :<\/strong> 495 mm mit einem Brennweitenverh\u00e4ltnis von f\/5,5, ideal f\u00fcr die Astrofotografie mit gro\u00dfem Bildfeld.<\/li>\n<li><strong>Bildkreis :<\/strong> 36 mm, perfekt f\u00fcr APS-Sensoren, garantiert ein breites und flaches Feld, ohne dass eine zus\u00e4tzliche Feldkorrektur erforderlich ist.<\/li>\n<\/ul>\n<h3>Ein 4-teiliger fotografischer Adapter Einzigartig<\/h3>\n<ul>\n<li>Umfasst eine Kombination von Gewinden: M86 x 1, M68 x 1, M54 x 0,75 und M48 x 0,75 (mit 2\"-Filtergewinde), die eine umfassende Kompatibilit\u00e4t mit verschiedenen fotografischen Ausr\u00fcstungen bietet.<\/li>\n<\/ul>\n<h3>Ergonomisches und robustes Design<\/h3>\n<ul>\n<li>Elegantes Design mit mattem grauem Finish, klarem optischen Tubus und dunkelgrauem Okularhalter f\u00fcr einen schlichten, professionellen Look.<\/li>\n<li>Multifunktionaler Griff an der Oberseite f\u00fcr einfachen Transport und Aufbau, mit Platz zum Befestigen einer Sucherbasis oder anderem Zubeh\u00f6r.<\/li>\n<\/ul>\n<h3>Technische Eigenschaften<\/h3>\n<ul>\n<li><strong>Fokusbericht :<\/strong> f\/5.5<\/li>\n<li><strong>Bildkreis :<\/strong> 36 mm, perfekt f\u00fcr APS-Sensoren.<\/li>\n<li><strong>Gesamtl\u00e4nge :<\/strong> 482 mm und bietet damit eine bessere Tragbarkeit und Man\u00f6vrierf\u00e4higkeit.<\/li>\n<li><strong>Nettogewicht :<\/strong> 4,3 kg, ideal f\u00fcr den transportablen Einsatz.<\/li>\n<li><strong>Hinteres Gewinde :<\/strong> M48 x 0,75 f\u00fcr eine erweiterte Kompatibilit\u00e4t mit Zubeh\u00f6r.<\/li>\n<\/ul>\n<h3>Ein hochpr\u00e4ziser Focuser<\/h3>\n<ul>\n<li>Ausgestattet mit einem breiten 3,4\"-Okularhalter mit 1:10-Feineinstellung und 360\u00b0-Rotator f\u00fcr nahtlose Winkel- und Fokussierungsanpassungen.<\/li>\n<li>Kompatibel mit 2\"-Filtern, bietet hohe Benutzerfreundlichkeit f\u00fcr lange Astrofotografie-Sessions.<\/li>\n<\/ul>\n<h3>Schlussfolgerung<\/h3>\n<p>Die Sharpstar Z4 wurde entwickelt, um die Erwartungen professioneller Astrofotografen zu erf\u00fcllen, und bietet eine einzigartige Kombination aus hoher Leistung, Vielseitigkeit und Zuverl\u00e4ssigkeit. Mit seinem 4-teiligen Fotoadapter und dem fortschrittlichen optischen Design ist dieser Astrograf das ideale Werkzeug, um die Sch\u00f6nheit des Kosmos mit unvergleichlicher Pr\u00e4zision und Qualit\u00e4t einzufangen.<\/p>","protected":false},"excerpt":{"rendered":"<p>Pr\u00e9sentation de la Sharpstar Z4 Le Sharpstar Z4 est un astrographe int\u00e9gr\u00e9 de derni\u00e8re g\u00e9n\u00e9ration, con\u00e7u pour r\u00e9pondre aux attentes des astrophotographes les plus exigeants. Avec une ouverture impressionnante de 100 mm et un rapport focal de f\/5.5, ce t\u00e9lescope sextuplet apochromatique \u00e0 air dispose de trois lentilles \u00e0 l\u2019avant et de trois autres \u00e0 [&hellip;]<\/p>\n","protected":false},"featured_media":3002,"comment_status":"open","ping_status":"closed","template":"","meta":[],"product_brand":[386],"product_cat":[384,755],"product_tag":[],"class_list":{"0":"post-3004","1":"product","2":"type-product","3":"status-publish","4":"has-post-thumbnail","6":"product_brand-sharpstar","7":"product_cat-lunettes_refracteurs","8":"product_cat-lunettes-apochromatiques","10":"first","11":"on_supplier","12":"taxable","13":"shipping-taxable","14":"purchasable","15":"product-type-simple"},"_links":{"self":[{"href":"https:\/\/deep-space-astronomy.ch\/de\/wp-json\/wp\/v2\/product\/3004","targetHints":{"allow":["GET"]}}],"collection":[{"href":"https:\/\/deep-space-astronomy.ch\/de\/wp-json\/wp\/v2\/product"}],"about":[{"href":"https:\/\/deep-space-astronomy.ch\/de\/wp-json\/wp\/v2\/types\/product"}],"replies":[{"embeddable":true,"href":"https:\/\/deep-space-astronomy.ch\/de\/wp-json\/wp\/v2\/comments?post=3004"}],"wp:featuredmedia":[{"embeddable":true,"href":"https:\/\/deep-space-astronomy.ch\/de\/wp-json\/wp\/v2\/media\/3002"}],"wp:attachment":[{"href":"https:\/\/deep-space-astronomy.ch\/de\/wp-json\/wp\/v2\/media?parent=3004"}],"wp:term":[{"taxonomy":"product_brand","embeddable":true,"href":"https:\/\/deep-space-astronomy.ch\/de\/wp-json\/wp\/v2\/product_brand?post=3004"},{"taxonomy":"product_cat","embeddable":true,"href":"https:\/\/deep-space-astronomy.ch\/de\/wp-json\/wp\/v2\/product_cat?post=3004"},{"taxonomy":"product_tag","embeddable":true,"href":"https:\/\/deep-space-astronomy.ch\/de\/wp-json\/wp\/v2\/product_tag?post=3004"}],"curies":[{"name":"wp","href":"https:\/\/api.w.org\/{rel}","templated":true}]}}