{"id":3084,"date":"2025-03-06T17:01:29","date_gmt":"2025-03-06T16:01:29","guid":{"rendered":"https:\/\/deep-space-astronomy.geekworkers.dev\/produit\/paramount-mx-avec-encodeurs-sur-axe\/"},"modified":"2025-06-03T10:39:11","modified_gmt":"2025-06-03T08:39:11","slug":"paramount-mx-avec-encodeurs-sur-axe","status":"publish","type":"product","link":"https:\/\/deep-space-astronomy.ch\/de\/produkt\/paramount-mx-avec-encodeurs-sur-axe\/","title":{"rendered":"Paramount MX mit Encodern auf der Achse"},"content":{"rendered":"<h3>Vorstellung von Paramount MX<\/h3>\n<p>Die Paramount MX von Software Bisque ist eine deutsche \u00e4quatoriale High-End-Montierung, die f\u00fcr professionelle Astrofotografen und Sternwarten entwickelt wurde. Sie kombiniert robuste Mechanik, fortschrittliche Elektronik und integrierte Software, um eine au\u00dfergew\u00f6hnliche Leistung in Bezug auf die Genauigkeit der Ausrichtung, Nachf\u00fchrung und Handhabung schwerer Lasten zu bieten. Sie ist mit oder ohne Absolutwertgeber erh\u00e4ltlich und erf\u00fcllt unterschiedliche Anforderungen, je nach Genauigkeitsanforderungen und Budget.<\/p>\n<h3>Allgemeine Eigenschaften (ohne Encoder)<\/h3>\n<ul>\n<li><strong>Tragf\u00e4higkeit :<\/strong>\n<ul>\n<li>Tr\u00e4gt bis zu 40 kg (Nutzlast) oder 45 kg mit Gegengewicht.<\/li>\n<li>Ideal f\u00fcr Teleskope bis zu 14 Zoll mit Zubeh\u00f6r.<\/li>\n<\/ul>\n<\/li>\n<li><strong>Mechanische Genauigkeit :<\/strong>\n<ul>\n<li>Nativer periodischer Fehler reduziert auf 7 Bogensekunden, korrigierbar \u00fcber die integrierte PEC-Software.<\/li>\n<li>Schneckengetriebe und riemengetriebene Riemenscheiben f\u00fcr nahezu kein mechanisches Spiel.<\/li>\n<\/ul>\n<\/li>\n<li><strong>Geschwindigkeit und Verfolgung :<\/strong>\n<ul>\n<li>Maximale Geschwindigkeit von 6\u00b0\/Sekunde auf der Rektaszensions- (RA) und Deklinationsachse (DEC).<\/li>\n<li>Pr\u00e4zise Verfolgung durch das MKS 6000-System mit internem, temperaturkompensiertem Oszillator.<\/li>\n<\/ul>\n<\/li>\n<li><strong>Enthaltene Software :<\/strong>\n<ul>\n<li>Vollst\u00e4ndige Suite TheSkyX Professional Edition, einschlie\u00dflich TPoint\u2122 und ProTrack\u2122.<\/li>\n<li>TPoint\u2122-Modellierung f\u00fcr eine Zielgenauigkeit, die besser als 30 Bogensekunden RMS \u00fcber den gesamten Himmel ist.<\/li>\n<li>Nicht gef\u00fchrte Ausstellungen sind je nach Konfiguration bis zu 10-20 Minuten m\u00f6glich.<\/li>\n<\/ul>\n<\/li>\n<li><strong>Robustes und ergonomisches Design :<\/strong>\n<ul>\n<li>Geh\u00e4use aus 6061er Aluminium mit strapazierf\u00e4higem rotem Finish.<\/li>\n<li>Interne Verdrahtung, um ein H\u00e4ngenbleiben zu verhindern und das Hinzuf\u00fcgen zus\u00e4tzlicher Kabel \u00fcber dedizierte Kabelkan\u00e4le zu erm\u00f6glichen.<\/li>\n<li>Kalibrierte H\u00f6hen- und Azimuteinstellungen f\u00fcr eine pr\u00e4zise polare Ausrichtung.<\/li>\n<\/ul>\n<\/li>\n<li><strong>Moderne Konnektivit\u00e4t :<\/strong>\n<ul>\n<li>USB-C-, Ethernet-, Wi-Fi- und XT60-Hochleistungsanschl\u00fcsse, um Zubeh\u00f6r direkt von der Montierung aus mit Strom zu versorgen.<\/li>\n<\/ul>\n<\/li>\n<\/ul>\n<h3>Zus\u00e4tzliche Eigenschaften mit Absolut-Encodern<\/h3>\n<ul>\n<li><strong>Eliminierung mechanischer Fehler :<\/strong>\n<ul>\n<li>Beseitigen den periodischen Fehler vollst\u00e4ndig, sodass die Verwendung des RLP nicht mehr notwendig ist.<\/li>\n<li>Beseitigung von mechanischem Spiel (Backlash) durch direkte und genaue Messung der Position der RA- und DEC-Achse.<\/li>\n<\/ul>\n<\/li>\n<li><strong>Erh\u00f6hte Genauigkeit :<\/strong>\n<ul>\n<li>Au\u00dfergew\u00f6hnliche Aufl\u00f6sung von 0,02 Bogensekunden erm\u00f6glicht ultrapr\u00e4zises Tracking auch bei langen, nicht gef\u00fchrten Belichtungen.<\/li>\n<li>Reduziert die Anzahl der ben\u00f6tigten Punkte im TPoint\u2122-Modell und spart so Zeit bei der Kalibrierung.<\/li>\n<\/ul>\n<\/li>\n<li><strong>Verbesserte AutoHome\u2122-Funktionalit\u00e4t :<\/strong>\n<ul>\n<li>Die Montierung kennt immer ihre genaue Ausrichtung, ohne dass nach jedem Start eine manuelle Initialisierung erforderlich ist.<\/li>\n<\/ul>\n<\/li>\n<li><strong>Erweiterter Nutzungsbereich :<\/strong>\n<ul>\n<li>Funktioniert unter extremen Bedingungen mit einem Temperaturbereich von -40\u00b0C bis +80\u00b0C und ist ideal f\u00fcr Observatorien in schwierigen Umgebungen.<\/li>\n<\/ul>\n<\/li>\n<\/ul>\n<h3>Hauptunterschiede zwischen den Versionen mit und ohne Encoder<\/h3>\n<ul>\n<li>Die Version ohne Encoder bietet dank der Software TPoint\u2122 und ProTrack\u2122 bereits eine au\u00dfergew\u00f6hnliche Genauigkeit, erfordert jedoch einen manuellen Initialisierungsprozess (AutoHome\u2122) und kann einen leichten periodischen Fehler aufweisen, der \u00fcber PEC korrigiert werden kann.<\/li>\n<li>Mit Absolut-Encodern erreicht die Montierung die ultimative Genauigkeit, indem sie den periodischen Fehler vollst\u00e4ndig eliminiert und die Verwendung durch die vollst\u00e4ndige Automatisierung vereinfacht (kein AutoHome\u2122 und keine mechanischen Korrekturen erforderlich).<\/li>\n<\/ul>\n<h3>In the Box : Inhalt der Schachtel<\/h3>\n<h4>Ohne Encoder<\/h4>\n<ul>\n<li>Paramount MX-Rahmen (nur Kopf).<\/li>\n<li>Komplette Software TheSkyX Professional Edition, einschlie\u00dflich TPoint\u2122 und ProTrack\u2122.<\/li>\n<li>Stromversorgung 48 V DC.<\/li>\n<li>USB-C-, Ethernet-Kabel und XT60-Netzteil.<\/li>\n<li>Versaplate\u2122 zur Befestigung von Teleskopen (universeller Schwalbenschwanz).<\/li>\n<li>Ausf\u00fchrliches Benutzerhandbuch.<\/li>\n<\/ul>\n<h4>Mit Absolut-Encodern<\/h4>\n<ul>\n<li>Paramount MX-Montierung mit vorinstallierten Absolut-Encodern.<\/li>\n<li>Komplette Software TheSkyX Professional Edition + optimierte Funktionen f\u00fcr Encoder.<\/li>\n<li>Stromversorgung 48 V DC.<\/li>\n<li>USB-C-Kabel, Ethernet, verst\u00e4rktes XT60-Netzteil.<\/li>\n<li>Universelle Versaplate\u2122 f\u00fcr schwere Teleskope.<\/li>\n<li>Erweitertes Benutzerhandbuch.<\/li>\n<\/ul>\n<h3>Effektive Zusammenfassung<\/h3>\n<p>Die Paramount MX ist eine vielseitige deutsche \u00e4quatoriale Montierung, die sich sowohl im portablen Einsatz als auch in der Festinstallation auszeichnet. Ohne Encoder bietet sie dank ihrer fortschrittlichen Mechanik und dem umfassenden Softwarepaket bereits eine au\u00dfergew\u00f6hnliche Leistung. Mit dem Hinzuf\u00fcgen von Absolut-Encodern erreicht sie eine neue Stufe, indem sie alle periodischen Fehler eliminiert und die Bedienung durch automatisierte Funktionen wie AutoHome\u2122 vereinfacht. Ob Sie nun ein begeisterter Astrofotograf sind oder eine professionelle Sternwarte betreiben, die Paramount MX kann an Ihre speziellen Bed\u00fcrfnisse angepasst werden.<\/p>","protected":false},"excerpt":{"rendered":"<p>Pr\u00e9sentation de la Paramount MX La Paramount MX de Software Bisque est une monture \u00e9quatoriale allemande haut de gamme con\u00e7ue pour les astrophotographes et observatoires professionnels. Elle combine une m\u00e9canique robuste, une \u00e9lectronique avanc\u00e9e et un logiciel int\u00e9gr\u00e9 pour offrir des performances exceptionnelles en termes de pr\u00e9cision de pointage, de suivi et de gestion des [&hellip;]<\/p>\n","protected":false},"featured_media":3075,"comment_status":"open","ping_status":"closed","template":"","meta":[],"product_brand":[396],"product_cat":[762,20],"product_tag":[],"class_list":{"0":"post-3084","1":"product","2":"type-product","3":"status-publish","4":"has-post-thumbnail","6":"product_brand-software-bisque","7":"product_cat-equatoriales","8":"product_cat-montures","10":"first","11":"on_supplier","12":"taxable","13":"shipping-taxable","14":"purchasable","15":"product-type-simple"},"_links":{"self":[{"href":"https:\/\/deep-space-astronomy.ch\/de\/wp-json\/wp\/v2\/product\/3084","targetHints":{"allow":["GET"]}}],"collection":[{"href":"https:\/\/deep-space-astronomy.ch\/de\/wp-json\/wp\/v2\/product"}],"about":[{"href":"https:\/\/deep-space-astronomy.ch\/de\/wp-json\/wp\/v2\/types\/product"}],"replies":[{"embeddable":true,"href":"https:\/\/deep-space-astronomy.ch\/de\/wp-json\/wp\/v2\/comments?post=3084"}],"wp:featuredmedia":[{"embeddable":true,"href":"https:\/\/deep-space-astronomy.ch\/de\/wp-json\/wp\/v2\/media\/3075"}],"wp:attachment":[{"href":"https:\/\/deep-space-astronomy.ch\/de\/wp-json\/wp\/v2\/media?parent=3084"}],"wp:term":[{"taxonomy":"product_brand","embeddable":true,"href":"https:\/\/deep-space-astronomy.ch\/de\/wp-json\/wp\/v2\/product_brand?post=3084"},{"taxonomy":"product_cat","embeddable":true,"href":"https:\/\/deep-space-astronomy.ch\/de\/wp-json\/wp\/v2\/product_cat?post=3084"},{"taxonomy":"product_tag","embeddable":true,"href":"https:\/\/deep-space-astronomy.ch\/de\/wp-json\/wp\/v2\/product_tag?post=3084"}],"curies":[{"name":"wp","href":"https:\/\/api.w.org\/{rel}","templated":true}]}}