{"id":3093,"date":"2025-03-06T17:03:05","date_gmt":"2025-03-06T16:03:05","guid":{"rendered":"https:\/\/deep-space-astronomy.geekworkers.dev\/produit\/paramount-me-avec-encodeurs-sur-axe\/"},"modified":"2025-06-03T10:39:11","modified_gmt":"2025-06-03T08:39:11","slug":"paramount-me-avec-encodeurs-sur-axe","status":"publish","type":"product","link":"https:\/\/deep-space-astronomy.ch\/de\/produkt\/paramount-me-avec-encodeurs-sur-axe\/","title":{"rendered":"Paramount ME mit Encodern auf der Achse"},"content":{"rendered":"<h3>Vorstellung der Paramount ME<\/h3>\n<p>Die Paramount ME von Software Bisque ist eine \u00e4quatoriale Hochleistungsmontierung, die f\u00fcr professionelle Astronomen und fortgeschrittene Amateure entwickelt wurde. Sie ist in der Lage, sehr schwere Instrumentenlasten zu tragen und zeichnet sich bei Anwendungen aus, die eine au\u00dfergew\u00f6hnliche Genauigkeit bei der Ausrichtung und Nachf\u00fchrung erfordern. Sie ist als Standardversion ohne Encoder oder mit Absolut-Encodern erh\u00e4ltlich und eignet sich f\u00fcr die unterschiedlichsten Anforderungen, von festen Installationen bis hin zu robotergesteuerten Sternwarten.<\/p>\n<h3>Allgemeine Eigenschaften (ohne Encoder)<\/h3>\n<ul>\n<li><strong>Tragf\u00e4higkeit :<\/strong>\n<ul>\n<li>Maximale Nutzlast: 109 kg (nur Instrumentenlast).<\/li>\n<li>Gesamtkapazit\u00e4t mit Gegengewicht: bis zu 218 kg, ideal f\u00fcr gro\u00dfe Teleskope und deren Zubeh\u00f6r.<\/li>\n<\/ul>\n<\/li>\n<li><strong>Mechanische Genauigkeit :<\/strong>\n<ul>\n<li>Nativer periodischer Fehler unter 5 Bogensekunden, der \u00fcber die integrierte PEC-Software korrigiert werden kann.<\/li>\n<li>Ultrapr\u00e4zise Schneckengetriebe und \u00fcberdimensionierte Lager f\u00fcr optimale Stabilit\u00e4t.<\/li>\n<\/ul>\n<\/li>\n<li><strong>Fortgeschrittene Software :<\/strong>\n<ul>\n<li>Enthalten: TheSkyX Professional Edition, mit TPoint\u2122 und ProTrack\u2122.<\/li>\n<li>TPoint\u2122-Modellierung f\u00fcr eine Zielgenauigkeit, die besser als 30 Bogensekunden RMS \u00fcber den gesamten Himmel ist.<\/li>\n<li>ProTrack\u2122-Funktion, die in bestimmten Konfigurationen ungef\u00fchrte Belichtungen bis zu 20 Minuten erm\u00f6glicht.<\/li>\n<\/ul>\n<\/li>\n<li><strong>Robustes und ergonomisches Design :<\/strong>\n<ul>\n<li>CNC-gefr\u00e4ste Aluminiumkonstruktion mit dauerhaft rot eloxiertem Finish.<\/li>\n<li>Verbesserte H\u00f6hen- und Azimutanpassungssysteme f\u00fcr eine pr\u00e4zise polare Ausrichtung.<\/li>\n<li>Interne Verkabelung, damit nichts h\u00e4ngen bleibt und zus\u00e4tzliche Kabel sauber verlaufen.<\/li>\n<\/ul>\n<\/li>\n<li><strong>Elektronisches System MKS 6000 :<\/strong>\n<ul>\n<li>Fortschrittliche Steuerung der RA- und DEC-Achse \u00fcber b\u00fcrstenlose DC-Motoren.<\/li>\n<li>Moderne Konnektivit\u00e4t: USB-C, Ethernet, Wi-Fi und XT60-Anschl\u00fcsse, um Zubeh\u00f6r direkt \u00fcber die Montierung mit Strom zu versorgen.<\/li>\n<\/ul>\n<\/li>\n<li><strong>Relative Portabilit\u00e4t :<\/strong>\n<ul>\n<li>Gewicht des Kopfes allein: 38 kg, was einen begrenzten Transport f\u00fcr ein Reittier dieser Klasse erm\u00f6glicht.<\/li>\n<\/ul>\n<\/li>\n<\/ul>\n<h3>Zus\u00e4tzliche Eigenschaften mit Absolut-Encodern<\/h3>\n<ul>\n<li><strong>Eliminierung mechanischer Fehler :<\/strong>\n<ul>\n<li>Beseitigt den periodischen Fehler vollst\u00e4ndig, wodurch die Verwendung des RLP \u00fcberfl\u00fcssig wird.<\/li>\n<li>Weniger Backlash durch direkte und genaue Messung der Position der RA- und DEC-Achse.<\/li>\n<\/ul>\n<\/li>\n<li><strong>Un\u00fcbertroffene Genauigkeit :<\/strong>\n<ul>\n<li>Au\u00dfergew\u00f6hnliche Aufl\u00f6sung von 0,02 Bogensekunden erm\u00f6glicht ultrapr\u00e4zises Tracking auch bei langen, nicht gef\u00fchrten Belichtungen.<\/li>\n<li>Deutliche Reduzierung der Anzahl der ben\u00f6tigten Punkte im TPoint\u2122-Modell, was Zeit bei der Kalibrierung spart.<\/li>\n<\/ul>\n<\/li>\n<li><strong>Verbesserte AutoHome\u2122-Funktion :<\/strong>\n<ul>\n<li>Die Montierung kennt immer ihre genaue Position, ohne dass nach jedem Start eine manuelle Initialisierung erforderlich ist.<\/li>\n<\/ul>\n<\/li>\n<li><strong>Erweiterter Nutzungsbereich :<\/strong>\n<ul>\n<li>Funktioniert auch unter extremen Bedingungen und ist mit einem Temperaturbereich von -40\u00b0C bis +80\u00b0C ideal f\u00fcr raue Umgebungen.<\/li>\n<\/ul>\n<\/li>\n<\/ul>\n<h3>In the Box : Inhalt der Schachtel<\/h3>\n<h4>Ohne Encoder<\/h4>\n<ul>\n<li>Paramount Taurus-Reittier (nur Kopf).<\/li>\n<li>Komplette Software TheSkyX Professional Edition, einschlie\u00dflich TPoint\u2122 und ProTrack\u2122.<\/li>\n<li>Stromversorgung 48 V DC.<\/li>\n<li>USB-C-, Ethernet-Kabel und XT60-Netzteil.<\/li>\n<li>Ausf\u00fchrliches Benutzerhandbuch.<\/li>\n<\/ul>\n<h4>Mit Absolut-Encodern<\/h4>\n<ul>\n<li>Paramount Taurus Montierung mit vorinstallierten Absolut-Encodern.<\/li>\n<li>Komplette Software TheSkyX Professional Edition mit optimierten Funktionen f\u00fcr Encoder.<\/li>\n<li>Stromversorgung 48 V DC.<\/li>\n<li>USB-C-Kabel, Ethernet, verst\u00e4rktes XT60-Netzteil.<\/li>\n<li>Erweitertes Benutzerhandbuch.<\/li>\n<\/ul>\n<h3>Effektive Zusammenfassung<\/h3>\n<p>Die Paramount ME ist eine deutsche \u00e4quatoriale Montierung, die f\u00fcr anspruchsvolle Sternwarten entwickelt wurde. Ohne Encoder bietet sie dank ihrer robusten Mechanik und der fortschrittlichen Software bereits eine au\u00dfergew\u00f6hnliche Leistung. Mit Absolut-Encodern erreicht sie ein neues Niveau, indem sie alle periodischen Fehler eliminiert und die Bedienung dank der vollst\u00e4ndigen Automatisierung vereinfacht. Ob Sie nun ein professioneller Astrofotograf oder der Betreiber einer robotergesteuerten Sternwarte sind, die Paramount ME wird auch den anspruchsvollsten Anforderungen gerecht.<\/p>","protected":false},"excerpt":{"rendered":"<p>Pr\u00e9sentation de la Paramount ME La Paramount ME de Software Bisque est une monture \u00e9quatoriale de haute performance con\u00e7ue pour les astronomes professionnels et amateurs avanc\u00e9s. Capable de supporter des charges instrumentales tr\u00e8s lourdes, elle excelle dans les applications n\u00e9cessitant une pr\u00e9cision de pointage et de suivi exceptionnelle. Disponible en version standard sans encodeurs ou [&hellip;]<\/p>\n","protected":false},"featured_media":3091,"comment_status":"open","ping_status":"closed","template":"","meta":[],"product_brand":[396],"product_cat":[762,20],"product_tag":[],"class_list":{"0":"post-3093","1":"product","2":"type-product","3":"status-publish","4":"has-post-thumbnail","6":"product_brand-software-bisque","7":"product_cat-equatoriales","8":"product_cat-montures","10":"first","11":"on_supplier","12":"taxable","13":"shipping-taxable","14":"purchasable","15":"product-type-simple"},"_links":{"self":[{"href":"https:\/\/deep-space-astronomy.ch\/de\/wp-json\/wp\/v2\/product\/3093","targetHints":{"allow":["GET"]}}],"collection":[{"href":"https:\/\/deep-space-astronomy.ch\/de\/wp-json\/wp\/v2\/product"}],"about":[{"href":"https:\/\/deep-space-astronomy.ch\/de\/wp-json\/wp\/v2\/types\/product"}],"replies":[{"embeddable":true,"href":"https:\/\/deep-space-astronomy.ch\/de\/wp-json\/wp\/v2\/comments?post=3093"}],"wp:featuredmedia":[{"embeddable":true,"href":"https:\/\/deep-space-astronomy.ch\/de\/wp-json\/wp\/v2\/media\/3091"}],"wp:attachment":[{"href":"https:\/\/deep-space-astronomy.ch\/de\/wp-json\/wp\/v2\/media?parent=3093"}],"wp:term":[{"taxonomy":"product_brand","embeddable":true,"href":"https:\/\/deep-space-astronomy.ch\/de\/wp-json\/wp\/v2\/product_brand?post=3093"},{"taxonomy":"product_cat","embeddable":true,"href":"https:\/\/deep-space-astronomy.ch\/de\/wp-json\/wp\/v2\/product_cat?post=3093"},{"taxonomy":"product_tag","embeddable":true,"href":"https:\/\/deep-space-astronomy.ch\/de\/wp-json\/wp\/v2\/product_tag?post=3093"}],"curies":[{"name":"wp","href":"https:\/\/api.w.org\/{rel}","templated":true}]}}