{"id":3100,"date":"2025-03-06T17:04:16","date_gmt":"2025-03-06T16:04:16","guid":{"rendered":"https:\/\/deep-space-astronomy.geekworkers.dev\/produit\/monture-a-fourche-paramount-taurus-400\/"},"modified":"2025-06-03T10:39:11","modified_gmt":"2025-06-03T08:39:11","slug":"monture-a-fourche-paramount-taurus-400","status":"publish","type":"product","link":"https:\/\/deep-space-astronomy.ch\/de\/produkt\/monture-a-fourche-paramount-taurus-400\/","title":{"rendered":"Paramount Taurus 400 Gabelmontierung"},"content":{"rendered":"<h3>Vorstellung von Paramount Taurus<\/h3>\n<p>Die Paramount Taurus ist eine von Software Bisque entwickelte \u00e4quatoriale Hochleistungsmontierung f\u00fcr professionelle Astrofotografen und Observatorien. Mit ihrem robusten Design und ihren fortschrittlichen Funktionen bietet sie eine au\u00dfergew\u00f6hnliche Genauigkeit beim Anvisieren und Verfolgen von Himmelsobjekten. Erh\u00e4ltlich als Standardversion ohne Encoder oder mit Absolut-Encodern, passt sich die Taurus an die unterschiedlichsten Anforderungen der Astrofotografie an.<\/p>\n<h3>Allgemeine Eigenschaften (ohne Encoder)<\/h3>\n<ul>\n<li><strong>Tragf\u00e4higkeit :<\/strong>\n<ul>\n<li>Tr\u00e4gt Lasten bis zu 68 kg (150 lb) und ist ideal f\u00fcr gro\u00dfe Teleskope (bis zu 22 Zoll Durchmesser).<\/li>\n<\/ul>\n<\/li>\n<li><strong>Mechanische Genauigkeit :<\/strong>\n<ul>\n<li>Nativer periodischer Fehler von weniger als 7 Bogensekunden, der unter optimalen Bedingungen ungelenkte Belichtungen bis zu 20 Minuten erm\u00f6glicht.<\/li>\n<li>Hochwertige Schneckengetriebe und Lager sorgen f\u00fcr einen reibungslosen Betrieb.<\/li>\n<\/ul>\n<\/li>\n<li><strong>Integrierte Software :<\/strong>\n<ul>\n<li>Enth\u00e4lt TheSkyX Professional Edition, mit den Modulen TPoint\u2122 und ProTrack\u2122.<\/li>\n<li>TPoint\u2122-Modellierung, um eine Zielgenauigkeit von weniger als 30 Bogensekunden RMS \u00fcber den gesamten Himmel zu erreichen.<\/li>\n<\/ul>\n<\/li>\n<li><strong>Ergonomisches Design :<\/strong>\n<ul>\n<li>CNC-gefr\u00e4ste Aluminiumkonstruktion mit eloxiertem Finish, die Haltbarkeit und Leichtigkeit bietet.<\/li>\n<li>Einfach zu bedienendes H\u00f6hen- und Azimutanpassungssystem f\u00fcr eine pr\u00e4zise Polarausrichtung.<\/li>\n<\/ul>\n<\/li>\n<li><strong>Moderne Konnektivit\u00e4t :<\/strong>\n<ul>\n<li>USB-C- und Ethernet-Anschl\u00fcsse sowie XT60-Netzteil, um Zubeh\u00f6r direkt \u00fcber die Montierung mit Strom zu versorgen.<\/li>\n<li>Kompatibel mit Windows\u2122, macOS\u2122, und Linux.<\/li>\n<\/ul>\n<\/li>\n<\/ul>\n<h3>Zus\u00e4tzliche Eigenschaften mit Absolut-Encodern<\/h3>\n<ul>\n<li><strong>Eliminierung mechanischer Fehler :<\/strong>\n<ul>\n<li>Beseitigen den periodischen Fehler vollst\u00e4ndig, wodurch die Verwendung von PEC (Periodic Error Correction) \u00fcberfl\u00fcssig wird.<\/li>\n<li>Direkte Messung der Position der RA- und DEC-Achse, wodurch Backlash eliminiert wird.<\/li>\n<\/ul>\n<\/li>\n<li><strong>Erh\u00f6hte Genauigkeit :<\/strong>\n<ul>\n<li>Au\u00dfergew\u00f6hnliche Aufl\u00f6sung von 0,02 Bogensekunden erm\u00f6glicht ultrapr\u00e4zises Tracking auch bei langen, nicht gef\u00fchrten Belichtungen.<\/li>\n<\/ul>\n<\/li>\n<li><strong>Verbesserte AutoHome\u2122-Funktionalit\u00e4t :<\/strong>\n<ul>\n<li>Die Montierung kennt immer ihre genaue Position, ohne dass nach jedem Start eine manuelle Initialisierung erforderlich ist.<\/li>\n<\/ul>\n<\/li>\n<li><strong>Erweiterter Nutzungsbereich :<\/strong>\n<ul>\n<li>Funktioniert auch unter extremen Bedingungen und ist mit einem Temperaturbereich von -40\u00b0C bis +80\u00b0C ideal f\u00fcr raue Umgebungen.<\/li>\n<\/ul>\n<\/li>\n<\/ul>\n<h3>In the Box : Inhalt der Schachtel<\/h3>\n<h4>Ohne Encoder<\/h4>\n<ul>\n<li>Paramount Taurus-Reittier (nur Kopf).<\/li>\n<li>Komplette Software TheSkyX Professional Edition, einschlie\u00dflich TPoint\u2122 und ProTrack\u2122.<\/li>\n<li>Stromversorgung 48 V DC.<\/li>\n<li>USB-C-, Ethernet-Kabel und XT60-Netzteil.<\/li>\n<li>Ausf\u00fchrliches Benutzerhandbuch.<\/li>\n<\/ul>\n<h4>Mit Absolut-Encodern<\/h4>\n<ul>\n<li>Paramount Taurus Montierung mit vorinstallierten Absolut-Encodern.<\/li>\n<li>Komplette Software TheSkyX Professional Edition mit optimierten Funktionen f\u00fcr Encoder.<\/li>\n<li>Stromversorgung 48 V DC.<\/li>\n<li>USB-C-Kabel, Ethernet, verst\u00e4rktes XT60-Netzteil.<\/li>\n<li>Erweitertes Benutzerhandbuch.<\/li>\n<\/ul>\n<h3>Effektive Zusammenfassung<\/h3>\n<p>Die Paramount Taurus ist eine robuste \u00e4quatoriale Montierung, die sowohl ohne als auch mit Absolut-Encodern eine au\u00dfergew\u00f6hnliche Leistung bietet. Ohne Encoder erm\u00f6glicht sie dank ihrer pr\u00e4zisen Mechanik und der fortschrittlichen Software bereits lange ungelenkte Belichtungen. Mit Absolut-Encodern erreicht sie eine unerreichte Genauigkeit, indem sie alle periodischen Fehler eliminiert und die Bedienung dank der Vollautomatisierung vereinfacht. Ob Sie nun ein professioneller Astrofotograf oder der Betreiber einer Sternwarte sind, die Paramount Taurus wird Ihre h\u00f6chsten Anspr\u00fcche an die Astrofotografie erf\u00fcllen.<\/p>","protected":false},"excerpt":{"rendered":"<p>Pr\u00e9sentation de la Paramount Taurus La Paramount Taurus est une monture \u00e9quatoriale de haute performance con\u00e7ue par Software Bisque, destin\u00e9e aux astrophotographes professionnels et aux observatoires. Avec sa conception robuste et ses fonctionnalit\u00e9s avanc\u00e9es, elle offre une pr\u00e9cision exceptionnelle pour le pointage et le suivi des objets c\u00e9lestes. Disponible en version standard sans encodeurs ou [&hellip;]<\/p>\n","protected":false},"featured_media":3097,"comment_status":"open","ping_status":"closed","template":"","meta":[],"product_brand":[396],"product_cat":[766,20],"product_tag":[],"class_list":{"0":"post-3100","1":"product","2":"type-product","3":"status-publish","4":"has-post-thumbnail","6":"product_brand-software-bisque","7":"product_cat-monture-a-fourche","8":"product_cat-montures","10":"first","11":"on_supplier","12":"taxable","13":"shipping-taxable","14":"purchasable","15":"product-type-simple"},"_links":{"self":[{"href":"https:\/\/deep-space-astronomy.ch\/de\/wp-json\/wp\/v2\/product\/3100","targetHints":{"allow":["GET"]}}],"collection":[{"href":"https:\/\/deep-space-astronomy.ch\/de\/wp-json\/wp\/v2\/product"}],"about":[{"href":"https:\/\/deep-space-astronomy.ch\/de\/wp-json\/wp\/v2\/types\/product"}],"replies":[{"embeddable":true,"href":"https:\/\/deep-space-astronomy.ch\/de\/wp-json\/wp\/v2\/comments?post=3100"}],"wp:featuredmedia":[{"embeddable":true,"href":"https:\/\/deep-space-astronomy.ch\/de\/wp-json\/wp\/v2\/media\/3097"}],"wp:attachment":[{"href":"https:\/\/deep-space-astronomy.ch\/de\/wp-json\/wp\/v2\/media?parent=3100"}],"wp:term":[{"taxonomy":"product_brand","embeddable":true,"href":"https:\/\/deep-space-astronomy.ch\/de\/wp-json\/wp\/v2\/product_brand?post=3100"},{"taxonomy":"product_cat","embeddable":true,"href":"https:\/\/deep-space-astronomy.ch\/de\/wp-json\/wp\/v2\/product_cat?post=3100"},{"taxonomy":"product_tag","embeddable":true,"href":"https:\/\/deep-space-astronomy.ch\/de\/wp-json\/wp\/v2\/product_tag?post=3100"}],"curies":[{"name":"wp","href":"https:\/\/api.w.org\/{rel}","templated":true}]}}