{"id":3146,"date":"2025-03-06T17:08:20","date_gmt":"2025-03-06T16:08:20","guid":{"rendered":"https:\/\/deep-space-astronomy.geekworkers.dev\/produit\/monture-celestron-cgx-l-complete-2\/"},"modified":"2025-06-03T10:39:11","modified_gmt":"2025-06-03T08:39:11","slug":"monture-celestron-cgx-l-complete-2","status":"publish","type":"product","link":"https:\/\/deep-space-astronomy.ch\/de\/produkt\/monture-celestron-cgx-l-complete-2\/","title":{"rendered":"Celestron CGX-L Montierung komplett"},"content":{"rendered":"<h3>Vorstellung der Celestron CGX-L Montierung<\/h3>\n<p>Die CGX-L Montierung von Celestron ist die ultimative Wahl f\u00fcr anspruchsvolle Astrofotografen und Amateursternwarten. Sie wurde f\u00fcr die schwersten Konfigurationen entwickelt und kombiniert mechanische Spitzenleistung, ergonomisches Design und fortschrittliche Funktionen f\u00fcr ein unvergleichliches Erlebnis bei der Beobachtung und Fotografie des Himmels.<\/p>\n<h3>Beeindruckende Ladekapazit\u00e4t<\/h3>\n<ul>\n<li><strong>Tragf\u00e4higkeit von 34 kg (75 lb) :<\/strong> Erm\u00f6glicht den Transport gro\u00dfer optischer R\u00f6hren, wie z. B. des C14 EdgeHD, mit allem notwendigen Zubeh\u00f6r.<\/li>\n<li><strong>Au\u00dfergew\u00f6hnliches Gewichts-\/Kapazit\u00e4tsverh\u00e4ltnis :<\/strong> Ideal f\u00fcr schwere Konfigurationen in der Astrofotografie mit hoher Stabilit\u00e4t.<\/li>\n<\/ul>\n<h3>\u00dcberlegene Leistung<\/h3>\n<ul>\n<li><strong>Zahnr\u00e4der aus Messing :<\/strong> 144 mm gro\u00dfe R\u00e4der sorgen f\u00fcr einen reibungslosen und pr\u00e4zisen Antrieb, selbst bei hoher Belastung.<\/li>\n<li><strong>Verst\u00e4rktes Riemenantriebssystem :<\/strong> Reduziert Backlash und optimiert den Betrieb bei langen Imaging-Sessions.<\/li>\n<li><strong>Gegengewichtswelle :<\/strong> Eine 31,5-mm-Welle aus rostfreiem Stahl, die so konstruiert ist, dass sie mehrere Gegengewichte tragen kann, ohne sich zu verbiegen.<\/li>\n<li><strong>Entstehung der Sterne :<\/strong> Formt au\u00dfergew\u00f6hnliche Sterne auf einer 5-min\u00fctigen gef\u00fchrten Belichtung bei 2800 mm Brennweite unter einem turbulenten Himmel.<\/li>\n<\/ul>\n<h3>Technologie f\u00fcr die Astrofotografie<\/h3>\n<ul>\n<li><strong>Erweitertes Kabelmanagement :<\/strong> Energieanschl\u00fcsse und Zubeh\u00f6r bleiben bei Bewegungen fixiert und verringern das Risiko, sich zu verheddern.<\/li>\n<li><strong>Interne optische Sensoren :<\/strong> Erkennen mechanische Begrenzungen und erm\u00f6glichen nach einem Neustart eine automatische R\u00fcckkehr in die urspr\u00fcngliche Position.<\/li>\n<li><strong>All-Star Polar Alignment :<\/strong> Schnelle und genaue Polausrichtungsprozedur, die jeden hellen Stern verwendet, ohne dass zus\u00e4tzliches Zubeh\u00f6r erforderlich ist.<\/li>\n<li><strong>Multi-Point Mount Modeling :<\/strong> Mit der gemeinsam mit PlaneWave Instruments entwickelten PWI-Software erreichen Sie eine au\u00dfergew\u00f6hnliche Zielgenauigkeit bei langen Belichtungszeiten.<\/li>\n<\/ul>\n<h3>Ergonomisches und robustes Design<\/h3>\n<ul>\n<li><strong>Massives Stativ aus rostfreiem Stahl :<\/strong> Mit 70 mm breiten Beinen und einer H\u00f6henverstellung durch eingravierte Markierungen sorgt er f\u00fcr zus\u00e4tzliche Stabilit\u00e4t bei schweren Lasten.<\/li>\n<li><strong>270 mm Schwalbenschwanzsattel :<\/strong> Kompatibel mit Vixen- und Losmandy-Schwalbenschw\u00e4nzen zur optimalen Unterst\u00fctzung von sperrigen optischen R\u00f6hren.<\/li>\n<li><strong>Integrierte Griffe :<\/strong> Erleichtern den Transport und die Installation.<\/li>\n<li><strong>Ergonomisches Einstellungssystem :<\/strong> Breiten- und Azimutwinkel auch bei voller Belastung reibungslos einstellbar, dank Teflonlagern und ergonomischen Kn\u00f6pfen.<\/li>\n<\/ul>\n<h3>Erweiterte elektronische Eigenschaften<\/h3>\n<ul>\n<li><strong>NexStar+ Controller mit USB-Anschluss :<\/strong> Erm\u00f6glicht die Steuerung der Montierung direkt von einem PC aus mit der mitgelieferten PWI-Software.<\/li>\n<li><strong>USB- und Autoguide-Anschl\u00fcsse :<\/strong> Enth\u00e4lt einen USB 2.0-Anschluss und 2 Autoguide-Anschl\u00fcsse, die f\u00fcr fortgeschrittene Astrofotografie-Konfigurationen optimiert sind.<\/li>\n<li><strong>Interne Echtzeituhr :<\/strong> Beh\u00e4lt die Orts- und Zeitinformationen zwischen den Sitzungen bei.<\/li>\n<li><strong>Genaue Nachverfolgung :<\/strong> Unterst\u00fctzt lange Belichtungszeiten mit angepassten Nachf\u00fchrgeschwindigkeiten f\u00fcr eine Genauigkeit im Sub-Arcsec-Bereich.<\/li>\n<\/ul>\n<h3>Astrofotografische Spitzenerfahrungen<\/h3>\n<ul>\n<li><strong>Unvergleichliche Stabilit\u00e4t :<\/strong> Entwickelt f\u00fcr lange Ausstellungen mit komplexen Konfigurationen.<\/li>\n<li><strong>Kompatibilit\u00e4t mit erweitertem Zubeh\u00f6r :<\/strong> Integriert Unterst\u00fctzung f\u00fcr Module wie SkyPortal WiFi und StarSense AutoAlign f\u00fcr eine pr\u00e4zise automatische Ausrichtung.<\/li>\n<li><strong>Optimiert f\u00fcr gro\u00dfe Teleskope :<\/strong> Getestet mit 14-Zoll-Tuben und Brennweitenreduzierern, um detaillierte Bilder von Objekten wie der Whirlpool-Galaxie (M51) zu erfassen.<\/li>\n<\/ul>\n<h3>Schlussfolgerung<\/h3>\n<p>Die Celestron CGX-L Montierung wurde entwickelt, um die Grenzen der Astrofotografie zu erweitern. Mit ihrer hohen Belastbarkeit, kompromisslosen Pr\u00e4zision und fortschrittlichen Funktionen wie Kabelmanagement, All-Star-Polarausrichtung und Multi-Point-Modelling ist sie die perfekte Wahl f\u00fcr leidenschaftliche Astronomen und Nachthimmel-Fotografen. Verwirklichen Sie Ihre astrofotografischen Ambitionen mit der CGX-L.<\/p>","protected":false},"excerpt":{"rendered":"<p>Pr\u00e9sentation de la Monture Celestron CGX-L La monture CGX-L de Celestron est le choix ultime pour les astrophotographes exigeants et les observatoires amateurs. Con\u00e7ue pour supporter les configurations les plus lourdes, elle combine des performances m\u00e9caniques de pointe, une conception ergonomique et des fonctionnalit\u00e9s avanc\u00e9es pour une exp\u00e9rience d\u2019observation et de photographie du ciel in\u00e9gal\u00e9e. [&hellip;]<\/p>\n","protected":false},"featured_media":3132,"comment_status":"open","ping_status":"closed","template":"","meta":[],"product_brand":[413],"product_cat":[762,20],"product_tag":[],"class_list":{"0":"post-3146","1":"product","2":"type-product","3":"status-publish","4":"has-post-thumbnail","6":"product_brand-celestron","7":"product_cat-equatoriales","8":"product_cat-montures","10":"first","11":"on_supplier","12":"taxable","13":"shipping-taxable","14":"purchasable","15":"product-type-simple"},"_links":{"self":[{"href":"https:\/\/deep-space-astronomy.ch\/de\/wp-json\/wp\/v2\/product\/3146","targetHints":{"allow":["GET"]}}],"collection":[{"href":"https:\/\/deep-space-astronomy.ch\/de\/wp-json\/wp\/v2\/product"}],"about":[{"href":"https:\/\/deep-space-astronomy.ch\/de\/wp-json\/wp\/v2\/types\/product"}],"replies":[{"embeddable":true,"href":"https:\/\/deep-space-astronomy.ch\/de\/wp-json\/wp\/v2\/comments?post=3146"}],"wp:featuredmedia":[{"embeddable":true,"href":"https:\/\/deep-space-astronomy.ch\/de\/wp-json\/wp\/v2\/media\/3132"}],"wp:attachment":[{"href":"https:\/\/deep-space-astronomy.ch\/de\/wp-json\/wp\/v2\/media?parent=3146"}],"wp:term":[{"taxonomy":"product_brand","embeddable":true,"href":"https:\/\/deep-space-astronomy.ch\/de\/wp-json\/wp\/v2\/product_brand?post=3146"},{"taxonomy":"product_cat","embeddable":true,"href":"https:\/\/deep-space-astronomy.ch\/de\/wp-json\/wp\/v2\/product_cat?post=3146"},{"taxonomy":"product_tag","embeddable":true,"href":"https:\/\/deep-space-astronomy.ch\/de\/wp-json\/wp\/v2\/product_tag?post=3146"}],"curies":[{"name":"wp","href":"https:\/\/api.w.org\/{rel}","templated":true}]}}