{"id":3147,"date":"2025-03-06T17:08:51","date_gmt":"2025-03-06T16:08:51","guid":{"rendered":"https:\/\/deep-space-astronomy.geekworkers.dev\/produit\/monture-pegasus-nyx-101\/"},"modified":"2025-11-27T08:49:29","modified_gmt":"2025-11-27T07:49:29","slug":"monture-pegasus-nyx-101","status":"publish","type":"product","link":"https:\/\/deep-space-astronomy.ch\/de\/produkt\/monture-pegasus-nyx-101\/","title":{"rendered":"Pegasus-Rahmen NYX-101"},"content":{"rendered":"<h3>Vorstellung des Pegasus Astro NYX-101<\/h3>\n<p>Die Pegasus Astro NYX-101 Montierung ist ein fortschrittliches St\u00fcck Technik, das entwickelt wurde, um die Bed\u00fcrfnisse von Amateur- und Profiastronomen zu erf\u00fcllen. Inspiriert von der griechischen G\u00f6ttin der Nacht, revolutioniert diese harmonische Montierung die Astrofotografie und Beobachtung durch ihr geringes Gewicht, ihre hohe Tragf\u00e4higkeit und ihre fortschrittlichen Technologien.<\/p>\n<h3>Harmonische Antriebstechnologie<\/h3>\n<ul>\n<li><strong>Dehnungswellengetriebe (strain wave gears) :<\/strong> Im Gegensatz zu herk\u00f6mmlichen Fassungen mit Schnecken bietet dieser Mechanismus :\n<ul>\n<li>Ein spielfreier Antrieb: Die Achsen RA (Rektaszension) und DEC (Deklination) werden mit h\u00f6chster Pr\u00e4zision angetrieben.<\/li>\n<li>Hohe Untersetzung: 500:1 auf der RA-Achse und 300:1 auf der DEC-Achse erm\u00f6glicht ein fl\u00fcssiges Tracking und minimale periodische Fehler.<\/li>\n<li>Hohes Drehmoment: Ideal f\u00fcr hohe Belastungen, ohne die Genauigkeit zu beeintr\u00e4chtigen.<\/li>\n<\/ul>\n<\/li>\n<\/ul>\n<h3>Au\u00dfergew\u00f6hnliche Belastbarkeit<\/h3>\n<ul>\n<li>20 kg ohne Gegengewicht: Geeignet f\u00fcr kleine Refraktoren bis hin zu 11-Zoll-Schmidt-Cassegrain-Teleskopen (SCT).<\/li>\n<li>30 kg mit Gegengewicht: Eine Option f\u00fcr schwerere Konfigurationen dank einer dedizierten M12-Gewindeachse.<\/li>\n<li>Gesamtgewicht von nur 6,5 kg erleichtert den Transport und die Installation.<\/li>\n<\/ul>\n<h3>Genauigkeit und Schnelligkeit<\/h3>\n<ul>\n<li><strong>Aufl\u00f6sung des RA-Motors :<\/strong> 0,10 Bogensekunden.<\/li>\n<li><strong>Maximale Stechgeschwindigkeit :<\/strong> 6\u00b0\/Sekunde, ideal f\u00fcr weit entfernte Ziele.<\/li>\n<li>Automatische Korrektur der atmosph\u00e4rischen Refraktion durch einen eingebauten barometrischen Sensor, wodurch die Nachf\u00fchrung bei langen Brennweiten optimiert wird.<\/li>\n<\/ul>\n<h3>Kompatibilit\u00e4t und Konnektivit\u00e4t<\/h3>\n<ul>\n<li><strong>Universalplattenspieler :<\/strong> Kompatibel mit Vixen- und Losmandy-Schwalbenschw\u00e4nzen (3 Zoll).<\/li>\n<li><strong>Integrierte Ports :<\/strong>\n<ul>\n<li>ST-4 f\u00fcr Autoguiding.<\/li>\n<li>DC-Ausgang (8A) zur Stromversorgung von Zubeh\u00f6r.<\/li>\n<\/ul>\n<\/li>\n<li><strong>Verbindungen :<\/strong>\n<ul>\n<li>Wi-Fi 802.11g zur kabellosen Steuerung \u00fcber Smartphone oder Tablet.<\/li>\n<li>USB 2.0-Anschluss f\u00fcr kabelgebundene Verwaltung.<\/li>\n<\/ul>\n<\/li>\n<\/ul>\n<h3>Robustes und ergonomisches Design<\/h3>\n<p>Die NYX-101 wird aus der CNC-Aluminiumlegierung AL6061 hergestellt, die in der Luft- und Raumfahrt verwendet wird, und ist f\u00fcr eine l\u00e4ngere Haltbarkeit schwarz und blau eloxiert. Dank seines kompakten Designs kann er je nach Bedarf \u00e4quatorial oder altazimutal verwendet werden.<\/p>\n<h3>Sicherheit und Zuverl\u00e4ssigkeit<\/h3>\n<ul>\n<li>Elektronische Bremse an der RA-Achse, um eine unbeabsichtigte Bewegung bei Stromausfall zu verhindern.<\/li>\n<li>Schutz vor elektrischer Verpolung, garantiert optimale Sicherheit bei n\u00e4chtlichen Sitzungen.<\/li>\n<\/ul>\n<h3>Inklusive Zubeh\u00f6r<\/h3>\n<ul>\n<li>Ein 12V\/5A-Netzteil.<\/li>\n<li>Eine praktische Tragetasche.<\/li>\n<li>Ein USB2-Kabel vom Typ A auf B.<\/li>\n<li>Ein Polemaster-Adapter zur pr\u00e4zisen Polarausrichtung.<\/li>\n<\/ul>\n<h3>Praktische Anwendungen<\/h3>\n<ul>\n<li>Fortgeschrittene Astrofotografie: Au\u00dfergew\u00f6hnliche Pr\u00e4zision, um detaillierte Deep-Sky-Bilder aufzunehmen.<\/li>\n<li>Nomadische visuelle Beobachtung: Das geringe Gewicht macht es zur idealen Wahl f\u00fcr reisende Astronomen.<\/li>\n<li>Automatisierung von Observatorien: Kompatibel mit GoTo-Software und Autoguiding-Systemen.<\/li>\n<\/ul>\n<h3>In Zusammenfassung<\/h3>\n<p>Das Pegasus Astro NYX-101 vereint technologische Innovation, Robustheit und Vielseitigkeit in einem kompakten Format. Sie ist eine unumg\u00e4ngliche Wahl f\u00fcr Himmelsliebhaber, die die Leichtigkeit eines nomadischen Setups mit der Robustheit einer professionellen Montierung und einer neu gestalteten Ergonomie verbindet, um jede Sitzung reibungslos zu gestalten. Mit ihrer zweij\u00e4hrigen Garantie und dem reaktionsschnellen technischen Support ist sie eine nachhaltige Investition, um die Unendlichkeit einzufangen.<\/p>\n<p>Inspiriert von der Weltraumtechnologie, entworfen f\u00fcr Sterntr\u00e4umer.<\/p>","protected":false},"excerpt":{"rendered":"<p>Pr\u00e9sentation de la Pegasus Astro NYX-101 La monture Pegasus Astro NYX-101 est une pi\u00e8ce d\u2019ing\u00e9nierie avanc\u00e9e, con\u00e7ue pour r\u00e9pondre aux besoins des astronomes amateurs et professionnels. Inspir\u00e9e par la d\u00e9esse grecque de la nuit, cette monture harmonique r\u00e9volutionne l\u2019astrophotographie et l\u2019observation gr\u00e2ce \u00e0 sa l\u00e9g\u00e8ret\u00e9, sa haute capacit\u00e9 de charge et ses technologies de pointe. [&hellip;]<\/p>\n","protected":false},"featured_media":6474,"comment_status":"open","ping_status":"closed","template":"","meta":[],"product_brand":[517],"product_cat":[762,20],"product_tag":[],"class_list":{"0":"post-3147","1":"product","2":"type-product","3":"status-publish","4":"has-post-thumbnail","6":"product_brand-pegasus","7":"product_cat-equatoriales","8":"product_cat-montures","10":"first","11":"outofstock","12":"taxable","13":"shipping-taxable","14":"purchasable","15":"product-type-simple"},"_links":{"self":[{"href":"https:\/\/deep-space-astronomy.ch\/de\/wp-json\/wp\/v2\/product\/3147","targetHints":{"allow":["GET"]}}],"collection":[{"href":"https:\/\/deep-space-astronomy.ch\/de\/wp-json\/wp\/v2\/product"}],"about":[{"href":"https:\/\/deep-space-astronomy.ch\/de\/wp-json\/wp\/v2\/types\/product"}],"replies":[{"embeddable":true,"href":"https:\/\/deep-space-astronomy.ch\/de\/wp-json\/wp\/v2\/comments?post=3147"}],"wp:featuredmedia":[{"embeddable":true,"href":"https:\/\/deep-space-astronomy.ch\/de\/wp-json\/wp\/v2\/media\/6474"}],"wp:attachment":[{"href":"https:\/\/deep-space-astronomy.ch\/de\/wp-json\/wp\/v2\/media?parent=3147"}],"wp:term":[{"taxonomy":"product_brand","embeddable":true,"href":"https:\/\/deep-space-astronomy.ch\/de\/wp-json\/wp\/v2\/product_brand?post=3147"},{"taxonomy":"product_cat","embeddable":true,"href":"https:\/\/deep-space-astronomy.ch\/de\/wp-json\/wp\/v2\/product_cat?post=3147"},{"taxonomy":"product_tag","embeddable":true,"href":"https:\/\/deep-space-astronomy.ch\/de\/wp-json\/wp\/v2\/product_tag?post=3147"}],"curies":[{"name":"wp","href":"https:\/\/api.w.org\/{rel}","templated":true}]}}