{"id":3160,"date":"2025-03-06T17:10:29","date_gmt":"2025-03-06T16:10:29","guid":{"rendered":"https:\/\/deep-space-astronomy.geekworkers.dev\/produit\/monture-ultra-light-polarie-u-star-tracker\/"},"modified":"2025-06-03T10:39:18","modified_gmt":"2025-06-03T08:39:18","slug":"monture-ultra-light-polarie-u-star-tracker","status":"publish","type":"product","link":"https:\/\/deep-space-astronomy.ch\/de\/produkt\/monture-ultra-light-polarie-u-star-tracker\/","title":{"rendered":"Ultra Light Polarie U Star Tracker-Rahmen"},"content":{"rendered":"<h3>Vorstellung von Vixen Polarie U<\/h3>\n<p>Die Vixen Polarie U ist ein ultrakompakter, motorisierter Sternentracker, der speziell f\u00fcr die Gro\u00dffeld-Astrofotografie, Nachtlandschaften und Zeitrafferaufnahmen entwickelt wurde. Mit einem geringen Gewicht von 575 g (ohne Batterien) und minimalistischen Abmessungen (88,5 x 72 x 110,5 mm) ist sie mit ihrer Form, die an ein Fotoobjektiv erinnert, ein idealer Begleiter auf Reisen.<\/p>\n<h3>Schl\u00fcsselfunktionen<\/h3>\n<ul>\n<li><strong>Vielseitige Nachverfolgungsmodi :<\/strong>\n<ul>\n<li>Star-Scape (1\/2 Siderische Geschwindigkeit), um Landschaften und Sternenhimmel ohne Unsch\u00e4rfe zu verschmelzen.<\/li>\n<li>Siderische Geschwindigkeit f\u00fcr Langzeitbelichtungen der Milchstra\u00dfe oder von Nebeln.<\/li>\n<li>Sonnen-\/Mondverfolgung, die auf Finsternisse abgestimmt ist.<\/li>\n<li>Individueller Modus \u00fcber Smartphone-App (Geschwindigkeitseinstellung und Intervalle).<\/li>\n<li>Angeschlossene Steuerung: Wi-Fi-Steuerung \u00fcber App (iOS\/Android), Time-Lapse-Management, Intervallmesser und ST-4-Anschluss f\u00fcr externes Autoguiding (nur RA).<\/li>\n<\/ul>\n<\/li>\n<li><strong>Skalierbare Belastbarkeit :<\/strong>\n<ul>\n<li>2,5 kg Standard (Weitwinkelobjektive).<\/li>\n<li>6,5 kg mit Zubeh\u00f6r (Mehrzweck-Montageblock + DD-Schiene).<\/li>\n<li>10 kg im horizontalen Time-Lapse-Modus (schwere Ger\u00e4te).<\/li>\n<\/ul>\n<\/li>\n<li><strong>Flexible Ern\u00e4hrung :<\/strong>\n<ul>\n<li>4 AA-Batterien (7h bei 20\u00b0C) oder USB Typ-C (kompatible Powerbank).<\/li>\n<\/ul>\n<\/li>\n<li><strong>Integrierte Elemente :<\/strong>\n<ul>\n<li>Wasserwaage<\/li>\n<li>Richtungsskala (time-lapses)<\/li>\n<li>Zielrohr f\u00fcr ungef\u00e4hre Polarausrichtung (n\u00f6rdliche Hemisph\u00e4re)<\/li>\n<li>Shutter Release (2,5 mm) und USB-C-Anschl\u00fcsse<\/li>\n<\/ul>\n<\/li>\n<li><strong>Robustheit :<\/strong>\n<ul>\n<li>Zahnr\u00e4der aus Aluminiumlegierung (Achse RA 40 mm)<\/li>\n<li>Messingschnecke (9,8 mm)<\/li>\n<li>Verst\u00e4rkte Lager f\u00fcr eine l\u00e4ngere Haltbarkeit<\/li>\n<\/ul>\n<\/li>\n<\/ul>\n<h3>Optionales Zubeh\u00f6r<\/h3>\n<ul>\n<li><strong>Mehrzweck-Montageblock (POLARIE Multi Mounting Block) :<\/strong> Erh\u00f6ht die Tragf\u00e4higkeit auf 6,5 kg, geeignet f\u00fcr Teleobjektive oder kleine Teleskope.<\/li>\n<li><strong>Schwalbenschwanzschiene DD (Dovetail Slide Bar DD) :<\/strong> In Kombination mit dem Mehrzweckblock balanciert er schwere Lasten aus und erleichtert das Anpassen.<\/li>\n<li><strong>Polsucher PF-L II :<\/strong> Erm\u00f6glicht eine pr\u00e4zise polare Ausrichtung bei langen Brennweiten, f\u00fcr die die Polar Scope Arm Bracket (Armhalterung f\u00fcr Sucher) erforderlich ist.<\/li>\n<li><strong>Schnellspanner (Quick Release Clamp) :<\/strong> Arca Swiss kompatibel, um die Ger\u00e4te schnell an einer Standardschiene zu befestigen.<\/li>\n<li><strong>DX Polar Fine-Tuning Unit (DX Polar Feinabstimmungseinheit) :<\/strong> Mikrometrische Anpassungen in Azimut (-30\u00b0 bis +90\u00b0) und H\u00f6he f\u00fcr einen optimalen Bildausschnitt.<\/li>\n<li><strong>Externer Akku (empfohlen) :<\/strong> Verl\u00e4ngerte USB-C-Stromversorgung \u00fcber Powerbank (z. B. PowerTank), ideal f\u00fcr lange N\u00e4chte.<\/li>\n<\/ul>\n<h3>Starke Punkte<\/h3>\n<ul>\n<li>Vielseitigkeit (Astro, Zeitraffer, Eklipsen)<\/li>\n<li>Extreme Tragbarkeit und intuitive Steuerung \u00fcber Smartphone<\/li>\n<li>Skalierbares optionales Zubeh\u00f6r f\u00fcr den Einsatz vom Hobby bis zum semiprofessionellen Einsatz<\/li>\n<\/ul>\n<h3>Schlussfolgerung<\/h3>\n<p>Die Vixen Polarie U ist ein ultrakompakter, vielseitiger Sternen-Tracker, der sich ideal f\u00fcr die Gro\u00dffeld-Astrofotografie, Nachtlandschaften und Zeitrafferaufnahmen eignet. Seine Tragbarkeit, die zahlreichen Nachf\u00fchrungsmodi und die Zubeh\u00f6roptionen machen ihn zu einem erweiterbaren Werkzeug f\u00fcr Enthusiasten, die Flexibilit\u00e4t und Leistung suchen, sei es auf Reisen oder bei einer festen Installation.<\/p>","protected":false},"excerpt":{"rendered":"<p>Pr\u00e9sentation de la Vixen Polarie U La Vixen Polarie U est un tracker stellaire motoris\u00e9 ultra-compact, sp\u00e9cialement con\u00e7u pour l&rsquo;astrophotographie grand champ, les paysages nocturnes et les time-lapses. D\u2019un poids plume de 575 g (sans piles) et aux dimensions minimalistes (88,5 x 72 x 110,5 mm), sa forme rappelant un objectif photo en fait un [&hellip;]<\/p>\n","protected":false},"featured_media":3154,"comment_status":"open","ping_status":"closed","template":"","meta":[],"product_brand":[451],"product_cat":[20,765],"product_tag":[],"class_list":{"0":"post-3160","1":"product","2":"type-product","3":"status-publish","4":"has-post-thumbnail","6":"product_brand-vixen","7":"product_cat-montures","8":"product_cat-ultra-portables","10":"first","11":"on_supplier","12":"taxable","13":"shipping-taxable","14":"purchasable","15":"product-type-simple"},"_links":{"self":[{"href":"https:\/\/deep-space-astronomy.ch\/de\/wp-json\/wp\/v2\/product\/3160","targetHints":{"allow":["GET"]}}],"collection":[{"href":"https:\/\/deep-space-astronomy.ch\/de\/wp-json\/wp\/v2\/product"}],"about":[{"href":"https:\/\/deep-space-astronomy.ch\/de\/wp-json\/wp\/v2\/types\/product"}],"replies":[{"embeddable":true,"href":"https:\/\/deep-space-astronomy.ch\/de\/wp-json\/wp\/v2\/comments?post=3160"}],"wp:featuredmedia":[{"embeddable":true,"href":"https:\/\/deep-space-astronomy.ch\/de\/wp-json\/wp\/v2\/media\/3154"}],"wp:attachment":[{"href":"https:\/\/deep-space-astronomy.ch\/de\/wp-json\/wp\/v2\/media?parent=3160"}],"wp:term":[{"taxonomy":"product_brand","embeddable":true,"href":"https:\/\/deep-space-astronomy.ch\/de\/wp-json\/wp\/v2\/product_brand?post=3160"},{"taxonomy":"product_cat","embeddable":true,"href":"https:\/\/deep-space-astronomy.ch\/de\/wp-json\/wp\/v2\/product_cat?post=3160"},{"taxonomy":"product_tag","embeddable":true,"href":"https:\/\/deep-space-astronomy.ch\/de\/wp-json\/wp\/v2\/product_tag?post=3160"}],"curies":[{"name":"wp","href":"https:\/\/api.w.org\/{rel}","templated":true}]}}