{"id":3170,"date":"2025-03-06T17:12:14","date_gmt":"2025-03-06T16:12:14","guid":{"rendered":"https:\/\/deep-space-astronomy.geekworkers.dev\/produit\/monture-jtw-trident-gtr\/"},"modified":"2025-06-03T10:39:18","modified_gmt":"2025-06-03T08:39:18","slug":"monture-jtw-trident-gtr","status":"publish","type":"product","link":"https:\/\/deep-space-astronomy.ch\/de\/produkt\/monture-jtw-trident-gtr\/","title":{"rendered":"JTW Trident GTR-Reittier"},"content":{"rendered":"<h3>Vorstellung des Reittiers JTW Trident GTR<\/h3>\n<p>Die JTW Trident GTR ist eine hochmoderne \u00e4quatoriale Montierung, die f\u00fcr Astrofotografen und Observatorien entwickelt wurde, die eine au\u00dfergew\u00f6hnliche Leistung und hohe Belastbarkeit suchen. Basierend auf der Direct Friction Drive Technologie bietet sie eine fl\u00fcssige und pr\u00e4zise Nachf\u00fchrung ohne die mit herk\u00f6mmlichen Zahnradsystemen verbundenen Vibrationen. Mit einer beeindruckenden fotografischen Kapazit\u00e4t von 75 kg ist sie ideal f\u00fcr schwere Konfigurationen und entfernte Observatorien.<\/p>\n<h3>Hauptmerkmale<\/h3>\n<ul>\n<li><strong>Tragf\u00e4higkeit :<\/strong> Bis zu 75 kg, geeignet f\u00fcr schwere optische R\u00f6hren und Multi-Instrumenten-Konfigurationen.<\/li>\n<li><strong>Direct Friction Drive Technologie :<\/strong>\n<ul>\n<li>Beseitigt Reduktionen f\u00fcr eine fl\u00fcssige Verfolgung mit einem sanften periodischen Fehler (16 Minuten).<\/li>\n<li>Leistungssteigerung durch einen integrierten PEC-Sensor.<\/li>\n<\/ul>\n<\/li>\n<li><strong>Optimierung f\u00fcr die Fernbildgebung :<\/strong>\n<ul>\n<li>Robustes System mit digitalen optischen Referenzsensoren f\u00fcr eine sichere Positionierung nach einem Stromausfall.<\/li>\n<li>Integrierte Magnetbremsen, um versehentliche Besch\u00e4digungen zu vermeiden.<\/li>\n<\/ul>\n<\/li>\n<li><strong>Nachhaltiges Bauen :<\/strong>\n<ul>\n<li>Materialien aus Flugzeugaluminium und rostfreiem Stahl mit strukturiertem Metallfinish.<\/li>\n<li>Vollst\u00e4ndig versiegeltes System, das wenig oder keine Wartung erfordert.<\/li>\n<\/ul>\n<\/li>\n<\/ul>\n<h3>Technologische Vorteile<\/h3>\n<ul>\n<li><strong>Au\u00dfergew\u00f6hnliche Genauigkeit :<\/strong>\n<ul>\n<li>Fl\u00fcssige F\u00fchrung durch die Direct Friction Drive-Technologie.<\/li>\n<li>Integrierter PEC-Sensor, um den periodischen Fehler wirksam zu korrigieren.<\/li>\n<\/ul>\n<\/li>\n<li><strong>Robustes und zuverl\u00e4ssiges Design :<\/strong>\n<ul>\n<li>Integrierte magnetische und mechanische Bremsen sch\u00fctzen das Gestell.<\/li>\n<li>Versiegeltes System f\u00fcr den wartungsfreien Betrieb, ideal f\u00fcr entfernte Standorte.<\/li>\n<\/ul>\n<\/li>\n<li><strong>Flexibilit\u00e4t und erweiterte Kontrolle :<\/strong>\n<ul>\n<li>Kompatibel mit dem Open-Source-System OnStepX f\u00fcr eine individuelle Steuerung.<\/li>\n<li>Mobile Anwendung, die jedes Ger\u00e4t in eine intelligente Handsteuerung verwandelt.<\/li>\n<\/ul>\n<\/li>\n<li><strong>Einfache Handhabung :<\/strong>\n<ul>\n<li>Vereinfachte Installation durch ein zweistufiges System.<\/li>\n<li>Wird mit einem kompletten Set geliefert, das einen digitalen Drehmomentschl\u00fcssel enth\u00e4lt.<\/li>\n<\/ul>\n<\/li>\n<\/ul>\n<h3>Anwendungen<\/h3>\n<ul>\n<li>Fortgeschrittene Astrofotografie mit schweren Teleskopen oder Multi-Instrumenten-Konfigurationen.<\/li>\n<li>Abgelegene Observatorien, die eine h\u00f6here Zuverl\u00e4ssigkeit und einen geringeren Wartungsaufwand erfordern.<\/li>\n<li>Bildgebung mit langer Belichtungszeit dank vibrationsfreier, fl\u00fcssiger Nachf\u00fchrung.<\/li>\n<\/ul>\n<h3>Schlussfolgerung<\/h3>\n<p>Die JTW Trident GTR-Montierung ist eine High-End-L\u00f6sung f\u00fcr anspruchsvolle Astrofotografen und professionelle Observatorien. Mit ihrer au\u00dfergew\u00f6hnlichen Belastbarkeit, un\u00fcbertroffenen Pr\u00e4zision und zahlreichen technologischen Innovationen ist sie die ideale Wahl f\u00fcr Projekte, bei denen es auf zuverl\u00e4ssige und langlebige Leistung ankommt.<\/p>","protected":false},"excerpt":{"rendered":"<p>Pr\u00e9sentation de la Monture JTW Trident GTR La monture JTW Trident GTR est une monture \u00e9quatoriale de pointe, con\u00e7ue pour les astrophotographes et observatoires \u00e0 la recherche de performances exceptionnelles et d\u2019une capacit\u00e9 de charge \u00e9lev\u00e9e. Bas\u00e9e sur la technologie Direct Friction Drive, elle offre un suivi fluide et pr\u00e9cis sans les vibrations associ\u00e9es aux [&hellip;]<\/p>\n","protected":false},"featured_media":3168,"comment_status":"open","ping_status":"closed","template":"","meta":[],"product_brand":[520],"product_cat":[762,20,816],"product_tag":[],"class_list":{"0":"post-3170","1":"product","2":"type-product","3":"status-publish","4":"has-post-thumbnail","6":"product_brand-jtw-astronomy","7":"product_cat-equatoriales","8":"product_cat-montures","9":"product_cat-nouveautes","11":"first","12":"on_supplier","13":"taxable","14":"shipping-taxable","15":"purchasable","16":"product-type-simple"},"_links":{"self":[{"href":"https:\/\/deep-space-astronomy.ch\/de\/wp-json\/wp\/v2\/product\/3170","targetHints":{"allow":["GET"]}}],"collection":[{"href":"https:\/\/deep-space-astronomy.ch\/de\/wp-json\/wp\/v2\/product"}],"about":[{"href":"https:\/\/deep-space-astronomy.ch\/de\/wp-json\/wp\/v2\/types\/product"}],"replies":[{"embeddable":true,"href":"https:\/\/deep-space-astronomy.ch\/de\/wp-json\/wp\/v2\/comments?post=3170"}],"wp:featuredmedia":[{"embeddable":true,"href":"https:\/\/deep-space-astronomy.ch\/de\/wp-json\/wp\/v2\/media\/3168"}],"wp:attachment":[{"href":"https:\/\/deep-space-astronomy.ch\/de\/wp-json\/wp\/v2\/media?parent=3170"}],"wp:term":[{"taxonomy":"product_brand","embeddable":true,"href":"https:\/\/deep-space-astronomy.ch\/de\/wp-json\/wp\/v2\/product_brand?post=3170"},{"taxonomy":"product_cat","embeddable":true,"href":"https:\/\/deep-space-astronomy.ch\/de\/wp-json\/wp\/v2\/product_cat?post=3170"},{"taxonomy":"product_tag","embeddable":true,"href":"https:\/\/deep-space-astronomy.ch\/de\/wp-json\/wp\/v2\/product_tag?post=3170"}],"curies":[{"name":"wp","href":"https:\/\/api.w.org\/{rel}","templated":true}]}}