{"id":3331,"date":"2025-03-06T17:43:30","date_gmt":"2025-03-06T16:43:30","guid":{"rendered":"https:\/\/deep-space-astronomy.geekworkers.dev\/produit\/qsi-760-w5\/"},"modified":"2025-06-03T10:39:49","modified_gmt":"2025-06-03T08:39:49","slug":"qsi-760-w5","status":"publish","type":"product","link":"https:\/\/deep-space-astronomy.ch\/de\/produkt\/qsi-760-w5\/","title":{"rendered":"QSI 760-W5"},"content":{"rendered":"<h3>Die Kamera QSI 760<\/h3>\n<p>Die Kamera QSI 760 ist ein Vorzeigemodell der QSI 700-Serie, die speziell f\u00fcr die hochpr\u00e4zise astronomische Bildgebung entwickelt wurde. Sie ist mit den neuesten technologischen Entwicklungen ausgestattet und bietet mit ihrem gro\u00dfen CMOS-Sensor, der fortschrittlichen K\u00fchlung und den eingebauten Funktionen eine au\u00dfergew\u00f6hnliche Leistung.<\/p>\n<h3>CMOS-Sensor und Leistung<\/h3>\n<p>Die QSI 760 ist mit dem monochromen Sony IMX455-Sensor ausgestattet, der als einer der besten CMOS-Sensoren f\u00fcr die Astrofotografie gilt. Dieser Vollformatsensor (Full Frame) hat die folgenden Eigenschaften:<\/p>\n<ul>\n<li><strong>Aufl\u00f6sung<\/strong> : 61 Megapixel mit einer Matrix von 9576 x 6380 Pixeln, die eine hervorragende Bildqualit\u00e4t bietet.<\/li>\n<li><strong>Pixelgr\u00f6\u00dfe<\/strong> : 3,76 \u00b5m, ideal zum Erfassen feiner Details bei gleichzeitiger Aufrechterhaltung einer hohen Empfindlichkeit.<\/li>\n<li><strong>Gr\u00f6\u00dfe des Sensors<\/strong> : 36 mm x 24 mm (43,3 mm Diagonale), wodurch breite optische Felder vollst\u00e4ndig abgedeckt werden k\u00f6nnen.<\/li>\n<li><strong>Quanteneffizienz (QE)<\/strong> : Bis zu 90 %, garantiert eine optimale Umwandlung von Licht in ein digitales Signal.<\/li>\n<li><strong>Rauschen beim Lesen<\/strong> : Nur 1,2 Elektronen, sorgt f\u00fcr extrem saubere Bilder auch bei langen Belichtungszeiten.<\/li>\n<li><strong>Sch\u00e4chte mit maximalem Potenzial<\/strong> : 51.000 Elektronen, bietet einen ausgezeichneten Dynamikbereich.<\/li>\n<\/ul>\n<p>Der hintergrundbeleuchtete Sensor (BSI) eliminiert effektiv Artefakte wie \"Amp Glow\" und Streifen und erzeugt so scharfe Bilder ohne st\u00f6rendes Rauschen.<\/p>\n<h3>Thermische K\u00fchlung<\/h3>\n<p>Die Kamera ist mit einem zweistufigen Peltier-K\u00fchlsystem ausgestattet, das die Temperatur des Sensors auf bis zu 45 \u00b0C unter die Umgebungstemperatur senken kann. Diese fortschrittliche K\u00fchlung minimiert das thermische Rauschen, das bei astronomischen Langzeitbelichtungen von entscheidender Bedeutung ist.<\/p>\n<ul>\n<li>Die Sensorkammer ist hermetisch mit einem Fenster aus geschmolzenem Siliziumdioxid mit einer doppelseitigen Antireflexbeschichtung abgedichtet, die Lichth\u00f6fe reduziert und Kondensation verhindert.<\/li>\n<\/ul>\n<h3>Laufr\u00e4der mit integrierten Filtern : Zwei Optionen verf\u00fcgbar<\/h3>\n<p>Die QSI 760 ist mit zwei Konfigurationen von motorisierten Filterr\u00e4dern erh\u00e4ltlich:<\/p>\n<ol>\n<li><strong>Filterrad mit 5 Positionen<\/strong> :\n<ul>\n<li>Kompatibel mit montierten 2-Zoll- oder unmontierten 50-mm-Filtern.<\/li>\n<li>Ideal f\u00fcr einen begrenzten Satz von Filtern (z. B. LRGB + H\u03b1).<\/li>\n<\/ul>\n<\/li>\n<li><strong>Filterrad mit 7 Positionen<\/strong> :\n<ul>\n<li>Kompatibel mit unmontierten Filtern mit einem Durchmesser von 50 mm.<\/li>\n<li>Entwickelt, um eine gr\u00f6\u00dfere Auswahl an Filtern aufzunehmen, insbesondere f\u00fcr die Schmalbandabbildung (H\u03b1, OIII, SII).<\/li>\n<\/ul>\n<\/li>\n<\/ol>\n<p>Diese Filterr\u00e4der minimieren das optische Ziehen (Backfocus) und erleichtern so die Verwendung mit verschiedenen optischen Zubeh\u00f6rteilen, wie z. B. Brennweitenreduzierern.<\/p>\n<h3>Konnektivit\u00e4t und Ergonomie<\/h3>\n<p>Der QSI 760 ist praktisch und ergonomisch gestaltet:<\/p>\n<ul>\n<li><strong>Vereinfachte Konnektivit\u00e4t<\/strong> :\n<ul>\n<li>USB 3.0-Anschluss f\u00fcr schnelle Daten\u00fcbertragung.<\/li>\n<li>Zwei zus\u00e4tzliche USB 2.0-Anschl\u00fcsse erm\u00f6glichen den direkten Anschluss von Peripherieger\u00e4ten wie einer Guide-Kamera.<\/li>\n<li>Ein Netzteilausgang mit Gewinde sorgt f\u00fcr eine sichere Verbindung f\u00fcr Zubeh\u00f6r.<\/li>\n<\/ul>\n<\/li>\n<li><strong>Robuste Konstruktion<\/strong> :\n<ul>\n<li>Hergestellt aus langlebigen und strapazierf\u00e4higen Materialien.<\/li>\n<li>Wird in einem geformten Hartschalengeh\u00e4use mit sch\u00fctzendem Schaumstoff f\u00fcr einen sicheren Transport geliefert.<\/li>\n<\/ul>\n<\/li>\n<\/ul>\n<h3>Technische Besonderheiten<\/h3>\n<ul>\n<li>Erweiterter Dynamikbereich durch nativen 16-Bit-Analog-Digital-Wandler (ADC).<\/li>\n<li>Kompatibel mit beliebter Erfassungssoftware \u00fcber ASCOM-Treiber (Maxim DL, NINA, etc.).<\/li>\n<li>Rolling Shutter erm\u00f6glicht einen Belichtungsbereich von 1 ms bis 24 Stunden.<\/li>\n<\/ul>\n<h3>Inhalt der Schachtel (\"In the Box\")<\/h3>\n<p>Die QSI 760 Kamera wird mit folgendem Zubeh\u00f6r geliefert :<\/p>\n<ol>\n<li>Kamera QSI 760 (mit integriertem Filterrad - je nach gew\u00e4hltem Modell 5- oder 7-Positionen-Version).<\/li>\n<li>USB-3.0-Hochgeschwindigkeitskabel.<\/li>\n<li>Externe Stromversorgung mit Gewindeanschl\u00fcssen.<\/li>\n<li>Windows-kompatible Erfassungssoftware (zum Herunterladen).<\/li>\n<li>Ausf\u00fchrliches Benutzerhandbuch.<\/li>\n<li>Geformtes Hartgeh\u00e4use mit sch\u00fctzendem Schaumstoff.<\/li>\n<\/ol>\n<h3>Schlussfolgerung<\/h3>\n<p>Die Kamera QSI 760 zeichnet sich durch einen hochleistungsf\u00e4higen Vollformatsensor, eine fortschrittliche K\u00fchlung und ein ergonomisches Design aus, das auf die anspruchsvollen Bed\u00fcrfnisse von Astrofotografen zugeschnitten ist. Ob Sie sich nun f\u00fcr die Version mit 5- oder 7-fach-Filterrad entscheiden, sie garantiert eine hervorragende Bildqualit\u00e4t und Vielseitigkeit f\u00fcr die professionelle astronomische Bildgebung.<\/p>","protected":false},"excerpt":{"rendered":"<p>La cam\u00e9ra QSI 760 La cam\u00e9ra QSI 760 est un mod\u00e8le phare de la s\u00e9rie QSI 700, sp\u00e9cialement con\u00e7ue pour l\u2019imagerie astronomique de haute pr\u00e9cision. Dot\u00e9e des derni\u00e8res avanc\u00e9es technologiques, elle offre des performances exceptionnelles gr\u00e2ce \u00e0 son capteur CMOS de grande taille, son refroidissement avanc\u00e9 et ses fonctionnalit\u00e9s int\u00e9gr\u00e9es. Capteur CMOS et Performances La [&hellip;]<\/p>\n","protected":false},"featured_media":3326,"comment_status":"open","ping_status":"closed","template":"","meta":[],"product_brand":[553],"product_cat":[768,816],"product_tag":[],"class_list":{"0":"post-3331","1":"product","2":"type-product","3":"status-publish","4":"has-post-thumbnail","6":"product_brand-qsi","7":"product_cat-ciel-profond","8":"product_cat-nouveautes","10":"first","11":"on_supplier","12":"taxable","13":"shipping-taxable","14":"purchasable","15":"product-type-simple"},"_links":{"self":[{"href":"https:\/\/deep-space-astronomy.ch\/de\/wp-json\/wp\/v2\/product\/3331","targetHints":{"allow":["GET"]}}],"collection":[{"href":"https:\/\/deep-space-astronomy.ch\/de\/wp-json\/wp\/v2\/product"}],"about":[{"href":"https:\/\/deep-space-astronomy.ch\/de\/wp-json\/wp\/v2\/types\/product"}],"replies":[{"embeddable":true,"href":"https:\/\/deep-space-astronomy.ch\/de\/wp-json\/wp\/v2\/comments?post=3331"}],"wp:featuredmedia":[{"embeddable":true,"href":"https:\/\/deep-space-astronomy.ch\/de\/wp-json\/wp\/v2\/media\/3326"}],"wp:attachment":[{"href":"https:\/\/deep-space-astronomy.ch\/de\/wp-json\/wp\/v2\/media?parent=3331"}],"wp:term":[{"taxonomy":"product_brand","embeddable":true,"href":"https:\/\/deep-space-astronomy.ch\/de\/wp-json\/wp\/v2\/product_brand?post=3331"},{"taxonomy":"product_cat","embeddable":true,"href":"https:\/\/deep-space-astronomy.ch\/de\/wp-json\/wp\/v2\/product_cat?post=3331"},{"taxonomy":"product_tag","embeddable":true,"href":"https:\/\/deep-space-astronomy.ch\/de\/wp-json\/wp\/v2\/product_tag?post=3331"}],"curies":[{"name":"wp","href":"https:\/\/api.w.org\/{rel}","templated":true}]}}