{"id":3358,"date":"2025-03-06T17:46:54","date_gmt":"2025-03-06T16:46:54","guid":{"rendered":"https:\/\/deep-space-astronomy.geekworkers.dev\/produit\/qsi-726-w7\/"},"modified":"2025-06-03T10:39:49","modified_gmt":"2025-06-03T08:39:49","slug":"qsi-726-w7","status":"publish","type":"product","link":"https:\/\/deep-space-astronomy.ch\/de\/produkt\/qsi-726-w7\/","title":{"rendered":"QSI 726-W7"},"content":{"rendered":"<h3>Die CMOS-Kamera QSI 726<\/h3>\n<p>Die CMOS-Kamera QSI 726 ist eine High-End-L\u00f6sung f\u00fcr die astronomische Bildgebung, die fortschrittliche Technologien kombiniert, um eine au\u00dfergew\u00f6hnliche Leistung zu bieten. Sie wurde entwickelt, um die Anforderungen anspruchsvoller Astrofotografen zu erf\u00fcllen, und zeichnet sich durch einen hochempfindlichen Sensor, fortschrittliche K\u00fchlungsm\u00f6glichkeiten und eine ergonomische Integration aus.<\/p>\n<h3>CMOS-Sensor und Leistung<\/h3>\n<p>Die QSI 726 ist mit dem monochromen Sony IMX571 CMOS-Sensor ausgestattet, einem hintergrundbeleuchteten Sensor (BSI), der f\u00fcr seine hohe Empfindlichkeit und seinen geringen Energieverbrauch bekannt ist. Hier sind seine Hauptmerkmale:<\/p>\n<ul>\n<li><strong>Aufl\u00f6sung<\/strong> : 26 Megapixel mit einer Matrix von 6244 x 4168 Pixeln.<\/li>\n<li><strong>Pixelgr\u00f6\u00dfe<\/strong> : 3,76 \u00b5m und bietet einen hervorragenden Kompromiss zwischen Aufl\u00f6sung und Empfindlichkeit.<\/li>\n<li><strong>Quanteneffizienz (QE)<\/strong> Bis zu 90 % garantieren eine optimale Leistung auch bei schwachem Himmel.<\/li>\n<li><strong>Dynamischer Bereich<\/strong> Die Kamera verf\u00fcgt \u00fcber einen nativen 16-Bit-Analog-Digital-Wandler (ADC), der einen gro\u00dfen Dynamikbereich einf\u00e4ngt, der f\u00fcr die Erhaltung von Details in hellen und dunklen Bereichen unerl\u00e4sslich ist.<\/li>\n<li><strong>Schnelle Leserate<\/strong> : Bis zu 120 Millionen Pixel pro Sekunde, ideal f\u00fcr die schnelle Daten\u00fcbertragung \u00fcber die USB 3.0-Schnittstelle.<\/li>\n<\/ul>\n<p>Der Sony IMX571-Sensor ist au\u00dferdem f\u00fcr sein geringes Ausleserauschen bekannt, sodass Sie auch bei langen Belichtungszeiten scharfe Bilder erhalten.<\/p>\n<h3>Erweiterte K\u00fchlung<\/h3>\n<p>Das QSI 726 verf\u00fcgt \u00fcber ein leistungsstarkes thermisches K\u00fchlsystem, das auf einem zweistufigen Peltier-Modul basiert. Dieses System ist in der Lage, die Temperatur des Sensors auf bis zu -40 \u00b0C unter die Umgebungstemperatur zu senken, wodurch das thermische Rauschen auf ein praktisch nicht vorhandenes Niveau reduziert wird.<\/p>\n<ul>\n<li>Die Sensorkammer ist hermetisch versiegelt, um eine Verunreinigung durch Feuchtigkeit oder Staub zu verhindern.<\/li>\n<li>Ein optisches Fenster aus Fused Silica mit beidseitiger Antireflexbeschichtung sch\u00fctzt den Sensor und minimiert gleichzeitig Streulicht und Lichth\u00f6fe.<\/li>\n<\/ul>\n<h3>Laufr\u00e4der mit integrierten Filtern : Zwei Versionen erh\u00e4ltlich<\/h3>\n<p>Die Kamera QSI 726 ist in zwei verschiedenen Konfigurationen erh\u00e4ltlich, um den unterschiedlichen Bed\u00fcrfnissen der Nutzer gerecht zu werden:<\/p>\n<ol>\n<li><strong>Version mit motorisiertem Filterrad mit 5 Positionen<\/strong> :\n<ul>\n<li>Kompatibel mit unmontierten Filtern mit 36 mm Durchmesser oder montierten Filtern im 1,25-Zoll-Format.<\/li>\n<li>Ideal f\u00fcr Astrofotografen, die einen eingeschr\u00e4nkten Satz von Filtern verwenden (z. B. LRGB + H\u03b1).<\/li>\n<\/ul>\n<\/li>\n<li><strong>Version mit motorisiertem Filterrad mit 7 Positionen<\/strong> :\n<ul>\n<li>Kompatibel mit unmontierten Filtern mit einem Durchmesser von 36 mm oder montiert im Format 2 Zoll\/50 mm.<\/li>\n<li>Perfekt f\u00fcr diejenigen, die eine breitere Palette von Filtern verwenden m\u00f6chten (z. B. LRGB + mehrere schmale B\u00e4nder wie H\u03b1, OIII, SII).<\/li>\n<\/ul>\n<\/li>\n<\/ol>\n<p>Beide Versionen sind so konzipiert, dass das optische Ziehen (Backfocus) minimiert wird, was die Verwendung mit verschiedenen Brennweitenreduzierern oder optischem Zubeh\u00f6r erleichtert.<\/p>\n<h3>Ergonomisches Design und Konnektivit\u00e4t<\/h3>\n<p>Das QSI 726 verf\u00fcgt \u00fcber eine robuste und kompakte Konstruktion, die sich ideal f\u00fcr den Einsatz im Feld oder in einer festen Sternwarte eignet. Zu seinen bemerkenswerten Besonderheiten geh\u00f6ren :<\/p>\n<ul>\n<li><strong>Vereinfachte Konnektivit\u00e4t<\/strong> :\n<ul>\n<li>Hauptschnittstelle USB 3.0 f\u00fcr schnelle Daten\u00fcbertragung.<\/li>\n<li>Zwei zus\u00e4tzliche USB 2.0-Anschl\u00fcsse an der Kamera erm\u00f6glichen den direkten Anschluss anderer Ger\u00e4te (wie z. B. eines externen Filterrads oder einer F\u00fchrungskamera) und reduzieren so den Kabelsalat.<\/li>\n<li>Ein Gewinde-Feed-Out ist ebenfalls erh\u00e4ltlich.<\/li>\n<\/ul>\n<\/li>\n<li><strong>Anti-Kondensationsfenster<\/strong> :\n<ul>\n<li>Das Frontglas ist gegen Beschlag und Kondensation behandelt, sodass auch in feuchten Umgebungen eine gleichbleibende Leistung gew\u00e4hrleistet ist.<\/li>\n<\/ul>\n<\/li>\n<\/ul>\n<h3>Technische Besonderheiten<\/h3>\n<ul>\n<li>Europ\u00e4ische Bauweise mit besonderem Augenmerk auf mechanische und elektronische Details.<\/li>\n<li>Thermische Optimierung durch ein effizientes Design, das die vom Peltier-Modul erzeugte W\u00e4rme ableitet.<\/li>\n<li>Kompatibilit\u00e4t mit g\u00e4ngiger Erfassungssoftware (wie Maxim DL, NINA oder Sequence Generator Pro) dank vollst\u00e4ndiger Unterst\u00fctzung der ASCOM-Treiber.<\/li>\n<\/ul>\n<h3>Inhalt der Schachtel (\"In the Box\")<\/h3>\n<p>Jede QSI 726-Kamera wird mit den folgenden Komponenten geliefert:<\/p>\n<ol>\n<li>Kamera QSI 726 (mit integriertem Filterrad - Version mit 5 oder 7 Positionen, je nach gew\u00e4hltem Modell).<\/li>\n<li>USB-3.0-Hochgeschwindigkeitskabel.<\/li>\n<li>Sichere externe Stromversorgung mit Gewindeanschl\u00fcssen.<\/li>\n<li>Windows-kompatible Erfassungssoftware (kann von der Website des Herstellers heruntergeladen werden).<\/li>\n<li>Ausf\u00fchrliches Benutzerhandbuch (digitales Format oder Papier).<\/li>\n<li>Optionales mechanisches Zubeh\u00f6r je nach Konfiguration (z. B. Adapter f\u00fcr Teleskope).<\/li>\n<\/ol>\n<h3>Schlussfolgerung<\/h3>\n<p>Die QSI 726-Kamera positioniert sich als erste Wahl f\u00fcr Astrofotografen, die nach einer leistungsstarken Komplettl\u00f6sung suchen. Egal, ob Sie sich f\u00fcr die Version mit 5-Positionen-Filterrad oder die 7-Positionen-Version entscheiden, diese Kamera bietet eine hervorragende Bildqualit\u00e4t, ein ergonomisches Design und bew\u00e4hrte Zuverl\u00e4ssigkeit unter allen Beobachtungsbedingungen.<\/p>","protected":false},"excerpt":{"rendered":"<p>La cam\u00e9ra CMOS QSI 726 La cam\u00e9ra CMOS QSI 726 est une solution haut de gamme d\u00e9di\u00e9e \u00e0 l\u2019imagerie astronomique, combinant des technologies avanc\u00e9es pour offrir des performances exceptionnelles. Con\u00e7ue pour r\u00e9pondre aux besoins des astrophotographes exigeants, elle se distingue par son capteur de haute sensibilit\u00e9, ses capacit\u00e9s de refroidissement avanc\u00e9es et son int\u00e9gration ergonomique. [&hellip;]<\/p>\n","protected":false},"featured_media":3353,"comment_status":"open","ping_status":"closed","template":"","meta":[],"product_brand":[553],"product_cat":[768,816],"product_tag":[],"class_list":{"0":"post-3358","1":"product","2":"type-product","3":"status-publish","4":"has-post-thumbnail","6":"product_brand-qsi","7":"product_cat-ciel-profond","8":"product_cat-nouveautes","10":"first","11":"on_supplier","12":"taxable","13":"shipping-taxable","14":"purchasable","15":"product-type-simple"},"_links":{"self":[{"href":"https:\/\/deep-space-astronomy.ch\/de\/wp-json\/wp\/v2\/product\/3358","targetHints":{"allow":["GET"]}}],"collection":[{"href":"https:\/\/deep-space-astronomy.ch\/de\/wp-json\/wp\/v2\/product"}],"about":[{"href":"https:\/\/deep-space-astronomy.ch\/de\/wp-json\/wp\/v2\/types\/product"}],"replies":[{"embeddable":true,"href":"https:\/\/deep-space-astronomy.ch\/de\/wp-json\/wp\/v2\/comments?post=3358"}],"wp:featuredmedia":[{"embeddable":true,"href":"https:\/\/deep-space-astronomy.ch\/de\/wp-json\/wp\/v2\/media\/3353"}],"wp:attachment":[{"href":"https:\/\/deep-space-astronomy.ch\/de\/wp-json\/wp\/v2\/media?parent=3358"}],"wp:term":[{"taxonomy":"product_brand","embeddable":true,"href":"https:\/\/deep-space-astronomy.ch\/de\/wp-json\/wp\/v2\/product_brand?post=3358"},{"taxonomy":"product_cat","embeddable":true,"href":"https:\/\/deep-space-astronomy.ch\/de\/wp-json\/wp\/v2\/product_cat?post=3358"},{"taxonomy":"product_tag","embeddable":true,"href":"https:\/\/deep-space-astronomy.ch\/de\/wp-json\/wp\/v2\/product_tag?post=3358"}],"curies":[{"name":"wp","href":"https:\/\/api.w.org\/{rel}","templated":true}]}}