{"id":3388,"date":"2025-03-06T17:51:04","date_gmt":"2025-03-06T16:51:04","guid":{"rendered":"https:\/\/deep-space-astronomy.geekworkers.dev\/produit\/poseidon-m-pro-cmos-de-26mp-monochrome\/"},"modified":"2026-04-20T04:33:26","modified_gmt":"2026-04-20T02:33:26","slug":"poseidon-m-pro-cmos-de-26mp-monochrome","status":"publish","type":"product","link":"https:\/\/deep-space-astronomy.ch\/de\/produkt\/poseidon-m-pro-cmos-de-26mp-monochrome\/","title":{"rendered":"POSEIDON-M PRO - 26MP Monochrom-CMOS"},"content":{"rendered":"<h3>Die POSEIDON-M PRO Kamera von Player One Astronomy<\/h3>\n<p>Die <strong>POSEIDON-M PRO<\/strong>, entwickelt von <em>Player One Astronomie<\/em>ist eine leistungsstarke, gek\u00fchlte Monochromkamera, die speziell f\u00fcr die fortgeschrittene Deep-Sky-Bildgebung (DSO) entwickelt wurde. Ausgestattet mit dem Sony IMX571 CMOS-Sensor im APS-C-Format, vereint diese Kamera modernste Technologie, funktionales Design und au\u00dfergew\u00f6hnliche Leistung, um auch die anspruchsvollsten Astrofotografen zufrieden zu stellen.<\/p>\n<h3>Wichtigste technische Daten<\/h3>\n<ul>\n<li><strong>Sony IMX571 CMOS-Sensor<\/strong> : APS-C-Format (23,5 mm x 15,7 mm), 26 MP Aufl\u00f6sung (6252 x 4176 Pixel), 28,3 mm Diagonale.<\/li>\n<li><strong>Pixelgr\u00f6\u00dfe<\/strong> : 3,76 \u00b5m, was eine hervorragende Empfindlichkeit und eine pr\u00e4zise Detailwiedergabe gew\u00e4hrleistet.<\/li>\n<li><strong>Brunnentiefe (Full Well)<\/strong> : Beeindruckende Kapazit\u00e4t von 71,7 ke, \u00fcbertrifft Standardmodelle, die auf IMX571 Basic basieren.<\/li>\n<li><strong>Erweiterter Dynamikbereich<\/strong> : Bis zu 14,26 Blendenstufen bei null Gain, ideal zum Einfangen feiner Nuancen in dunklen und hellen Bereichen.<\/li>\n<li><strong>Ultra-niedriges Leseger\u00e4usch<\/strong> : Im HCG-Modus (High Conversion Gain) sinkt das Rauschen auf nur 1,36 e-, wodurch auch bei schlechten Lichtverh\u00e4ltnissen scharfe Bilder garantiert sind.<\/li>\n<li><strong>Erweiterte Peltier-K\u00fchlung (TEC)<\/strong> : Delta T von -40\u00b0C unter der Raumtemperatur, wodurch das thermische Rauschen bei langen Belichtungszeiten wirksam reduziert wird.<\/li>\n<\/ul>\n<h3>Leistung bei der Bildgebung<\/h3>\n<p>Die <strong>POSEIDON-M PRO<\/strong> verf\u00fcgt \u00fcber einen doppelten Sampling-Modus:<\/p>\n<ul>\n<li><strong>Normaler Modus<\/strong> : Optimiert f\u00fcr die Planetenabbildung mit einer hohen Bildrate pro Sekunde.<\/li>\n<li><strong>Low Noise Mode (Ger\u00e4uscharmer Modus)<\/strong> : Ideal f\u00fcr die Deep-Sky-Bildgebung, bietet geringes Rauschen und einen gr\u00f6\u00dferen Dynamikbereich.<\/li>\n<\/ul>\n<p>Die Erfassungsgeschwindigkeiten sind bemerkenswert:<\/p>\n<ul>\n<li><strong>Volle Aufl\u00f6sung (6252 x 4176)<\/strong> : Bis zu 15 FPS in RAW8 und 7 FPS in RAW16 \u00fcbertreffen viele Konkurrenzmodelle.<\/li>\n<\/ul>\n<h3>Technologische Fortschritte<\/h3>\n<ul>\n<li><strong>STARVIS-Technologie<\/strong> : Architektur mit Hintergrundbeleuchtung, um die Lichtempfindlichkeit zu maximieren und das Rauschen zu minimieren.<\/li>\n<li><strong>Nativer 16-Bit-ADC<\/strong> : Erm\u00f6glicht feines Dimmen mit bis zu 65.536 Helligkeitsstufen pro Pixel und sorgt so f\u00fcr sattere und pr\u00e4zisere Farben.<\/li>\n<li><strong>Non-Amp-Glow<\/strong> : Beseitigt unerw\u00fcnschte Lichtartefakte und sorgt f\u00fcr einen sauberen Hintergrund, auch bei Langzeitbelichtungen.<\/li>\n<li><strong>Integrierter DDR3-Cache (512 MB)<\/strong> : Stabile und fl\u00fcssige \u00dcbertragung, sogar mit einem USB 2.0-Anschluss.<\/li>\n<\/ul>\n<h3>Ergonomisches Design<\/h3>\n<p>Das einzigartige achteckige Design von <strong>Player One<\/strong> vereint \u00c4sthetik und Funktionalit\u00e4t.<\/p>\n<ul>\n<li><strong>Leuchtend rotes und mattschwarzes Finish<\/strong> : Beugungshemmende Beschichtung zur Minimierung optischer Interferenzen.<\/li>\n<li><strong>Optimierung f\u00fcr die Teleskope RASA und Hyperstar<\/strong> : Ideal f\u00fcr Weitfeldsysteme.<\/li>\n<li><strong>4-Punkt verstellbare Anti-Tilt-Platte<\/strong> : Feinjustierung, um eine perfekte Ebenheit des Feldes zu gew\u00e4hrleisten.<\/li>\n<\/ul>\n<h3>Anwendungen<\/h3>\n<p>Die <strong>POSEIDON-M PRO<\/strong> ist ideal f\u00fcr :<\/p>\n<ul>\n<li>Deep-Sky-Bildgebung (Nebel, Galaxien).<\/li>\n<li>Wissenschaftliche Projekte, die eine au\u00dfergew\u00f6hnliche Genauigkeit erfordern.<\/li>\n<li>Fortschrittliches Autoguiding dank hoher Empfindlichkeit.<\/li>\n<\/ul>\n<p>Mit ihren erstklassigen Eigenschaften und fortschrittlichen Innovationen ist die <strong>POSEIDON-M PRO<\/strong> ist die erste Wahl f\u00fcr Astrofotografen, die das Universum pr\u00e4zise und zuverl\u00e4ssig festhalten m\u00f6chten.<\/p>","protected":false},"excerpt":{"rendered":"<p>La cam\u00e9ra POSEIDON-M PRO de Player One Astronomy La POSEIDON-M PRO, d\u00e9velopp\u00e9e par Player One Astronomy, est une cam\u00e9ra monochrome refroidie de haute performance, sp\u00e9cialement con\u00e7ue pour l\u2019imagerie avanc\u00e9e du ciel profond (DSO). Dot\u00e9e du capteur CMOS Sony IMX571 au format APS-C, cette cam\u00e9ra allie technologie de pointe, design fonctionnel et performances exceptionnelles pour satisfaire [&hellip;]<\/p>\n","protected":false},"featured_media":3383,"comment_status":"open","ping_status":"closed","template":"","meta":[],"product_brand":[556],"product_cat":[768,833,816],"product_tag":[856],"class_list":{"0":"post-3388","1":"product","2":"type-product","3":"status-publish","4":"has-post-thumbnail","6":"product_brand-player-one","7":"product_cat-ciel-profond","8":"product_cat-en-stock","9":"product_cat-nouveautes","10":"product_tag-produits-phares-en-stock","12":"first","13":"instock","14":"taxable","15":"shipping-taxable","16":"purchasable","17":"product-type-simple"},"_links":{"self":[{"href":"https:\/\/deep-space-astronomy.ch\/de\/wp-json\/wp\/v2\/product\/3388","targetHints":{"allow":["GET"]}}],"collection":[{"href":"https:\/\/deep-space-astronomy.ch\/de\/wp-json\/wp\/v2\/product"}],"about":[{"href":"https:\/\/deep-space-astronomy.ch\/de\/wp-json\/wp\/v2\/types\/product"}],"replies":[{"embeddable":true,"href":"https:\/\/deep-space-astronomy.ch\/de\/wp-json\/wp\/v2\/comments?post=3388"}],"wp:featuredmedia":[{"embeddable":true,"href":"https:\/\/deep-space-astronomy.ch\/de\/wp-json\/wp\/v2\/media\/3383"}],"wp:attachment":[{"href":"https:\/\/deep-space-astronomy.ch\/de\/wp-json\/wp\/v2\/media?parent=3388"}],"wp:term":[{"taxonomy":"product_brand","embeddable":true,"href":"https:\/\/deep-space-astronomy.ch\/de\/wp-json\/wp\/v2\/product_brand?post=3388"},{"taxonomy":"product_cat","embeddable":true,"href":"https:\/\/deep-space-astronomy.ch\/de\/wp-json\/wp\/v2\/product_cat?post=3388"},{"taxonomy":"product_tag","embeddable":true,"href":"https:\/\/deep-space-astronomy.ch\/de\/wp-json\/wp\/v2\/product_tag?post=3388"}],"curies":[{"name":"wp","href":"https:\/\/api.w.org\/{rel}","templated":true}]}}