{"id":3397,"date":"2025-03-06T17:52:18","date_gmt":"2025-03-06T16:52:18","guid":{"rendered":"https:\/\/deep-space-astronomy.geekworkers.dev\/produit\/poseidon-c-pro-cmos-de-26-mp-couleur\/"},"modified":"2026-01-12T17:42:22","modified_gmt":"2026-01-12T16:42:22","slug":"poseidon-c-pro-cmos-de-26-mp-couleur","status":"publish","type":"product","link":"https:\/\/deep-space-astronomy.ch\/de\/produkt\/poseidon-c-pro-cmos-de-26-mp-couleur\/","title":{"rendered":"POSEIDON-C PRO - 26 MP Farb-CMOS"},"content":{"rendered":"<h3>Die POSEIDON-C PRO Kamera von Player One Astronomy<\/h3>\n<p>Die <strong>POSEIDON-C PRO<\/strong>, entwickelt von <em>Player One Astronomie<\/em>ist eine gek\u00fchlte Hochleistungs-Farbkamera, die speziell f\u00fcr die fortgeschrittene Deep-Sky-Bildgebung (DSO) entwickelt wurde. Ausgestattet mit dem Sony IMX571 CMOS-Sensor im APS-C-Format, bietet sie dank ihrer fortschrittlichen technischen Eigenschaften und ihres innovativen Designs eine au\u00dfergew\u00f6hnliche Bildqualit\u00e4t.<\/p>\n<h3>Wichtigste technische Daten<\/h3>\n<ul>\n<li><strong>Sony IMX571 CMOS-Sensor<\/strong> : APS-C-Format (23,5 mm x 15,7 mm), 26 MP Aufl\u00f6sung (6252 x 4176 Pixel), 28,3 mm Diagonale.<\/li>\n<li><strong>Pixelgr\u00f6\u00dfe<\/strong> : 3,76 \u00b5m, was eine hohe Empfindlichkeit und eine pr\u00e4zise Detailwiedergabe gew\u00e4hrleistet.<\/li>\n<li><strong>Brunnentiefe (Full Well)<\/strong> : Beeindruckende Kapazit\u00e4t von 71,7 ke, \u00fcbertrifft Standardmodelle, die auf IMX571 Basic basieren.<\/li>\n<li><strong>Erweiterter Dynamikbereich<\/strong> : Bis zu 14,26 Blendenstufen bei Nullverst\u00e4rkung, sodass Sie feine Nuancen in dunklen und hellen Bereichen einfangen k\u00f6nnen.<\/li>\n<li><strong>Ultra-niedriges Leseger\u00e4usch<\/strong> : Im HCG-Modus (High Conversion Gain) sinkt das Rauschen auf nur 1,36 e-, wodurch auch bei schlechten Lichtverh\u00e4ltnissen scharfe Bilder garantiert sind.<\/li>\n<li><strong>Erweiterte Peltier-K\u00fchlung (TEC)<\/strong> : Delta T von -40\u00b0C unter der Raumtemperatur, wodurch das thermische Rauschen bei langen Belichtungszeiten wirksam reduziert wird.<\/li>\n<\/ul>\n<h3>Leistung bei der Bildgebung<\/h3>\n<p>Die <strong>POSEIDON-C PRO<\/strong> verf\u00fcgt \u00fcber einen doppelten Sampling-Modus:<\/p>\n<ul>\n<li><strong>Normaler Modus<\/strong> : Optimiert f\u00fcr die Planetenabbildung mit einer hohen Bildrate pro Sekunde.<\/li>\n<li><strong>Low Noise Mode (Ger\u00e4uscharmer Modus)<\/strong> : Ideal f\u00fcr die Deep-Sky-Bildgebung, bietet geringes Rauschen und einen gr\u00f6\u00dferen Dynamikbereich.<\/li>\n<\/ul>\n<p>Die Erfassungsgeschwindigkeiten sind bemerkenswert:<\/p>\n<ul>\n<li><strong>Volle Aufl\u00f6sung (6252 x 4176)<\/strong> : Bis zu 15 FPS in RAW8, \u00fcbertrifft viele Konkurrenzmodelle.<\/li>\n<\/ul>\n<h3>Technologische Fortschritte<\/h3>\n<ul>\n<li><strong>STARVIS-Technologie<\/strong> : Architektur mit Hintergrundbeleuchtung, um die Lichtempfindlichkeit zu maximieren und das Rauschen zu minimieren.<\/li>\n<li><strong>Nativer 16-Bit-ADC<\/strong> : Erm\u00f6glicht eine feine Abstufung mit bis zu 65.536 Helligkeitsstufen pro Pixel und sorgt so f\u00fcr lebendigere und nat\u00fcrlichere Farben.<\/li>\n<li><strong>Non-Amp-Glow<\/strong> : Beseitigt unerw\u00fcnschte Lichtartefakte und sorgt f\u00fcr einen sauberen Hintergrund, auch bei Langzeitbelichtungen.<\/li>\n<li><strong>Integrierter DDR3-Cache (512 MB)<\/strong> : Stabile und fl\u00fcssige \u00dcbertragung, sogar mit einem USB 2.0-Anschluss.<\/li>\n<\/ul>\n<h3>Ergonomisches Design<\/h3>\n<p>Das einzigartige achteckige Design von <strong>Player One<\/strong> vereint \u00c4sthetik und Funktionalit\u00e4t.<\/p>\n<ul>\n<li><strong>Leuchtend rotes und mattschwarzes Finish<\/strong> : Beugungshemmende Beschichtung zur Minimierung optischer Interferenzen.<\/li>\n<li><strong>Optimierung f\u00fcr die Teleskope RASA und Hyperstar<\/strong> : Ideal f\u00fcr Weitfeldsysteme.<\/li>\n<li><strong>4-Punkt verstellbare Anti-Tilt-Platte<\/strong> : Feinjustierung, um eine perfekte Ebenheit des Feldes zu gew\u00e4hrleisten.<\/li>\n<\/ul>\n<h3>Anwendungen<\/h3>\n<p>Die <strong>POSEIDON-C PRO<\/strong> ist ideal f\u00fcr :<\/p>\n<ul>\n<li>Deep-Sky-Bildgebung (Nebel, Galaxien).<\/li>\n<li>Projekte, die eine genaue Wiedergabe der nat\u00fcrlichen Farben erfordern.<\/li>\n<li>Planetenbeobachtung dank des Hochgeschwindigkeitsmodus.<\/li>\n<\/ul>\n<p>Mit ihren erstklassigen Eigenschaften und fortschrittlichen Innovationen ist die <strong>POSEIDON-C PRO<\/strong> hat sich als unverzichtbares Werkzeug f\u00fcr Astrofotografen etabliert, die das Universum mit Pr\u00e4zision und Kreativit\u00e4t einfangen m\u00f6chten.<\/p>","protected":false},"excerpt":{"rendered":"<p>La cam\u00e9ra POSEIDON-C PRO de Player One Astronomy La POSEIDON-C PRO, d\u00e9velopp\u00e9e par Player One Astronomy, est une cam\u00e9ra couleur refroidie de haute performance, con\u00e7ue sp\u00e9cifiquement pour l\u2019imagerie avanc\u00e9e du ciel profond (DSO). \u00c9quip\u00e9e du capteur CMOS Sony IMX571 au format APS-C, elle offre une qualit\u00e9 d\u2019image exceptionnelle gr\u00e2ce \u00e0 ses caract\u00e9ristiques techniques de pointe [&hellip;]<\/p>\n","protected":false},"featured_media":3393,"comment_status":"open","ping_status":"closed","template":"","meta":[],"product_brand":[556],"product_cat":[768],"product_tag":[],"class_list":{"0":"post-3397","1":"product","2":"type-product","3":"status-publish","4":"has-post-thumbnail","6":"product_brand-player-one","7":"product_cat-ciel-profond","9":"first","10":"on_supplier","11":"taxable","12":"shipping-taxable","13":"purchasable","14":"product-type-simple"},"_links":{"self":[{"href":"https:\/\/deep-space-astronomy.ch\/de\/wp-json\/wp\/v2\/product\/3397","targetHints":{"allow":["GET"]}}],"collection":[{"href":"https:\/\/deep-space-astronomy.ch\/de\/wp-json\/wp\/v2\/product"}],"about":[{"href":"https:\/\/deep-space-astronomy.ch\/de\/wp-json\/wp\/v2\/types\/product"}],"replies":[{"embeddable":true,"href":"https:\/\/deep-space-astronomy.ch\/de\/wp-json\/wp\/v2\/comments?post=3397"}],"wp:featuredmedia":[{"embeddable":true,"href":"https:\/\/deep-space-astronomy.ch\/de\/wp-json\/wp\/v2\/media\/3393"}],"wp:attachment":[{"href":"https:\/\/deep-space-astronomy.ch\/de\/wp-json\/wp\/v2\/media?parent=3397"}],"wp:term":[{"taxonomy":"product_brand","embeddable":true,"href":"https:\/\/deep-space-astronomy.ch\/de\/wp-json\/wp\/v2\/product_brand?post=3397"},{"taxonomy":"product_cat","embeddable":true,"href":"https:\/\/deep-space-astronomy.ch\/de\/wp-json\/wp\/v2\/product_cat?post=3397"},{"taxonomy":"product_tag","embeddable":true,"href":"https:\/\/deep-space-astronomy.ch\/de\/wp-json\/wp\/v2\/product_tag?post=3397"}],"curies":[{"name":"wp","href":"https:\/\/api.w.org\/{rel}","templated":true}]}}