{"id":3406,"date":"2025-03-06T17:53:41","date_gmt":"2025-03-06T16:53:41","guid":{"rendered":"https:\/\/deep-space-astronomy.geekworkers.dev\/produit\/artemis-m-pro-cmos-47mp-en-4-3-monochrome\/"},"modified":"2026-01-12T17:41:58","modified_gmt":"2026-01-12T16:41:58","slug":"artemis-m-pro-cmos-47mp-en-4-3-monochrome","status":"publish","type":"product","link":"https:\/\/deep-space-astronomy.ch\/de\/produkt\/artemis-m-pro-cmos-47mp-en-4-3-monochrome\/","title":{"rendered":"Artemis-M PRO - 47MP CMOS in 4\/3\u2033 Monochrom"},"content":{"rendered":"<h3>Die Artemis-M PRO-Kamera von Player One Astronomy<\/h3>\n<p>Die <strong>Artemis-M PRO<\/strong>, entwickelt von <em>Player One Astronomie<\/em>ist eine hochmoderne, gek\u00fchlte Monochromkamera, die f\u00fcr die fortschrittliche Deep-Sky-Bildgebung (DSO) entwickelt wurde. Ausgestattet mit dem Sony IMX492 CMOS-Sensor im 4\/3\"-Format, bietet sie dank ihrer hohen Aufl\u00f6sung, ihrer bemerkenswerten Empfindlichkeit und ihrer technologischen Innovationen eine au\u00dfergew\u00f6hnliche Leistung.<\/p>\n<h3>Wichtigste technische Daten<\/h3>\n<ul>\n<li><strong>Sony IMX492 CMOS-Sensor<\/strong> : 4\/3-Zoll-Format (19,2 mm x 13 mm), native Aufl\u00f6sung von 47 MP (8288 x 5648 Pixel), Diagonale von 23,2 mm.<\/li>\n<li><strong>Pixelgr\u00f6\u00dfe<\/strong> : 2,315 \u00b5m f\u00fcr eine pr\u00e4zise Detailwiedergabe und optimale Empfindlichkeit.<\/li>\n<li><strong>Erweiterte Binning-Modi<\/strong> :\n<ul>\n<li><strong>BIN1<\/strong> : Nutzt die 47 MP mit einer Tiefe von 12 Bit (4096 Stufen).<\/li>\n<li><strong>Hardware BIN2<\/strong> : Reduzierte Aufl\u00f6sung auf 11,7 MP, 4,63 \u00b5m Pixel, 14-Bit-Tiefe (16.384 Stufen) f\u00fcr eine bessere Dynamik und weniger Rauschen.<\/li>\n<li><strong>Softwaremodi BIN3 und BIN4<\/strong> f\u00fcr mehr Flexibilit\u00e4t.<\/li>\n<\/ul>\n<\/li>\n<li><strong>Erweiterter Dynamikbereich<\/strong> : Bis zu 13 Blendenstufen im BIN2-Modus bei Nullverst\u00e4rkung, ideal f\u00fcr dunkle und helle Bereiche.<\/li>\n<li><strong>Leistungsstarke Peltier-K\u00fchlung (TEC)<\/strong> : Delta T von -40\u00b0C unter der Raumtemperatur, wodurch das thermische Rauschen bei langen Belichtungszeiten wirksam reduziert wird.<\/li>\n<\/ul>\n<h3>Leistung bei der Bildgebung<\/h3>\n<ul>\n<li><strong>Ultra-niedriges Leseger\u00e4usch<\/strong> :\n<ul>\n<li><strong>BIN1<\/strong> : Rauschen variiert je nach Verst\u00e4rkung zwischen 7,7 e- und 1,46 e-.<\/li>\n<li><strong>BIN2<\/strong> : Geht bei aktiviertem HCG-Modus (High Conversion Gain) bis auf 1,8 e- herunter.<\/li>\n<\/ul>\n<\/li>\n<li><strong>Kapazit\u00e4t des Brunnens (Full Well)<\/strong> :\n<ul>\n<li><strong>BIN1<\/strong> Bis zu 18,6 ke-.<\/li>\n<li><strong>BIN2<\/strong> : Bis zu 65,8 ke-, ideal f\u00fcr helle Objekte ohne S\u00e4ttigung.<\/li>\n<\/ul>\n<\/li>\n<li><strong>Schnelle Erwerbsquote<\/strong> :\n<ul>\n<li>Bis zu 33 FPS im RAW-Modus8 mit BIN2.<\/li>\n<li>Bis zu 8 FPS im BIN1-Modus, \u00fcbertrifft die meisten Konkurrenzmodelle.<\/li>\n<\/ul>\n<\/li>\n<\/ul>\n<h3>Technologische Fortschritte<\/h3>\n<ul>\n<li><strong>STARVIS-Technologie mit Hintergrundbeleuchtung<\/strong> : Erh\u00f6hte Empfindlichkeit und Rauschunterdr\u00fcckung.<\/li>\n<li><strong>Integrierter Antibeschlag<\/strong> : Einstellbare Antibeschlagsheizung gegen Kondensation.<\/li>\n<li><strong>Fortschrittlicher elektronischer Schutz<\/strong> : Mechanismen gegen \u00dcberspannungen und \u00dcberstr\u00f6me zum Schutz der Ger\u00e4te.<\/li>\n<li><strong>Integrierter DDR3-Cache (512 MB)<\/strong> : Fl\u00fcssige und stabile \u00dcbertragung, selbst bei USB 2.0.<\/li>\n<\/ul>\n<h3>Ergonomisches Design<\/h3>\n<p>Das achteckige Design von <strong>Player One<\/strong> vereint \u00c4sthetik und Funktionalit\u00e4t.<\/p>\n<ul>\n<li><strong>Leuchtend rotes und mattschwarzes Finish<\/strong> : Minimiert Reflexionen und Interferenzen.<\/li>\n<li><strong>Optimierung f\u00fcr RASA-Teleskope<\/strong> : Geeignet f\u00fcr Weitfeldsysteme.<\/li>\n<li><strong>Anti-Neigungs-Platte<\/strong> : Feinjustierung, um eine perfekte Ebenheit des Feldes zu gew\u00e4hrleisten.<\/li>\n<\/ul>\n<h3>Anwendungen<\/h3>\n<p>Die <strong>Artemis-M PRO<\/strong> ist ideal f\u00fcr :<\/p>\n<ul>\n<li>Deep-Sky-Bildgebung (Nebel, Galaxien).<\/li>\n<li>Wissenschaftliche Projekte, die eine hohe monochrome Genauigkeit erfordern.<\/li>\n<li>Fortschrittliches Autoguiding dank seiner au\u00dfergew\u00f6hnlichen Empfindlichkeit.<\/li>\n<\/ul>\n<p>Mit ihren erstklassigen Eigenschaften und ihrer un\u00fcbertroffenen Leistung ist die <strong>Artemis-M PRO<\/strong> ist das perfekte Werkzeug f\u00fcr Astrofotografen, die die Grenzen der Himmelsbilder erweitern m\u00f6chten.<\/p>","protected":false},"excerpt":{"rendered":"<p>La cam\u00e9ra Artemis-M PRO de Player One Astronomy La Artemis-M PRO, d\u00e9velopp\u00e9e par Player One Astronomy, est une cam\u00e9ra monochrome refroidie de pointe, con\u00e7ue pour l\u2019imagerie avanc\u00e9e du ciel profond (DSO). \u00c9quip\u00e9e du capteur CMOS Sony IMX492 au format 4\/3\u201d, elle offre des performances exceptionnelles gr\u00e2ce \u00e0 sa r\u00e9solution \u00e9lev\u00e9e, sa sensibilit\u00e9 remarquable et ses [&hellip;]<\/p>\n","protected":false},"featured_media":3402,"comment_status":"open","ping_status":"closed","template":"","meta":[],"product_brand":[556],"product_cat":[768],"product_tag":[],"class_list":{"0":"post-3406","1":"product","2":"type-product","3":"status-publish","4":"has-post-thumbnail","6":"product_brand-player-one","7":"product_cat-ciel-profond","9":"first","10":"on_supplier","11":"taxable","12":"shipping-taxable","13":"purchasable","14":"product-type-simple"},"_links":{"self":[{"href":"https:\/\/deep-space-astronomy.ch\/de\/wp-json\/wp\/v2\/product\/3406","targetHints":{"allow":["GET"]}}],"collection":[{"href":"https:\/\/deep-space-astronomy.ch\/de\/wp-json\/wp\/v2\/product"}],"about":[{"href":"https:\/\/deep-space-astronomy.ch\/de\/wp-json\/wp\/v2\/types\/product"}],"replies":[{"embeddable":true,"href":"https:\/\/deep-space-astronomy.ch\/de\/wp-json\/wp\/v2\/comments?post=3406"}],"wp:featuredmedia":[{"embeddable":true,"href":"https:\/\/deep-space-astronomy.ch\/de\/wp-json\/wp\/v2\/media\/3402"}],"wp:attachment":[{"href":"https:\/\/deep-space-astronomy.ch\/de\/wp-json\/wp\/v2\/media?parent=3406"}],"wp:term":[{"taxonomy":"product_brand","embeddable":true,"href":"https:\/\/deep-space-astronomy.ch\/de\/wp-json\/wp\/v2\/product_brand?post=3406"},{"taxonomy":"product_cat","embeddable":true,"href":"https:\/\/deep-space-astronomy.ch\/de\/wp-json\/wp\/v2\/product_cat?post=3406"},{"taxonomy":"product_tag","embeddable":true,"href":"https:\/\/deep-space-astronomy.ch\/de\/wp-json\/wp\/v2\/product_tag?post=3406"}],"curies":[{"name":"wp","href":"https:\/\/api.w.org\/{rel}","templated":true}]}}