{"id":3414,"date":"2025-03-06T17:54:48","date_gmt":"2025-03-06T16:54:48","guid":{"rendered":"https:\/\/deep-space-astronomy.geekworkers.dev\/produit\/artemis-c-pro-cmos-11-7mp-couleur\/"},"modified":"2026-01-12T17:23:05","modified_gmt":"2026-01-12T16:23:05","slug":"artemis-c-pro-cmos-11-7mp-couleur","status":"publish","type":"product","link":"https:\/\/deep-space-astronomy.ch\/de\/produkt\/artemis-c-pro-cmos-11-7mp-couleur\/","title":{"rendered":"Artemis-C PRO - 11.7MP Farb-CMOS"},"content":{"rendered":"<h3>Die Artemis-C PRO-Kamera von Player One Astronomy<\/h3>\n<p>Die <strong>Artemis-C PRO<\/strong>, entwickelt von <em>Player One Astronomie<\/em>ist eine hochmoderne, gek\u00fchlte Farbkamera. Sie wurde f\u00fcr die fortschrittliche Deep-Sky-Bildgebung (DSO) entwickelt. Ausgestattet mit dem Sony IMX294 CMOS-Sensor im 4\/3\"-Format bietet sie eine au\u00dfergew\u00f6hnliche Leistung. Ihr ergonomisches Design und die fortschrittliche Technologie erf\u00fcllen die Anforderungen der anspruchsvollsten Astrofotografen.<\/p>\n<h3>Wichtigste technische Daten<\/h3>\n<ul>\n<li><strong>Sony IMX294 CMOS-Sensor<\/strong> : 4\/3-Zoll-Format (19,2 mm x 13 mm), 11,7 MP Aufl\u00f6sung (4144 x 2824 Pixel), 23,2 mm Diagonale.<\/li>\n<li><strong>Pixelgr\u00f6\u00dfe<\/strong> : 4,63 \u00b5m f\u00fcr hohe Empfindlichkeit und pr\u00e4zise Details.<\/li>\n<li><strong>Brunnentiefe (Full Well)<\/strong> : Kapazit\u00e4t von 65,8 ke f\u00fcr hohe Dynamik.<\/li>\n<li><strong>Dynamischer Bereich<\/strong> : Bis zu 13 Stopps bei Nullverst\u00e4rkung, ideal f\u00fcr Kontraste.<\/li>\n<li><strong>Peltier-K\u00fchlung (TEC)<\/strong> : Delta T von -35\u00b0C unter Umgebungstemperatur.<\/li>\n<li><strong>Geringeres Rauschen beim Lesen<\/strong> : 1,8 e- im HCG-Modus bei einer Verst\u00e4rkung von 120.<\/li>\n<\/ul>\n<h3>Leistung bei der Bildgebung<\/h3>\n<ul>\n<li><strong>Schneller Erwerb<\/strong> : Bis zu 33 FPS im RAW-Modus8.<\/li>\n<li><strong>Flexible Modi<\/strong> : Kompatibel mit Sharpcap 4 f\u00fcr erweiterte Analysen.<\/li>\n<\/ul>\n<h3>Technologische Fortschritte<\/h3>\n<ul>\n<li><strong>STARVIS-Technologie<\/strong> : Erh\u00f6hte Empfindlichkeit dank der Architektur mit Hintergrundbeleuchtung.<\/li>\n<li><strong>Nativer 14-Bit ADC<\/strong> : 16.384 Helligkeitsstufen f\u00fcr detaillierte Bilder.<\/li>\n<li><strong>Integrierter Antibeschlag<\/strong> : Einstellbare Heizung gegen Kondensation.<\/li>\n<li><strong>DDR3-Cache-Speicher (512 MB)<\/strong> : Stabile \u00dcbertragung auch bei USB 2.0.<\/li>\n<\/ul>\n<h3>Ergonomisches Design<\/h3>\n<p>Das achteckige Design von <strong>Player One<\/strong> vereint \u00c4sthetik und Effizienz.<\/p>\n<ul>\n<li><strong>Leuchtend rotes und mattschwarzes Finish<\/strong> : Minimiert Reflexionen und Interferenzen.<\/li>\n<li><strong>Optimierung f\u00fcr RASA<\/strong> : Geeignet f\u00fcr Teleskope mit gro\u00dfem Gesichtsfeld.<\/li>\n<li><strong>Anti-Neigungs-Platte<\/strong> : Pr\u00e4zise Passform f\u00fcr perfekte Ebenheit.<\/li>\n<\/ul>\n<h3>Anwendungen<\/h3>\n<p>Die <strong>Artemis-C PRO<\/strong> ist ideal f\u00fcr :<\/p>\n<ul>\n<li>Deep-Sky-Aufnahmen (Nebel, Galaxien).<\/li>\n<li>Nat\u00fcrliche Farben pr\u00e4zise wiedergeben.<\/li>\n<li>Planeten in Hochgeschwindigkeit beobachten.<\/li>\n<\/ul>\n<p>Mit ihrem innovativen Design und ihrer fortschrittlichen Leistung ist die <strong>Artemis-C PRO<\/strong> ist eine unverzichtbare Wahl f\u00fcr Astrofotografen, die das Universum mit Pr\u00e4zision und Kreativit\u00e4t erkunden m\u00f6chten.<\/p>","protected":false},"excerpt":{"rendered":"<p>La cam\u00e9ra Artemis-C PRO de Player One Astronomy La Artemis-C PRO, d\u00e9velopp\u00e9e par Player One Astronomy, est une cam\u00e9ra couleur refroidie de pointe. Elle est con\u00e7ue pour l\u2019imagerie avanc\u00e9e du ciel profond (DSO). \u00c9quip\u00e9e du capteur CMOS Sony IMX294 au format 4\/3\u201d, elle offre des performances exceptionnelles. Son design ergonomique et sa technologie avanc\u00e9e r\u00e9pondent [&hellip;]<\/p>\n","protected":false},"featured_media":3410,"comment_status":"open","ping_status":"closed","template":"","meta":[],"product_brand":[556],"product_cat":[768],"product_tag":[],"class_list":{"0":"post-3414","1":"product","2":"type-product","3":"status-publish","4":"has-post-thumbnail","6":"product_brand-player-one","7":"product_cat-ciel-profond","9":"first","10":"on_supplier","11":"taxable","12":"shipping-taxable","13":"purchasable","14":"product-type-simple"},"_links":{"self":[{"href":"https:\/\/deep-space-astronomy.ch\/de\/wp-json\/wp\/v2\/product\/3414","targetHints":{"allow":["GET"]}}],"collection":[{"href":"https:\/\/deep-space-astronomy.ch\/de\/wp-json\/wp\/v2\/product"}],"about":[{"href":"https:\/\/deep-space-astronomy.ch\/de\/wp-json\/wp\/v2\/types\/product"}],"replies":[{"embeddable":true,"href":"https:\/\/deep-space-astronomy.ch\/de\/wp-json\/wp\/v2\/comments?post=3414"}],"wp:featuredmedia":[{"embeddable":true,"href":"https:\/\/deep-space-astronomy.ch\/de\/wp-json\/wp\/v2\/media\/3410"}],"wp:attachment":[{"href":"https:\/\/deep-space-astronomy.ch\/de\/wp-json\/wp\/v2\/media?parent=3414"}],"wp:term":[{"taxonomy":"product_brand","embeddable":true,"href":"https:\/\/deep-space-astronomy.ch\/de\/wp-json\/wp\/v2\/product_brand?post=3414"},{"taxonomy":"product_cat","embeddable":true,"href":"https:\/\/deep-space-astronomy.ch\/de\/wp-json\/wp\/v2\/product_cat?post=3414"},{"taxonomy":"product_tag","embeddable":true,"href":"https:\/\/deep-space-astronomy.ch\/de\/wp-json\/wp\/v2\/product_tag?post=3414"}],"curies":[{"name":"wp","href":"https:\/\/api.w.org\/{rel}","templated":true}]}}