{"id":3429,"date":"2025-03-06T17:56:50","date_gmt":"2025-03-06T16:56:50","guid":{"rendered":"https:\/\/deep-space-astronomy.geekworkers.dev\/produit\/ares-m-pro-cmos-9mp-monochrome\/"},"modified":"2026-01-12T17:22:19","modified_gmt":"2026-01-12T16:22:19","slug":"ares-m-pro-cmos-9mp-monochrome","status":"publish","type":"product","link":"https:\/\/deep-space-astronomy.ch\/de\/produkt\/ares-m-pro-cmos-9mp-monochrome\/","title":{"rendered":"Ares-M PRO - 9MP CMOS Monochrom"},"content":{"rendered":"<h3>Die Ares-M PRO-Kamera von Player One Astronomy<\/h3>\n<p>Die <strong>Ares-M PRO<\/strong>, entwickelt von <em>Player One Astronomie<\/em>ist eine hochmoderne, gek\u00fchlte Monochromkamera, die f\u00fcr Deep Sky Imaging (DSO), Sonnen- und Mondbeobachtung entwickelt wurde. Ausgestattet mit dem Sony IMX533 CMOS-Sensor, bietet sie dank ihrer fortschrittlichen Technologie und ihres innovativen Designs eine au\u00dfergew\u00f6hnliche Leistung.<\/p>\n<h3>Wichtigste technische Daten<\/h3>\n<ul>\n<li><strong>Sony IMX533 CMOS-Sensor<\/strong> : Dieser monochrome Sensor im quadratischen 1\"-Format (11,31 mm x 11,31 mm) bietet eine Aufl\u00f6sung von 9 Megapixeln (3008 x 3008 Pixel) bei einer Diagonale von 16 mm. Seine Pixelgr\u00f6\u00dfe von 3,76 \u00b5m garantiert eine hohe Empfindlichkeit und eine pr\u00e4zise Detailwiedergabe.<\/li>\n<li><strong>Brunnentiefe (Full Well)<\/strong> : Mit einer beeindruckenden Kapazit\u00e4t von 73 ke, die 1,5-mal gr\u00f6\u00dfer ist als die des Modells IMX533 Basic, nimmt diese Kamera Bilder mit hoher Dynamik ohne \u00dcbers\u00e4ttigung auf.<\/li>\n<li><strong>Erweiterter Dynamikbereich<\/strong> : Ideal zum Einfangen feiner Nuancen in dunklen und hellen Bereichen, dank des geringen Leseger\u00e4uschs von bis zu 1 e- im LRN-Modus (Low Read Noise).<\/li>\n<li><strong>Erweiterte Peltier-K\u00fchlung (TEC)<\/strong> : Das zweistufige K\u00fchlsystem erreicht ein Delta T von 35-40\u00b0C unter der Raumtemperatur, wodurch das thermische Rauschen bei langen Belichtungszeiten effektiv reduziert wird.<\/li>\n<\/ul>\n<h3>Leistung bei der Bildgebung<\/h3>\n<ul>\n<li><strong>Schnelle Erwerbsquote<\/strong> : Die Kamera erreicht bis zu 43 FPS im RAW8-Modus und 19,5 FPS im RAW16-Modus und ist damit ideal f\u00fcr Anwendungen, die hohe Bildraten erfordern.<\/li>\n<li><strong>Dual Sampling Modes<\/strong> :\n<ul>\n<li><strong>Normaler Modus<\/strong> : Optimiert f\u00fcr die Planetenabbildung mit hohen FPS.<\/li>\n<li><strong>LRN-Modus (Low Read Noise)<\/strong> : Reduziert das Ausleserauschen und erh\u00f6ht gleichzeitig den Dynamikbereich, perfekt f\u00fcr die Deep-Sky-Bildgebung.<\/li>\n<\/ul>\n<\/li>\n<li><strong>Non-Amp-Glow<\/strong> : Die <strong>Ares-M PRO<\/strong> ist v\u00f6llig frei von Gl\u00fchbirnen, garantiert einen sauberen Hintergrund und macht es einfacher, qualitativ hochwertige Bilder zu erhalten.<\/li>\n<\/ul>\n<h3>Technologische Fortschritte<\/h3>\n<ul>\n<li><strong>STARVIS-Technologie<\/strong> : Nutzt eine hintergrundbeleuchtete Architektur, um die Lichtempfindlichkeit zu maximieren und das Rauschen zu minimieren.<\/li>\n<li><strong>Integrierter DDR3-Cache (512 MB)<\/strong> : Stabilisiert die Daten\u00fcbertragung, reduziert das Wiedergaberauschen und verhindert Bildverluste, auch bei einem USB 2.0-Anschluss.<\/li>\n<li><strong>Integrierter Antibeschlag<\/strong> : Ein Antibeschlag-Heizsystem verhindert bei langen Bildsitzungen die Kondensation auf dem Sensor.<\/li>\n<\/ul>\n<h3>Ergonomisches Design<\/h3>\n<p>Das innovative Design der <strong>Ares-M PRO<\/strong> beinhaltet:<\/p>\n<ul>\n<li><strong>Ein rundes Geh\u00e4use aus Kohlefaser<\/strong>Es ist leicht (420 g) und robust.<\/li>\n<li><strong>Eine verstellbare Anti-Neigungsplatte<\/strong> mit dem die Parallelit\u00e4t des Sensors genau eingestellt werden kann, um eine perfekte Ebenheit des Feldes zu gew\u00e4hrleisten.<\/li>\n<li><strong>Eine ikonische rot-schwarze Lackierung<\/strong> die \u00c4sthetik und Funktionalit\u00e4t miteinander verbinden.<\/li>\n<\/ul>\n<h3>Anwendungen<\/h3>\n<p>Die <strong>Ares-M PRO<\/strong> ist ideal f\u00fcr :<\/p>\n<ul>\n<li>Deep-Sky-Bildgebung (Nebel, Galaxien).<\/li>\n<li>Sonnen- und Mondbeobachtung dank des quadratischen Sensors, der es erm\u00f6glicht, mit Refraktoren mit kurzer Brennweite problemlos vollst\u00e4ndige Scheiben der Sonne oder des Mondes einzufangen.<\/li>\n<li>Effektives Erstellen von Mosaiken dank des quadratischen Formats.<\/li>\n<\/ul>\n<h3>Zus\u00e4tzliche St\u00e4rken<\/h3>\n<ul>\n<li>Kompatibel mit Software wie SharpCap Pro f\u00fcr eine genaue Kontrolle der Parameter (L\u00fcfter, K\u00fchlung, Verst\u00e4rkung).<\/li>\n<li>USB-C- und USB3.0-Anschl\u00fcsse f\u00fcr schnelle und zuverl\u00e4ssige Konnektivit\u00e4t.<\/li>\n<li>Elegantes Design mit ikonischem rot-schwarzem Finish.<\/li>\n<\/ul>\n<p>Mit ihren hochwertigen Merkmalen und technologischen Innovationen ist die <strong>Ares-M PRO<\/strong> ist ein unverzichtbares Werkzeug f\u00fcr Astrofotografen, die die Grenzen der Himmelsabbildung erweitern wollen.<\/p>","protected":false},"excerpt":{"rendered":"<p>La cam\u00e9ra Ares-M PRO de Player One Astronomy La Ares-M PRO, d\u00e9velopp\u00e9e par Player One Astronomy, est une cam\u00e9ra monochrome refroidie de pointe, con\u00e7ue pour l\u2019imagerie du ciel profond (DSO), ainsi que pour l\u2019observation solaire et lunaire. \u00c9quip\u00e9e du capteur CMOS Sony IMX533, elle offre des performances exceptionnelles gr\u00e2ce \u00e0 sa technologie avanc\u00e9e et son [&hellip;]<\/p>\n","protected":false},"featured_media":3422,"comment_status":"open","ping_status":"closed","template":"","meta":[],"product_brand":[556],"product_cat":[768],"product_tag":[],"class_list":{"0":"post-3429","1":"product","2":"type-product","3":"status-publish","4":"has-post-thumbnail","6":"product_brand-player-one","7":"product_cat-ciel-profond","9":"first","10":"on_supplier","11":"taxable","12":"shipping-taxable","13":"purchasable","14":"product-type-simple"},"_links":{"self":[{"href":"https:\/\/deep-space-astronomy.ch\/de\/wp-json\/wp\/v2\/product\/3429","targetHints":{"allow":["GET"]}}],"collection":[{"href":"https:\/\/deep-space-astronomy.ch\/de\/wp-json\/wp\/v2\/product"}],"about":[{"href":"https:\/\/deep-space-astronomy.ch\/de\/wp-json\/wp\/v2\/types\/product"}],"replies":[{"embeddable":true,"href":"https:\/\/deep-space-astronomy.ch\/de\/wp-json\/wp\/v2\/comments?post=3429"}],"wp:featuredmedia":[{"embeddable":true,"href":"https:\/\/deep-space-astronomy.ch\/de\/wp-json\/wp\/v2\/media\/3422"}],"wp:attachment":[{"href":"https:\/\/deep-space-astronomy.ch\/de\/wp-json\/wp\/v2\/media?parent=3429"}],"wp:term":[{"taxonomy":"product_brand","embeddable":true,"href":"https:\/\/deep-space-astronomy.ch\/de\/wp-json\/wp\/v2\/product_brand?post=3429"},{"taxonomy":"product_cat","embeddable":true,"href":"https:\/\/deep-space-astronomy.ch\/de\/wp-json\/wp\/v2\/product_cat?post=3429"},{"taxonomy":"product_tag","embeddable":true,"href":"https:\/\/deep-space-astronomy.ch\/de\/wp-json\/wp\/v2\/product_tag?post=3429"}],"curies":[{"name":"wp","href":"https:\/\/api.w.org\/{rel}","templated":true}]}}