{"id":3439,"date":"2025-03-06T17:58:16","date_gmt":"2025-03-06T16:58:16","guid":{"rendered":"https:\/\/deep-space-astronomy.geekworkers.dev\/produit\/ares-c-pro-cmos-9mp-couleur\/"},"modified":"2026-01-12T17:21:36","modified_gmt":"2026-01-12T16:21:36","slug":"ares-c-pro-cmos-9mp-couleur","status":"publish","type":"product","link":"https:\/\/deep-space-astronomy.ch\/de\/produkt\/ares-c-pro-cmos-9mp-couleur\/","title":{"rendered":"Ares-C PRO - 9MP Farb-CMOS"},"content":{"rendered":"<h3>Die Ares-C PRO Kamera von Player One Astronomy<\/h3>\n<p>Die <strong>Ares-C PRO<\/strong>, entwickelt von <em>Player One Astronomie<\/em>ist eine gek\u00fchlte Hochleistungs-Farbkamera, die f\u00fcr die erweiterte Deep-Sky-Bildgebung (DSO) sowie f\u00fcr die Sonnen- und Mondbeobachtung entwickelt wurde. Ausgestattet mit dem Sony IMX533 CMOS-Sensor im quadratischen 1-Zoll-Format bietet die Kamera eine au\u00dfergew\u00f6hnliche Kombination aus Empfindlichkeit, Pr\u00e4zision und erweiterten Funktionen.<\/p>\n<h3>Wichtigste technische Daten<\/h3>\n<ul>\n<li><strong>Sony IMX533 CMOS-Sensor<\/strong> : Dieser Farbsensor im quadratischen 1\"-Format (11,31 mm x 11,31 mm) hat eine Aufl\u00f6sung von 9 Megapixeln (3008 x 3008 Pixel) und eine Diagonale von 16 mm. Die Pixelgr\u00f6\u00dfe von 3,76 \u00b5m garantiert eine hohe Empfindlichkeit und eine pr\u00e4zise Detailwiedergabe.<\/li>\n<li><strong>Brunnentiefe (Full Well)<\/strong> : Mit einer beeindruckenden Kapazit\u00e4t von 73 ke, die 1,5-mal h\u00f6her ist als bei Standardmodellen mit demselben Sensor, erm\u00f6glicht die Kamera die Aufnahme von Bildern mit hoher Dynamik ohne \u00dcbers\u00e4ttigung.<\/li>\n<li><strong>Erweiterter Dynamikbereich<\/strong> : Bis zu 13 Blendenstufen, ideal zum Einfangen feiner Nuancen in dunklen und hellen Bereichen.<\/li>\n<li><strong>Erweiterte Peltier-K\u00fchlung (TEC)<\/strong> : Das zweistufige K\u00fchlsystem erm\u00f6glicht ein Delta T von 35-40\u00b0C unter der Raumtemperatur, wodurch das thermische Rauschen bei langen Belichtungszeiten effektiv reduziert wird.<\/li>\n<li><strong>Ultra-niedriges Leseger\u00e4usch<\/strong> : Im HCG-Modus (High Conversion Gain), der bei einer Verst\u00e4rkung von 125 aktiviert wird, sinkt das Rauschen auf nur 1 e-, sodass auch bei schlechten Lichtverh\u00e4ltnissen scharfe Bilder garantiert sind.<\/li>\n<\/ul>\n<h3>Leistung bei der Bildgebung<\/h3>\n<ul>\n<li><strong>Schnelle Erwerbsquote<\/strong> : Die Kamera erreicht im RAW-Modus8 bis zu 43 FPS und ist damit ideal f\u00fcr Planeten- oder Sonnenaufnahmen, bei denen hohe Bildraten erforderlich sind.<\/li>\n<li><strong>Dual Sampling Modes<\/strong> :\n<ul>\n<li><strong>Normaler Modus<\/strong> : Optimiert f\u00fcr die Aufnahme von Planetenbildern mit hoher FPS.<\/li>\n<li><strong>LRN-Modus (Low Read Noise)<\/strong> : Reduziert das Ausleserauschen und erh\u00f6ht gleichzeitig den Dynamikbereich, perfekt f\u00fcr die Deep-Sky-Bildgebung.<\/li>\n<\/ul>\n<\/li>\n<li><strong>Non-Amp-Glow<\/strong> : Die <strong>Ares-C PRO<\/strong> ist v\u00f6llig frei von Gl\u00fchbirnenlicht, sorgt f\u00fcr einen sauberen Hintergrund und erleichtert es, auch bei l\u00e4ngeren Belichtungszeiten qualitativ hochwertige Bilder zu erhalten.<\/li>\n<\/ul>\n<h3>Technologische Fortschritte<\/h3>\n<ul>\n<li><strong>STARVIS-Technologie mit Hintergrundbeleuchtung<\/strong> : Maximiert die Lichtempfindlichkeit bei gleichzeitiger Minimierung des Rauschens f\u00fcr eine optimale Leistung bei schlechten Lichtverh\u00e4ltnissen.<\/li>\n<li><strong>Nativer 14-Bit ADC<\/strong> : Erm\u00f6glicht eine feine Abstufung mit bis zu 16.384 Helligkeitsstufen pro Pixel und bietet flie\u00dfende \u00dcberg\u00e4nge zwischen hellen und dunklen Bereichen f\u00fcr detailreiche Bilder.<\/li>\n<li><strong>Integrierter Antibeschlag<\/strong> : Ein Heizsystem verhindert bei langen Imaging-Sessions die Kondensation auf dem Sensor.<\/li>\n<li><strong>Integrierter DDR3-Cache (512 MB)<\/strong> : Stabilisiert die Daten\u00fcbertragung und reduziert das Wiedergaberauschen, w\u00e4hrend Bildverluste vermieden werden, selbst bei Verwendung eines USB 2.0-Anschlusses.<\/li>\n<\/ul>\n<h3>Ergonomisches Design<\/h3>\n<p>Das innovative Design der <strong>Ares-C PRO<\/strong> beinhaltet:<\/p>\n<ul>\n<li><strong>Ein rundes Geh\u00e4use aus Kohlefaser<\/strong>Die neue, leichte (420 g) und robuste Konstruktion wurde optimiert, um das Gewicht zu reduzieren und gleichzeitig eine hervorragende W\u00e4rmeableitung zu gew\u00e4hrleisten.<\/li>\n<li><strong>Eine verstellbare Anti-Neigungsplatte mit vier Punkten<\/strong> mit dem die Parallelit\u00e4t des Sensors genau eingestellt werden kann, um eine perfekte Ebenheit des Feldes zu gew\u00e4hrleisten.<\/li>\n<li><strong>Eine ikonische rot-schwarze Lackierung<\/strong> die \u00c4sthetik und Funktionalit\u00e4t miteinander verbinden.<\/li>\n<\/ul>\n<h3>Anwendungen<\/h3>\n<p>Die <strong>Ares-C PRO<\/strong> ist ideal f\u00fcr :<\/p>\n<ul>\n<li>Deep-Sky-Bildgebung (Nebel, Galaxien).<\/li>\n<li>Sonnen- und Mondbeobachtung dank des quadratischen Sensors, der es erm\u00f6glicht, mit Refraktoren mit kurzer Brennweite problemlos vollst\u00e4ndige Scheiben der Sonne oder des Mondes einzufangen.<\/li>\n<li>Effektive Gestaltung von Mosaiken dank des praktischen quadratischen Formats.<\/li>\n<\/ul>\n<h3>Zus\u00e4tzliche St\u00e4rken<\/h3>\n<ul>\n<li>Kompatibel mit Software wie SharpCap Pro f\u00fcr eine genaue Kontrolle der Parameter (L\u00fcfter, K\u00fchlung, Verst\u00e4rkung).<\/li>\n<li>USB-C- und USB3.0-Anschl\u00fcsse f\u00fcr schnelle und zuverl\u00e4ssige Konnektivit\u00e4t.<\/li>\n<li>Elegantes Design mit ikonischem rot-schwarzem Finish.<\/li>\n<\/ul>\n<p>Mit ihren erstklassigen Eigenschaften und fortschrittlichen technologischen Innovationen ist die <strong>Ares-C PRO<\/strong> ist die erste Wahl f\u00fcr Astrofotografen, die die Grenzen der Himmelsabbildung bei allen Arten von Objekten erweitern m\u00f6chten.<\/p>","protected":false},"excerpt":{"rendered":"<p>La cam\u00e9ra Ares-C PRO de Player One Astronomy La Ares-C PRO, d\u00e9velopp\u00e9e par Player One Astronomy, est une cam\u00e9ra couleur refroidie de haute performance, con\u00e7ue pour l\u2019imagerie avanc\u00e9e du ciel profond (DSO) ainsi que pour l\u2019observation solaire et lunaire. \u00c9quip\u00e9e du capteur CMOS Sony IMX533 au format carr\u00e9 1\u201d, cette cam\u00e9ra offre une combinaison exceptionnelle [&hellip;]<\/p>\n","protected":false},"featured_media":3434,"comment_status":"open","ping_status":"closed","template":"","meta":[],"product_brand":[556],"product_cat":[768],"product_tag":[],"class_list":{"0":"post-3439","1":"product","2":"type-product","3":"status-publish","4":"has-post-thumbnail","6":"product_brand-player-one","7":"product_cat-ciel-profond","9":"first","10":"on_supplier","11":"taxable","12":"shipping-taxable","13":"purchasable","14":"product-type-simple"},"_links":{"self":[{"href":"https:\/\/deep-space-astronomy.ch\/de\/wp-json\/wp\/v2\/product\/3439","targetHints":{"allow":["GET"]}}],"collection":[{"href":"https:\/\/deep-space-astronomy.ch\/de\/wp-json\/wp\/v2\/product"}],"about":[{"href":"https:\/\/deep-space-astronomy.ch\/de\/wp-json\/wp\/v2\/types\/product"}],"replies":[{"embeddable":true,"href":"https:\/\/deep-space-astronomy.ch\/de\/wp-json\/wp\/v2\/comments?post=3439"}],"wp:featuredmedia":[{"embeddable":true,"href":"https:\/\/deep-space-astronomy.ch\/de\/wp-json\/wp\/v2\/media\/3434"}],"wp:attachment":[{"href":"https:\/\/deep-space-astronomy.ch\/de\/wp-json\/wp\/v2\/media?parent=3439"}],"wp:term":[{"taxonomy":"product_brand","embeddable":true,"href":"https:\/\/deep-space-astronomy.ch\/de\/wp-json\/wp\/v2\/product_brand?post=3439"},{"taxonomy":"product_cat","embeddable":true,"href":"https:\/\/deep-space-astronomy.ch\/de\/wp-json\/wp\/v2\/product_cat?post=3439"},{"taxonomy":"product_tag","embeddable":true,"href":"https:\/\/deep-space-astronomy.ch\/de\/wp-json\/wp\/v2\/product_tag?post=3439"}],"curies":[{"name":"wp","href":"https:\/\/api.w.org\/{rel}","templated":true}]}}