{"id":3456,"date":"2025-03-06T18:01:03","date_gmt":"2025-03-06T17:01:03","guid":{"rendered":"https:\/\/deep-space-astronomy.geekworkers.dev\/produit\/apollo-428m-max-pro-refroidissement-40c-cmos-1-7mp-51fps-ideal-a-f-15\/"},"modified":"2026-03-24T18:37:15","modified_gmt":"2026-03-24T17:37:15","slug":"apollo-428m-max-pro-refroidissement-40c-cmos-1-7mp-51fps-ideal-a-f-15","status":"publish","type":"product","link":"https:\/\/deep-space-astronomy.ch\/de\/produkt\/apollo-428m-max-pro-refroidissement-40c-cmos-1-7mp-51fps-ideal-a-f-15\/","title":{"rendered":"Player One Apollo 428M MAX Pro (Ideal bei w\/15)"},"content":{"rendered":"<h2 style=\"text-align: center;\">Player One Apollo 428M MAX Pro - Gek\u00fchlte Solarkamera IMX428<\/h2>\n<p>Die <strong>Apollo 428M MAX Pro<\/strong> von <strong>Player One Astronomie<\/strong> ist eine gek\u00fchlte Sonnenkamera der Spitzenklasse, die f\u00fcr die hochaufl\u00f6sende Abbildung der Sonne und anspruchsvolle Anwendungen auf Planeten entwickelt wurde. Sie verwendet den Sensor <strong>Sony IMX428<\/strong> im Format <strong>1.1\u2033<\/strong>, und bietet eine Aufl\u00f6sung von <strong>7,1 Megapixel<\/strong> mit Pixeln von <strong>4,5 \u00b5m<\/strong>. Mit ihrer aktiven K\u00fchlung, der Global-Shutter-Technologie und dem fortschrittlichen mechanischen Design bietet diese Kamera eine au\u00dfergew\u00f6hnliche Leistung f\u00fcr die Sonnenabbildung und schnelle Aufnahmen.<\/p>\n<hr \/>\n<h3>Sony IMX428-Sensor - gro\u00dfes Format und hohe Aufl\u00f6sung<\/h3>\n<ul>\n<li>Monochromer Sensor <strong>Sony IMX428<\/strong><\/li>\n<li>Technologie <strong>Sony Pregius 3. Generation<\/strong><\/li>\n<li>Sensorformat : <strong>1.1\u2033<\/strong><\/li>\n<li>Aufl\u00f6sung : <strong>3216 \u00d7 2208<\/strong> (7.1 MP)<\/li>\n<li>Diagonale : <strong>17.5 mm<\/strong><\/li>\n<li>Pixelgr\u00f6\u00dfe : <strong>4.5 \u00b5m<\/strong><\/li>\n<li>Ladesch\u00e4chte : <strong>25.3 ke-<\/strong><\/li>\n<\/ul>\n<p>Dieser Sensor stellt eines der gr\u00f6\u00dften Formate dar, die in aktuellen Sonnenkameras verf\u00fcgbar sind, und erm\u00f6glicht es, gro\u00dfe Teile der Sonne mit einer hervorragenden Detailgenauigkeit aufzunehmen.<\/p>\n<hr \/>\n<h3>Technologie Global Shutter Sony Pregius<\/h3>\n<p>Die Kamera beruht auf der Technologie <strong>Global Shutter<\/strong> von Sony, die das gesamte Bild auf einmal erfasst.<\/p>\n<ul>\n<li>Keine Verzerrung durch Rolling Shutter<\/li>\n<li>Ideal f\u00fcr schnelle Sonnenbilder<\/li>\n<li>Perfekt f\u00fcr die Planeten- oder ISS-Bildgebung<\/li>\n<\/ul>\n<hr \/>\n<h3>Vielseitige BIN-Modi<\/h3>\n<p>Der 4,5-\u00b5m-Sensor kann in <strong>BIN2<\/strong> um Pixel zu erhalten, die gleichwertig sind mit <strong>9 \u00b5m<\/strong>, Die Empfindlichkeit und die S\u00e4ttigungskapazit\u00e4t werden dadurch erheblich gesteigert.<\/p>\n<ul>\n<li><strong>MONO8 hardware BIN2<\/strong> : Ladungssenken bis zu 100 ke-, 10-Bit-ADC, bis zu 135 FPS<\/li>\n<li><strong>MONO16 hardware BIN2<\/strong> : Ladungssenken bis zu 100 ke-, 12-Bit ADC, bis zu 109 FPS<\/li>\n<li><strong>MONO16 Software BIN2<\/strong> : Tiefe bis zu 14 Bit, ca. 27 FPS<\/li>\n<\/ul>\n<hr \/>\n<h3>Innovatives Design und Leichtbau<\/h3>\n<p>Die Kamera \u00fcbernimmt das Design der gek\u00fchlten Ares-Serie mit einem modernen runden Geh\u00e4use und einer Mischung aus goldenen und schwarzen Oberfl\u00e4chen. Die Verwendung von <strong>Kohlefaser<\/strong> erm\u00f6glicht es, das Gewicht zu reduzieren und gleichzeitig eine hohe mechanische Steifigkeit beizubehalten.<\/p>\n<ul>\n<li>Geh\u00e4use aus Kohlefaser<\/li>\n<li>Leichtes und robustes Design<\/li>\n<li>Gewicht : <strong>420 g<\/strong><\/li>\n<\/ul>\n<hr \/>\n<h3>Fortschrittliches Neigungskorrektursystem<\/h3>\n<p>Die Kamera verf\u00fcgt \u00fcber zwei Systeme zur Korrektur der Sensorneigung, um die Ebenheit des Feldes zu optimieren.<\/p>\n<ul>\n<li><strong>Front 3P Tilter Plate<\/strong> (standardm\u00e4\u00dfig installiert)<\/li>\n<li><strong>Rear 4P Tilter Plate<\/strong> (ideal mit Filterrad, OAG oder RASA)<\/li>\n<\/ul>\n<p>Diese Systeme sorgen f\u00fcr perfekt runde Sterne \u00fcber das gesamte Feld.<\/p>\n<hr \/>\n<h3>Zweistufige TEC-K\u00fchlung<\/h3>\n<p>Der Apollo 428M MAX Pro verf\u00fcgt \u00fcber ein K\u00fchlsystem <strong>TEC Doppelstock<\/strong> die eine erhebliche Senkung der Kollektortemperatur erm\u00f6glicht.<\/p>\n<ul>\n<li>Delta-T bis zu <strong>35-40\u00b0C<\/strong> unter der Umgebungstemperatur<\/li>\n<li>Thermische Stabilit\u00e4t f\u00fcr lange Belichtungszeiten<\/li>\n<li>Optimierte K\u00fchlung f\u00fcr die wissenschaftliche Bildgebung<\/li>\n<\/ul>\n<p>Im Videomodus ist ein Delta-T von ca. <strong>30\u00b0C<\/strong> wird in der Regel erreicht.<\/p>\n<hr \/>\n<h3>Integriertes Antibeschlagsystem<\/h3>\n<p>Die Kamera integriert einen <strong>Antibeschlagheizung<\/strong> auf das Frontfenster, um Kondensation zu vermeiden.<\/p>\n<ul>\n<li>Einstellbare Leistung<\/li>\n<li>Steuerung \u00fcber ASCOM<\/li>\n<li>Unverzichtbar f\u00fcr Nacht- und Feuchtbilder<\/li>\n<\/ul>\n<hr \/>\n<h3>512 MB DDR3-Cache<\/h3>\n<p>Der interne Pufferspeicher von <strong>512 MB DDR3<\/strong> sorgt f\u00fcr eine stabile Daten\u00fcbertragung und vermeidet Bildverluste.<\/p>\n<ul>\n<li>Zuverl\u00e4ssigere Daten\u00fcbertragung<\/li>\n<li>Verringerung des Leserauschens<\/li>\n<li>Betrieb auch \u00fcber USB 2.0 m\u00f6glich<\/li>\n<\/ul>\n<hr \/>\n<h3>Moderne Anschl\u00fcsse<\/h3>\n<ul>\n<li><strong>2 USB Typ-C-Anschl\u00fcsse<\/strong><\/li>\n<li>Power Port <strong>12V DC 5.5 \u00d7 2.1 mm<\/strong><\/li>\n<li>USB3.0-Schnittstelle<\/li>\n<\/ul>\n<p>Mit USB3.0 kann die Kamera bis zu :<\/p>\n<ul>\n<li><strong>51 FPS<\/strong> in RAW8 (10 Bit)<\/li>\n<li><strong>27 FPS<\/strong> in RAW16 (12 Bit)<\/li>\n<\/ul>\n<p>Die Verwendung eines <strong>Schnelle SSD<\/strong> wird empfohlen, um diese Leistung zu erreichen.<\/p>\n<hr \/>\n<h3>HCG-Modus und sehr geringes Ableserauschen<\/h3>\n<p>Der Modus <strong>HCG (High Conversion Gain)<\/strong> wird automatisch aktiviert, wenn die Verst\u00e4rkung 70 \u00fcberschreitet.<\/p>\n<ul>\n<li>Leseger\u00e4usche reduziert auf <strong>2.4 e-<\/strong><\/li>\n<li>Bis zu <strong>1.4 e-<\/strong> mit hoher Verst\u00e4rkung<\/li>\n<li>Hohe Dynamik bis zu 12 Stopps<\/li>\n<\/ul>\n<hr \/>\n<h3>Thermische Leistung<\/h3>\n<ul>\n<li>Dunkelstrom : <strong>0.08 e-\/s\/Pixel bei -20\u00b0C<\/strong><\/li>\n<li>Dunkelstrom : <strong>0.1 e-\/s\/Pixel bei 0\u00b0C<\/strong><\/li>\n<\/ul>\n<hr \/>\n<h3>Hauptmerkmale<\/h3>\n<table border=\"1\" cellspacing=\"0\" cellpadding=\"6\">\n<tbody>\n<tr>\n<td><strong>Sensor<\/strong><\/td>\n<td>Sony IMX428 (Pregius Gen3)<\/td>\n<\/tr>\n<tr>\n<td><strong>Typ<\/strong><\/td>\n<td>Monochrom - Global Shutter<\/td>\n<\/tr>\n<tr>\n<td><strong>Format<\/strong><\/td>\n<td>1.1\u2033<\/td>\n<\/tr>\n<tr>\n<td><strong>Aufl\u00f6sung<\/strong><\/td>\n<td>3216 \u00d7 2208 (7.1 MP)<\/td>\n<\/tr>\n<tr>\n<td><strong>Pixelgr\u00f6\u00dfe<\/strong><\/td>\n<td>4.5 \u00b5m<\/td>\n<\/tr>\n<tr>\n<td><strong>Ladesch\u00e4chte<\/strong><\/td>\n<td>25.3 ke- (100 ke- in BIN2)<\/td>\n<\/tr>\n<tr>\n<td><strong>Minimales Rauschen beim Lesen<\/strong><\/td>\n<td>1.4 e-<\/td>\n<\/tr>\n<tr>\n<td><strong>K\u00fchlung<\/strong><\/td>\n<td>TEC zweistufig (Delta-T bis 40\u00b0C)<\/td>\n<\/tr>\n<tr>\n<td><strong>Ausblenden<\/strong><\/td>\n<td>512 MB DDR3<\/td>\n<\/tr>\n<tr>\n<td><strong>Gewicht<\/strong><\/td>\n<td>420 g<\/td>\n<\/tr>\n<tr>\n<td><strong>Schnittstelle<\/strong><\/td>\n<td>USB3.0 Typ-C + 12V-Netzteil<\/td>\n<\/tr>\n<\/tbody>\n<\/table>\n<hr \/>\n<h3>Eine gek\u00fchlte Kamera, die ideal f\u00fcr die Sonnenabbildung ist<\/h3>\n<p>Mit ihrem gro\u00dfen Sensor, der Global Shutter-Technologie, der TEC-K\u00fchlung und der fortschrittlichen Mechanik ist die <strong>Apollo 428M MAX Pro<\/strong> stellt eine extrem leistungsf\u00e4hige L\u00f6sung f\u00fcr hochaufl\u00f6sende Sonnenbilder, die Erfassung der H-Alpha-Chromosph\u00e4re und anspruchsvolle Planetenanwendungen dar.<\/p>","protected":false},"excerpt":{"rendered":"<p>Player One Apollo 428M MAX Pro \u2013 Cam\u00e9ra solaire refroidie IMX428 La Apollo 428M MAX Pro de Player One Astronomy est une cam\u00e9ra solaire refroidie haut de gamme con\u00e7ue pour l\u2019imagerie haute r\u00e9solution du Soleil et les applications plan\u00e9taires exigeantes. Elle utilise le capteur Sony IMX428 au format 1.1&Prime;, offrant une r\u00e9solution de 7,1 m\u00e9gapixels [&hellip;]<\/p>\n","protected":false},"featured_media":3453,"comment_status":"open","ping_status":"closed","template":"","meta":[],"product_brand":[556],"product_cat":[884],"product_tag":[],"class_list":{"0":"post-3456","1":"product","2":"type-product","3":"status-publish","4":"has-post-thumbnail","6":"product_brand-player-one","7":"product_cat-solaire","9":"first","10":"on_supplier","11":"taxable","12":"shipping-taxable","13":"purchasable","14":"product-type-simple"},"_links":{"self":[{"href":"https:\/\/deep-space-astronomy.ch\/de\/wp-json\/wp\/v2\/product\/3456","targetHints":{"allow":["GET"]}}],"collection":[{"href":"https:\/\/deep-space-astronomy.ch\/de\/wp-json\/wp\/v2\/product"}],"about":[{"href":"https:\/\/deep-space-astronomy.ch\/de\/wp-json\/wp\/v2\/types\/product"}],"replies":[{"embeddable":true,"href":"https:\/\/deep-space-astronomy.ch\/de\/wp-json\/wp\/v2\/comments?post=3456"}],"wp:featuredmedia":[{"embeddable":true,"href":"https:\/\/deep-space-astronomy.ch\/de\/wp-json\/wp\/v2\/media\/3453"}],"wp:attachment":[{"href":"https:\/\/deep-space-astronomy.ch\/de\/wp-json\/wp\/v2\/media?parent=3456"}],"wp:term":[{"taxonomy":"product_brand","embeddable":true,"href":"https:\/\/deep-space-astronomy.ch\/de\/wp-json\/wp\/v2\/product_brand?post=3456"},{"taxonomy":"product_cat","embeddable":true,"href":"https:\/\/deep-space-astronomy.ch\/de\/wp-json\/wp\/v2\/product_cat?post=3456"},{"taxonomy":"product_tag","embeddable":true,"href":"https:\/\/deep-space-astronomy.ch\/de\/wp-json\/wp\/v2\/product_tag?post=3456"}],"curies":[{"name":"wp","href":"https:\/\/api.w.org\/{rel}","templated":true}]}}