{"id":3480,"date":"2025-03-06T18:04:12","date_gmt":"2025-03-06T17:04:12","guid":{"rendered":"https:\/\/deep-space-astronomy.geekworkers.dev\/produit\/apollo-m-mini-cmos-2-8mp-84fps-monochrome\/"},"modified":"2026-03-24T18:33:29","modified_gmt":"2026-03-24T17:33:29","slug":"apollo-m-mini-cmos-2-8mp-84fps-monochrome","status":"publish","type":"product","link":"https:\/\/deep-space-astronomy.ch\/de\/produkt\/apollo-m-mini-cmos-2-8mp-84fps-monochrome\/","title":{"rendered":"Apollo-M MINI"},"content":{"rendered":"<h3 style=\"text-align: center;\">Die Apollo-M MINI-Kamera von Player One Astronomy<\/h3>\n<p>Die <strong>Apollo-M MINI<\/strong>, entwickelt von <em>Player One Astronomie<\/em>ist eine kompakte, leistungsstarke monochrome Kamera, die speziell f\u00fcr die Aufnahme von Sonnen-, Mond- und Planetenbildern entwickelt wurde. Ausgestattet mit dem Sony IMX429 CMOS-Sensor bietet sie eine ideale Kombination aus hoher Aufl\u00f6sung, geringem Rauschen und Schnelligkeit, was sie zu einem unverzichtbaren Werkzeug f\u00fcr anspruchsvolle Astrofotografen macht.<\/p>\n<h3>Wichtigste technische Daten<\/h3>\n<ul>\n<li><strong>Sony IMX429 CMOS-Sensor<\/strong> : Dieser monochrome Sensor im 2\/3-Zoll-Format (8,75 mm x 6,6 mm) bietet eine Aufl\u00f6sung von 2,8 Megapixeln (1944 x 1472 Pixel) bei einer Diagonale von 11 mm. Die Pixelgr\u00f6\u00dfe von 4,5 \u00b5m garantiert eine hervorragende Empfindlichkeit und die F\u00e4higkeit, feine Details zu erfassen.<\/li>\n<li><strong>Brunnentiefe (Full Well)<\/strong> : Mit einer maximalen Kapazit\u00e4t von 24,8 ke erm\u00f6glicht die Kamera die Aufnahme von Bildern mit hoher Dynamik ohne \u00dcbers\u00e4ttigung.<\/li>\n<li><strong>Pregius-Technologie der dritten Generation<\/strong> : Nutzt einen globalen Verschluss, um Verzerrungen durch schnelle Bewegungen zu eliminieren und so scharfe und pr\u00e4zise Bilder zu gew\u00e4hrleisten.<\/li>\n<li><strong>Ultra-niedriges Leseger\u00e4usch<\/strong> : Im HCG-Modus (High Conversion Gain), der ab einer Verst\u00e4rkung von &gt;71 automatisch aktiviert wird, sinkt das Rauschen auf nur 1,45 e-, was selbst bei schlechten Lichtverh\u00e4ltnissen f\u00fcr eine hervorragende Bildqualit\u00e4t sorgt.<\/li>\n<li><strong>Hohe Kadenz<\/strong> : Die Kamera erreicht \u00fcber ihren USB 3.0-Anschluss bis zu 84 FPS im RAW8-Modus bei voller Aufl\u00f6sung, sodass dynamische Ph\u00e4nomene wie Sonneneruptionen oder Monddetails eingefangen werden k\u00f6nnen.<\/li>\n<\/ul>\n<h3>Leistung bei der Bildgebung<\/h3>\n<ul>\n<li><strong>Optimierte Sonnenbildgebung<\/strong> : Mit ihrem dedizierten Design und dem Global Shutter ist die Apollo-M MINI ideal, um pr\u00e4zise Details der Sonne einzufangen, insbesondere mit H-Alpha-Filtern oder bei Wei\u00dflicht.<\/li>\n<li><strong>Kompatibilit\u00e4t mit verschiedenen optischen Systemen<\/strong> : Mit einem empfohlenen Brennweitenverh\u00e4ltnis von f\/15 bis f\/20 f\u00fcr die Sonnenabbildung passt es perfekt zu Lunt- oder Daystar-Quark-Teleskopen.<\/li>\n<li><strong>Hardware BIN2-Modus<\/strong> : Erm\u00f6glicht es, die effektive Pixelgr\u00f6\u00dfe auf 9 \u00b5m zu erh\u00f6hen, wodurch die Kapazit\u00e4t der Senke vervierfacht und die Dynamik bei langen Belichtungszeiten verbessert wird.<\/li>\n<\/ul>\n<h3>Technologische Fortschritte<\/h3>\n<ul>\n<li><strong>Integrierter DDR3-Pufferspeicher (512 MB)<\/strong> : Stabilisiert die Daten\u00fcbertragung und verringert den Bildverlust, auch bei einem USB 2.0-Anschluss.<\/li>\n<li><strong>DPS-Technologie (Dead Pixel Suppression)<\/strong> : Erkennt und korrigiert automatisch fehlerhafte Pixel, um saubere Bilder zu gew\u00e4hrleisten.<\/li>\n<li><strong>Integriertes Antibeschlagsystem<\/strong> : Eine Heizung verhindert die Kondensation auf dem Sensor bei langen Bildsitzungen unter feuchten oder kalten Bedingungen.<\/li>\n<li><strong>Erweiterter Schutz<\/strong> \u00dcberspannungsschutz: Enth\u00e4lt einen Mechanismus gegen \u00dcberspannungen und \u00dcberstr\u00f6me, um Ihre Ger\u00e4te zu sch\u00fctzen.<\/li>\n<\/ul>\n<h3>Ergonomisches Design<\/h3>\n<p>Das ikonische sechseckige Design von <em>Player One Astronomie<\/em> vereint \u00c4sthetik und Funktionalit\u00e4t. Das leuchtend orangefarbene und schwarze Finish spiegelt seine Solarausrichtung wider und bietet gleichzeitig eine hervorragende W\u00e4rmeableitung. Da sie kompakt (66 mm Durchmesser) und leicht (180 g) ist, l\u00e4sst sie sich problemlos in jede Konfiguration integrieren.<\/p>\n<h3>Anwendungen<\/h3>\n<p>Der Apollo-M MINI ist ideal f\u00fcr :<\/p>\n<ul>\n<li>Sonnenabbildungen in hoher Aufl\u00f6sung mit H-alpha-Filtern oder im Wei\u00dflicht.<\/li>\n<li>Mond- und Planetenbeobachtung dank der hohen Bildrate und der hohen Empfindlichkeit.<\/li>\n<li>Die automatische Lenkung \u00fcber den eingebauten ST4-Anschluss.<\/li>\n<\/ul>\n<h3>Zus\u00e4tzliche St\u00e4rken<\/h3>\n<ul>\n<li>Kompatibel mit Software wie SharpCap Pro f\u00fcr eine pr\u00e4zise Kontrolle der Einstellungen (Verst\u00e4rkung, Belichtung).<\/li>\n<li>Spitzenwert der Quanteneffizienz (QE) von ca. 79 %, wodurch eine optimale Erfassung des einfallenden Lichts gew\u00e4hrleistet wird.<\/li>\n<li>Inklusive Adapter zur Kompatibilit\u00e4t mit M42x0,75-Gewinden und 1,25\"-Okularhaltern.<\/li>\n<\/ul>\n<p>Mit ihren fortschrittlichen technischen Merkmalen und dem optimierten Design ist die <strong>Apollo-M MINI<\/strong> ist die erste Wahl f\u00fcr Astrofotografen, die die Sonne erkunden oder die faszinierenden Details unseres Sonnensystems einfangen m\u00f6chten.<\/p>","protected":false},"excerpt":{"rendered":"<p>La cam\u00e9ra Apollo-M MINI de Player One Astronomy La Apollo-M MINI, d\u00e9velopp\u00e9e par Player One Astronomy, est une cam\u00e9ra monochrome compacte et performante, sp\u00e9cialement con\u00e7ue pour l\u2019imagerie solaire, lunaire et plan\u00e9taire. \u00c9quip\u00e9e du capteur CMOS Sony IMX429, elle offre une combinaison id\u00e9ale de haute r\u00e9solution, faible bruit et rapidit\u00e9, faisant d\u2019elle un outil incontournable pour [&hellip;]<\/p>\n","protected":false},"featured_media":3474,"comment_status":"open","ping_status":"closed","template":"","meta":[],"product_brand":[556],"product_cat":[884],"product_tag":[],"class_list":{"0":"post-3480","1":"product","2":"type-product","3":"status-publish","4":"has-post-thumbnail","6":"product_brand-player-one","7":"product_cat-solaire","9":"first","10":"on_supplier","11":"taxable","12":"shipping-taxable","13":"purchasable","14":"product-type-simple"},"_links":{"self":[{"href":"https:\/\/deep-space-astronomy.ch\/de\/wp-json\/wp\/v2\/product\/3480","targetHints":{"allow":["GET"]}}],"collection":[{"href":"https:\/\/deep-space-astronomy.ch\/de\/wp-json\/wp\/v2\/product"}],"about":[{"href":"https:\/\/deep-space-astronomy.ch\/de\/wp-json\/wp\/v2\/types\/product"}],"replies":[{"embeddable":true,"href":"https:\/\/deep-space-astronomy.ch\/de\/wp-json\/wp\/v2\/comments?post=3480"}],"wp:featuredmedia":[{"embeddable":true,"href":"https:\/\/deep-space-astronomy.ch\/de\/wp-json\/wp\/v2\/media\/3474"}],"wp:attachment":[{"href":"https:\/\/deep-space-astronomy.ch\/de\/wp-json\/wp\/v2\/media?parent=3480"}],"wp:term":[{"taxonomy":"product_brand","embeddable":true,"href":"https:\/\/deep-space-astronomy.ch\/de\/wp-json\/wp\/v2\/product_brand?post=3480"},{"taxonomy":"product_cat","embeddable":true,"href":"https:\/\/deep-space-astronomy.ch\/de\/wp-json\/wp\/v2\/product_cat?post=3480"},{"taxonomy":"product_tag","embeddable":true,"href":"https:\/\/deep-space-astronomy.ch\/de\/wp-json\/wp\/v2\/product_tag?post=3480"}],"curies":[{"name":"wp","href":"https:\/\/api.w.org\/{rel}","templated":true}]}}