{"id":3485,"date":"2025-03-06T18:05:00","date_gmt":"2025-03-06T17:05:00","guid":{"rendered":"https:\/\/deep-space-astronomy.geekworkers.dev\/produit\/apollo-m-cmos-2-3mp-164fps-monochrome\/"},"modified":"2026-03-24T18:31:35","modified_gmt":"2026-03-24T17:31:35","slug":"apollo-m-cmos-2-3mp-164fps-monochrome","status":"publish","type":"product","link":"https:\/\/deep-space-astronomy.ch\/de\/produkt\/apollo-m-cmos-2-3mp-164fps-monochrome\/","title":{"rendered":"Apollo-M"},"content":{"rendered":"<h3 style=\"text-align: center;\">Die Apollo-M-Kamera von Player One Astronomy<\/h3>\n<p>Die <strong>Apollo-M<\/strong>, entwickelt von <em>Player One Astronomie<\/em>ist eine kompakte, leistungsstarke Monochromkamera, die speziell f\u00fcr die Sonnen-, Mond- und Planetenfotografie entwickelt wurde. Ausgestattet mit dem Sony IMX174 CMOS-Sensor, bietet sie dank fortschrittlicher Technologien wie dem Global Shutter eine au\u00dfergew\u00f6hnliche Kombination aus Geschwindigkeit, Empfindlichkeit und Pr\u00e4zision.<\/p>\n<h3>Wichtigste technische Daten<\/h3>\n<ul>\n<li><strong>Sony IMX174 CMOS-Sensor<\/strong> : Dieser monochrome Sensor im Format 1\/1,2\" (11,3 mm x 7,1 mm) bietet eine Aufl\u00f6sung von 2,3 Megapixeln (1944 x 1216 Pixel) bei einer Diagonale von 13,3 mm. Die Pixelgr\u00f6\u00dfe von 5,86 \u00b5m garantiert eine hervorragende Empfindlichkeit und die F\u00e4higkeit, feine Details zu erfassen.<\/li>\n<li><strong>Brunnentiefe (Full Well)<\/strong> : Mit einer maximalen Kapazit\u00e4t von 32 ke erm\u00f6glicht die Kamera die Aufnahme von Bildern mit hoher Dynamik ohne \u00dcbers\u00e4ttigung.<\/li>\n<li><strong>Pregius-Technologie 1. Generation<\/strong> : Integriert einen globalen Verschluss, um Verzerrungen durch schnelle Bewegungen zu eliminieren und so scharfe und pr\u00e4zise Bilder zu gew\u00e4hrleisten.<\/li>\n<li><strong>Hohe Kadenz<\/strong> : Die Kamera erreicht im RAW-Modus8 bis zu 164 FPS und ist damit ideal, um dynamische Sonnenph\u00e4nomene oder Monddetails einzufangen.<\/li>\n<\/ul>\n<h3>Leistung bei der Bildgebung<\/h3>\n<ul>\n<li><strong>Optimierte Sonnenbildgebung<\/strong> : Dank ihres Globalverschlusses und ihrer Schnelligkeit ist die Apollo-M ideal, um feine Details der Sonne einzufangen, insbesondere mit H-alpha-Filtern oder bei Wei\u00dflicht. Sie eignet sich auch f\u00fcr die Bildgebung auf der Internationalen Raumstation (ISS).<\/li>\n<li><strong>Erweiterter Belichtungsumfang<\/strong> : Von 32 \u00b5s bis 2000 s, was eine hohe Flexibilit\u00e4t f\u00fcr verschiedene Bildszenarien erm\u00f6glicht.<\/li>\n<li><strong>Non-Amp-Glow<\/strong> : Der IMX174-Sensor ist so konzipiert, dass er das Ampelgl\u00fchen minimiert und auch bei Langzeitbelichtungen einen sauberen Hintergrund gew\u00e4hrleistet.<\/li>\n<\/ul>\n<h3>Technologische Fortschritte<\/h3>\n<ul>\n<li><strong>Geringeres Rauschen beim Lesen<\/strong> : Im HCG-Modus (High Conversion Gain) sinkt das Rauschen auf nur 3,5 e- und sorgt so auch bei schlechten Lichtverh\u00e4ltnissen f\u00fcr eine hervorragende Bildqualit\u00e4t.<\/li>\n<li><strong>Quanteneffizienz (QE)<\/strong> : Ein Spitzenwert der Quanteneffizienz, der etwa 77 % erreicht und die Erfassung des einfallenden Lichts maximiert.<\/li>\n<li><strong>Schneller USB 3.0-Anschluss<\/strong> : Erm\u00f6glicht eine reibungslose Daten\u00fcbertragung mit hoher Geschwindigkeit, um die F\u00e4higkeiten der Kamera voll auszusch\u00f6pfen.<\/li>\n<li><strong>Universelle Kompatibilit\u00e4t<\/strong> : Inklusive Adapter f\u00fcr M42x0,75-Gewinde und 1,25\"-Okularhalter.<\/li>\n<\/ul>\n<h3>Ergonomisches Design<\/h3>\n<p>Das kompakte und robuste Design der Apollo-M macht es einfach, sie in jede Bildgebungskonfiguration zu integrieren. Sie verf\u00fcgt \u00fcber ein leichtes, langlebiges Geh\u00e4use mit einem Standard-T2-Gewinde und einem hinteren optischen Auszug von 12,5 mm.<\/p>\n<h3>Anwendungen<\/h3>\n<p>Der Apollo-M ist ideal f\u00fcr :<\/p>\n<ul>\n<li>Hochaufl\u00f6sende Sonnenabbildung mit H-alpha-Filtern oder Wei\u00dflicht (erfordert ein energiereduzierendes Ger\u00e4t wie einen Herschel- oder Baader-Filter).<\/li>\n<li>Mond- und Planetenbeobachtung dank der hohen Bildrate und der au\u00dfergew\u00f6hnlichen Empfindlichkeit.<\/li>\n<li>Anwendungen, bei denen ein globaler Verschluss ben\u00f6tigt wird, um Verzerrungen durch schnelle Bewegungen zu vermeiden.<\/li>\n<\/ul>\n<h3>Zus\u00e4tzliche St\u00e4rken<\/h3>\n<ul>\n<li>Kompatibel mit Software wie SharpCap Pro f\u00fcr eine pr\u00e4zise Kontrolle der Einstellungen (Verst\u00e4rkung, Belichtung).<\/li>\n<li>Wird mit allem notwendigen Zubeh\u00f6r geliefert (USB 3.0-Kabel, T2\/1,25\"-Adapter, Schutzkappe).<\/li>\n<\/ul>\n<p>Mit ihren fortschrittlichen technischen Merkmalen und dem f\u00fcr die Sonnen- und Mondbildgebung optimierten Design ist die <strong>Apollo-M<\/strong> hat sich als unverzichtbares Werkzeug f\u00fcr anspruchsvolle Astrofotografen etabliert, die schnell und pr\u00e4zise die kleinsten Details der Sonne oder des Mondes einfangen m\u00f6chten.<\/p>","protected":false},"excerpt":{"rendered":"<p>La cam\u00e9ra Apollo-M de Player One Astronomy La Apollo-M, d\u00e9velopp\u00e9e par Player One Astronomy, est une cam\u00e9ra monochrome compacte et performante, sp\u00e9cialement con\u00e7ue pour l\u2019imagerie solaire, lunaire et plan\u00e9taire. \u00c9quip\u00e9e du capteur CMOS Sony IMX174, elle offre une combinaison exceptionnelle de rapidit\u00e9, sensibilit\u00e9 et pr\u00e9cision gr\u00e2ce \u00e0 des technologies avanc\u00e9es comme l\u2019obturateur global. Caract\u00e9ristiques techniques [&hellip;]<\/p>\n","protected":false},"featured_media":14012,"comment_status":"open","ping_status":"closed","template":"","meta":[],"product_brand":[556],"product_cat":[884],"product_tag":[],"class_list":{"0":"post-3485","1":"product","2":"type-product","3":"status-publish","4":"has-post-thumbnail","6":"product_brand-player-one","7":"product_cat-solaire","9":"first","10":"on_supplier","11":"taxable","12":"shipping-taxable","13":"purchasable","14":"product-type-simple"},"_links":{"self":[{"href":"https:\/\/deep-space-astronomy.ch\/de\/wp-json\/wp\/v2\/product\/3485","targetHints":{"allow":["GET"]}}],"collection":[{"href":"https:\/\/deep-space-astronomy.ch\/de\/wp-json\/wp\/v2\/product"}],"about":[{"href":"https:\/\/deep-space-astronomy.ch\/de\/wp-json\/wp\/v2\/types\/product"}],"replies":[{"embeddable":true,"href":"https:\/\/deep-space-astronomy.ch\/de\/wp-json\/wp\/v2\/comments?post=3485"}],"wp:featuredmedia":[{"embeddable":true,"href":"https:\/\/deep-space-astronomy.ch\/de\/wp-json\/wp\/v2\/media\/14012"}],"wp:attachment":[{"href":"https:\/\/deep-space-astronomy.ch\/de\/wp-json\/wp\/v2\/media?parent=3485"}],"wp:term":[{"taxonomy":"product_brand","embeddable":true,"href":"https:\/\/deep-space-astronomy.ch\/de\/wp-json\/wp\/v2\/product_brand?post=3485"},{"taxonomy":"product_cat","embeddable":true,"href":"https:\/\/deep-space-astronomy.ch\/de\/wp-json\/wp\/v2\/product_cat?post=3485"},{"taxonomy":"product_tag","embeddable":true,"href":"https:\/\/deep-space-astronomy.ch\/de\/wp-json\/wp\/v2\/product_tag?post=3485"}],"curies":[{"name":"wp","href":"https:\/\/api.w.org\/{rel}","templated":true}]}}