{"id":3496,"date":"2025-03-06T18:06:39","date_gmt":"2025-03-06T17:06:39","guid":{"rendered":"https:\/\/deep-space-astronomy.geekworkers.dev\/produit\/apollo-428m-max-cmos-7-1mp-51fps-monochrome\/"},"modified":"2026-03-24T18:36:34","modified_gmt":"2026-03-24T17:36:34","slug":"apollo-428m-max-cmos-7-1mp-51fps-monochrome","status":"publish","type":"product","link":"https:\/\/deep-space-astronomy.ch\/de\/produkt\/apollo-428m-max-cmos-7-1mp-51fps-monochrome\/","title":{"rendered":"Apollo 428M MAX"},"content":{"rendered":"<h2>Player One Apollo 428M MAX - IMX428 Solar-Kamera<\/h2>\n<p>Die <strong>Apollo 428M MAX<\/strong> von <strong>Player One Astronomie<\/strong> ist eine Hochleistungs-Solarkamera, die um den Sensor herum entwickelt wurde <strong>Sony IMX428<\/strong> monochrom im Format <strong>1.1\u2033<\/strong>. Dank seiner Pixel von <strong>4,5 \u00b5m<\/strong>, die gro\u00dfe Dynamik und die Technologie <strong>Global Shutter<\/strong>, Sie ist eine besonders leistungsf\u00e4hige L\u00f6sung f\u00fcr hochaufl\u00f6sende Sonnenbilder, die Beobachtung von Protuberanzen und sogar f\u00fcr Bilder von der Internationalen Raumstation ISS.<\/p>\n<hr \/>\n<h3>Sony IMX428-Sensor - hohe Solaraufl\u00f6sung<\/h3>\n<ul>\n<li>Monochromer Sensor <strong>Sony IMX428<\/strong><\/li>\n<li>Sensorformat : <strong>1.1\u2033<\/strong><\/li>\n<li>Aufl\u00f6sung : <strong>3216 \u00d7 2208<\/strong> (7.1 MP)<\/li>\n<li>Diagonale : <strong>17.5 mm<\/strong><\/li>\n<li>Pixelgr\u00f6\u00dfe : <strong>4.5 \u00b5m<\/strong><\/li>\n<li>Ladesch\u00e4chte : <strong>25.3 ke-<\/strong><\/li>\n<\/ul>\n<p>Dieser Sensor bietet eine fast <strong>doppelt so gro\u00df wie der ber\u00fchmte IMX174<\/strong>, Dies erm\u00f6glicht gr\u00f6\u00dfere Felder und effektivere Solarmosaike.<\/p>\n<hr \/>\n<h3>Sony Pregius-Technologie - Global Shutter<\/h3>\n<p>Der IMX428-Sensor geh\u00f6rt zur <strong>3. Generation Sony Pregius<\/strong> und verwendet einen <strong>Global Shutter<\/strong>, Die Verzerrungen, die mit dem Rolling Shutter verbunden sind, werden eliminiert.<\/p>\n<ul>\n<li>Gesamtbelichtung f\u00fcr scharfe Bilder<\/li>\n<li>Ideal f\u00fcr schnelle Sonnenbilder<\/li>\n<li>Angepasst an die Bildgebung der Internationalen Raumstation ISS<\/li>\n<li>Ausgezeichnete Stabilit\u00e4t bei schnellen Objekten<\/li>\n<\/ul>\n<hr \/>\n<h3>Sehr vielseitige BIN-Modi<\/h3>\n<p>Der 4,5-\u00b5m-Sensor kann im Modus <strong>BIN2<\/strong> um Pixel zu simulieren von <strong>9 \u00b5m<\/strong>, Sie bietet eine h\u00f6here Empfindlichkeit und einen vierfachen Ladungsschacht.<\/p>\n<ul>\n<li><strong>MONO8 hardware BIN2<\/strong> : Ladesch\u00e4chte bis <strong>100 ke-<\/strong>, 10-Bit ADC, bis zu <strong>135 FPS<\/strong><\/li>\n<li><strong>MONO16 hardware BIN2<\/strong> : Ladesch\u00e4chte bis <strong>100 ke-<\/strong>, 12-Bit ADC, bis zu <strong>109 FPS<\/strong><\/li>\n<li><strong>MONO16 Software BIN2<\/strong> : Tiefe bis <strong>14 Bits<\/strong>, ca. <strong>27 FPS<\/strong><\/li>\n<\/ul>\n<p>Diese Modi erm\u00f6glichen es, die Kamera sowohl f\u00fcr hochaufl\u00f6sende Bildgebung als auch f\u00fcr Konfigurationen mit langer Brennweite anzupassen.<\/p>\n<hr \/>\n<h3>HCG-Modus und geringes Rauschen beim Lesen<\/h3>\n<p>Die Kamera verf\u00fcgt \u00fcber einen <strong>HCG-Modus (High Conversion Gain)<\/strong> die automatisch aktiviert wird, wenn die Verst\u00e4rkung 70 \u00fcberschreitet.<\/p>\n<ul>\n<li>Leseger\u00e4usche reduziert auf <strong>2.4 e-<\/strong> in HCG<\/li>\n<li>Bis zu <strong>1.4 e-<\/strong> zu Gewinn 450<\/li>\n<li>Erweiterte Dynamik bis zu <strong>12 Stopps<\/strong><\/li>\n<\/ul>\n<hr \/>\n<h3>Perfekt glatte Bilder - ohne Banding<\/h3>\n<p>Ein h\u00e4ufiges Problem bei der Sonnenbildgebung ist das Vorhandensein von <strong>Horizontalbanding<\/strong>. Die Tests mit den IMX428-Sensoren zeigen besonders glatte Bilder ohne sichtbare Streifen.<\/p>\n<ul>\n<li>Kein st\u00f6rendes horizontales Banding<\/li>\n<li>Homogene Bilder<\/li>\n<li>Vereinfachte Nachbearbeitung<\/li>\n<\/ul>\n<hr \/>\n<h3>Passives K\u00fchlsystem (PCS)<\/h3>\n<p>Solar Imaging wird bei Tageslicht durchgef\u00fchrt, wo die Temperaturen hoch werden k\u00f6nnen. In der Kamera ist ein <strong>Passives K\u00fchlsystem<\/strong> die die W\u00e4rme des Sensors effektiv ableitet.<\/p>\n<ul>\n<li>Senkung der Sensortemperatur<\/li>\n<li>Verbesserte thermische Stabilit\u00e4t<\/li>\n<li>Bessere Bildqualit\u00e4t am Tag<\/li>\n<\/ul>\n<p>Sie kann mit dem <strong>ACS (Active Cooling System)<\/strong> optional f\u00fcr eine noch bessere W\u00e4rmekontrolle.<\/p>\n<hr \/>\n<h3>256 MB DDR3-Cache<\/h3>\n<p>Die Kamera integriert einen Pufferspeicher <strong>256 MB DDR3<\/strong> die eine stabile Daten\u00fcbertragung erm\u00f6glicht.<\/p>\n<ul>\n<li>Reduzierung von Bildverlusten<\/li>\n<li>Zuverl\u00e4ssigere \u00dcbertragung<\/li>\n<li>Funktioniert auch bei langsameren USB-Anschl\u00fcssen<\/li>\n<\/ul>\n<hr \/>\n<h3>Fortschrittliche Technologien Player One<\/h3>\n<ul>\n<li><strong>DPS (Dead Pixel Suppression)<\/strong> um fehlerhafte Pixel automatisch zu korrigieren<\/li>\n<li>Schutz <strong>\u00dcberspannung und \u00dcberstrom<\/strong><\/li>\n<li>Neigungsverstellung des Sensors (Tilt Plate) zur Reduzierung der <strong>Newton Rings<\/strong><\/li>\n<\/ul>\n<hr \/>\n<h3>Leistung und Konnektivit\u00e4t<\/h3>\n<ul>\n<li>Schnittstelle <strong>USB3.0<\/strong><\/li>\n<li>Bis zu <strong>51 FPS<\/strong> in RAW8 (10 Bit)<\/li>\n<li>Bis zu <strong>27 FPS<\/strong> in RAW16 (12 Bit)<\/li>\n<li>Port <strong>ST4<\/strong> f\u00fcr Autoguiding<\/li>\n<\/ul>\n<p>Um die Leistungsf\u00e4higkeit der Kamera voll auszusch\u00f6pfen, ist die Verwendung eines <strong>Schnelle SSD<\/strong> wird empfohlen.<\/p>\n<hr \/>\n<h3>Hauptmerkmale<\/h3>\n<table border=\"1\" cellspacing=\"0\" cellpadding=\"6\">\n<tbody>\n<tr>\n<td><strong>Sensor<\/strong><\/td>\n<td>Sony IMX428 (Pregius Gen 3)<\/td>\n<\/tr>\n<tr>\n<td><strong>Typ<\/strong><\/td>\n<td>Monochrom - Global Shutter<\/td>\n<\/tr>\n<tr>\n<td><strong>Format<\/strong><\/td>\n<td>1.1\u2033<\/td>\n<\/tr>\n<tr>\n<td><strong>Aufl\u00f6sung<\/strong><\/td>\n<td>3216 \u00d7 2208 (7.1 MP)<\/td>\n<\/tr>\n<tr>\n<td><strong>Pixelgr\u00f6\u00dfe<\/strong><\/td>\n<td>4.5 \u00b5m<\/td>\n<\/tr>\n<tr>\n<td><strong>Ladesch\u00e4chte<\/strong><\/td>\n<td>25.3 ke- (bis zu 100 ke- in BIN2)<\/td>\n<\/tr>\n<tr>\n<td><strong>Minimales Rauschen beim Lesen<\/strong><\/td>\n<td>1.4 e-<\/td>\n<\/tr>\n<tr>\n<td><strong>Ausblenden<\/strong><\/td>\n<td>256 MB DDR3<\/td>\n<\/tr>\n<tr>\n<td><strong>Schnittstelle<\/strong><\/td>\n<td>USB3.0 + ST4<\/td>\n<\/tr>\n<\/tbody>\n<\/table>\n<hr \/>\n<h3>Eine Referenz-Solarkamera<\/h3>\n<p>Mit ihrem gro\u00dfen Sensor, der Pregius Global Shutter-Technologie und perfekt sauberen Bildern ohne Banding ist die <strong>Player One Apollo 428M MAX<\/strong> etabliert sich als eine besonders leistungsf\u00e4hige Kamera f\u00fcr H-alpha-Sonnenaufnahmen und anspruchsvolle Planetenanwendungen.<\/p>","protected":false},"excerpt":{"rendered":"<p>Player One Apollo 428M MAX \u2013 Cam\u00e9ra solaire IMX428 La Apollo 428M MAX de Player One Astronomy est une cam\u00e9ra solaire haute performance con\u00e7ue autour du capteur Sony IMX428 monochrome au format 1.1&Prime;. Gr\u00e2ce \u00e0 ses pixels de 4,5 \u00b5m, sa grande dynamique et sa technologie global shutter, elle constitue une solution particuli\u00e8rement performante pour [&hellip;]<\/p>\n","protected":false},"featured_media":13846,"comment_status":"open","ping_status":"closed","template":"","meta":[],"product_brand":[556],"product_cat":[884],"product_tag":[],"class_list":{"0":"post-3496","1":"product","2":"type-product","3":"status-publish","4":"has-post-thumbnail","6":"product_brand-player-one","7":"product_cat-solaire","9":"first","10":"on_supplier","11":"taxable","12":"shipping-taxable","13":"purchasable","14":"product-type-simple"},"_links":{"self":[{"href":"https:\/\/deep-space-astronomy.ch\/de\/wp-json\/wp\/v2\/product\/3496","targetHints":{"allow":["GET"]}}],"collection":[{"href":"https:\/\/deep-space-astronomy.ch\/de\/wp-json\/wp\/v2\/product"}],"about":[{"href":"https:\/\/deep-space-astronomy.ch\/de\/wp-json\/wp\/v2\/types\/product"}],"replies":[{"embeddable":true,"href":"https:\/\/deep-space-astronomy.ch\/de\/wp-json\/wp\/v2\/comments?post=3496"}],"wp:featuredmedia":[{"embeddable":true,"href":"https:\/\/deep-space-astronomy.ch\/de\/wp-json\/wp\/v2\/media\/13846"}],"wp:attachment":[{"href":"https:\/\/deep-space-astronomy.ch\/de\/wp-json\/wp\/v2\/media?parent=3496"}],"wp:term":[{"taxonomy":"product_brand","embeddable":true,"href":"https:\/\/deep-space-astronomy.ch\/de\/wp-json\/wp\/v2\/product_brand?post=3496"},{"taxonomy":"product_cat","embeddable":true,"href":"https:\/\/deep-space-astronomy.ch\/de\/wp-json\/wp\/v2\/product_cat?post=3496"},{"taxonomy":"product_tag","embeddable":true,"href":"https:\/\/deep-space-astronomy.ch\/de\/wp-json\/wp\/v2\/product_tag?post=3496"}],"curies":[{"name":"wp","href":"https:\/\/api.w.org\/{rel}","templated":true}]}}