{"id":3509,"date":"2025-03-06T18:08:35","date_gmt":"2025-03-06T17:08:35","guid":{"rendered":"https:\/\/deep-space-astronomy.geekworkers.dev\/produit\/mars-m-ii-camera-planetaire-2-1mp-136fps-monochrome\/"},"modified":"2025-09-01T09:15:30","modified_gmt":"2025-09-01T07:15:30","slug":"mars-m-ii-camera-planetaire-2-1mp-136fps-monochrome","status":"publish","type":"product","link":"https:\/\/deep-space-astronomy.ch\/de\/produkt\/mars-m-ii-camera-planetaire-2-1mp-136fps-monochrome\/","title":{"rendered":"Mars-M II - Planetenkamera 2.1MP\/136FPS monochrom"},"content":{"rendered":"<h3>Player One Mars-M II: Monochrome Hochleistungskamera f\u00fcr planetarische Astrofotografie<\/h3>\n<p>Die Kamera <strong>M\u00e4rz-M II<\/strong>, entwickelt von <strong>Player One Astronomie<\/strong>ist eine kompakte, leistungsstarke Monochromkamera, die speziell f\u00fcr die Planeten-, Mond- und Sonnenfotografie entwickelt wurde. Sie ist mit dem CMOS-Sensor Sony IMX462 ausgestattet und vereint dank fortschrittlicher Technologien wie einem Global Shutter und einem optimierten Design Schnelligkeit, Empfindlichkeit und Pr\u00e4zision.<\/p>\n<h3>Wichtigste technische Daten<\/h3>\n<ul>\n<li><strong>Sony IMX462 CMOS-Sensor :<\/strong> Format 1\/2.8\" (5,6 mm x 3,2 mm), Aufl\u00f6sung 2,1 Megapixel (1944 x 1096 px), Diagonale 6,46 mm, Pixelgr\u00f6\u00dfe 2,9 \u00b5m, ideal f\u00fcr eine h\u00f6here Empfindlichkeit und die Erfassung feiner Details.<\/li>\n<li><strong>Brunnentiefe (Full Well) :<\/strong> maximale Kapazit\u00e4t von 12 ke gew\u00e4hrleistet einen ausgezeichneten Dynamikbereich f\u00fcr Planetenbilder.<\/li>\n<li><strong>Hohe Trittfrequenz :<\/strong> bis zu 136 FPS im RAW8-Modus bei voller Aufl\u00f6sung, ideal zum Einfrieren von atmosph\u00e4rischen Turbulenzen bei Planetenaufnahmen.<\/li>\n<li><strong>BSI-Technologie (Back-Side Illuminated) :<\/strong> verbessert die Empfindlichkeit bei gleichzeitiger Rauschunterdr\u00fcckung und sorgt so auch bei schlechten Lichtverh\u00e4ltnissen f\u00fcr optimale Ergebnisse.<\/li>\n<\/ul>\n<h3>Optimierte Leistung bei der Bildgebung<\/h3>\n<ul>\n<li><strong>Hohe Empfindlichkeit im UV- und Nahinfrarotbereich (NIR) :<\/strong> entspiegeltes Super AR Plus-Glas, das eine optimale Transmission (310 nm bis 1100 nm) gew\u00e4hrleistet, die besonders im UV- und NIR-Bereich von Vorteil ist.<\/li>\n<li><strong>HCG-Modus (High Conversion Gain) :<\/strong> automatische Aktivierung ab einer Verst\u00e4rkung \u226580, wodurch das Wiedergaberauschen stark reduziert wird und gleichzeitig ein gro\u00dfer Dynamikbereich erhalten bleibt.<\/li>\n<li><strong>Vollst\u00e4ndiges Fehlen von Amp-Glow :<\/strong> garantiert auch bei l\u00e4ngeren Belichtungszeiten einen sauberen Hintergrund.<\/li>\n<\/ul>\n<h3>Integrierte technologische Fortschritte<\/h3>\n<ul>\n<li><strong>Integrierter DDR3-Cache (256 MB) :<\/strong> sorgt f\u00fcr eine stabile Daten\u00fcbertragung und minimiert den Bildverlust, auch an USB 2.0-Anschl\u00fcssen.<\/li>\n<li><strong>DPS-Technologie (Dead Pixel Suppression) :<\/strong> erkennt und korrigiert automatisch fehlerhafte Pixel und sorgt so f\u00fcr makellose Bilder.<\/li>\n<li><strong>Erweiterter elektronischer Schutz :<\/strong> integriertes System gegen \u00dcberspannungen und \u00dcberstr\u00f6me, das Ihre astronomischen Ger\u00e4te wirksam sch\u00fctzt.<\/li>\n<\/ul>\n<h3>Ergonomisches und kompaktes Design<\/h3>\n<p>Das ikonische sechseckige Design von Player One vereint Eleganz und Funktionalit\u00e4t. Die leuchtend rote und schwarze Lackierung unterstreicht ihre planetarische Spezialisierung und sorgt gleichzeitig f\u00fcr eine hervorragende W\u00e4rmeableitung. Die Mars-M II Kamera ist kompakt und leicht und l\u00e4sst sich problemlos in alle astronomischen Bildgebungskonfigurationen integrieren.<\/p>\n<h3>Empfohlene Anwendungen<\/h3>\n<ul>\n<li><strong>Hochaufl\u00f6sende Planetenbilder :<\/strong> Jupiter, Saturn, Mars usw.<\/li>\n<li><strong>Sonnenbeobachtung :<\/strong> ideale Verwendung mit H-Alpha-Filtern oder im Wei\u00dflicht.<\/li>\n<li><strong>Mondbilder :<\/strong> dank der hohen Bildrate, die das Erfassen von pr\u00e4zisen Details erm\u00f6glicht.<\/li>\n<li><strong>Autoguiding :<\/strong> hohe Empfindlichkeit, um Ihr Teleskop pr\u00e4zise zu f\u00fchren.<\/li>\n<\/ul>\n<h3>Zus\u00e4tzliche St\u00e4rken<\/h3>\n<ul>\n<li>Kompatibel mit spezieller Software wie <strong>SharpCap Pro<\/strong> f\u00fcr eine erweiterte Steuerung (Verst\u00e4rkung, Belichtung).<\/li>\n<li>Wird mit allem wichtigen Zubeh\u00f6r geliefert: USB-3.0-Kabel, T2-zu-1,25-Zoll-Adapter und Schutzkappe.<\/li>\n<\/ul>\n<p>Mit ihren fortschrittlichen technischen Merkmalen und dem f\u00fcr schnelle und pr\u00e4zise Bildgebung optimierten Design ist die <strong>Mars-M II von Player One Astronomy<\/strong> ist ein Muss f\u00fcr alle Astrofotografen, die die faszinierenden Details des Sonnensystems genau erforschen m\u00f6chten.<\/p>","protected":false},"excerpt":{"rendered":"<p>Player One Mars-M II : cam\u00e9ra monochrome hautes performances pour astrophotographie plan\u00e9taire La cam\u00e9ra Mars-M II, d\u00e9velopp\u00e9e par Player One Astronomy, est une cam\u00e9ra monochrome compacte et performante, sp\u00e9cialement con\u00e7ue pour l\u2019imagerie plan\u00e9taire, lunaire et solaire. Dot\u00e9e du capteur CMOS Sony IMX462, elle combine rapidit\u00e9, sensibilit\u00e9 et pr\u00e9cision gr\u00e2ce \u00e0 des technologies avanc\u00e9es telles qu\u2019un [&hellip;]<\/p>\n","protected":false},"featured_media":3505,"comment_status":"open","ping_status":"closed","template":"","meta":[],"product_brand":[556],"product_cat":[781,769],"product_tag":[],"class_list":{"0":"post-3509","1":"product","2":"type-product","3":"status-publish","4":"has-post-thumbnail","6":"product_brand-player-one","7":"product_cat-planetaire","8":"product_cat-planetaire-guidage-lucky-imaging","10":"first","11":"on_supplier","12":"taxable","13":"shipping-taxable","14":"purchasable","15":"product-type-simple"},"_links":{"self":[{"href":"https:\/\/deep-space-astronomy.ch\/de\/wp-json\/wp\/v2\/product\/3509","targetHints":{"allow":["GET"]}}],"collection":[{"href":"https:\/\/deep-space-astronomy.ch\/de\/wp-json\/wp\/v2\/product"}],"about":[{"href":"https:\/\/deep-space-astronomy.ch\/de\/wp-json\/wp\/v2\/types\/product"}],"replies":[{"embeddable":true,"href":"https:\/\/deep-space-astronomy.ch\/de\/wp-json\/wp\/v2\/comments?post=3509"}],"wp:featuredmedia":[{"embeddable":true,"href":"https:\/\/deep-space-astronomy.ch\/de\/wp-json\/wp\/v2\/media\/3505"}],"wp:attachment":[{"href":"https:\/\/deep-space-astronomy.ch\/de\/wp-json\/wp\/v2\/media?parent=3509"}],"wp:term":[{"taxonomy":"product_brand","embeddable":true,"href":"https:\/\/deep-space-astronomy.ch\/de\/wp-json\/wp\/v2\/product_brand?post=3509"},{"taxonomy":"product_cat","embeddable":true,"href":"https:\/\/deep-space-astronomy.ch\/de\/wp-json\/wp\/v2\/product_cat?post=3509"},{"taxonomy":"product_tag","embeddable":true,"href":"https:\/\/deep-space-astronomy.ch\/de\/wp-json\/wp\/v2\/product_tag?post=3509"}],"curies":[{"name":"wp","href":"https:\/\/api.w.org\/{rel}","templated":true}]}}