{"id":3516,"date":"2025-03-06T18:09:31","date_gmt":"2025-03-06T17:09:31","guid":{"rendered":"https:\/\/deep-space-astronomy.geekworkers.dev\/produit\/mars-m-camera-planetaire-2-1mp-136fps-monochrome\/"},"modified":"2025-09-01T09:15:05","modified_gmt":"2025-09-01T07:15:05","slug":"mars-m-camera-planetaire-2-1mp-136fps-monochrome","status":"publish","type":"product","link":"https:\/\/deep-space-astronomy.ch\/de\/produkt\/mars-m-camera-planetaire-2-1mp-136fps-monochrome\/","title":{"rendered":"Mars-M - Planetenkamera 2.1MP\/136FPS monochrom"},"content":{"rendered":"<h2>Player One Mars-M-Kamera: Leistungsstarke monochrome Planetenabbildung<\/h2>\n<p>Die Kamera <strong>M\u00e4rz-M<\/strong>, entwickelt von <strong>Player One Astronomie<\/strong>ist eine kompakte, leistungsstarke Monochromkamera, die speziell f\u00fcr die Planeten-, Mond- und Sonnenfotografie entwickelt wurde. Ausgestattet mit dem Sony IMX290 CMOS-Sensor vereint sie Schnelligkeit, Empfindlichkeit und Pr\u00e4zision und ist damit das ideale Werkzeug f\u00fcr anspruchsvolle Astrofotografen.<\/p>\n<h3>Wichtigste technische Daten<\/h3>\n<ul>\n<li><strong>Sony IMX290 CMOS-Sensor :<\/strong> 1\/2,8\"-Format (5,6 mm x 3,2 mm), 2,1 Megapixel Aufl\u00f6sung (1944 x 1096 Pixel), 6,46 mm Diagonale, 2,9 \u00b5m Pixel f\u00fcr hohe Empfindlichkeit und pr\u00e4zise Details.<\/li>\n<li><strong>Brunnentiefe (Full Well) :<\/strong> Maximale Kapazit\u00e4t von 12 ke, bietet einen ausgezeichneten Dynamikbereich, der sich f\u00fcr die Planetenabbildung eignet.<\/li>\n<li><strong>Hohe Trittfrequenz :<\/strong> Bis zu 136 FPS im RAW8-Modus bei voller Aufl\u00f6sung, um atmosph\u00e4rische Turbulenzen effektiv einzufrieren.<\/li>\n<li><strong>BSI-Technologie (Back-Side Illuminated) :<\/strong> Verbessert die Empfindlichkeit und reduziert das Rauschen f\u00fcr optimale Ergebnisse bei schlechten Lichtverh\u00e4ltnissen.<\/li>\n<\/ul>\n<h3>Leistung bei der Bildgebung<\/h3>\n<ul>\n<li><strong>Erh\u00f6hte Sensibilit\u00e4t :<\/strong> Als Monochromkamera nimmt die Mars-M mehr einfallendes Licht auf und erzeugt so helle Bilder mit einem besseren Kontrast.<\/li>\n<li><strong>Vollst\u00e4ndiges Fehlen von Amp-Glow :<\/strong> Garantiert auch bei l\u00e4ngeren Belichtungszeiten einen sauberen Hintergrund.<\/li>\n<li><strong>HCG-Modus (High Conversion Gain) :<\/strong> Schaltet sich automatisch ab einer Verst\u00e4rkung von 80 oder h\u00f6her ein, wodurch das Rauschen deutlich reduziert wird, w\u00e4hrend der gro\u00dfe Dynamikbereich erhalten bleibt.<\/li>\n<\/ul>\n<h3>Integrierte technologische Fortschritte<\/h3>\n<ul>\n<li><strong>Integrierter DDR3-Cache (256 MB) :<\/strong> Stabilisiert die Daten\u00fcbertragung, verhindert Bildverluste auch bei einem USB 2.0-Anschluss.<\/li>\n<li><strong>DPS-Technologie (Dead Pixel Suppression) :<\/strong> Korrigiert automatisch fehlerhafte Pixel f\u00fcr ein sauberes Bild.<\/li>\n<li><strong>Entspiegeltes Glas Super AR Plus :<\/strong> Hohe Lichtdurchl\u00e4ssigkeit (310 nm bis 1100 nm), wirksam im Ultravioletten (UV) und Nahen Infrarot (NIR).<\/li>\n<li><strong>Integrierter fortgeschrittener Schutz :<\/strong> Sch\u00fctzt vor \u00dcberspannungen und \u00dcberstr\u00f6men, um die Sicherheit Ihrer Ger\u00e4te zu gew\u00e4hrleisten.<\/li>\n<\/ul>\n<h3>Ergonomisches und robustes Design<\/h3>\n<p>Das kompakte und robuste Design des Mars-M spiegelt die Liebe zum Detail von Player One Astronomy wider. Ihr leuchtend rotes und schwarzes Finish sorgt sowohl f\u00fcr eine ansprechende Optik als auch f\u00fcr eine hervorragende W\u00e4rmeableitung. Mit ihrem Standard-T2-Gewinde l\u00e4sst sie sich problemlos in alle bestehenden astronomischen Konfigurationen integrieren.<\/p>\n<h3>Empfohlene Anwendungen<\/h3>\n<ul>\n<li><strong>Hochaufl\u00f6sende Planetenbilder :<\/strong> Jupiter, Saturn, Mars usw.<\/li>\n<li><strong>Sonnenbeobachtung :<\/strong> Kompatibel mit H-Alpha- oder Wei\u00dflichtfiltern.<\/li>\n<li><strong>Mondbilder :<\/strong> Schnelle Aufnahme von pr\u00e4zisen Details dank hoher Bildrate.<\/li>\n<li><strong>Autoguiding :<\/strong> Erh\u00f6hte Empfindlichkeit ideal f\u00fcr die pr\u00e4zise F\u00fchrung Ihres Teleskops.<\/li>\n<\/ul>\n<h3>Zus\u00e4tzliche St\u00e4rken<\/h3>\n<ul>\n<li>Kompatibel mit spezieller Software wie <strong>SharpCap Pro<\/strong> um Verst\u00e4rkung und Belichtung genau zu steuern.<\/li>\n<li>Wird komplett mit allem notwendigen Zubeh\u00f6r geliefert: USB-3.0-Kabel, T2\/1,25\"-Adapter und Schutzkappe.<\/li>\n<\/ul>\n<p>Mit ihren fortschrittlichen technischen Merkmalen und dem speziell f\u00fcr schnelle und pr\u00e4zise Bildgebung optimierten Design ist die Kamera <strong>Mars-M von Player One Astronomy<\/strong> ist die erste Wahl f\u00fcr Astrofotografen, die die faszinierenden Details unseres Sonnensystems genau erkunden m\u00f6chten.<\/p>","protected":false},"excerpt":{"rendered":"<p>Cam\u00e9ra Player One Mars-M : Imagerie plan\u00e9taire monochrome haute performance La cam\u00e9ra Mars-M, d\u00e9velopp\u00e9e par Player One Astronomy, est une cam\u00e9ra monochrome compacte et performante, sp\u00e9cialement con\u00e7ue pour l\u2019imagerie plan\u00e9taire, lunaire et solaire. \u00c9quip\u00e9e du capteur CMOS Sony IMX290, elle combine rapidit\u00e9, sensibilit\u00e9 et pr\u00e9cision, ce qui en fait un outil id\u00e9al pour les astrophotographes [&hellip;]<\/p>\n","protected":false},"featured_media":3513,"comment_status":"open","ping_status":"closed","template":"","meta":[],"product_brand":[556],"product_cat":[781,769],"product_tag":[],"class_list":{"0":"post-3516","1":"product","2":"type-product","3":"status-publish","4":"has-post-thumbnail","6":"product_brand-player-one","7":"product_cat-planetaire","8":"product_cat-planetaire-guidage-lucky-imaging","10":"first","11":"on_supplier","12":"taxable","13":"shipping-taxable","14":"purchasable","15":"product-type-simple"},"_links":{"self":[{"href":"https:\/\/deep-space-astronomy.ch\/de\/wp-json\/wp\/v2\/product\/3516","targetHints":{"allow":["GET"]}}],"collection":[{"href":"https:\/\/deep-space-astronomy.ch\/de\/wp-json\/wp\/v2\/product"}],"about":[{"href":"https:\/\/deep-space-astronomy.ch\/de\/wp-json\/wp\/v2\/types\/product"}],"replies":[{"embeddable":true,"href":"https:\/\/deep-space-astronomy.ch\/de\/wp-json\/wp\/v2\/comments?post=3516"}],"wp:featuredmedia":[{"embeddable":true,"href":"https:\/\/deep-space-astronomy.ch\/de\/wp-json\/wp\/v2\/media\/3513"}],"wp:attachment":[{"href":"https:\/\/deep-space-astronomy.ch\/de\/wp-json\/wp\/v2\/media?parent=3516"}],"wp:term":[{"taxonomy":"product_brand","embeddable":true,"href":"https:\/\/deep-space-astronomy.ch\/de\/wp-json\/wp\/v2\/product_brand?post=3516"},{"taxonomy":"product_cat","embeddable":true,"href":"https:\/\/deep-space-astronomy.ch\/de\/wp-json\/wp\/v2\/product_cat?post=3516"},{"taxonomy":"product_tag","embeddable":true,"href":"https:\/\/deep-space-astronomy.ch\/de\/wp-json\/wp\/v2\/product_tag?post=3516"}],"curies":[{"name":"wp","href":"https:\/\/api.w.org\/{rel}","templated":true}]}}