{"id":3528,"date":"2025-03-06T18:11:34","date_gmt":"2025-03-06T17:11:34","guid":{"rendered":"https:\/\/deep-space-astronomy.geekworkers.dev\/produit\/neptune-664c-camera-planetaire-4-2mp-93fps-couleur\/"},"modified":"2026-01-12T17:14:54","modified_gmt":"2026-01-12T16:14:54","slug":"neptune-664c-camera-planetaire-4-2mp-93fps-couleur","status":"publish","type":"product","link":"https:\/\/deep-space-astronomy.ch\/de\/produkt\/neptune-664c-camera-planetaire-4-2mp-93fps-couleur\/","title":{"rendered":"Neptune 664C - Planetenkamera 4.2MP\/93FPS Farbe"},"content":{"rendered":"<h3>Neptun 664C: Planetarische Farbkamera der dritten Generation<\/h3>\n<p>Die <strong>Neptun 664C<\/strong>, entwickelt von <strong>Player One Astronomie<\/strong>ist eine Farbkamera der dritten Generation, die speziell f\u00fcr die Planeten-, Mond- und Sonnenfotografie entwickelt wurde. Ausgestattet mit dem Sony IMX664 CMOS-Sensor, kombiniert sie fortschrittliche Technologien wie STARVIS 2 und ein Super AR Plus-Fenster und bietet eine au\u00dfergew\u00f6hnliche Leistung im ultravioletten und nahen Infrarotbereich.<\/p>\n<h3>Wichtigste technische Daten<\/h3>\n<ul>\n<li><strong>Sony IMX664 CMOS-Sensor :<\/strong> Format 1\/1,8\" (7,9 mm x 4,5 mm) mit einer Aufl\u00f6sung von 4,2 Megapixeln (2704 x 1540 Pixel) und einer Diagonale von 6,46 mm. Pixelgr\u00f6\u00dfe von 2,9 \u00b5m f\u00fcr eine hervorragende Empfindlichkeit und eine pr\u00e4zise Detailwiedergabe.<\/li>\n<li><strong>Tiefe des Brunnens (Full Well) :<\/strong> Maximale Kapazit\u00e4t von 38,5 ke, erm\u00f6glicht die Aufnahme von Bildern mit hohem Dynamikumfang ohne \u00dcbers\u00e4ttigung.<\/li>\n<li><strong>Hohe Kadenz :<\/strong> Bis zu 93 FPS im RAW10-Modus bei voller Aufl\u00f6sung und bis zu 136 FPS im RAW8-Modus, ideal zum Einfrieren von atmosph\u00e4rischen Turbulenzen bei Planetenaufnahmen.<\/li>\n<li><strong>STARVIS 2-Technologie :<\/strong> Nutzt eine Architektur mit Hintergrundbeleuchtung, um die Lichtempfindlichkeit zu maximieren und gleichzeitig das Rauschen zu reduzieren, was die Leistung bei schlechten Lichtverh\u00e4ltnissen verbessert.<\/li>\n<\/ul>\n<h3>Leistung in der Bildgebung<\/h3>\n<ul>\n<li><strong>Super AR Plus-Fenster :<\/strong> Dieses mehrschichtige Antireflexionsfenster bietet eine sehr hohe Lichtdurchl\u00e4ssigkeit (310 nm bis 1100 nm) und verbessert die Leistung im ultravioletten und nahen Infrarotbereich (NIR).<\/li>\n<li><strong>Non-Amp-Glow :<\/strong> Frei von Amp-Glow, garantiert auch bei Langzeitbelichtungen einen sauberen Hintergrund.<\/li>\n<li><strong>HCG-Modus (High Conversion Gain) :<\/strong> Automatisch aktiviert f\u00fcr eine Verst\u00e4rkung von \u2265180, wodurch das Wiedergaberauschen reduziert wird, w\u00e4hrend ein hoher Dynamikbereich beibehalten wird.<\/li>\n<\/ul>\n<h3>Technologische Fortschritte<\/h3>\n<ul>\n<li><strong>Ultra-niedriges Wiedergaberauschen :<\/strong> Von nur 6,1 e- bis 0,67 e-, je nachdem, welche Verst\u00e4rkung Sie verwenden.<\/li>\n<li><strong>Quanteneffizienz (QE) :<\/strong> Ein Spitzenwert der Quanteneffizienz von bis zu ca. 91 %, der eine optimale Erfassung des einfallenden Lichts gew\u00e4hrleistet.<\/li>\n<li><strong>Integrierter DDR3-Cache (256 MB) :<\/strong> Stabilisiert die Daten\u00fcbertragung und reduziert Bildverluste, auch bei einem USB 2.0-Anschluss.<\/li>\n<li><strong>DPS-Technologie (Dead Pixel Suppression) :<\/strong> Korrigiert automatisch fehlerhafte Pixel, um scharfe und saubere Bilder zu gew\u00e4hrleisten.<\/li>\n<\/ul>\n<h3>Ergonomisches Design<\/h3>\n<p>Das ikonische sechseckige Design von Player One vereint \u00c4sthetik und Funktionalit\u00e4t. Das leuchtend rote und schwarze Finish spiegelt seine planetarische Ausrichtung wider und bietet gleichzeitig eine hervorragende W\u00e4rmeableitung. Er ist kompakt und leicht (180 g) und l\u00e4sst sich dank seines standardm\u00e4\u00dfigen T2-Gewindes problemlos in jede Konfiguration integrieren.<\/p>\n<h3>Anwendungen<\/h3>\n<p>Die <strong>Neptun 664C<\/strong> ist ideal f\u00fcr :<\/p>\n<ul>\n<li>Hochaufl\u00f6sende Planetenbilder (Jupiter, Saturn, Mars)<\/li>\n<li>Sonnenbeobachtung mit H-Alpha-Filtern oder im wei\u00dfen Licht<\/li>\n<li>Mondaufnahmen dank der hohen Bildrate, die es erm\u00f6glicht, pr\u00e4zise Details einzufangen<\/li>\n<\/ul>\n<h3>Zus\u00e4tzliche Highlights<\/h3>\n<ul>\n<li><strong>Software-Kompatibilit\u00e4t :<\/strong> Kompatibel mit Software wie SharpCap Pro f\u00fcr eine pr\u00e4zise Kontrolle der Einstellungen (Verst\u00e4rkung, Belichtung).<\/li>\n<li><strong>Enthaltenes Zubeh\u00f6r :<\/strong> Wird mit allem notwendigen Zubeh\u00f6r geliefert: USB3.0-Kabel, T2\/1,25\"-Adapter, Schutzkappe.<\/li>\n<li><strong>Passives K\u00fchlsystem :<\/strong> Beh\u00e4lt auch bei l\u00e4ngeren Beobachtungen eine stabile Leistung bei.<\/li>\n<\/ul>\n<h3>Schlussfolgerung<\/h3>\n<p>Mit ihren fortschrittlichen technischen Merkmalen und dem f\u00fcr die schnelle und pr\u00e4zise Bildgebung optimierten Design ist die <strong>Neptun 664C<\/strong> hat sich als unverzichtbares Werkzeug f\u00fcr Astrofotografen etabliert, die die faszinierenden Details unseres Sonnensystems erkunden m\u00f6chten.<\/p>","protected":false},"excerpt":{"rendered":"<p>Neptune 664C : Cam\u00e9ra Couleur Plan\u00e9taire de Troisi\u00e8me G\u00e9n\u00e9ration La Neptune 664C, d\u00e9velopp\u00e9e par Player One Astronomy, est une cam\u00e9ra couleur de troisi\u00e8me g\u00e9n\u00e9ration sp\u00e9cialement con\u00e7ue pour l\u2019imagerie plan\u00e9taire, lunaire et solaire. \u00c9quip\u00e9e du capteur CMOS Sony IMX664, elle combine des technologies avanc\u00e9es telles que STARVIS 2 et une fen\u00eatre Super AR Plus, offrant des [&hellip;]<\/p>\n","protected":false},"featured_media":3525,"comment_status":"open","ping_status":"closed","template":"","meta":[],"product_brand":[556],"product_cat":[781,769],"product_tag":[],"class_list":{"0":"post-3528","1":"product","2":"type-product","3":"status-publish","4":"has-post-thumbnail","6":"product_brand-player-one","7":"product_cat-planetaire","8":"product_cat-planetaire-guidage-lucky-imaging","10":"first","11":"on_supplier","12":"taxable","13":"shipping-taxable","14":"purchasable","15":"product-type-simple"},"_links":{"self":[{"href":"https:\/\/deep-space-astronomy.ch\/de\/wp-json\/wp\/v2\/product\/3528","targetHints":{"allow":["GET"]}}],"collection":[{"href":"https:\/\/deep-space-astronomy.ch\/de\/wp-json\/wp\/v2\/product"}],"about":[{"href":"https:\/\/deep-space-astronomy.ch\/de\/wp-json\/wp\/v2\/types\/product"}],"replies":[{"embeddable":true,"href":"https:\/\/deep-space-astronomy.ch\/de\/wp-json\/wp\/v2\/comments?post=3528"}],"wp:featuredmedia":[{"embeddable":true,"href":"https:\/\/deep-space-astronomy.ch\/de\/wp-json\/wp\/v2\/media\/3525"}],"wp:attachment":[{"href":"https:\/\/deep-space-astronomy.ch\/de\/wp-json\/wp\/v2\/media?parent=3528"}],"wp:term":[{"taxonomy":"product_brand","embeddable":true,"href":"https:\/\/deep-space-astronomy.ch\/de\/wp-json\/wp\/v2\/product_brand?post=3528"},{"taxonomy":"product_cat","embeddable":true,"href":"https:\/\/deep-space-astronomy.ch\/de\/wp-json\/wp\/v2\/product_cat?post=3528"},{"taxonomy":"product_tag","embeddable":true,"href":"https:\/\/deep-space-astronomy.ch\/de\/wp-json\/wp\/v2\/product_tag?post=3528"}],"curies":[{"name":"wp","href":"https:\/\/api.w.org\/{rel}","templated":true}]}}